{"id":1258,"date":"2024-05-30T06:13:43","date_gmt":"2024-05-30T06:13:43","guid":{"rendered":"https:\/\/www.tumag.be\/?page_id=1258"},"modified":"2026-03-10T05:41:14","modified_gmt":"2026-03-10T05:41:14","slug":"tiefbohren","status":"publish","type":"page","link":"https:\/\/www.tumag.be\/de\/hoge-precisie-productie\/verspanen\/langgatboren\/","title":{"rendered":"Tiefbohren"},"content":{"rendered":"<section class=\"l-section wpb_row us_custom_0e4ab76f has_text_color height_medium\"><div class=\"l-section-overlay\" style=\"background:rgba(3,46,85,0.40)\"><\/div><div class=\"l-section-h i-cf\"><div class=\"g-cols vc_row via_flex valign_middle type_default stacking_default\"><div class=\"vc_col-sm-12 wpb_column vc_column_container\"><div class=\"vc_column-inner\"><div class=\"wpb_wrapper\"><div class=\"w-separator size_custom\" style=\"height:150px\" id=\"mc83\"><style>@media(max-width:1599px){ #mc83{height:100px!important}}@media(max-width:767px){ #mc83{height:50px!important}}<\/style><\/div><div class=\"wpb_text_column us_custom_0207f80c small-headline-margin-bottom\"><div class=\"wpb_wrapper\"><p>Hochpr\u00e4zisionsfertigung \/ Zerspanung<\/p>\n<\/div><\/div><div class=\"wpb_text_column\"><div class=\"wpb_wrapper\"><h1>Tiefbohren<\/h1>\n<\/div><\/div><\/div><\/div><\/div><\/div><\/div><\/section><section class=\"l-section wpb_row height_medium\"><div class=\"l-section-h i-cf\"><div class=\"g-cols vc_row via_flex valign_top type_default stacking_default\"><div class=\"vc_col-sm-4\/5 wpb_column vc_column_container\"><div class=\"vc_column-inner\"><div class=\"wpb_wrapper\"><div class=\"g-cols wpb_row via_flex valign_top type_default stacking_default\"><div class=\"vc_col-sm-6 wpb_column vc_column_container\"><div class=\"vc_column-inner\"><div class=\"wpb_wrapper\"><div class=\"w-image align_none\"><div class=\"w-image-h\"><img decoding=\"async\" width=\"774\" height=\"1024\" src=\"https:\/\/www.tumag.be\/wp-content\/uploads\/2024\/06\/langgatboren-774x1024.jpg\" class=\"attachment-large size-large\" alt=\"\" loading=\"lazy\" srcset=\"https:\/\/www.tumag.be\/wp-content\/uploads\/2024\/06\/langgatboren-774x1024.jpg 774w, https:\/\/www.tumag.be\/wp-content\/uploads\/2024\/06\/langgatboren-227x300.jpg 227w, https:\/\/www.tumag.be\/wp-content\/uploads\/2024\/06\/langgatboren.jpg 1000w\" sizes=\"auto, (max-width: 774px) 100vw, 774px\" \/><\/div><\/div><div class=\"w-separator size_small\"><\/div><div class=\"w-btn-wrapper align_center\"><a class=\"w-btn us-btn-style_1\" href=\"\/de\/kontaktieren-sie-uns\/\"><span class=\"w-btn-label\">Ihr pers\u00f6nliches Angebot<\/span><\/a><\/div><div class=\"w-separator size_small\"><\/div><\/div><\/div><\/div><div class=\"vc_col-sm-6 wpb_column vc_column_container\"><div class=\"vc_column-inner\"><div class=\"wpb_wrapper\"><div class=\"wpb_text_column\"><div class=\"wpb_wrapper\"><h2><strong>Tieflochbohren: Pr\u00e4zision, Handwerkskunst und Qualit\u00e4t als Grundlage<\/strong><\/h2>\n<p>Tieflochbohren \u2014 auch bekannt als Langlochbohren \u2014 ist eine der Kernkompetenzen von Tumag. In der Welt der feinmechanischen Zerspanung ist diese Technik unverzichtbar, um schmale, tiefreichende Bohrungen mit h\u00f6chster Genauigkeit zu realisieren. Da solche Bearbeitungen entscheidend f\u00fcr die Funktion hochwertiger technischer Komponenten sind, bildet Tieflochbohren eine Disziplin, in der Pr\u00e4zision, Handwerkskunst und Qualit\u00e4t untrennbar miteinander verbunden sind.<\/p>\n<\/div><\/div><\/div><\/div><\/div><\/div><div class=\"g-cols wpb_row via_flex valign_top type_default stacking_default\"><div class=\"vc_col-sm-12 wpb_column vc_column_container\"><div class=\"vc_column-inner\"><div class=\"wpb_wrapper\"><div class=\"wpb_text_column\"><div class=\"wpb_wrapper\"><h2>Was ist Tieflochbohren? Eine spezialisierte Zerspanungstechnik<\/h2>\n<p>Beim Tieflochbohren werden Bohrungen mit kleinem Durchmesser und gro\u00dfer Tiefe hergestellt \u2014 meist mit sehr engen Toleranzen und perfekter Oberfl\u00e4chenqualit\u00e4t. Der Prozess erfordert mehr als nur korrekte Maschineneinstellungen: Werkzeuggeometrie, K\u00fchlmittelzufuhr, Spanntechnik und Temperaturkontrolle beeinflussen das Endergebnis ma\u00dfgeblich.<\/p>\n<p>Typische Anwendungen umfassen:<\/p>\n<ul>\n<li><strong>K\u00fchl- und Schmierkan\u00e4le in Formen und Werkzeugen<\/strong> in matrijzen en stempels<\/li>\n<li><strong>Heiz- und Temperaturf\u00fchrungssysteme f\u00fcr industrielle Werkzeuge<\/strong> voor industri\u00eble tooling<\/li>\n<li><strong>Durchf\u00fchrungen f\u00fcr Elektronik und Sensorik<\/strong><\/li>\n<li><strong>Bauteile, bei denen Gewichtsreduzierung notwendig ist<\/strong><\/li>\n<li><strong>Pr\u00e4zisionskomponenten f\u00fcr Medizin, Luftfahrt, Automotive und Maschinenbau<\/strong><\/li>\n<\/ul>\n<p>Die Qualit\u00e4t dieser Kan\u00e4le bestimmt die Leistung, Langlebigkeit und Zuverl\u00e4ssigkeit des Endprodukts.<\/p>\n<h2>Warum Genauigkeit beim Tieflochbohren entscheidend ist<\/h2>\n<p>Bei tiefen Bohrungen kann selbst eine minimale Abweichung \u2014 nur wenige Hundertstel \u2014 auf gro\u00dfer L\u00e4nge zu erheblichen Problemen f\u00fchren. Schon kleine Fehler k\u00f6nnen die Funktion oder Verwendbarkeit eines Bauteils beeintr\u00e4chtigen.<\/p>\n<p>Genauigkeit ist daher unverzichtbar. Tumag verf\u00fcgt \u00fcber langj\u00e4hrige Erfahrung und tiefes Prozesswissen, wodurch wir genau wissen, wie sich Materialien w\u00e4hrend der Bearbeitung verhalten. Durch kontinuierliche Messung und Optimierung gew\u00e4hrleisten wir Geradheit, Rundheit und Ma\u00dfhaltigkeit \u2014 selbst bei anspruchsvollsten Tiefen.<\/p>\n<h2>Moderne Maschinen und Werkzeuge f\u00fcr hochwertiges Tieflochbohren<\/h2>\n<p>Hochwertiges Tieflochbohren erfordert spezialisierte Maschinen und sorgf\u00e4ltig ausgew\u00e4hlte Werkzeuge. Unser moderner Maschinenpark ist auf vibrationsarmes Arbeiten, stabile Temperaturf\u00fchrung und optimale K\u00fchlmittelzufuhr ausgelegt. Dadurch erzielen wir auch in schwierigen Szenarien perfekte Ergebnisse.<\/p>\n<p>Wir setzen ausschlie\u00dflich Werkzeuge h\u00f6chster Qualit\u00e4t ein, abgestimmt auf Material, Tiefe und Durchmesser der Bohrung. In Kombination mit unserer Expertise sorgt dies f\u00fcr pr\u00e4zise, reproduzierbare und stabile Resultate.<\/p>\n<h2>Tieflochbohren bei Tumag: Prozesssicherheit und Zuverl\u00e4ssigkeit<\/h2>\n<p>F\u00fcr Tumag ist Tieflochbohren mehr als eine technische Ausf\u00fchrung \u2014 es ist ein ganzheitlich kontrollierter Prozess. Jede Bohrung beginnt mit einer detaillierten Analyse:<\/p>\n<ul>\n<li>Welche Funktion erf\u00fcllt das Loch?<\/li>\n<li>Welche Toleranzen sind kritisch?<\/li>\n<li>Wie reagiert das Material?<\/li>\n<li>Welche Strategie gew\u00e4hrleistet beste Geradheit und Oberfl\u00e4che?<\/li>\n<\/ul>\n<p>Diese Vorgehensweise garantiert, dass wir selbst die anspruchsvollsten Spezifikationen erf\u00fcllen und eine maximale Prozessstabilit\u00e4t bieten.<\/p>\n<h2>Mehr Informationen oder ein Projekt besprechen?<\/h2>\n<p>Wenn Sie mehr \u00fcber unsere Expertise im Tieflochbohren erfahren m\u00f6chten oder ein Projekt planen, steht Ihnen Tumag gerne beratend zur Seite.<\/p>\n<p>Lassen Sie uns gerne etwas wissen \u2014 wir helfen Ihnen gerne weiter.<\/p>\n<\/div><\/div><\/div><\/div><\/div><\/div><\/div><\/div><\/div><div class=\"vc_col-sm-1\/5 wpb_column vc_column_container\"><div class=\"vc_column-inner type_sticky\"><div class=\"wpb_wrapper\"><section class=\"l-section wpb_row height_auto width_full\"><div class=\"l-section-h i-cf\"><div class=\"g-cols vc_row via_flex valign_middle type_default stacking_default\"><div class=\"vc_col-sm-12 wpb_column vc_column_container\"><div class=\"vc_column-inner\"><div class=\"wpb_wrapper\"><div class=\"g-cols wpb_row us_custom_f74dd8af via_flex valign_top type_default stacking_default\"><div class=\"vc_col-sm-12 wpb_column vc_column_container\"><div class=\"vc_column-inner\"><div class=\"wpb_wrapper\"><div class=\"wpb_text_column us_custom_b24a7315\"><div class=\"wpb_wrapper\"><p style=\"text-align: center;\"><strong>Hochpr\u00e4zisions fertigung<\/strong><\/p>\n<\/div><\/div><div class=\"w-btn-wrapper align_justify\"><a class=\"w-btn us-btn-style_2 us_custom_0490361b\" href=\"\/de\/hochprazisionsfertigung\/zerspanen\/\"><span class=\"w-btn-label\">Zerspanen<\/span><\/a><\/div><div class=\"w-image us_custom_4edece6e hide_on_mobiles align_center\"><div class=\"w-image-h\"><img decoding=\"async\" width=\"150\" height=\"150\" src=\"https:\/\/www.tumag.be\/wp-content\/uploads\/2026\/02\/icon-verspanen.webp\" class=\"attachment-large size-large\" alt=\"\" loading=\"lazy\" srcset=\"https:\/\/www.tumag.be\/wp-content\/uploads\/2026\/02\/icon-verspanen.webp 150w, https:\/\/www.tumag.be\/wp-content\/uploads\/2026\/02\/icon-verspanen-12x12.webp 12w\" sizes=\"auto, (max-width: 150px) 100vw, 150px\" \/><\/div><\/div><div class=\"wpb_text_column\"><div class=\"wpb_wrapper\"><ul>\n<li><a href=\"\/de\/hochprazisionsfertigung\/zerspanen\/cnc-drehen\/\">CNC-Drehen<\/a><\/li>\n<li><a href=\"\/de\/hochprazisionsfertigung\/zerspanen\/cnc-frasen\/\">CNC-Fr\u00e4sen<\/a><\/li>\n<li><a href=\"\/de\/hochprazisionsfertigung\/zerspanen\/hs-frasen\/\">HSM-Fr\u00e4sen<\/a><\/li>\n<li><a href=\"\/de\/hochprazisionsfertigung\/zerspanen\/tiefbohren\/\">Tiefbohren<\/a><\/li>\n<\/ul>\n<\/div><\/div><div class=\"w-btn-wrapper align_justify\"><a class=\"w-btn us-btn-style_2\" href=\"\/de\/hochprazisionsfertigung\/funkenerodieren\/\"><span class=\"w-btn-label\">Funkenerodieren<\/span><\/a><\/div><div class=\"w-image hide_on_mobiles align_center\"><div class=\"w-image-h\"><img decoding=\"async\" width=\"150\" height=\"150\" src=\"https:\/\/www.tumag.be\/wp-content\/uploads\/2026\/02\/icon-vonkerosie.webp\" class=\"attachment-large size-large\" alt=\"\" loading=\"lazy\" srcset=\"https:\/\/www.tumag.be\/wp-content\/uploads\/2026\/02\/icon-vonkerosie.webp 150w, https:\/\/www.tumag.be\/wp-content\/uploads\/2026\/02\/icon-vonkerosie-12x12.webp 12w\" sizes=\"auto, (max-width: 150px) 100vw, 150px\" \/><\/div><\/div><div class=\"wpb_text_column\"><div class=\"wpb_wrapper\"><ul>\n<li><a href=\"\/de\/hochprazisionsfertigung\/funkenerodieren\/drahterodieren\/\">Drahterodieren<\/a><\/li>\n<li><a href=\"\/de\/hochprazisionsfertigung\/funkenerodieren\/senkerodieren\/\">Senkerodieren<\/a><\/li>\n<li><a href=\"\/de\/hochprazisionsfertigung\/funkenerodieren\/funkenerodierbohren\/\">Funkenerodierbohren<\/a><\/li>\n<li><a href=\"\/de\/hochprazisionsfertigung\/funkenerodieren\/senkerodier-elektroden\/\">Elektroden<\/a><\/li>\n<\/ul>\n<\/div><\/div><div class=\"w-btn-wrapper align_justify\"><a class=\"w-btn us-btn-style_2\" href=\"\/de\/hochprazisionsfertigung\/schleifen\/\"><span class=\"w-btn-label\">Schleifen<\/span><\/a><\/div><div class=\"w-image hide_on_mobiles align_center\"><div class=\"w-image-h\"><img decoding=\"async\" width=\"150\" height=\"150\" src=\"https:\/\/www.tumag.be\/wp-content\/uploads\/2026\/02\/icon-slijpen.webp\" class=\"attachment-large size-large\" alt=\"\" loading=\"lazy\" srcset=\"https:\/\/www.tumag.be\/wp-content\/uploads\/2026\/02\/icon-slijpen.webp 150w, https:\/\/www.tumag.be\/wp-content\/uploads\/2026\/02\/icon-slijpen-12x12.webp 12w\" sizes=\"auto, (max-width: 150px) 100vw, 150px\" \/><\/div><\/div><div class=\"wpb_text_column\"><div class=\"wpb_wrapper\"><ul>\n<li><a href=\"\/de\/hochprazisionsfertigung\/schleifen\/flachschleifen\/\">Flachschleifen<\/a><\/li>\n<li><a href=\"\/de\/hochprazisionsfertigung\/schleifen\/profilschleifen\/\">Profilschleifen<\/a><\/li>\n<li><a href=\"\/de\/hochprazisionsfertigung\/schleifen\/rundschleifen\/\">Rundschleifen<\/a><\/li>\n<li><a href=\"\/de\/hochprazisionsfertigung\/schleifen\/koordinatenschleifen\/\">Ko-schleifen<\/a><\/li>\n<\/ul>\n<\/div><\/div><div class=\"w-btn-wrapper align_justify\"><a class=\"w-btn us-btn-style_2\" href=\"\/de\/hochprazisionsfertigung\/feinmechanisches-handarbeiten\/\"><span class=\"w-btn-label\">Manuelle Bearbeitung<\/span><\/a><\/div><div class=\"w-image hide_on_mobiles align_center\"><div class=\"w-image-h\"><img decoding=\"async\" width=\"150\" height=\"150\" src=\"https:\/\/www.tumag.be\/wp-content\/uploads\/2026\/02\/icon-onderhoud.webp\" class=\"attachment-large size-large\" alt=\"\" loading=\"lazy\" srcset=\"https:\/\/www.tumag.be\/wp-content\/uploads\/2026\/02\/icon-onderhoud.webp 150w, https:\/\/www.tumag.be\/wp-content\/uploads\/2026\/02\/icon-onderhoud-12x12.webp 12w\" sizes=\"auto, (max-width: 150px) 100vw, 150px\" \/><\/div><\/div><div class=\"wpb_text_column\"><div class=\"wpb_wrapper\"><ul>\n<li><a href=\"\/de\/hochprazisionsfertigung\/feinmechanisches-handarbeiten\/montage\/\">Montage<\/a><\/li>\n<li><a href=\"\/de\/hochprazisionsfertigung\/feinmechanisches-handarbeiten\/polieren\/\">Polieren<\/a><\/li>\n<li><a href=\"\/de\/hochprazisionsfertigung\/feinmechanisches-handarbeiten\/laserloten\/\">Laserl\u00f6ten<\/a><\/li>\n<li><a href=\"\/de\/hochprazisionsfertigung\/feinmechanisches-handarbeiten\/lasergravieren\/\">Lasergravieren<\/a><\/li>\n<\/ul>\n<\/div><\/div><div class=\"w-separator size_small\"><\/div><\/div><\/div><\/div><\/div><\/div><\/div><\/div><\/div><\/div><\/section>\n<\/div><\/div><\/div><\/div><\/div><\/section><section class=\"l-section wpb_row height_medium\"><div class=\"l-section-h i-cf\"><div class=\"g-cols vc_row via_flex valign_top type_default stacking_default\"><div class=\"vc_col-sm-12 wpb_column vc_column_container\"><div class=\"vc_column-inner\"><div class=\"wpb_wrapper\"><section class=\"l-section wpb_row us_custom_09bf7cdd height_medium\"><div class=\"l-section-h i-cf\"><div class=\"g-cols vc_row via_flex valign_top type_default stacking_default\"><div class=\"vc_col-sm-12 wpb_column vc_column_container\"><div class=\"vc_column-inner\"><div class=\"wpb_wrapper\"><div class=\"wpb_text_column\"><div class=\"wpb_wrapper\"><h2>Dienstleistungen<\/h2>\n<\/div><\/div><div class=\"w-separator size_small\"><\/div><div class=\"g-cols wpb_row via_flex valign_top type_default stacking_default\"><div class=\"vc_col-sm-1\/5 wpb_column vc_column_container responsive-col-service\"><div class=\"vc_column-inner\"><div class=\"wpb_wrapper\"><div class=\"w-image us_custom_12711e67 align_none\"><a href=\"\/de\/konstruktionsabteilung\/\" aria-label=\"1_Ontwerp_icon\" class=\"w-image-h\"><img decoding=\"async\" width=\"150\" height=\"150\" src=\"https:\/\/www.tumag.be\/wp-content\/uploads\/2022\/05\/1_Ontwerp_icon.png\" class=\"attachment-full size-full\" alt=\"\" loading=\"lazy\" \/><\/a><\/div><div class=\"w-btn-wrapper align_none\"><a class=\"w-btn us-btn-style_2 us_custom_b4198c51\" title=\"Werkzeugentwicklung\" href=\"\/de\/konstruktionsabteilung\/\"><span class=\"w-btn-label\">Konstruktion<\/span><\/a><\/div><div class=\"w-separator size_small\"><\/div><div class=\"wpb_text_column\"><div class=\"wpb_wrapper\"><p>Mit einer eigenen Konstruktionsabteilung arbeiten wir eng mit der Designabteilung unserer Kunden zusammen, um die Herstellbarkeit des Produkts bereits in einem fr\u00fchen Stadium f\u00fcr den Spritzgussprozess zu optimieren\u2026<\/p>\n<\/div><\/div><div class=\"wpb_text_column\"><div class=\"wpb_wrapper\"><p><a href=\"\/de\/konstruktionsabteilung\/\">Mehr erfahren\u2026<\/a><\/p>\n<\/div><\/div><\/div><\/div><\/div><div class=\"vc_col-sm-1\/5 wpb_column vc_column_container responsive-col-service\"><div class=\"vc_column-inner\"><div class=\"wpb_wrapper\"><div class=\"w-image us_custom_12711e67 align_none\"><a href=\"\/de\/hochprazisionsfertigung\/\" aria-label=\"2_HogePrecisieProductie_icon\" class=\"w-image-h\"><img decoding=\"async\" width=\"150\" height=\"150\" src=\"https:\/\/www.tumag.be\/wp-content\/uploads\/2022\/05\/2_HogePrecisieProductie_icon.png\" class=\"attachment-full size-full\" alt=\"\" loading=\"lazy\" \/><\/a><\/div><div class=\"w-btn-wrapper align_none\"><a class=\"w-btn us-btn-style_2 us_custom_b4198c51\" title=\"Werkzeugentwicklung\" href=\"\/de\/hochprazisionsfertigung\/\"><span class=\"w-btn-label\">Hohe Pr\u00e4zision<\/span><\/a><\/div><div class=\"w-separator size_small\"><\/div><div class=\"wpb_text_column\"><div class=\"wpb_wrapper\"><p>In unserem klimatisierten Produktionsbereich haben wir alle feinmechanischen CNC-Bearbeitungen geb\u00fcndelt, um unsere High-Mix\/Low-Volume-Produktion effizient umzusetzen.<br \/>\nein Produktspektrum zu fertigen<\/p>\n<\/div><\/div><div class=\"wpb_text_column\"><div class=\"wpb_wrapper\"><p><a href=\"\/de\/hochprazisionsfertigung\/\">Mehr erfahren\u2026<\/a><\/p>\n<\/div><\/div><\/div><\/div><\/div><div class=\"vc_col-sm-1\/5 wpb_column vc_column_container responsive-col-service\"><div class=\"vc_column-inner\"><div class=\"wpb_wrapper\"><div class=\"w-image us_custom_12711e67 align_none\"><a href=\"\/de\/qualitatskontrolle\/\" aria-label=\"kc\" class=\"w-image-h\"><img decoding=\"async\" width=\"512\" height=\"512\" src=\"https:\/\/www.tumag.be\/wp-content\/uploads\/2024\/12\/kc.png\" class=\"attachment-full size-full\" alt=\"\" loading=\"lazy\" srcset=\"https:\/\/www.tumag.be\/wp-content\/uploads\/2024\/12\/kc.png 512w, https:\/\/www.tumag.be\/wp-content\/uploads\/2024\/12\/kc-300x300.png 300w, https:\/\/www.tumag.be\/wp-content\/uploads\/2024\/12\/kc-150x150.png 150w, https:\/\/www.tumag.be\/wp-content\/uploads\/2024\/12\/kc-12x12.png 12w, https:\/\/www.tumag.be\/wp-content\/uploads\/2024\/12\/kc-400x400.png 400w\" sizes=\"auto, (max-width: 512px) 100vw, 512px\" \/><\/a><\/div><div class=\"w-btn-wrapper align_none\"><a class=\"w-btn us-btn-style_2 us_custom_b4198c51\" title=\"Werkzeugentwicklung\" href=\"\/de\/qualitatskontrolle\/\"><span class=\"w-btn-label\">Qualit\u00e4tskontrolle<\/span><\/a><\/div><div class=\"w-separator size_small\"><\/div><div class=\"wpb_text_column\"><div class=\"wpb_wrapper\"><p>Alle unsere Produkte werden stetig besser und pr\u00e4ziser gefertigt, wodurch auch die Anforderungen an unsere Messinstrumente kontinuierlich steigen. W\u00e4hrend der Produktion von Pr\u00e4zisionsteilen ist es\u2026<\/p>\n<\/div><\/div><div class=\"wpb_text_column\"><div class=\"wpb_wrapper\"><p><a href=\"\/de\/qualitatskontrolle\/\">Mehr erfahren\u2026<\/a><\/p>\n<\/div><\/div><\/div><\/div><\/div><div class=\"vc_col-sm-1\/5 wpb_column vc_column_container responsive-col-service\"><div class=\"vc_column-inner\"><div class=\"wpb_wrapper\"><div class=\"w-image us_custom_12711e67 align_none\"><a href=\"\/de\/spritzguss\/\" aria-label=\"spuitgieten3\" class=\"w-image-h\"><img decoding=\"async\" width=\"150\" height=\"150\" src=\"https:\/\/www.tumag.be\/wp-content\/uploads\/2024\/05\/spuitgieten3.png\" class=\"attachment-full size-full\" alt=\"\" loading=\"lazy\" \/><\/a><\/div><div class=\"w-btn-wrapper align_none\"><a class=\"w-btn us-btn-style_2 us_custom_b4198c51\" title=\"Werkzeugentwicklung\" href=\"\/de\/spritzguss\/\"><span class=\"w-btn-label\">Spritzguss<\/span><\/a><\/div><div class=\"w-separator size_small\"><\/div><div class=\"wpb_text_column\"><div class=\"wpb_wrapper\"><p>Wir stellen unseren Kunden auch unser Spritzguss-Know-how zur Verf\u00fcgung. Mit unseren Spritzgussmaschinen, die urspr\u00fcnglich f\u00fcr die Optimierung, Validierung und das Testen von Formen vorgesehen sind\u2026<\/p>\n<\/div><\/div><div class=\"wpb_text_column\"><div class=\"wpb_wrapper\"><p><a href=\"\/de\/spritzguss\/\">Mehr erfahren\u2026<\/a><\/p>\n<\/div><\/div><\/div><\/div><\/div><div class=\"vc_col-sm-1\/5 wpb_column vc_column_container responsive-col-service\"><div class=\"vc_column-inner\"><div class=\"wpb_wrapper\"><div class=\"w-image us_custom_12711e67 align_none\"><a href=\"\/de\/formenwartung\/\" aria-label=\"4_Nazorg, Onderhoud &amp; Herstellingen_icon\" class=\"w-image-h\"><img decoding=\"async\" width=\"150\" height=\"150\" src=\"https:\/\/www.tumag.be\/wp-content\/uploads\/2022\/05\/4_Nazorg-Onderhoud-Herstellingen_icon.png\" class=\"attachment-full size-full\" alt=\"\" loading=\"lazy\" \/><\/a><\/div><div class=\"w-btn-wrapper align_none\"><a class=\"w-btn us-btn-style_2 us_custom_b4198c51\" title=\"Werkzeugentwicklung\" href=\"\/de\/formenwartung\/\"><span class=\"w-btn-label\">Formenwartung<\/span><\/a><\/div><div class=\"w-separator size_small\"><\/div><div class=\"wpb_text_column\"><div class=\"wpb_wrapper\"><p>Sowohl f\u00fcr die vorbeugende Wartung, komplette \u00dcberholungen als auch f\u00fcr die \u00c4nderung bestehender Formen oder Formeins\u00e4tze sind Sie bei Tumag an der richtigen Adresse. Besch\u00e4digte Bauteile k\u00f6nnen wir f\u00fcr Sie instand setzen.<\/p>\n<\/div><\/div><div class=\"wpb_text_column\"><div class=\"wpb_wrapper\"><p><a href=\"\/de\/formenwartung\/\">Mehr erfahren\u2026<\/a><\/p>\n<\/div><\/div><\/div><\/div><\/div><\/div><\/div><\/div><\/div><\/div><\/div><\/section>\n<\/div><\/div><\/div><\/div><\/div><\/section>","protected":false},"excerpt":{"rendered":"Hoge Precisie Productie \/ Verspanen Langgatboren Vraag hier uw offerte aanLanggatboren: precisie, vakmanschap en kwaliteit als fundament Langgatboren \u2014 ook bekend als diepgatboren \u2014 behoort tot de absolute kerncompetenties van Tumag. Binnen de wereld van fijnmechanische verspaning is deze techniek onmisbaar voor het realiseren van diepe, smalle gaten met een extreem hoge maatnauwkeurigheid. Juist omdat...","protected":false},"author":4,"featured_media":0,"parent":1104,"menu_order":0,"comment_status":"closed","ping_status":"closed","template":"","meta":{"_seopress_robots_primary_cat":"","_seopress_titles_title":"Langgatboren - Tumag","_seopress_titles_desc":"Deze bewerkingstechniek die ook wel diepgatboren wordt genoemd, is een verspanende bewerking waarbij diepe gaten met een relatief kleine diameter met grote precisie worden geboord.","_seopress_robots_index":"","footnotes":""},"class_list":["post-1258","page","type-page","status-publish","hentry"],"_links":{"self":[{"href":"https:\/\/www.tumag.be\/de\/wp-json\/wp\/v2\/pages\/1258","targetHints":{"allow":["GET"]}}],"collection":[{"href":"https:\/\/www.tumag.be\/de\/wp-json\/wp\/v2\/pages"}],"about":[{"href":"https:\/\/www.tumag.be\/de\/wp-json\/wp\/v2\/types\/page"}],"author":[{"embeddable":true,"href":"https:\/\/www.tumag.be\/de\/wp-json\/wp\/v2\/users\/4"}],"replies":[{"embeddable":true,"href":"https:\/\/www.tumag.be\/de\/wp-json\/wp\/v2\/comments?post=1258"}],"version-history":[{"count":0,"href":"https:\/\/www.tumag.be\/de\/wp-json\/wp\/v2\/pages\/1258\/revisions"}],"up":[{"embeddable":true,"href":"https:\/\/www.tumag.be\/de\/wp-json\/wp\/v2\/pages\/1104"}],"wp:attachment":[{"href":"https:\/\/www.tumag.be\/de\/wp-json\/wp\/v2\/media?parent=1258"}],"curies":[{"name":"wp","href":"https:\/\/api.w.org\/{rel}","templated":true}]}}