{"id":14,"date":"2022-04-04T09:17:36","date_gmt":"2022-04-04T09:17:36","guid":{"rendered":"https:\/\/tumag.questo.nl\/?page_id=14"},"modified":"2026-03-02T12:20:15","modified_gmt":"2026-03-02T12:20:15","slug":"uber-uns","status":"publish","type":"page","link":"https:\/\/www.tumag.be\/de\/over-tumag\/","title":{"rendered":"\u00dcber uns"},"content":{"rendered":"<section class=\"l-section wpb_row us_custom_c78a47e8 has_text_color height_medium\"><div class=\"l-section-overlay\" style=\"background:rgba(3,46,85,0.40)\"><\/div><div class=\"l-section-h i-cf\"><div class=\"g-cols vc_row via_flex valign_middle type_default stacking_default\"><div class=\"vc_col-sm-12 wpb_column vc_column_container\"><div class=\"vc_column-inner\"><div class=\"wpb_wrapper\"><div class=\"w-separator size_custom\" style=\"height:150px\" id=\"o27c\"><style>@media(max-width:1599px){ #o27c{height:100px!important}}@media(max-width:767px){ #o27c{height:50px!important}}<\/style><\/div><div class=\"wpb_text_column\"><div class=\"wpb_wrapper\"><h1>\u00dcber Tumag: Fachkompetenz im Pr\u00e4zisionstooling<\/h1>\n<\/div><\/div><div class=\"w-separator size_custom\" style=\"height:150px\" id=\"g733\"><style>@media(max-width:1599px){ #g733{height:100px!important}}@media(max-width:767px){ #g733{height:50px!important}}<\/style><\/div><\/div><\/div><\/div><\/div><\/div><\/section><section class=\"l-section wpb_row height_auto\"><div class=\"l-section-h i-cf\"><div class=\"g-cols vc_row via_flex valign_top type_default stacking_default\"><div class=\"vc_col-sm-8 wpb_column vc_column_container\"><div class=\"vc_column-inner\"><div class=\"wpb_wrapper\"><div class=\"w-separator size_small\"><\/div><div class=\"wpb_text_column\"><div class=\"wpb_wrapper\"><p class=\"translation-block\">Tumag ist seit mehr als 40 Jahren ein zuverl\u00e4ssiger Partner f\u00fcr <a href=\"\/de\/formen\/\" target=\"_self\">High-End-Formen<\/a>, <a href=\"\/de\/stanzwerkzeuge\/\" target=\"_self\">Schneidstempel<\/a> und <a href=\"\/de\/feinmechanik\/\" target=\"_self\">feinmechanische Komponenten<\/a> f\u00fcr anspruchsvolle Industrien in der Benelux-Region.<\/p>\n<\/div><\/div><div class=\"w-html\"><lite-youtube videoid=\"bakeCTx9LbE\"><\/lite-youtube><\/div><div class=\"w-separator size_small\"><\/div><div class=\"w-btn-wrapper align_center\"><a class=\"w-btn us-btn-style_1\" href=\"\/de\/kontaktieren-sie-uns\/\"><span class=\"w-btn-label\">Vereinbaren Sie ein technisches Erstgespr\u00e4ch<\/span><\/a><\/div><\/div><\/div><\/div><div class=\"vc_col-sm-4 wpb_column vc_column_container\"><div class=\"vc_column-inner us_custom_8a6caa97\"><div class=\"wpb_wrapper\"><div class=\"w-separator size_small\"><\/div><div class=\"wpb_text_column us_custom_432d3f53\" id=\"expertise\"><div class=\"wpb_wrapper\"><h2>Entdecken Sie unsere Expertise im Unternehmensfilm.<\/h2>\n<p class=\"translation-block\">Unser neuer Unternehmensfilm zeigt, wof\u00fcr Tumag steht: Handwerkskunst, Innovation und Pr\u00e4zision in Metall und Kunststoffen. Im Video erhalten Sie ein klares Bild unserer Expertise in Pr\u00e4zisionswerkzeugen, im Formenbau und in feinmechanischen L\u00f6sungen. Sie sehen, wie wir Projekte von Engineering und Entwicklung bis zur Umsetzung und Validierung begleiten.<br>\nDer Film veranschaulicht, wie unser Team von Spezialisten t\u00e4glich an hochwertigen Werkzeugen und komplexen Formen arbeitet, wobei Qualit\u00e4t, Produktivit\u00e4t und Zuverl\u00e4ssigkeit der rote Faden sind. Wir streben eine <a href=\"\/de\/unsere-mission\/\" target=\"_self\">kompromisslose Pr\u00e4zision<\/a> an, indem wir kontinuierlich in unsere Mitarbeiter, unsere Maschinen und unsere Methodik investieren.<\/p>\n<\/div><\/div><\/div><\/div><\/div><\/div><\/div><\/section><section class=\"l-section wpb_row height_auto\"><div class=\"l-section-h i-cf\"><div class=\"g-cols vc_row via_flex valign_top type_default stacking_default\"><div class=\"vc_col-sm-12 wpb_column vc_column_container\"><div class=\"vc_column-inner\"><div class=\"wpb_wrapper\"><div class=\"w-separator size_large\"><\/div><div class=\"g-cols wpb_row via_flex valign_top type_default stacking_default\"><div class=\"vc_col-sm-8 wpb_column vc_column_container\"><div class=\"vc_column-inner\"><div class=\"wpb_wrapper\"><div class=\"wpb_text_column us_custom_432d3f53\"><div class=\"wpb_wrapper\"><h2>Ihr Partner f\u00fcr Pr\u00e4zision in Metall und Kunststoffen<\/h2>\n<p class=\"translation-block\"><strong><br>\n<\/strong>Tumag ist seit mehr als 40 Jahren ein zuverl\u00e4ssiger Partner f\u00fcr die Entwicklung, das Engineering und die Produktion von <a href=\"\/de\/formen\/\" target=\"_self\">2K-, Mehrkavit\u00e4ten- und Flex-Mould-Formen<\/a>. Dar\u00fcber hinaus sind wir spezialisiert auf <a href=\"\/de\/stanzwerkzeuge\/\" target=\"_self\">Schneidstempel<\/a> und <a href=\"\/de\/feinmechanik\/\" target=\"_self\">feinmechanische Bauteile<\/a> f\u00fcr Anwendungen, bei denen extreme Genauigkeit erforderlich ist.<\/p>\n<p class=\"translation-block\">Mit einem Team von rund 30 erfahrenen Spezialisten realisieren wir hochwertige Pr\u00e4zisionswerkzeuge, die den strengsten Anforderungen in Bezug auf Qualit\u00e4t, Zuverl\u00e4ssigkeit und <a href=\"\/de\/nachhaltigkeit\/\" target=\"_self\">Nachhaltigkeit<\/a> entsprechen. In unserer Produktionsumgebung setzen wir bewusst auf energieeffiziente Prozesse, durchdachte Materialauswahl und eine optimale Nutzung von Ressourcen. So verbinden wir technologische Expertise mit einer verantwortungsvollen und zukunftsorientierten Produktionsweise.<\/p>\n<p>Dank unserer Kombination aus fundiertem technischem Wissen, langj\u00e4hriger Praxiserfahrung und einem starken Netzwerk bieten wir L\u00f6sungen, die zu einer effizienten, zuverl\u00e4ssigen und nachhaltigen Produktionsumgebung beitragen. Wir produzieren haupts\u00e4chlich f\u00fcr belgische und niederl\u00e4ndische Industrieunternehmen.<\/p>\n<\/div><\/div><\/div><\/div><\/div><div class=\"vc_col-sm-4 wpb_column vc_column_container\"><div class=\"vc_column-inner\"><div class=\"wpb_wrapper\"><div class=\"w-vwrapper us_custom_724204a1 align_none valign_top\"><div class=\"w-separator size_small\"><\/div><div class=\"wpb_text_column us_custom_4c4ce1ca\"><div class=\"wpb_wrapper\"><p style=\"text-align: center;\"><strong>\u00dcber 40 Jahre Erfahrung in Pr\u00e4zision<\/strong><\/p>\n<\/div><\/div><div class=\"w-separator size_small\"><\/div><div class=\"w-btn-wrapper align_left\"><a class=\"w-btn us-btn-style_2 us_custom_c96a8a09\" href=\"\/de\/formen\/\"><span class=\"w-btn-label\">Formen<\/span><\/a><\/div><div class=\"w-btn-wrapper align_left\"><a class=\"w-btn us-btn-style_2 us_custom_c96a8a09\" href=\"\/de\/stanzwerkzeuge\/\"><span class=\"w-btn-label\">Schneidstempel<\/span><\/a><\/div><div class=\"w-btn-wrapper align_left\"><a class=\"w-btn us-btn-style_2 us_custom_c96a8a09\" href=\"\/de\/feinmechanik\/\"><span class=\"w-btn-label\">Feinmechanik<\/span><\/a><\/div><div class=\"w-separator size_small\"><\/div><\/div><\/div><\/div><\/div><\/div><div class=\"w-separator size_large\"><\/div><div class=\"w-hwrapper valign_top align_center\"><div class=\"w-image align_none\"><div class=\"w-image-h\"><img decoding=\"async\" width=\"500\" height=\"500\" src=\"https:\/\/www.tumag.be\/wp-content\/uploads\/2026\/02\/over-ons-precisie-zinkvonk-onderdeel.webp\" class=\"attachment-full size-full\" alt=\"Pr\u00e4zisions-Senkerodieren. An diesem Werkst\u00fcck erkennt man deutlich die Struktur, die das Senkerodieren hinterl\u00e4sst.\" loading=\"lazy\" srcset=\"https:\/\/www.tumag.be\/wp-content\/uploads\/2026\/02\/over-ons-precisie-zinkvonk-onderdeel.webp 500w, https:\/\/www.tumag.be\/wp-content\/uploads\/2026\/02\/over-ons-precisie-zinkvonk-onderdeel-300x300.webp 300w, https:\/\/www.tumag.be\/wp-content\/uploads\/2026\/02\/over-ons-precisie-zinkvonk-onderdeel-150x150.webp 150w, https:\/\/www.tumag.be\/wp-content\/uploads\/2026\/02\/over-ons-precisie-zinkvonk-onderdeel-12x12.webp 12w\" sizes=\"auto, (max-width: 500px) 100vw, 500px\" \/><\/div><\/div><div class=\"w-image align_none\"><div class=\"w-image-h\"><img decoding=\"async\" width=\"1000\" height=\"500\" src=\"https:\/\/www.tumag.be\/wp-content\/uploads\/2026\/02\/over-ons-precisie-draaideel.webp\" class=\"attachment-full size-full\" alt=\"Pr\u00e4zisionsdrehteil, dieses Bauteil wurde auf einer CNC-Drehmaschine gefertigt und anschlie\u00dfend mit einer verschlei\u00dffesten Schutzschicht beschichtet.\" loading=\"lazy\" srcset=\"https:\/\/www.tumag.be\/wp-content\/uploads\/2026\/02\/over-ons-precisie-draaideel.webp 1000w, https:\/\/www.tumag.be\/wp-content\/uploads\/2026\/02\/over-ons-precisie-draaideel-300x150.webp 300w, https:\/\/www.tumag.be\/wp-content\/uploads\/2026\/02\/over-ons-precisie-draaideel-18x9.webp 18w\" sizes=\"auto, (max-width: 1000px) 100vw, 1000px\" \/><\/div><\/div><div class=\"w-image align_none\"><div class=\"w-image-h\"><img decoding=\"async\" width=\"500\" height=\"500\" src=\"https:\/\/www.tumag.be\/wp-content\/uploads\/2026\/02\/over-ons-precisie-frees-onderdeel.webp\" class=\"attachment-full size-full\" alt=\"Pr\u00e4zisionsfr\u00e4steil. Dieses Teil wurde zun\u00e4chst auf einer CNC-Fr\u00e4smaschine gefertigt, mit den kleinsten und pr\u00e4zisesten Merkmalen.\" loading=\"lazy\" srcset=\"https:\/\/www.tumag.be\/wp-content\/uploads\/2026\/02\/over-ons-precisie-frees-onderdeel.webp 500w, https:\/\/www.tumag.be\/wp-content\/uploads\/2026\/02\/over-ons-precisie-frees-onderdeel-300x300.webp 300w, https:\/\/www.tumag.be\/wp-content\/uploads\/2026\/02\/over-ons-precisie-frees-onderdeel-150x150.webp 150w, https:\/\/www.tumag.be\/wp-content\/uploads\/2026\/02\/over-ons-precisie-frees-onderdeel-12x12.webp 12w\" sizes=\"auto, (max-width: 500px) 100vw, 500px\" \/><\/div><\/div><\/div><div class=\"w-separator size_large\"><\/div><div class=\"wpb_text_column us_custom_432d3f53\" id=\"markten\"><div class=\"wpb_wrapper\"><h2>Zuhause in High-Performance-M\u00e4rkten<\/h2>\n<p>Mit einer starken technischen Basis und branchen\u00fcbergreifender Erfahrung unterst\u00fctzen wir Kunden in unterschiedlichen, anspruchsvollen Industrien. In Umgebungen, in denen Zuverl\u00e4ssigkeit, Pr\u00e4zision und Innovation entscheidend sind, liefern wir L\u00f6sungen, die den Unterschied machen. Vom Konzept und der Entwicklung bis zur Serienproduktion: Tumag denkt mit und unterst\u00fctzt in jeder Phase des Projekts.<\/p>\n<p>Unsere Expertise kommt unter anderem in den folgenden Marktsegmenten zum Tragen:<\/p>\n<\/div><\/div><\/div><\/div><\/div><\/div><\/div><\/section><section class=\"l-section wpb_row height_medium\"><div class=\"l-section-h i-cf\"><div class=\"g-cols vc_row via_flex valign_top type_default stacking_default\"><div class=\"vc_col-sm-6 wpb_column vc_column_container\"><div class=\"vc_column-inner\"><div class=\"wpb_wrapper\"><div class=\"w-separator size_small\"><\/div><div class=\"w-image align_none\"><div class=\"w-image-h\"><img decoding=\"async\" width=\"600\" height=\"498\" src=\"https:\/\/www.tumag.be\/wp-content\/uploads\/2026\/02\/over-ons-heigh-end-matrijs.webp\" class=\"attachment-large size-large\" alt=\"Eine vollst\u00e4ndige High-End-8-fach-Form, hier in zwei Teile aufgeteilt, sodass die Produktform deutlich sichtbar ist.\" loading=\"lazy\" srcset=\"https:\/\/www.tumag.be\/wp-content\/uploads\/2026\/02\/over-ons-heigh-end-matrijs.webp 600w, https:\/\/www.tumag.be\/wp-content\/uploads\/2026\/02\/over-ons-heigh-end-matrijs-300x249.webp 300w, https:\/\/www.tumag.be\/wp-content\/uploads\/2026\/02\/over-ons-heigh-end-matrijs-14x12.webp 14w\" sizes=\"auto, (max-width: 600px) 100vw, 600px\" \/><\/div><\/div><div class=\"w-separator size_small\"><\/div><div class=\"w-btn-wrapper align_center\"><a class=\"w-btn us-btn-style_1\" href=\"\/de\/kontaktieren-sie-uns\/\"><span class=\"w-btn-label\">Vereinbaren Sie ein technisches Erstgespr\u00e4ch<\/span><\/a><\/div><\/div><\/div><\/div><div class=\"vc_col-sm-6 wpb_column vc_column_container\"><div class=\"vc_column-inner\"><div class=\"wpb_wrapper\"><div class=\"wpb_text_column us_custom_432d3f53\"><div class=\"wpb_wrapper\"><h3><a href=\"\/de\/medizintechnik\/\">Healthcare<\/a><\/h3>\n<p>F\u00fcr pharmazeutische und medizinische Anwendungen, Medizinprodukte und Produkte der K\u00f6rperpflege, bei denen Qualit\u00e4t, Hygiene und Zuverl\u00e4ssigkeit entscheidend sind.<\/p>\n<h3><a href=\"\/de\/luft-und-verteidigungsindustrie\/\">Luft- und Verteidigungsindustrie<\/a><\/h3>\n<p>F\u00fcr Luft- und Raumfahrt- und Verteidigungsanwendungen, bei denen Pr\u00e4zision, R\u00fcckverfolgbarkeit und Leistung im Mittelpunkt stehen.<\/p>\n<h3><a href=\"\/de\/verpackungslosungen\/\">Verpackungsindustrie<\/a><\/h3>\n<p>F\u00fcr innovative und nachhaltige L\u00f6sungen in Lebensmittel- und Getr\u00e4nkeverpackungen, Konsumverpackungen und industriellen Verpackungsprozessen.<\/p>\n<h3><a href=\"\/de\/high-tech-industrie\/\">Hightech-Industrie<\/a><\/h3>\n<p>F\u00fcr zukunftsweisende Anwendungen in Elektronik, Automotive, Halbleitern, Mechatronik, Automatisierung und Pr\u00e4zisionstechnologie.<\/p>\n<\/div><\/div><\/div><\/div><\/div><\/div><\/div><\/section><section class=\"l-section wpb_row height_medium\"><div class=\"l-section-h i-cf\"><div class=\"g-cols vc_row via_flex valign_top type_default stacking_default\"><div class=\"vc_col-sm-6 wpb_column vc_column_container\"><div class=\"vc_column-inner\"><div class=\"wpb_wrapper\"><div class=\"wpb_text_column us_custom_432d3f53\" id=\"aanpak\"><div class=\"wpb_wrapper\"><h2><strong>Technische Kompetenzen und ergebnisorientierter Ansatz<\/strong><\/h2>\n<p>Unsere St\u00e4rke liegt in einer Kombination aus technischer Tiefe und einer pragmatischen, ergebnisorientierten Arbeitsweise.<\/p>\n<h3>Engineering und Herstellbarkeit<\/h3>\n<p class=\"translation-block\">Wir verf\u00fcgen \u00fcber umfassendes Know-how in Bezug auf Herstellbarkeit, Fertigungstechnologien und <a href=\"\/de\/spritzguss\/\" target=\"_self\">Spritzgie\u00dfen<\/a>. Dadurch k\u00f6nnen wir bereits in einem fr\u00fchen Stadium \u00fcber die optimale L\u00f6sung f\u00fcr Ihr Produkt oder Ihre Form mitdenken.<\/p>\n<p><strong>Komplexe Herausforderungen erfordern durchdachte L\u00f6sungen.<\/strong><\/p>\n<p>Deshalb arbeiten wir eng mit unseren Kunden zusammen und streben langfristige Partnerschaften an. Der gemeinsame Erfolg eines Projekts bildet f\u00fcr uns die Grundlage einer nachhaltigen Zusammenarbeit.<\/p>\n<\/div><\/div><\/div><\/div><\/div><div class=\"vc_col-sm-6 wpb_column vc_column_container\"><div class=\"vc_column-inner\"><div class=\"wpb_wrapper\"><div class=\"w-image align_none\"><div class=\"w-image-h\"><img decoding=\"async\" width=\"750\" height=\"500\" src=\"https:\/\/www.tumag.be\/wp-content\/uploads\/2026\/02\/over-ons-tussentijds-meten-aan-de-machine.webp\" class=\"attachment-large size-large\" alt=\"Pr\u00e4zisionsfertigung und Zwischenmessungen gehen Hand in Hand. Bevor ein Werkst\u00fcck ausgespannt wird, \u00fcberpr\u00fcft der Techniker, ob das Bauteil die vorgegebenen Toleranzen erf\u00fcllt.\" loading=\"lazy\" srcset=\"https:\/\/www.tumag.be\/wp-content\/uploads\/2026\/02\/over-ons-tussentijds-meten-aan-de-machine.webp 750w, https:\/\/www.tumag.be\/wp-content\/uploads\/2026\/02\/over-ons-tussentijds-meten-aan-de-machine-300x200.webp 300w, https:\/\/www.tumag.be\/wp-content\/uploads\/2026\/02\/over-ons-tussentijds-meten-aan-de-machine-18x12.webp 18w\" sizes=\"auto, (max-width: 750px) 100vw, 750px\" \/><\/div><\/div><\/div><\/div><\/div><\/div><\/div><\/section><section class=\"l-section wpb_row height_medium\"><div class=\"l-section-h i-cf\"><div class=\"g-cols vc_row via_flex valign_top type_default stacking_default\"><div class=\"vc_col-sm-2\/5 wpb_column vc_column_container\"><div class=\"vc_column-inner\"><div class=\"wpb_wrapper\"><div class=\"w-image align_none\"><div class=\"w-image-h\"><img decoding=\"async\" width=\"500\" height=\"750\" src=\"https:\/\/www.tumag.be\/wp-content\/uploads\/2026\/02\/over-ons-productieruimte.webp\" class=\"attachment-large size-large\" alt=\"Ein Eindruck des klimatisierten Produktionsbereichs bei Tumag. Ordnung und Sauberkeit sind bei der Herstellung von Pr\u00e4zisionsteilen unerl\u00e4sslich.\" loading=\"lazy\" srcset=\"https:\/\/www.tumag.be\/wp-content\/uploads\/2026\/02\/over-ons-productieruimte.webp 500w, https:\/\/www.tumag.be\/wp-content\/uploads\/2026\/02\/over-ons-productieruimte-200x300.webp 200w, https:\/\/www.tumag.be\/wp-content\/uploads\/2026\/02\/over-ons-productieruimte-8x12.webp 8w\" sizes=\"auto, (max-width: 500px) 100vw, 500px\" \/><\/div><\/div><\/div><\/div><\/div><div class=\"vc_col-sm-3\/5 wpb_column vc_column_container\"><div class=\"vc_column-inner\"><div class=\"wpb_wrapper\"><div class=\"wpb_text_column us_custom_432d3f53\" id=\"contact\"><div class=\"wpb_wrapper\"><h2>Vom Konzept bis zur Serienproduktion: ein Ansprechpartner<\/h2>\n<p data-start=\"53\" data-end=\"424\" class=\"translation-block\">Als Total-Solution-Supplier begleitet Tumag Projekte von der Idee bis zur Serienproduktion. Mit unserer Expertise in <a href=\"\/de\/konstruktionsabteilung\/\" target=\"_self\">Engineering<\/a> und Produktion fungieren wir als Erweiterung der Konstruktions-, Produktions- und Serviceabteilungen unserer Kunden. Dieser integrierte Ansatz sorgt f\u00fcr k\u00fcrzere Durchlaufzeiten, eine effizientere Umsetzung und eine schnellere Markteinf\u00fchrung von Produkten.<\/p>\n<p data-start=\"426\" data-end=\"774\" data-is-last-node=\"\" data-is-only-node=\"\" class=\"translation-block\">Dank unseres umfangreichen Netzwerks k\u00f6nnen auch umfangreiche und komplexe Formenbauprojekte realisiert werden. Jedes Projekt wird von einem zugewiesenen Projektteam betreut, sodass Sie stets einen klaren Ansprechpartner haben. So gew\u00e4hrleisten wir eine transparente Kommunikation, eine straffe Projektbegleitung und ein Endergebnis, das den h\u00f6chsten Qualit\u00e4tsstandards entspricht.<\/p>\n<h3 data-start=\"1421\" data-end=\"1452\">F\u00fcr unsere Kunden bedeutet das:<\/h3>\n<ul data-start=\"1453\" data-end=\"1632\">\n<li data-start=\"1453\" data-end=\"1495\">\n<p data-start=\"1455\" data-end=\"1495\">weniger Glieder im Produktionsprozess<\/p>\n<\/li>\n<li data-start=\"1496\" data-end=\"1542\">\n<p data-start=\"1498\" data-end=\"1542\">bessere Kontrolle \u00fcber Qualit\u00e4t und Planung<\/p>\n<\/li>\n<li data-start=\"1543\" data-end=\"1586\">\n<p data-start=\"1545\" data-end=\"1586\">eine schnellere Implementierung in der Produktion<\/p>\n<\/li>\n<li data-start=\"1587\" data-end=\"1632\">\n<p data-start=\"1589\" data-end=\"1632\">ein Partner, der langfristig mitdenkt<\/p>\n<\/li>\n<\/ul>\n<\/div><\/div><\/div><\/div><\/div><\/div><\/div><\/section><section class=\"l-section wpb_row height_medium\"><div class=\"l-section-h i-cf\"><div class=\"g-cols vc_row via_flex valign_top type_default stacking_default\"><div class=\"vc_col-sm-12 wpb_column vc_column_container\"><div class=\"vc_column-inner\"><div class=\"wpb_wrapper\"><div class=\"wpb_text_column us_custom_432d3f53\"><div class=\"wpb_wrapper\"><h2 data-start=\"0\" data-end=\"84\">M\u00f6chten Sie mehr \u00fcber unsere Engineering- und Formenl\u00f6sungen erfahren? Kontaktieren Sie uns.<\/h2>\n<p data-start=\"86\" data-end=\"388\">M\u00f6chten Sie mehr \u00fcber unsere Vorgehensweise, unsere Engineering-Expertise oder die M\u00f6glichkeiten f\u00fcr Ihr Formen- und Produktionsprojekt erfahren? Kontaktieren Sie uns unverbindlich f\u00fcr eine ma\u00dfgeschneiderte Beratung. Unser Team hilft Ihnen gerne bei all Ihren Fragen und denkt proaktiv \u00fcber die beste technische und wirtschaftliche L\u00f6sung f\u00fcr Ihre Anwendung nach.<\/p>\n<\/div><\/div><div class=\"w-separator size_small\"><\/div><div class=\"w-btn-wrapper align_center\"><a class=\"w-btn us-btn-style_1\" href=\"\/de\/kontaktieren-sie-uns\/\"><span class=\"w-btn-label\">Vereinbaren Sie ein technisches Erstgespr\u00e4ch<\/span><\/a><\/div><\/div><\/div><\/div><\/div><\/div><\/section><section class=\"l-section wpb_row height_medium\"><div class=\"l-section-h i-cf\"><div class=\"g-cols vc_row via_flex valign_top type_default stacking_default\"><div class=\"vc_col-sm-12 wpb_column vc_column_container\"><div class=\"vc_column-inner\"><div class=\"wpb_wrapper\"><div class=\"wpb_text_column\"><div class=\"wpb_wrapper\"><h2>H\u00e4ufig gestellte Fragen (FAQ)<\/h2>\n<\/div><\/div><div  class=\"vc_do_toggle vc_toggle vc_toggle_square vc_toggle_color_default vc_toggle_color_inverted vc_toggle_size_md\"><div class=\"vc_toggle_title\"><h3 style=\"text-align: left\" class=\"vc_custom_heading vc_do_custom_heading us_custom_cda6f729\" >Wo befindet sich die Produktion von Tumag und in welchen Regionen sind Sie t\u00e4tig?<\/h3><i class=\"vc_toggle_icon\"><\/i><\/div><div class=\"vc_toggle_content\"><p>Tumag hat seinen Sitz in Turnhout, Belgien. Von unserer modernen Produktionsst\u00e4tte aus entwickeln und fertigen wir High-End-Formen und Pr\u00e4zisionswerkzeuge. Unser Fokus liegt prim\u00e4r auf Industriekunden in der Benelux-Region (Belgien und Niederlande), dar\u00fcber hinaus beliefern wir mit unseren feinmechanischen L\u00f6sungen auch anspruchsvolle M\u00e4rkte im \u00fcbrigen Europa.<\/p>\n<\/div><\/div><div  class=\"vc_do_toggle vc_toggle vc_toggle_square vc_toggle_color_default vc_toggle_color_inverted vc_toggle_size_md\"><div class=\"vc_toggle_title\"><h3 style=\"text-align: left\" class=\"vc_custom_heading vc_do_custom_heading us_custom_cda6f729\" >Wie gew\u00e4hrleistet Tumag Qualit\u00e4t bei extrem engen Toleranzen?<\/h3><i class=\"vc_toggle_icon\"><\/i><\/div><div class=\"vc_toggle_content\"><p>Qualit\u00e4t ist fest in unserer Methodik verankert. Wir produzieren in einer hochmodernen, klimatisierten Produktionsumgebung mit einem Team von \u00fcber 30 erfahrenen Spezialisten. W\u00e4hrend des gesamten CNC- und Erodierprozesses f\u00fchren wir strenge Zwischenkontrollen durch. Dar\u00fcber hinaus arbeiten wir nach strengen ISO-zertifizierten Prozessen, um hundertprozentige Zuverl\u00e4ssigkeit zu gew\u00e4hrleisten.<\/p>\n<\/div><\/div><div  class=\"vc_do_toggle vc_toggle vc_toggle_square vc_toggle_color_default vc_toggle_color_inverted vc_toggle_size_md\"><div class=\"vc_toggle_title\"><h3 style=\"text-align: left\" class=\"vc_custom_heading vc_do_custom_heading us_custom_cda6f729\" >Was bedeutet Ihr Ansatz als \u201eTotal Solution Supplier\u201c in der Praxis?<\/h3><i class=\"vc_toggle_icon\"><\/i><\/div><div class=\"vc_toggle_content\"><p>Als \u201eTotal Solution Supplier\u201c \u00fcbernehmen wir die vollst\u00e4ndige Leitung Ihres Projekts. Wir steigen vorzugsweise fr\u00fchzeitig \u00fcber Co-Engineering ein und beraten hinsichtlich der Herstellbarkeit (Design for Manufacturing). Anschlie\u00dfend k\u00fcmmern wir uns um die Inhouse-Produktion, Qualit\u00e4tskontrolle, Montage und auf Wunsch auch um die Wartung. All dies erfolgt \u00fcber ein festes, engagiertes Projektteam.<\/p>\n<\/div><\/div><div  class=\"vc_do_toggle vc_toggle vc_toggle_square vc_toggle_color_default vc_toggle_color_inverted vc_toggle_size_md\"><div class=\"vc_toggle_title\"><h3 style=\"text-align: left\" class=\"vc_custom_heading vc_do_custom_heading us_custom_cda6f729\" >F\u00fcr welche spezifischen Branchen und Normen ist Tumag ausgestattet?<\/h3><i class=\"vc_toggle_icon\"><\/i><\/div><div class=\"vc_toggle_content\"><p>Dank mehr als 40 Jahren Erfahrung sind wir bestens f\u00fcr High-Performance-Branchen ger\u00fcstet. Wir fertigen Pr\u00e4zisionstooling f\u00fcr Healthcare (Medizin und Pharma), Luft- und Raumfahrt &amp; Verteidigung, die Hightech-Industrie sowie die Verpackungsbranche. Unsere Prozesse sind darauf ausgelegt, die strengen Anforderungen an R\u00fcckverfolgbarkeit und Hygiene dieser Industrien zu erf\u00fcllen.<\/p>\n<\/div><\/div><\/div><\/div><\/div><\/div><\/div><\/section>","protected":false},"excerpt":{"rendered":"Over Tumag: Vakmanschap in precisie-tooling Tumag is al meer dan 40 jaar een betrouwbare partner voor high-end matrijzen, snijstempels en fijnmechanische componenten voor veeleisende industrie\u00ebn in de Benelux. Plan een technische intakeOntdek onze expertise in de bedrijfsfilm Onze nieuwe bedrijfsfilm toont waar Tumag voor staat: vakmanschap, innovatie en precisie in metaal en kunststoffen. In de...","protected":false},"author":3,"featured_media":0,"parent":0,"menu_order":0,"comment_status":"closed","ping_status":"closed","template":"","meta":{"_seopress_robots_primary_cat":"","_seopress_titles_title":"Over Tumag | D\u00e9 expert in Matrijzenbouw & Fijnmechanica","_seopress_titles_desc":"Tumag is specialist in matrijzenbouw, stempels en fijnmechanica. Al 40+ jaar realiseren wij high-end precisiegereedschap voor veeleisende klanten in de Benelux.","_seopress_robots_index":"","footnotes":""},"class_list":["post-14","page","type-page","status-publish","hentry"],"_links":{"self":[{"href":"https:\/\/www.tumag.be\/de\/wp-json\/wp\/v2\/pages\/14","targetHints":{"allow":["GET"]}}],"collection":[{"href":"https:\/\/www.tumag.be\/de\/wp-json\/wp\/v2\/pages"}],"about":[{"href":"https:\/\/www.tumag.be\/de\/wp-json\/wp\/v2\/types\/page"}],"author":[{"embeddable":true,"href":"https:\/\/www.tumag.be\/de\/wp-json\/wp\/v2\/users\/3"}],"replies":[{"embeddable":true,"href":"https:\/\/www.tumag.be\/de\/wp-json\/wp\/v2\/comments?post=14"}],"version-history":[{"count":0,"href":"https:\/\/www.tumag.be\/de\/wp-json\/wp\/v2\/pages\/14\/revisions"}],"wp:attachment":[{"href":"https:\/\/www.tumag.be\/de\/wp-json\/wp\/v2\/media?parent=14"}],"curies":[{"name":"wp","href":"https:\/\/api.w.org\/{rel}","templated":true}]}}