{"id":1515,"date":"2024-06-27T10:42:55","date_gmt":"2024-06-27T10:42:55","guid":{"rendered":"https:\/\/www.tumag.be\/?page_id=1515"},"modified":"2026-01-07T10:54:45","modified_gmt":"2026-01-07T10:54:45","slug":"schleifen","status":"publish","type":"page","link":"https:\/\/www.tumag.be\/de\/hoge-precisie-productie\/slijpen\/","title":{"rendered":"Schleifen"},"content":{"rendered":"<section class=\"l-section wpb_row us_custom_a7c9bba3 has_text_color height_medium\"><div class=\"l-section-overlay\" style=\"background:rgba(3,46,85,0.40)\"><\/div><div class=\"l-section-h i-cf\"><div class=\"g-cols vc_row via_flex valign_middle type_default stacking_default\"><div class=\"vc_col-sm-12 wpb_column vc_column_container\"><div class=\"vc_column-inner\"><div class=\"wpb_wrapper\"><div class=\"w-separator size_custom\" style=\"height:150px\" id=\"vc5f\"><style>@media(max-width:1599px){ #vc5f{height:100px!important}}@media(max-width:767px){ #vc5f{height:50px!important}}<\/style><\/div><div class=\"wpb_text_column us_custom_0207f80c small-headline-margin-bottom\"><div class=\"wpb_wrapper\"><p>Hochpr\u00e4zisions fertigung<\/p>\n<\/div><\/div><div class=\"wpb_text_column\"><div class=\"wpb_wrapper\"><h1>Schleifen<\/h1>\n<\/div><\/div><div class=\"w-separator size_custom\" style=\"height:150px\" id=\"w177\"><style>@media(max-width:1599px){ #w177{height:100px!important}}@media(max-width:767px){ #w177{height:50px!important}}<\/style><\/div><\/div><\/div><\/div><\/div><\/div><\/section><section class=\"l-section wpb_row height_medium\"><div class=\"l-section-h i-cf\"><div class=\"g-cols vc_row via_flex valign_top type_default stacking_default\"><div class=\"vc_col-sm-12 wpb_column vc_column_container\"><div class=\"vc_column-inner\"><div class=\"wpb_wrapper\"><div class=\"wpb_text_column\"><div class=\"wpb_wrapper\"><h2>Der Spezialist f\u00fcr hochpr\u00e4zises Schleifen<\/h2>\n<p>Schleifen ist die ideale Bearbeitungstechnik f\u00fcr Anwendungen, bei denen Pr\u00e4zision und hohe Anforderungen an die Oberfl\u00e4cheng\u00fcte entscheidend sind. Auch f\u00fcr die Nachbearbeitung sehr harter Materialien bietet das Schleifen die perfekte L\u00f6sung.<\/p>\n<p>Bei Tumag streben wir bei jedem Schleifauftrag nach nichts weniger als Perfektion. Unsere umfassende Expertise in verschiedenen Schleiftechniken \u2013 darunter Flachschleifen, Profilschleifen, Koordinatenschleifen und Rundschleifen \u2013 erm\u00f6glicht es uns, ma\u00dfgeschneiderte L\u00f6sungen anzubieten, die den h\u00f6chsten Qualit\u00e4tsstandards entsprechen. Dank unserer langj\u00e4hrigen Erfahrung sowie dem Einsatz modernster und hochpr\u00e4ziser Maschinen sind wir in der Lage, selbst die komplexesten und anspruchsvollsten Werkst\u00fccke zu realisieren.<\/p>\n<\/div><\/div><div class=\"g-cols wpb_row via_flex valign_top type_default stacking_default\"><div class=\"vc_col-sm-3 wpb_column vc_column_container\"><div class=\"vc_column-inner\"><div class=\"wpb_wrapper\"><div class=\"w-image has_ratio align_none\"><a href=\"\/de\/hochprazisionsfertigung\/schleifen\/flachschleifen\/\" aria-label=\"PROFIELSLIJPEN_500x500px\" class=\"w-image-h\"><div style=\"padding-bottom:100%\"><\/div><img decoding=\"async\" width=\"500\" height=\"500\" src=\"https:\/\/www.tumag.be\/wp-content\/uploads\/2023\/02\/PROFIELSLIJPEN_500x500px.jpg\" class=\"attachment-full size-full\" alt=\"\" loading=\"lazy\" \/><\/a><\/div><div class=\"w-separator size_small\"><\/div><h2 class=\"w-text us_custom_ab4e77da\"><a href=\"\/de\/hochprazisionsfertigung\/schleifen\/flachschleifen\/\" class=\"w-text-h\"><span class=\"w-text-value\">FLACHSCHLEIFEN<\/span><\/a><\/h2><\/div><\/div><\/div><div class=\"vc_col-sm-3 wpb_column vc_column_container\"><div class=\"vc_column-inner\"><div class=\"wpb_wrapper\"><div class=\"w-image has_ratio align_none\"><a href=\"\/de\/hochprazisionsfertigung\/schleifen\/profilschleifen\/\" aria-label=\"PROFIELSLIJPEN_500x500px\" class=\"w-image-h\"><div style=\"padding-bottom:100%\"><\/div><img decoding=\"async\" width=\"500\" height=\"500\" src=\"https:\/\/www.tumag.be\/wp-content\/uploads\/2023\/02\/PROFIELSLIJPEN_500x500px.jpg\" class=\"attachment-full size-full\" alt=\"\" loading=\"lazy\" \/><\/a><\/div><div class=\"w-separator size_small\"><\/div><h2 class=\"w-text us_custom_ab4e77da\"><a href=\"\/de\/hochprazisionsfertigung\/schleifen\/profilschleifen\/\" class=\"w-text-h\"><span class=\"w-text-value\">PROFILSCHLEIFEN<\/span><\/a><\/h2><\/div><\/div><\/div><div class=\"vc_col-sm-3 wpb_column vc_column_container\"><div class=\"vc_column-inner\"><div class=\"wpb_wrapper\"><div class=\"w-image has_ratio align_none\"><a href=\"\/de\/hochprazisionsfertigung\/schleifen\/koordinatenschleifen\/\" aria-label=\"CO-SLIJPEN_500x500px\" class=\"w-image-h\"><div style=\"padding-bottom:100%\"><\/div><img decoding=\"async\" width=\"500\" height=\"500\" src=\"https:\/\/www.tumag.be\/wp-content\/uploads\/2023\/02\/CO-SLIJPEN_500x500px.jpg\" class=\"attachment-full size-full\" alt=\"\" loading=\"lazy\" \/><\/a><\/div><div class=\"w-separator size_small\"><\/div><h2 class=\"w-text us_custom_ab4e77da\"><a href=\"\/de\/hochprazisionsfertigung\/schleifen\/koordinatenschleifen\/\" class=\"w-text-h\"><span class=\"w-text-value\">KO-SCHLEIFEN<\/span><\/a><\/h2><\/div><\/div><\/div><div class=\"vc_col-sm-3 wpb_column vc_column_container\"><div class=\"vc_column-inner\"><div class=\"wpb_wrapper\"><div class=\"w-image has_ratio align_none\"><a href=\"\/de\/hochprazisionsfertigung\/schleifen\/rundschleifen\/\" aria-label=\"RONDSLIJPEN_500x500px\" class=\"w-image-h\"><div style=\"padding-bottom:100%\"><\/div><img decoding=\"async\" width=\"500\" height=\"500\" src=\"https:\/\/www.tumag.be\/wp-content\/uploads\/2023\/02\/RONDSLIJPEN_500x500px.jpg\" class=\"attachment-full size-full\" alt=\"\" loading=\"lazy\" \/><\/a><\/div><div class=\"w-separator size_small\"><\/div><h2 class=\"w-text us_custom_ab4e77da\"><a href=\"\/de\/hochprazisionsfertigung\/schleifen\/rundschleifen\/\" class=\"w-text-h\"><span class=\"w-text-value\">RUNDSCHLEIFEN<\/span><\/a><\/h2><\/div><\/div><\/div><\/div><\/div><\/div><\/div><\/div><\/div><\/section><section class=\"l-section wpb_row height_medium\"><div class=\"l-section-h i-cf\"><div class=\"g-cols vc_row via_flex valign_top type_default stacking_default\"><div class=\"vc_col-sm-12 wpb_column vc_column_container\"><div class=\"vc_column-inner\"><div class=\"wpb_wrapper\"><section class=\"l-section wpb_row us_custom_09bf7cdd height_medium\"><div class=\"l-section-h i-cf\"><div class=\"g-cols vc_row via_flex valign_top type_default stacking_default\"><div class=\"vc_col-sm-12 wpb_column vc_column_container\"><div class=\"vc_column-inner\"><div class=\"wpb_wrapper\"><div class=\"wpb_text_column\"><div class=\"wpb_wrapper\"><h2>Dienstleistungen<\/h2>\n<\/div><\/div><div class=\"w-separator size_small\"><\/div><div class=\"g-cols wpb_row via_flex valign_top type_default stacking_default\"><div class=\"vc_col-sm-1\/5 wpb_column vc_column_container responsive-col-service\"><div class=\"vc_column-inner\"><div class=\"wpb_wrapper\"><div class=\"w-image us_custom_12711e67 align_none\"><a href=\"\/de\/konstruktionsabteilung\/\" aria-label=\"1_Ontwerp_icon\" class=\"w-image-h\"><img decoding=\"async\" width=\"150\" height=\"150\" src=\"https:\/\/www.tumag.be\/wp-content\/uploads\/2022\/05\/1_Ontwerp_icon.png\" class=\"attachment-full size-full\" alt=\"\" loading=\"lazy\" \/><\/a><\/div><div class=\"w-btn-wrapper align_none\"><a class=\"w-btn us-btn-style_2 us_custom_b4198c51\" title=\"Werkzeugentwicklung\" href=\"\/de\/konstruktionsabteilung\/\"><span class=\"w-btn-label\">Konstruktion<\/span><\/a><\/div><div class=\"w-separator size_small\"><\/div><div class=\"wpb_text_column\"><div class=\"wpb_wrapper\"><p>Mit einer eigenen Konstruktionsabteilung arbeiten wir eng mit der Designabteilung unserer Kunden zusammen, um die Herstellbarkeit des Produkts bereits in einem fr\u00fchen Stadium f\u00fcr den Spritzgussprozess zu optimieren\u2026<\/p>\n<\/div><\/div><div class=\"wpb_text_column\"><div class=\"wpb_wrapper\"><p><a href=\"\/de\/konstruktionsabteilung\/\">Mehr erfahren\u2026<\/a><\/p>\n<\/div><\/div><\/div><\/div><\/div><div class=\"vc_col-sm-1\/5 wpb_column vc_column_container responsive-col-service\"><div class=\"vc_column-inner\"><div class=\"wpb_wrapper\"><div class=\"w-image us_custom_12711e67 align_none\"><a href=\"\/de\/hochprazisionsfertigung\/\" aria-label=\"2_HogePrecisieProductie_icon\" class=\"w-image-h\"><img decoding=\"async\" width=\"150\" height=\"150\" src=\"https:\/\/www.tumag.be\/wp-content\/uploads\/2022\/05\/2_HogePrecisieProductie_icon.png\" class=\"attachment-full size-full\" alt=\"\" loading=\"lazy\" \/><\/a><\/div><div class=\"w-btn-wrapper align_none\"><a class=\"w-btn us-btn-style_2 us_custom_b4198c51\" title=\"Werkzeugentwicklung\" href=\"\/de\/hochprazisionsfertigung\/\"><span class=\"w-btn-label\">Hohe Pr\u00e4zision<\/span><\/a><\/div><div class=\"w-separator size_small\"><\/div><div class=\"wpb_text_column\"><div class=\"wpb_wrapper\"><p>In unserem klimatisierten Produktionsbereich haben wir alle feinmechanischen CNC-Bearbeitungen geb\u00fcndelt, um unsere High-Mix\/Low-Volume-Produktion effizient umzusetzen.<br \/>\nein Produktspektrum zu fertigen<\/p>\n<\/div><\/div><div class=\"wpb_text_column\"><div class=\"wpb_wrapper\"><p><a href=\"\/de\/hochprazisionsfertigung\/\">Mehr erfahren\u2026<\/a><\/p>\n<\/div><\/div><\/div><\/div><\/div><div class=\"vc_col-sm-1\/5 wpb_column vc_column_container responsive-col-service\"><div class=\"vc_column-inner\"><div class=\"wpb_wrapper\"><div class=\"w-image us_custom_12711e67 align_none\"><a href=\"\/de\/qualitatskontrolle\/\" aria-label=\"kc\" class=\"w-image-h\"><img decoding=\"async\" width=\"512\" height=\"512\" src=\"https:\/\/www.tumag.be\/wp-content\/uploads\/2024\/12\/kc.png\" class=\"attachment-full size-full\" alt=\"\" loading=\"lazy\" srcset=\"https:\/\/www.tumag.be\/wp-content\/uploads\/2024\/12\/kc.png 512w, https:\/\/www.tumag.be\/wp-content\/uploads\/2024\/12\/kc-300x300.png 300w, https:\/\/www.tumag.be\/wp-content\/uploads\/2024\/12\/kc-150x150.png 150w, https:\/\/www.tumag.be\/wp-content\/uploads\/2024\/12\/kc-12x12.png 12w, https:\/\/www.tumag.be\/wp-content\/uploads\/2024\/12\/kc-400x400.png 400w\" sizes=\"auto, (max-width: 512px) 100vw, 512px\" \/><\/a><\/div><div class=\"w-btn-wrapper align_none\"><a class=\"w-btn us-btn-style_2 us_custom_b4198c51\" title=\"Werkzeugentwicklung\" href=\"\/de\/qualitatskontrolle\/\"><span class=\"w-btn-label\">Qualit\u00e4tskontrolle<\/span><\/a><\/div><div class=\"w-separator size_small\"><\/div><div class=\"wpb_text_column\"><div class=\"wpb_wrapper\"><p>Alle unsere Produkte werden stetig besser und pr\u00e4ziser gefertigt, wodurch auch die Anforderungen an unsere Messinstrumente kontinuierlich steigen. W\u00e4hrend der Produktion von Pr\u00e4zisionsteilen ist es\u2026<\/p>\n<\/div><\/div><div class=\"wpb_text_column\"><div class=\"wpb_wrapper\"><p><a href=\"\/de\/qualitatskontrolle\/\">Mehr erfahren\u2026<\/a><\/p>\n<\/div><\/div><\/div><\/div><\/div><div class=\"vc_col-sm-1\/5 wpb_column vc_column_container responsive-col-service\"><div class=\"vc_column-inner\"><div class=\"wpb_wrapper\"><div class=\"w-image us_custom_12711e67 align_none\"><a href=\"\/de\/spritzguss\/\" aria-label=\"spuitgieten3\" class=\"w-image-h\"><img decoding=\"async\" width=\"150\" height=\"150\" src=\"https:\/\/www.tumag.be\/wp-content\/uploads\/2024\/05\/spuitgieten3.png\" class=\"attachment-full size-full\" alt=\"\" loading=\"lazy\" \/><\/a><\/div><div class=\"w-btn-wrapper align_none\"><a class=\"w-btn us-btn-style_2 us_custom_b4198c51\" title=\"Werkzeugentwicklung\" href=\"\/de\/spritzguss\/\"><span class=\"w-btn-label\">Spritzguss<\/span><\/a><\/div><div class=\"w-separator size_small\"><\/div><div class=\"wpb_text_column\"><div class=\"wpb_wrapper\"><p>Wir stellen unseren Kunden auch unser Spritzguss-Know-how zur Verf\u00fcgung. Mit unseren Spritzgussmaschinen, die urspr\u00fcnglich f\u00fcr die Optimierung, Validierung und das Testen von Formen vorgesehen sind\u2026<\/p>\n<\/div><\/div><div class=\"wpb_text_column\"><div class=\"wpb_wrapper\"><p><a href=\"\/de\/spritzguss\/\">Mehr erfahren\u2026<\/a><\/p>\n<\/div><\/div><\/div><\/div><\/div><div class=\"vc_col-sm-1\/5 wpb_column vc_column_container responsive-col-service\"><div class=\"vc_column-inner\"><div class=\"wpb_wrapper\"><div class=\"w-image us_custom_12711e67 align_none\"><a href=\"\/de\/formenwartung\/\" aria-label=\"4_Nazorg, Onderhoud &amp; Herstellingen_icon\" class=\"w-image-h\"><img decoding=\"async\" width=\"150\" height=\"150\" src=\"https:\/\/www.tumag.be\/wp-content\/uploads\/2022\/05\/4_Nazorg-Onderhoud-Herstellingen_icon.png\" class=\"attachment-full size-full\" alt=\"\" loading=\"lazy\" \/><\/a><\/div><div class=\"w-btn-wrapper align_none\"><a class=\"w-btn us-btn-style_2 us_custom_b4198c51\" title=\"Werkzeugentwicklung\" href=\"\/de\/formenwartung\/\"><span class=\"w-btn-label\">Formenwartung<\/span><\/a><\/div><div class=\"w-separator size_small\"><\/div><div class=\"wpb_text_column\"><div class=\"wpb_wrapper\"><p>Sowohl f\u00fcr die vorbeugende Wartung, komplette \u00dcberholungen als auch f\u00fcr die \u00c4nderung bestehender Formen oder Formeins\u00e4tze sind Sie bei Tumag an der richtigen Adresse. Besch\u00e4digte Bauteile k\u00f6nnen wir f\u00fcr Sie instand setzen.<\/p>\n<\/div><\/div><div class=\"wpb_text_column\"><div class=\"wpb_wrapper\"><p><a href=\"\/de\/formenwartung\/\">Mehr erfahren\u2026<\/a><\/p>\n<\/div><\/div><\/div><\/div><\/div><\/div><\/div><\/div><\/div><\/div><\/div><\/section>\n<\/div><\/div><\/div><\/div><\/div><\/section>","protected":false},"excerpt":{"rendered":"Hoge Precisie Productie Slijpen D\u00e9 specialist in hoogwaardig slijpen Slijpen is d\u00e9 ideale bewerkingstechniek voor toepassingen waar nauwkeurigheid en hoge ruwheidseisen cruciaal zijn. Ook voor nabewerking van zeer harde materialen biedt slijpen de perfecte oplossing. Bij Tumag streven we naar niets minder dan perfectie in elke slijpopdracht die wij aannemen. Onze uitgebreide expertise in diverse...","protected":false},"author":4,"featured_media":0,"parent":24,"menu_order":0,"comment_status":"closed","ping_status":"closed","template":"","meta":{"_seopress_robots_primary_cat":"","_seopress_titles_title":"Slijpen - Tumag","_seopress_titles_desc":"Onze uitgebreide expertise in diverse slijptechnieken stelt ons in staat om maatwerkoplossingen te bieden die voldoen aan de hoogste kwaliteitsnormen.","_seopress_robots_index":"","footnotes":""},"class_list":["post-1515","page","type-page","status-publish","hentry"],"_links":{"self":[{"href":"https:\/\/www.tumag.be\/de\/wp-json\/wp\/v2\/pages\/1515","targetHints":{"allow":["GET"]}}],"collection":[{"href":"https:\/\/www.tumag.be\/de\/wp-json\/wp\/v2\/pages"}],"about":[{"href":"https:\/\/www.tumag.be\/de\/wp-json\/wp\/v2\/types\/page"}],"author":[{"embeddable":true,"href":"https:\/\/www.tumag.be\/de\/wp-json\/wp\/v2\/users\/4"}],"replies":[{"embeddable":true,"href":"https:\/\/www.tumag.be\/de\/wp-json\/wp\/v2\/comments?post=1515"}],"version-history":[{"count":0,"href":"https:\/\/www.tumag.be\/de\/wp-json\/wp\/v2\/pages\/1515\/revisions"}],"up":[{"embeddable":true,"href":"https:\/\/www.tumag.be\/de\/wp-json\/wp\/v2\/pages\/24"}],"wp:attachment":[{"href":"https:\/\/www.tumag.be\/de\/wp-json\/wp\/v2\/media?parent=1515"}],"curies":[{"name":"wp","href":"https:\/\/api.w.org\/{rel}","templated":true}]}}