{"id":1586,"date":"2024-08-22T10:48:53","date_gmt":"2024-08-22T10:48:53","guid":{"rendered":"https:\/\/www.tumag.be\/?page_id=1586"},"modified":"2026-03-10T05:38:14","modified_gmt":"2026-03-10T05:38:14","slug":"montage","status":"publish","type":"page","link":"https:\/\/www.tumag.be\/de\/hoge-precisie-productie\/fijnmechanisch-bankwerken\/montage\/","title":{"rendered":"Montage"},"content":{"rendered":"<section class=\"l-section wpb_row us_custom_fa7da864 has_text_color height_medium\"><div class=\"l-section-overlay\" style=\"background:rgba(3,46,85,0.40)\"><\/div><div class=\"l-section-h i-cf\"><div class=\"g-cols vc_row via_flex valign_middle type_default stacking_default\"><div class=\"vc_col-sm-12 wpb_column vc_column_container\"><div class=\"vc_column-inner\"><div class=\"wpb_wrapper\"><div class=\"w-separator size_custom\" style=\"height:150px\" id=\"jb1a\"><style>@media(max-width:1599px){ #jb1a{height:100px!important}}@media(max-width:767px){ #jb1a{height:50px!important}}<\/style><\/div><div class=\"wpb_text_column us_custom_0207f80c small-headline-margin-bottom\"><div class=\"wpb_wrapper\"><p>Hochpr\u00e4zisionsfertigung \/ Feinmechanische Bearbeitung<\/p>\n<\/div><\/div><div class=\"wpb_text_column\"><div class=\"wpb_wrapper\"><h1>Montage<\/h1>\n<\/div><\/div><div class=\"w-separator size_custom\" style=\"height:150px\" id=\"h04d\"><style>@media(max-width:1599px){ #h04d{height:100px!important}}@media(max-width:767px){ #h04d{height:50px!important}}<\/style><\/div><\/div><\/div><\/div><\/div><\/div><\/section><section class=\"l-section wpb_row height_medium\"><div class=\"l-section-h i-cf\"><div class=\"g-cols vc_row via_flex valign_top type_default stacking_default\"><div class=\"vc_col-sm-2\/5 wpb_column vc_column_container\"><div class=\"vc_column-inner\"><div class=\"wpb_wrapper\"><div class=\"w-image align_none\"><div class=\"w-image-h\"><img decoding=\"async\" width=\"1024\" height=\"640\" src=\"https:\/\/www.tumag.be\/wp-content\/uploads\/2024\/02\/Home-over-ons-1600x1000px-v2-1024x640.jpg\" class=\"attachment-large size-large\" alt=\"\" loading=\"lazy\" srcset=\"https:\/\/www.tumag.be\/wp-content\/uploads\/2024\/02\/Home-over-ons-1600x1000px-v2-1024x640.jpg 1024w, https:\/\/www.tumag.be\/wp-content\/uploads\/2024\/02\/Home-over-ons-1600x1000px-v2-300x188.jpg 300w, https:\/\/www.tumag.be\/wp-content\/uploads\/2024\/02\/Home-over-ons-1600x1000px-v2.jpg 1600w\" sizes=\"auto, (max-width: 1024px) 100vw, 1024px\" \/><\/div><\/div><div class=\"w-separator size_small\"><\/div><\/div><\/div><\/div><div class=\"vc_col-sm-2\/5 wpb_column vc_column_container\"><div class=\"vc_column-inner\"><div class=\"wpb_wrapper\"><div class=\"wpb_text_column\"><div class=\"wpb_wrapper\"><h5><strong>Wir montieren es f\u00fcr Sie.<\/strong><\/h5>\n<p>Als \u201eOne-Stop-Shop\u201c \u00fcbernehmen wir bei Tumag auch gerne die komplette Montage f\u00fcr Sie.<\/p>\n<p>Wir liefern komplette Formen, sorgf\u00e4ltig gefertigt von der ersten Zerspanung bis hin zur vollst\u00e4ndigen Montage. Das bedeutet, dass Sie nicht zwischen verschiedenen Dienstleistern wechseln m\u00fcssen, was Ihnen Zeit und Kosten spart. Mit unserem engagierten Team und jahrelanger Erfahrung sind Sie sicher, eine hohe Qualit\u00e4t zu erhalten, die den h\u00f6chsten Anforderungen und Standards entspricht.<\/p>\n<p>Sind Sie bereit, Ihre Montageaufgaben an Experten auszulagern? Kontaktieren Sie uns noch heute und entdecken Sie die Vorteile unserer Montageservices.<\/p>\n<\/div><\/div><div class=\"w-btn-wrapper align_none\"><a class=\"w-btn us-btn-style_1\" href=\"\/de\/kontaktieren-sie-uns\/\"><span class=\"w-btn-label\">Ihr pers\u00f6nliches Angebot<\/span><\/a><\/div><\/div><\/div><\/div><div class=\"vc_col-sm-1\/5 wpb_column vc_column_container\"><div class=\"vc_column-inner type_sticky\"><div class=\"wpb_wrapper\"><section class=\"l-section wpb_row height_auto width_full\"><div class=\"l-section-h i-cf\"><div class=\"g-cols vc_row via_flex valign_middle type_default stacking_default\"><div class=\"vc_col-sm-12 wpb_column vc_column_container\"><div class=\"vc_column-inner\"><div class=\"wpb_wrapper\"><div class=\"g-cols wpb_row us_custom_f74dd8af via_flex valign_top type_default stacking_default\"><div class=\"vc_col-sm-12 wpb_column vc_column_container\"><div class=\"vc_column-inner\"><div class=\"wpb_wrapper\"><div class=\"wpb_text_column us_custom_b24a7315\"><div class=\"wpb_wrapper\"><p style=\"text-align: center;\"><strong>Hochpr\u00e4zisions fertigung<\/strong><\/p>\n<\/div><\/div><div class=\"w-btn-wrapper align_justify\"><a class=\"w-btn us-btn-style_2 us_custom_0490361b\" href=\"\/de\/hochprazisionsfertigung\/zerspanen\/\"><span class=\"w-btn-label\">Zerspanen<\/span><\/a><\/div><div class=\"w-image us_custom_4edece6e hide_on_mobiles align_center\"><div class=\"w-image-h\"><img decoding=\"async\" width=\"150\" height=\"150\" src=\"https:\/\/www.tumag.be\/wp-content\/uploads\/2026\/02\/icon-verspanen.webp\" class=\"attachment-large size-large\" alt=\"\" loading=\"lazy\" srcset=\"https:\/\/www.tumag.be\/wp-content\/uploads\/2026\/02\/icon-verspanen.webp 150w, https:\/\/www.tumag.be\/wp-content\/uploads\/2026\/02\/icon-verspanen-12x12.webp 12w\" sizes=\"auto, (max-width: 150px) 100vw, 150px\" \/><\/div><\/div><div class=\"wpb_text_column\"><div class=\"wpb_wrapper\"><ul>\n<li><a href=\"\/de\/hochprazisionsfertigung\/zerspanen\/cnc-drehen\/\">CNC-Drehen<\/a><\/li>\n<li><a href=\"\/de\/hochprazisionsfertigung\/zerspanen\/cnc-frasen\/\">CNC-Fr\u00e4sen<\/a><\/li>\n<li><a href=\"\/de\/hochprazisionsfertigung\/zerspanen\/hs-frasen\/\">HSM-Fr\u00e4sen<\/a><\/li>\n<li><a href=\"\/de\/hochprazisionsfertigung\/zerspanen\/tiefbohren\/\">Tiefbohren<\/a><\/li>\n<\/ul>\n<\/div><\/div><div class=\"w-btn-wrapper align_justify\"><a class=\"w-btn us-btn-style_2\" href=\"\/de\/hochprazisionsfertigung\/funkenerodieren\/\"><span class=\"w-btn-label\">Funkenerodieren<\/span><\/a><\/div><div class=\"w-image hide_on_mobiles align_center\"><div class=\"w-image-h\"><img decoding=\"async\" width=\"150\" height=\"150\" src=\"https:\/\/www.tumag.be\/wp-content\/uploads\/2026\/02\/icon-vonkerosie.webp\" class=\"attachment-large size-large\" alt=\"\" loading=\"lazy\" srcset=\"https:\/\/www.tumag.be\/wp-content\/uploads\/2026\/02\/icon-vonkerosie.webp 150w, https:\/\/www.tumag.be\/wp-content\/uploads\/2026\/02\/icon-vonkerosie-12x12.webp 12w\" sizes=\"auto, (max-width: 150px) 100vw, 150px\" \/><\/div><\/div><div class=\"wpb_text_column\"><div class=\"wpb_wrapper\"><ul>\n<li><a href=\"\/de\/hochprazisionsfertigung\/funkenerodieren\/drahterodieren\/\">Drahterodieren<\/a><\/li>\n<li><a href=\"\/de\/hochprazisionsfertigung\/funkenerodieren\/senkerodieren\/\">Senkerodieren<\/a><\/li>\n<li><a href=\"\/de\/hochprazisionsfertigung\/funkenerodieren\/funkenerodierbohren\/\">Funkenerodierbohren<\/a><\/li>\n<li><a href=\"\/de\/hochprazisionsfertigung\/funkenerodieren\/senkerodier-elektroden\/\">Elektroden<\/a><\/li>\n<\/ul>\n<\/div><\/div><div class=\"w-btn-wrapper align_justify\"><a class=\"w-btn us-btn-style_2\" href=\"\/de\/hochprazisionsfertigung\/schleifen\/\"><span class=\"w-btn-label\">Schleifen<\/span><\/a><\/div><div class=\"w-image hide_on_mobiles align_center\"><div class=\"w-image-h\"><img decoding=\"async\" width=\"150\" height=\"150\" src=\"https:\/\/www.tumag.be\/wp-content\/uploads\/2026\/02\/icon-slijpen.webp\" class=\"attachment-large size-large\" alt=\"\" loading=\"lazy\" srcset=\"https:\/\/www.tumag.be\/wp-content\/uploads\/2026\/02\/icon-slijpen.webp 150w, https:\/\/www.tumag.be\/wp-content\/uploads\/2026\/02\/icon-slijpen-12x12.webp 12w\" sizes=\"auto, (max-width: 150px) 100vw, 150px\" \/><\/div><\/div><div class=\"wpb_text_column\"><div class=\"wpb_wrapper\"><ul>\n<li><a href=\"\/de\/hochprazisionsfertigung\/schleifen\/flachschleifen\/\">Flachschleifen<\/a><\/li>\n<li><a href=\"\/de\/hochprazisionsfertigung\/schleifen\/profilschleifen\/\">Profilschleifen<\/a><\/li>\n<li><a href=\"\/de\/hochprazisionsfertigung\/schleifen\/rundschleifen\/\">Rundschleifen<\/a><\/li>\n<li><a href=\"\/de\/hochprazisionsfertigung\/schleifen\/koordinatenschleifen\/\">Ko-schleifen<\/a><\/li>\n<\/ul>\n<\/div><\/div><div class=\"w-btn-wrapper align_justify\"><a class=\"w-btn us-btn-style_2\" href=\"\/de\/hochprazisionsfertigung\/feinmechanisches-handarbeiten\/\"><span class=\"w-btn-label\">Manuelle Bearbeitung<\/span><\/a><\/div><div class=\"w-image hide_on_mobiles align_center\"><div class=\"w-image-h\"><img decoding=\"async\" width=\"150\" height=\"150\" src=\"https:\/\/www.tumag.be\/wp-content\/uploads\/2026\/02\/icon-onderhoud.webp\" class=\"attachment-large size-large\" alt=\"\" loading=\"lazy\" srcset=\"https:\/\/www.tumag.be\/wp-content\/uploads\/2026\/02\/icon-onderhoud.webp 150w, https:\/\/www.tumag.be\/wp-content\/uploads\/2026\/02\/icon-onderhoud-12x12.webp 12w\" sizes=\"auto, (max-width: 150px) 100vw, 150px\" \/><\/div><\/div><div class=\"wpb_text_column\"><div class=\"wpb_wrapper\"><ul>\n<li><a href=\"\/de\/hochprazisionsfertigung\/feinmechanisches-handarbeiten\/montage\/\">Montage<\/a><\/li>\n<li><a href=\"\/de\/hochprazisionsfertigung\/feinmechanisches-handarbeiten\/polieren\/\">Polieren<\/a><\/li>\n<li><a href=\"\/de\/hochprazisionsfertigung\/feinmechanisches-handarbeiten\/laserloten\/\">Laserl\u00f6ten<\/a><\/li>\n<li><a href=\"\/de\/hochprazisionsfertigung\/feinmechanisches-handarbeiten\/lasergravieren\/\">Lasergravieren<\/a><\/li>\n<\/ul>\n<\/div><\/div><div class=\"w-separator size_small\"><\/div><\/div><\/div><\/div><\/div><\/div><\/div><\/div><\/div><\/div><\/section>\n<\/div><\/div><\/div><\/div><\/div><\/section><section class=\"l-section wpb_row height_medium\"><div class=\"l-section-h i-cf\"><div class=\"g-cols vc_row via_flex valign_top type_default stacking_default\"><div class=\"vc_col-sm-12 wpb_column vc_column_container\"><div class=\"vc_column-inner\"><div class=\"wpb_wrapper\"><section class=\"l-section wpb_row us_custom_09bf7cdd height_medium\"><div class=\"l-section-h i-cf\"><div class=\"g-cols vc_row via_flex valign_top type_default stacking_default\"><div class=\"vc_col-sm-12 wpb_column vc_column_container\"><div class=\"vc_column-inner\"><div class=\"wpb_wrapper\"><div class=\"wpb_text_column\"><div class=\"wpb_wrapper\"><h2>Dienstleistungen<\/h2>\n<\/div><\/div><div class=\"w-separator size_small\"><\/div><div class=\"g-cols wpb_row via_flex valign_top type_default stacking_default\"><div class=\"vc_col-sm-1\/5 wpb_column vc_column_container responsive-col-service\"><div class=\"vc_column-inner\"><div class=\"wpb_wrapper\"><div class=\"w-image us_custom_12711e67 align_none\"><a href=\"\/de\/konstruktionsabteilung\/\" aria-label=\"1_Ontwerp_icon\" class=\"w-image-h\"><img decoding=\"async\" width=\"150\" height=\"150\" src=\"https:\/\/www.tumag.be\/wp-content\/uploads\/2022\/05\/1_Ontwerp_icon.png\" class=\"attachment-full size-full\" alt=\"\" loading=\"lazy\" \/><\/a><\/div><div class=\"w-btn-wrapper align_none\"><a class=\"w-btn us-btn-style_2 us_custom_b4198c51\" title=\"Werkzeugentwicklung\" href=\"\/de\/konstruktionsabteilung\/\"><span class=\"w-btn-label\">Konstruktion<\/span><\/a><\/div><div class=\"w-separator size_small\"><\/div><div class=\"wpb_text_column\"><div class=\"wpb_wrapper\"><p>Mit einer eigenen Konstruktionsabteilung arbeiten wir eng mit der Designabteilung unserer Kunden zusammen, um die Herstellbarkeit des Produkts bereits in einem fr\u00fchen Stadium f\u00fcr den Spritzgussprozess zu optimieren\u2026<\/p>\n<\/div><\/div><div class=\"wpb_text_column\"><div class=\"wpb_wrapper\"><p><a href=\"\/de\/konstruktionsabteilung\/\">Mehr erfahren\u2026<\/a><\/p>\n<\/div><\/div><\/div><\/div><\/div><div class=\"vc_col-sm-1\/5 wpb_column vc_column_container responsive-col-service\"><div class=\"vc_column-inner\"><div class=\"wpb_wrapper\"><div class=\"w-image us_custom_12711e67 align_none\"><a href=\"\/de\/hochprazisionsfertigung\/\" aria-label=\"2_HogePrecisieProductie_icon\" class=\"w-image-h\"><img decoding=\"async\" width=\"150\" height=\"150\" src=\"https:\/\/www.tumag.be\/wp-content\/uploads\/2022\/05\/2_HogePrecisieProductie_icon.png\" class=\"attachment-full size-full\" alt=\"\" loading=\"lazy\" \/><\/a><\/div><div class=\"w-btn-wrapper align_none\"><a class=\"w-btn us-btn-style_2 us_custom_b4198c51\" title=\"Werkzeugentwicklung\" href=\"\/de\/hochprazisionsfertigung\/\"><span class=\"w-btn-label\">Hohe Pr\u00e4zision<\/span><\/a><\/div><div class=\"w-separator size_small\"><\/div><div class=\"wpb_text_column\"><div class=\"wpb_wrapper\"><p>In unserem klimatisierten Produktionsbereich haben wir alle feinmechanischen CNC-Bearbeitungen geb\u00fcndelt, um unsere High-Mix\/Low-Volume-Produktion effizient umzusetzen.<br \/>\nein Produktspektrum zu fertigen<\/p>\n<\/div><\/div><div class=\"wpb_text_column\"><div class=\"wpb_wrapper\"><p><a href=\"\/de\/hochprazisionsfertigung\/\">Mehr erfahren\u2026<\/a><\/p>\n<\/div><\/div><\/div><\/div><\/div><div class=\"vc_col-sm-1\/5 wpb_column vc_column_container responsive-col-service\"><div class=\"vc_column-inner\"><div class=\"wpb_wrapper\"><div class=\"w-image us_custom_12711e67 align_none\"><a href=\"\/de\/qualitatskontrolle\/\" aria-label=\"kc\" class=\"w-image-h\"><img decoding=\"async\" width=\"512\" height=\"512\" src=\"https:\/\/www.tumag.be\/wp-content\/uploads\/2024\/12\/kc.png\" class=\"attachment-full size-full\" alt=\"\" loading=\"lazy\" srcset=\"https:\/\/www.tumag.be\/wp-content\/uploads\/2024\/12\/kc.png 512w, https:\/\/www.tumag.be\/wp-content\/uploads\/2024\/12\/kc-300x300.png 300w, https:\/\/www.tumag.be\/wp-content\/uploads\/2024\/12\/kc-150x150.png 150w, https:\/\/www.tumag.be\/wp-content\/uploads\/2024\/12\/kc-12x12.png 12w, https:\/\/www.tumag.be\/wp-content\/uploads\/2024\/12\/kc-400x400.png 400w\" sizes=\"auto, (max-width: 512px) 100vw, 512px\" \/><\/a><\/div><div class=\"w-btn-wrapper align_none\"><a class=\"w-btn us-btn-style_2 us_custom_b4198c51\" title=\"Werkzeugentwicklung\" href=\"\/de\/qualitatskontrolle\/\"><span class=\"w-btn-label\">Qualit\u00e4tskontrolle<\/span><\/a><\/div><div class=\"w-separator size_small\"><\/div><div class=\"wpb_text_column\"><div class=\"wpb_wrapper\"><p>Alle unsere Produkte werden stetig besser und pr\u00e4ziser gefertigt, wodurch auch die Anforderungen an unsere Messinstrumente kontinuierlich steigen. W\u00e4hrend der Produktion von Pr\u00e4zisionsteilen ist es\u2026<\/p>\n<\/div><\/div><div class=\"wpb_text_column\"><div class=\"wpb_wrapper\"><p><a href=\"\/de\/qualitatskontrolle\/\">Mehr erfahren\u2026<\/a><\/p>\n<\/div><\/div><\/div><\/div><\/div><div class=\"vc_col-sm-1\/5 wpb_column vc_column_container responsive-col-service\"><div class=\"vc_column-inner\"><div class=\"wpb_wrapper\"><div class=\"w-image us_custom_12711e67 align_none\"><a href=\"\/de\/spritzguss\/\" aria-label=\"spuitgieten3\" class=\"w-image-h\"><img decoding=\"async\" width=\"150\" height=\"150\" src=\"https:\/\/www.tumag.be\/wp-content\/uploads\/2024\/05\/spuitgieten3.png\" class=\"attachment-full size-full\" alt=\"\" loading=\"lazy\" \/><\/a><\/div><div class=\"w-btn-wrapper align_none\"><a class=\"w-btn us-btn-style_2 us_custom_b4198c51\" title=\"Werkzeugentwicklung\" href=\"\/de\/spritzguss\/\"><span class=\"w-btn-label\">Spritzguss<\/span><\/a><\/div><div class=\"w-separator size_small\"><\/div><div class=\"wpb_text_column\"><div class=\"wpb_wrapper\"><p>Wir stellen unseren Kunden auch unser Spritzguss-Know-how zur Verf\u00fcgung. Mit unseren Spritzgussmaschinen, die urspr\u00fcnglich f\u00fcr die Optimierung, Validierung und das Testen von Formen vorgesehen sind\u2026<\/p>\n<\/div><\/div><div class=\"wpb_text_column\"><div class=\"wpb_wrapper\"><p><a href=\"\/de\/spritzguss\/\">Mehr erfahren\u2026<\/a><\/p>\n<\/div><\/div><\/div><\/div><\/div><div class=\"vc_col-sm-1\/5 wpb_column vc_column_container responsive-col-service\"><div class=\"vc_column-inner\"><div class=\"wpb_wrapper\"><div class=\"w-image us_custom_12711e67 align_none\"><a href=\"\/de\/formenwartung\/\" aria-label=\"4_Nazorg, Onderhoud &amp; Herstellingen_icon\" class=\"w-image-h\"><img decoding=\"async\" width=\"150\" height=\"150\" src=\"https:\/\/www.tumag.be\/wp-content\/uploads\/2022\/05\/4_Nazorg-Onderhoud-Herstellingen_icon.png\" class=\"attachment-full size-full\" alt=\"\" loading=\"lazy\" \/><\/a><\/div><div class=\"w-btn-wrapper align_none\"><a class=\"w-btn us-btn-style_2 us_custom_b4198c51\" title=\"Werkzeugentwicklung\" href=\"\/de\/formenwartung\/\"><span class=\"w-btn-label\">Formenwartung<\/span><\/a><\/div><div class=\"w-separator size_small\"><\/div><div class=\"wpb_text_column\"><div class=\"wpb_wrapper\"><p>Sowohl f\u00fcr die vorbeugende Wartung, komplette \u00dcberholungen als auch f\u00fcr die \u00c4nderung bestehender Formen oder Formeins\u00e4tze sind Sie bei Tumag an der richtigen Adresse. Besch\u00e4digte Bauteile k\u00f6nnen wir f\u00fcr Sie instand setzen.<\/p>\n<\/div><\/div><div class=\"wpb_text_column\"><div class=\"wpb_wrapper\"><p><a href=\"\/de\/formenwartung\/\">Mehr erfahren\u2026<\/a><\/p>\n<\/div><\/div><\/div><\/div><\/div><\/div><\/div><\/div><\/div><\/div><\/div><\/section>\n<\/div><\/div><\/div><\/div><\/div><\/section>","protected":false},"excerpt":{"rendered":"Hoge Precisie Productie \/ Fijnmechanisch bankwerken Montage Wij zetten het voor u in elkaar Als \u2018one-stop-shop\u2019 nemen wij bij Tumag ook graag de complete montage voor u uit handen. We leveren complete matrijzen, zorgvuldig vervaardigd van de eerste verspaning tot en met de volledige montage. Dit betekent dat u niet hoeft te schakelen tussen diverse...","protected":false},"author":4,"featured_media":0,"parent":1580,"menu_order":0,"comment_status":"closed","ping_status":"closed","template":"","meta":{"_seopress_robots_primary_cat":"","_seopress_titles_title":"Montage - Tumag","_seopress_titles_desc":"Als \u2018one-stop-shop\u2019 nemen wij bij Tumag ook graag de complete montage voor u uit handen.","_seopress_robots_index":"","footnotes":""},"class_list":["post-1586","page","type-page","status-publish","hentry"],"_links":{"self":[{"href":"https:\/\/www.tumag.be\/de\/wp-json\/wp\/v2\/pages\/1586","targetHints":{"allow":["GET"]}}],"collection":[{"href":"https:\/\/www.tumag.be\/de\/wp-json\/wp\/v2\/pages"}],"about":[{"href":"https:\/\/www.tumag.be\/de\/wp-json\/wp\/v2\/types\/page"}],"author":[{"embeddable":true,"href":"https:\/\/www.tumag.be\/de\/wp-json\/wp\/v2\/users\/4"}],"replies":[{"embeddable":true,"href":"https:\/\/www.tumag.be\/de\/wp-json\/wp\/v2\/comments?post=1586"}],"version-history":[{"count":0,"href":"https:\/\/www.tumag.be\/de\/wp-json\/wp\/v2\/pages\/1586\/revisions"}],"up":[{"embeddable":true,"href":"https:\/\/www.tumag.be\/de\/wp-json\/wp\/v2\/pages\/1580"}],"wp:attachment":[{"href":"https:\/\/www.tumag.be\/de\/wp-json\/wp\/v2\/media?parent=1586"}],"curies":[{"name":"wp","href":"https:\/\/api.w.org\/{rel}","templated":true}]}}