{"id":2145,"date":"2026-02-17T10:45:46","date_gmt":"2026-02-17T10:45:46","guid":{"rendered":"https:\/\/www.tumag.be\/?page_id=2145"},"modified":"2026-03-03T08:08:21","modified_gmt":"2026-03-03T08:08:21","slug":"nachhaltigkeit","status":"publish","type":"page","link":"https:\/\/www.tumag.be\/de\/duurzaamheid\/","title":{"rendered":"Nachhaltigkeit"},"content":{"rendered":"<section class=\"l-section wpb_row us_custom_e81febdd has_text_color height_medium\"><div class=\"l-section-overlay\" style=\"background:rgba(3,46,85,0.40)\"><\/div><div class=\"l-section-h i-cf\"><div class=\"g-cols vc_row via_flex valign_middle type_default stacking_default\"><div class=\"vc_col-sm-12 wpb_column vc_column_container\"><div class=\"vc_column-inner\"><div class=\"wpb_wrapper\"><div class=\"w-separator size_custom\" style=\"height:150px\" id=\"sd14\"><style>@media(max-width:1599px){ #sd14{height:100px!important}}@media(max-width:767px){ #sd14{height:50px!important}}<\/style><\/div><div class=\"wpb_text_column\"><div class=\"wpb_wrapper\"><h1>Nachhaltiger Formenbau und energieeffiziente Pr\u00e4zisionsfertigung<\/h1>\n<\/div><\/div><div class=\"w-separator size_custom\" style=\"height:150px\" id=\"s16e\"><style>@media(max-width:1599px){ #s16e{height:100px!important}}@media(max-width:767px){ #s16e{height:50px!important}}<\/style><\/div><\/div><\/div><\/div><\/div><\/div><\/section><section class=\"l-section wpb_row height_medium\"><div class=\"l-section-h i-cf\"><div class=\"g-cols vc_row via_flex valign_top type_default stacking_default\"><div class=\"vc_col-sm-12 wpb_column vc_column_container\"><div class=\"vc_column-inner\"><div class=\"wpb_wrapper\"><div class=\"wpb_text_column us_custom_432d3f53\"><div class=\"wpb_wrapper\"><h2>Warum sich f\u00fcr eine gr\u00fcne Lieferkette entscheiden?<\/h2>\n<p class=\"translation-block\">Bei Tumag ist Nachhaltigkeit kein Marketingbegriff, sondern eine strategische Entscheidung. Wir investieren bewusst in einen <a href=\"\/de\/formen\/\" target=\"_self\">nachhaltigen Formenbau<\/a>, energieeffiziente Produktion und Werkzeuge mit langer Lebensdauer. So unterst\u00fctzen wir belgische und niederl\u00e4ndische Industrieunternehmen, die ihre Lieferkette nachhaltiger gestalten m\u00f6chten, ohne bei Pr\u00e4zision oder Qualit\u00e4t Abstriche zu machen.<\/p>\n<p class=\"translation-block\">Unser Ansatz kombiniert eine <a href=\"\/de\/hochprazisionsfertigung\/\" target=\"_self\">hochpr\u00e4zise Fertigung<\/a> mit zukunftsorientierter Infrastruktur und intelligenten Energiel\u00f6sungen.<\/p>\n<p>Nachhaltige Produktion und Spitzenqualit\u00e4t gehen Hand in Hand.<\/p>\n<\/div><\/div><div class=\"g-cols wpb_row via_flex valign_top type_default stacking_default\"><div class=\"vc_col-sm-6 wpb_column vc_column_container\"><div class=\"vc_column-inner\"><div class=\"wpb_wrapper\"><div class=\"w-image align_none\"><div class=\"w-image-h\"><img decoding=\"async\" width=\"500\" height=\"834\" src=\"https:\/\/www.tumag.be\/wp-content\/uploads\/2026\/02\/duurzaamheid-geothermie.webp\" class=\"attachment-large size-large\" alt=\"Aanleg van een beoveld. Op de afbeelding is te zien hoe de boringen in de grond verlopen.\" loading=\"lazy\" srcset=\"https:\/\/www.tumag.be\/wp-content\/uploads\/2026\/02\/duurzaamheid-geothermie.webp 500w, https:\/\/www.tumag.be\/wp-content\/uploads\/2026\/02\/duurzaamheid-geothermie-180x300.webp 180w, https:\/\/www.tumag.be\/wp-content\/uploads\/2026\/02\/duurzaamheid-geothermie-7x12.webp 7w\" sizes=\"auto, (max-width: 500px) 100vw, 500px\" \/><\/div><\/div><\/div><\/div><\/div><div class=\"vc_col-sm-6 wpb_column vc_column_container\"><div class=\"vc_column-inner\"><div class=\"wpb_wrapper\"><div class=\"wpb_text_column us_custom_432d3f53\"><div class=\"wpb_wrapper\"><h2>Energieeffiziente Infrastruktur und gr\u00fcne Energie<\/h2>\n<p>Unser Firmengeb\u00e4ude wurde mit einem klaren Fokus auf Energieeffizienz und eine langfristige Vision entworfen.<\/p>\n<ul>\n<li>Energieeffiziente Geb\u00e4udeh\u00fclle<\/li>\n<li>W\u00e4rmepumpensystem<\/li>\n<li>BEO-Feld (geothermische Energiespeicherung)<\/li>\n<li>Kein Gasanschluss<\/li>\n<li>Maximale Isolierung und intelligente Klimaregelung<\/li>\n<\/ul>\n<p>Diese Investitionen verringern nicht nur unseren \u00f6kologischen Fu\u00dfabdruck, sondern sorgen auch f\u00fcr eine stabile und zukunftssichere Produktionsumgebung.<\/p>\n<p>Unsere Produktion l\u00e4uft so weit wie m\u00f6glich mit erneuerbarer Energie. Wir kombinieren:<\/p>\n<ul>\n<li>Eigene Energieerzeugung<\/li>\n<li>Intelligentes Energiemanagement<\/li>\n<li>Energieeffiziente CNC-Maschinen<\/li>\n<li>Kontinuierliche \u00dcberwachung des Verbrauchs<\/li>\n<\/ul>\n<\/div><\/div><\/div><\/div><\/div><\/div><div class=\"w-separator size_small\"><\/div><div class=\"wpb_text_column us_custom_432d3f53\"><div class=\"wpb_wrapper\"><h3>Solarmodule f\u00fcr erneuerbare Energie<\/h3>\n<p>Auf dem Dach unseres Standorts befindet sich eine Photovoltaikanlage mit nicht weniger als 592 Solarmodulen, die einen erheblichen Teil unseres Strombedarfs deckt. Dies f\u00fchrt zu einem geringeren CO\u2082-Fu\u00dfabdruck pro hergestellter Form oder Pr\u00e4zisionsteil.<\/p>\n<h3>Energieeffizient arbeiten<\/h3>\n<p>Zudem nutzen wir W\u00e4rmepumpen f\u00fcr energieeffizientes Heizen und K\u00fchlen. In Kombination mit unserem Bohrloch-Energiespeicherfeld (BEO) bildet dies eine nachhaltige Energiel\u00f6sung f\u00fcr die Zukunft. Ein BEO-Feld besteht aus einem Netzwerk vertikaler Bohrungen im Boden, in denen W\u00e4rme und K\u00e4lte gespeichert werden. Im Sommer wird \u00fcbersch\u00fcssige W\u00e4rme im Boden gespeichert und im Winter zum Heizen wiederverwendet \u2013 und umgekehrt.\n\nDieses System sorgt f\u00fcr ein stabiles Raumklima in unserer Produktionshalle und in den B\u00fcros bei minimalem Energieeinsatz.<\/p>\n<h3>Wassermanagement und zirkul\u00e4re L\u00f6sungen<\/h3>\n<p>Auch beim Wasserverbrauch \u00fcbernehmen wir Verantwortung. Durch Regenwassernutzung sammeln wir Regenwasser und verwenden es in unseren Prozessen sowie f\u00fcr sanit\u00e4re Zwecke wieder. Dadurch wird der Einsatz von Trinkwasser reduziert und die Umweltbelastung verringert.<\/p>\n<\/div><\/div><div class=\"w-separator size_medium\"><\/div><div class=\"g-cols wpb_row via_flex valign_top type_default stacking_default\"><div class=\"vc_col-sm-6 wpb_column vc_column_container\"><div class=\"vc_column-inner\"><div class=\"wpb_wrapper\"><div class=\"wpb_text_column us_custom_432d3f53\"><div class=\"wpb_wrapper\"><h2>Werkzeuge mit langer Lebensdauer = echte Nachhaltigkeit<\/h2>\n<p>Durch intelligente Planung, pr\u00e4zise CNC-Bearbeitungen und konsequente Qualit\u00e4tskontrollen reduzieren wir Materialverluste und erh\u00f6hen die Lebensdauer unserer Formen und Bauteile. Nachhaltig zu produzieren bedeutet schlie\u00dflich auch: weniger Verschwendung und h\u00f6here Zuverl\u00e4ssigkeit f\u00fcr unsere Kunden.<\/p>\n<p>Wir bauen:<\/p>\n<ul>\n<li><a href=\"\/de\/formen\/\">High-End-Spritzgie\u00dfwerkzeuge<\/a><\/li>\n<li>2K-Formen<\/li>\n<li>Mehrkavit\u00e4tenwerkzeuge<\/li>\n<li><a href=\"\/de\/stanzwerkzeuge\/\">(Schneid-)Stempel<\/a><\/li>\n<li><a href=\"\/de\/feinmechanik\/\">Feinmechanische Komponenten<\/a><\/li>\n<\/ul>\n<p>Unsere Werkzeuge werden entwickelt f\u00fcr:<\/p>\n<ul>\n<li>Lange operative Lebensdauer<\/li>\n<li>Minimaler Verschlei\u00df<\/li>\n<li>Maximale Prozessstabilit\u00e4t<\/li>\n<li>Effiziente Wartung<\/li>\n<\/ul>\n<p>Eine Form, die l\u00e4nger h\u00e4lt, bedeutet weniger Materialverbrauch, weniger Stillstand und geringere Gesamtproduktionskosten.<\/p>\n<\/div><\/div><\/div><\/div><\/div><div class=\"vc_col-sm-6 wpb_column vc_column_container\"><div class=\"vc_column-inner\"><div class=\"wpb_wrapper\"><div class=\"w-image align_center\"><div class=\"w-image-h\"><img decoding=\"async\" width=\"600\" height=\"589\" src=\"https:\/\/www.tumag.be\/wp-content\/uploads\/2026\/02\/duurzaamheid-beoveld-tumag.webp\" class=\"attachment-large size-large\" alt=\"Nachhaltige Beheizung von B\u00fcros und Produktionsr\u00e4umen. Eine schematische Darstellung eines BEO-Feldes.\" loading=\"lazy\" srcset=\"https:\/\/www.tumag.be\/wp-content\/uploads\/2026\/02\/duurzaamheid-beoveld-tumag.webp 600w, https:\/\/www.tumag.be\/wp-content\/uploads\/2026\/02\/duurzaamheid-beoveld-tumag-300x295.webp 300w, https:\/\/www.tumag.be\/wp-content\/uploads\/2026\/02\/duurzaamheid-beoveld-tumag-12x12.webp 12w\" sizes=\"auto, (max-width: 600px) 100vw, 600px\" \/><\/div><\/div><div class=\"w-separator size_medium\"><\/div><div class=\"wpb_text_column us_custom_32e2d776\"><div class=\"wpb_wrapper\"><p style=\"text-align: center;\"><strong>Nachhaltigkeit in unserer Branche bedeutet in erster Linie: Qualit\u00e4t und Langlebigkeit.<\/strong><\/p>\n<\/div><\/div><\/div><\/div><\/div><\/div><\/div><\/div><\/div><\/div><\/div><\/section><section class=\"l-section wpb_row height_medium\"><div class=\"l-section-h i-cf\"><div class=\"g-cols vc_row via_flex valign_top type_default stacking_default\"><div class=\"vc_col-sm-12 wpb_column vc_column_container\"><div class=\"vc_column-inner\"><div class=\"wpb_wrapper\"><div class=\"wpb_text_column\"><div class=\"wpb_wrapper\"><h2>Nachhaltigkeit in Produktionsprozessen<\/h2>\n<\/div><\/div><div class=\"g-cols wpb_row via_flex valign_top type_default stacking_default\"><div class=\"vc_col-sm-6 wpb_column vc_column_container\"><div class=\"vc_column-inner\"><div class=\"wpb_wrapper\"><div class=\"wpb_text_column\"><div class=\"wpb_wrapper\"><h3>Wir integrieren Nachhaltigkeit in jede Phase unseres One-Stop-Shop-Modells:<\/h3>\n<ul>\n<li class=\"translation-block\"><a href=\"\/de\/konstruktionsabteilung\/\" target=\"_self\">Engineering<\/a> mit Fokus auf Optimierung<\/li>\n<li class=\"translation-block\"><a href=\"\/de\/hochprazisionsfertigung\/\" target=\"_self\">Pr\u00e4zisionsfertigung<\/a> mit minimalen Toleranzen<\/li>\n<li class=\"translation-block\"><a href=\"\/de\/qualitatskontrolle\/\" target=\"_self\">Qualit\u00e4tskontrolle<\/a> zur Reduzierung von Fehlerkosten<\/li>\n<li class=\"translation-block\"><a href=\"\/de\/formenwartung\/\" target=\"_self\">Wartung<\/a> zur Verl\u00e4ngerung der Lebensdauer<\/li>\n<\/ul>\n<\/div><\/div><\/div><\/div><\/div><div class=\"vc_col-sm-6 wpb_column vc_column_container\"><div class=\"vc_column-inner\"><div class=\"wpb_wrapper\"><div class=\"wpb_text_column\"><div class=\"wpb_wrapper\"><h3>Durch Prozessoptimierung reduzieren wir:<\/h3>\n<ul>\n<li>Abfall<\/li>\n<li>Energieverbrauch<\/li>\n<li>Nacharbeit<\/li>\n<li>Unn\u00f6tige Transportbewegungen<\/li>\n<\/ul>\n<\/div><\/div><\/div><\/div><\/div><\/div><div class=\"w-separator size_small\"><\/div><div class=\"w-image align_center\"><div class=\"w-image-h\"><img decoding=\"async\" width=\"800\" height=\"571\" src=\"https:\/\/www.tumag.be\/wp-content\/uploads\/2026\/02\/duurzaamheid-schema-DE.webp\" class=\"attachment-large size-large\" alt=\"Nachhaltigkeit in Produktionsprozessen. Bei Tumag in Turnhout ist Nachhaltigkeit ein wesentlicher Bestandteil unseres Produktionsprozesses.\" loading=\"lazy\" srcset=\"https:\/\/www.tumag.be\/wp-content\/uploads\/2026\/02\/duurzaamheid-schema-DE.webp 800w, https:\/\/www.tumag.be\/wp-content\/uploads\/2026\/02\/duurzaamheid-schema-DE-300x214.webp 300w, https:\/\/www.tumag.be\/wp-content\/uploads\/2026\/02\/duurzaamheid-schema-DE-18x12.webp 18w\" sizes=\"auto, (max-width: 800px) 100vw, 800px\" \/><\/div><\/div><div class=\"w-separator size_small\"><\/div><div class=\"g-cols wpb_row via_flex valign_top type_default stacking_default\"><div class=\"vc_col-sm-6 wpb_column vc_column_container\"><div class=\"vc_column-inner\"><div class=\"wpb_wrapper\"><div class=\"wpb_text_column us_custom_432d3f53\"><div class=\"wpb_wrapper\"><h2>Zukunftsorientierte und verantwortungsvolle Fertigung<\/h2>\n<p>Unsere Kunden erwarten h\u00f6chste Qualit\u00e4t und Zuverl\u00e4ssigkeit. Wir erg\u00e4nzen dies bewusst durch nachhaltige und energieeffiziente Produktion. Durch Investitionen in erneuerbare Energien, innovative Technologien sowie ein durchdachtes Rohstoff- und Wassermanagement bauen wir einen Produktionsprozess auf, der f\u00fcr die Zukunft ger\u00fcstet ist.<\/p>\n<p>F\u00fcr belgische und niederl\u00e4ndische Unternehmen bedeutet die Zusammenarbeit mit Tumag:<\/p>\n<p>\u2714 Eine nachhaltigere Lieferkette<\/p>\n<p>\u2714 Lokale Produktion innerhalb der Benelux-Region<\/p>\n<p>\u2714 Geringere Transportauswirkungen<\/p>\n<p>\u2714 Werkzeuge mit langer Lebensdauer<\/p>\n<p>\u2714 Zuverl\u00e4ssiger Partner f\u00fcr ESG-Ziele<\/p>\n<\/div><\/div><div class=\"wpb_text_column us_custom_5950004c\"><div class=\"wpb_wrapper\"><p><strong>Wir unterst\u00fctzen Unternehmen bei:<\/strong><\/p>\n<ul>\n<li><a href=\"\/de\/medizintechnik\/\">Healthcare<\/a><\/li>\n<li><a href=\"\/de\/luft-und-verteidigungsindustrie\/\">Luft- und Raumfahrt und Verteidigung<\/a><\/li>\n<li><a href=\"\/de\/high-tech-industrie\/\">Hightech-Industrie<\/a><\/li>\n<li><a href=\"\/de\/verpackungslosungen\/\">Verpackung<\/a><\/li>\n<\/ul>\n<\/div><\/div><\/div><\/div><\/div><div class=\"vc_col-sm-6 wpb_column vc_column_container\"><div class=\"vc_column-inner\"><div class=\"wpb_wrapper\"><div class=\"wpb_text_column\"><div class=\"wpb_wrapper\"><h2>Ein nachhaltiger Arbeitsplatz f\u00fcr Mitarbeitende<\/h2>\n<p>Nachhaltigkeit endet nicht bei Maschinen und Geb\u00e4uden. Wir investieren auch in eine energieeffiziente und angenehme Arbeitsumgebung. In unseren Produktionsr\u00e4umen verwenden wir LED-Beleuchtung, was den Energieverbrauch erheblich senkt und gleichzeitig f\u00fcr optimale Sichtbarkeit bei Pr\u00e4zisionsarbeiten sorgt.<\/p>\n<p>Wir bieten Ladem\u00f6glichkeiten f\u00fcr E-Bikes, um nachhaltige Mobilit\u00e4t zu f\u00f6rdern. So tragen wir zur Verringerung von Verkehrsaufkommen und CO\u2082-Emissionen bei und schaffen gleichzeitig einen modernen, zukunftsorientierten Arbeitsplatz.<\/p>\n<\/div><\/div><div class=\"w-separator size_small\"><\/div><div class=\"wpb_text_column\"><div class=\"wpb_wrapper\"><h2>Auf der Suche nach einem nachhaltigen langfristigen Partner im Formenbau?<\/h2>\n<p>Wir glauben nicht an kurzfristige L\u00f6sungen, sondern an nachhaltige Beziehungen.<\/p>\n<p>Durch Investitionen in Technologie, Infrastruktur und Fachkr\u00e4fte bauen wir nicht nur Formen \u2014 sondern auch langfristige Partnerschaften.<\/p>\n<\/div><\/div><div class=\"w-separator size_small\"><\/div><div class=\"w-btn-wrapper align_center\"><a class=\"w-btn us-btn-style_1\" href=\"\/de\/contact\/\"><span class=\"w-btn-label\">Besprechen Sie Ihr Projekt mit uns<\/span><\/a><\/div><\/div><\/div><\/div><\/div><div class=\"w-separator size_small\"><\/div><div class=\"w-image align_center\"><div class=\"w-image-h\"><img decoding=\"async\" width=\"1024\" height=\"509\" src=\"https:\/\/www.tumag.be\/wp-content\/uploads\/2026\/02\/duurzaamheid-zonnepanelen-1024x509.webp\" class=\"attachment-large size-large\" alt=\"Nachhaltige Energie: Das Dach der Fabrikhalle von Tumag ist vollst\u00e4ndig mit Solarmodulen bedeckt.\" loading=\"lazy\" srcset=\"https:\/\/www.tumag.be\/wp-content\/uploads\/2026\/02\/duurzaamheid-zonnepanelen-1024x509.webp 1024w, https:\/\/www.tumag.be\/wp-content\/uploads\/2026\/02\/duurzaamheid-zonnepanelen-300x149.webp 300w, https:\/\/www.tumag.be\/wp-content\/uploads\/2026\/02\/duurzaamheid-zonnepanelen-18x9.webp 18w, https:\/\/www.tumag.be\/wp-content\/uploads\/2026\/02\/duurzaamheid-zonnepanelen.webp 1200w\" sizes=\"auto, (max-width: 1024px) 100vw, 1024px\" \/><\/div><\/div><div class=\"w-separator size_small\"><\/div><div class=\"wpb_text_column\"><div class=\"wpb_wrapper\"><h2>H\u00e4ufig gestellte Fragen (FAQ)<\/h2>\n<\/div><\/div><div  class=\"vc_do_toggle vc_toggle vc_toggle_default vc_toggle_color_default  vc_toggle_size_md\"><div class=\"vc_toggle_title\"><h3 style=\"text-align: left\" class=\"vc_custom_heading vc_do_custom_heading us_custom_cda6f729\" >Was macht eine Spritzgie\u00dfform von Tumag nachhaltig?<\/h3><i class=\"vc_toggle_icon\"><\/i><\/div><div class=\"vc_toggle_content\"><p>Nachhaltigkeit im Formenbau liegt in erster Linie in der Qualit\u00e4t und Lebensdauer des Werkzeugs. Durch pr\u00e4zise CNC-Bearbeitungen, hochwertige Stahlsorten und eine optimale Wartung der Formen garantieren wir eine extrem lange Lebensdauer. Dies reduziert nicht nur den Ersatzbedarf, sondern sorgt auch f\u00fcr stabilere Prozesse mit deutlich weniger Materialverlust und Abfall in Ihrer eigenen Produktion.<\/p>\n<\/div><\/div><div  class=\"vc_do_toggle vc_toggle vc_toggle_default vc_toggle_color_default  vc_toggle_size_md\"><div class=\"vc_toggle_title\"><h3 style=\"text-align: left\" class=\"vc_custom_heading vc_do_custom_heading us_custom_cda6f729\" >Wie reduziert Tumag die CO\u2082-Emissionen w\u00e4hrend der Pr\u00e4zisionsfertigung?<\/h3><i class=\"vc_toggle_icon\"><\/i><\/div><div class=\"vc_toggle_content\"><p>Wir produzieren in einer \u00e4u\u00dferst energieeffizienten Anlage in Turnhout, vollst\u00e4ndig ohne Gasanschluss. Die Energie f\u00fcr unseren hochwertigen Maschinenpark wird zu einem gro\u00dfen Teil lokal \u00fcber eine Photovoltaikanlage mit fast 600 Solarmodulen erzeugt. Dar\u00fcber hinaus wird unsere klimatisierte Produktionsumgebung nachhaltig \u00fcber W\u00e4rmepumpen und ein eigenes BEO-Feld (Bohrloch-Energiespeicher) beheizt und gek\u00fchlt.<\/p>\n<\/div><\/div><div  class=\"vc_do_toggle vc_toggle vc_toggle_default vc_toggle_color_default  vc_toggle_size_md\"><div class=\"vc_toggle_title\"><h3 style=\"text-align: left\" class=\"vc_custom_heading vc_do_custom_heading us_custom_cda6f729\" >Warum ist lokaler Formenbau in der Benelux-Region eine nachhaltige Entscheidung?<\/h3><i class=\"vc_toggle_icon\"><\/i><\/div><div class=\"vc_toggle_content\"><p>Durch die Wahl eines Tooling-Partners in Ihrer N\u00e4he verkleinern Sie direkt den \u00f6kologischen Fu\u00dfabdruck Ihrer Lieferkette (Scope-3-Emissionen). Eine lokale Produktion in Belgien vermeidet unn\u00f6tige und umweltsch\u00e4dliche interkontinentale Transportwege. Zudem profitieren Sie von k\u00fcrzeren Lieferzeiten, schnellerer Kommunikation und der Sicherheit, dass unter strengen europ\u00e4ischen Umwelt- und Arbeitsgesetzen produziert wird.<\/p>\n<\/div><\/div><div  class=\"vc_do_toggle vc_toggle vc_toggle_default vc_toggle_color_default  vc_toggle_size_md\"><div class=\"vc_toggle_title\"><h3 style=\"text-align: left\" class=\"vc_custom_heading vc_do_custom_heading us_custom_cda6f729\" >Wird Nachhaltigkeit auch in der Engineeringphase ber\u00fccksichtigt?<\/h3><i class=\"vc_toggle_icon\"><\/i><\/div><div class=\"vc_toggle_content\"><p>Absolut. Die Grundlage f\u00fcr einen nachhaltigen Produktionsprozess wird bereits in der Engineeringphase gelegt. Durch Co-Engineering und Design for Manufacturing (DFM) konzipieren wir Formen und feinmechanische Komponenten so, dass der Rohstoffeinsatz optimiert wird. Zudem beraten wir proaktiv bei der Materialauswahl und beim Einsatz effizienter Konzepte wie Flex Moulds.<\/p>\n<\/div><\/div><\/div><\/div><\/div><\/div><\/div><\/section>","protected":false},"excerpt":{"rendered":"Duurzame matrijzenbouw en energie-effici\u00ebnte precisieproductie Waarom kiezen voor een groene supply chain? Bij Tumag is duurzaamheid geen marketingterm, maar een strategische keuze. Wij investeren bewust in duurzame matrijzenbouw, energie-effici\u00ebnte productie en tooling met een lange levensduur. Zo ondersteunen wij Belgische en Nederlandse industri\u00eble bedrijven die hun supply chain willen verduurzamen zonder in te boeten op...","protected":false},"author":4,"featured_media":0,"parent":0,"menu_order":1,"comment_status":"closed","ping_status":"closed","template":"","meta":{"_seopress_robots_primary_cat":"","_seopress_titles_title":"Duurzame matrijzenbouw in Belgi\u00eb & Nederland | Tumag","_seopress_titles_desc":"Energie-effici\u00ebnte productie van high-end tooling en fijnmechanische onderdelen. Duurzame partner voor industrie in BE en NL.","_seopress_robots_index":"","footnotes":""},"class_list":["post-2145","page","type-page","status-publish","hentry"],"_links":{"self":[{"href":"https:\/\/www.tumag.be\/de\/wp-json\/wp\/v2\/pages\/2145","targetHints":{"allow":["GET"]}}],"collection":[{"href":"https:\/\/www.tumag.be\/de\/wp-json\/wp\/v2\/pages"}],"about":[{"href":"https:\/\/www.tumag.be\/de\/wp-json\/wp\/v2\/types\/page"}],"author":[{"embeddable":true,"href":"https:\/\/www.tumag.be\/de\/wp-json\/wp\/v2\/users\/4"}],"replies":[{"embeddable":true,"href":"https:\/\/www.tumag.be\/de\/wp-json\/wp\/v2\/comments?post=2145"}],"version-history":[{"count":0,"href":"https:\/\/www.tumag.be\/de\/wp-json\/wp\/v2\/pages\/2145\/revisions"}],"wp:attachment":[{"href":"https:\/\/www.tumag.be\/de\/wp-json\/wp\/v2\/media?parent=2145"}],"curies":[{"name":"wp","href":"https:\/\/api.w.org\/{rel}","templated":true}]}}