{"id":24,"date":"2022-04-04T09:19:52","date_gmt":"2022-04-04T09:19:52","guid":{"rendered":"https:\/\/tumag.questo.nl\/?page_id=24"},"modified":"2024-12-05T08:12:34","modified_gmt":"2024-12-05T08:12:34","slug":"hochprazisionsfertigung","status":"publish","type":"page","link":"https:\/\/www.tumag.be\/de\/hoge-precisie-productie\/","title":{"rendered":"Hochpr\u00e4zisions fertigung"},"content":{"rendered":"<section class=\"l-section wpb_row us_custom_f3e576ba has_text_color height_medium\"><div class=\"l-section-overlay\" style=\"background:rgba(3,46,85,0.40)\"><\/div><div class=\"l-section-h i-cf\"><div class=\"g-cols vc_row via_flex valign_middle type_default stacking_default\"><div class=\"vc_col-sm-12 wpb_column vc_column_container\"><div class=\"vc_column-inner\"><div class=\"wpb_wrapper\"><div class=\"w-separator size_custom\" style=\"height:150px\" id=\"yb1c\"><style>@media(max-width:1599px){ #yb1c{height:100px!important}}@media(max-width:767px){ #yb1c{height:50px!important}}<\/style><\/div><div class=\"wpb_text_column us_custom_0207f80c small-headline-margin-bottom\"><div class=\"wpb_wrapper\"><p>Dienstleistungen<\/p>\n<\/div><\/div><div class=\"wpb_text_column\"><div class=\"wpb_wrapper\"><h1>Hochpr\u00e4zisions fertigung<\/h1>\n<\/div><\/div><div class=\"w-separator size_custom\" style=\"height:150px\" id=\"i061\"><style>@media(max-width:1599px){ #i061{height:100px!important}}@media(max-width:767px){ #i061{height:50px!important}}<\/style><\/div><\/div><\/div><\/div><\/div><\/div><\/section><section class=\"l-section wpb_row height_medium\"><div class=\"l-section-h i-cf\"><div class=\"g-cols vc_row via_flex valign_top type_default stacking_default\"><div class=\"vc_col-sm-12 wpb_column vc_column_container\"><div class=\"vc_column-inner\"><div class=\"wpb_wrapper\"><div class=\"w-btn-wrapper align_left\"><a class=\"w-btn us-btn-style_6 us_custom_8d5aa4e2\" href=\"\/de\/hochprazisionsfertigung\/zerspanen\/\"><span class=\"w-btn-label\">Zerspanen<\/span><\/a><\/div><div class=\"g-cols wpb_row via_flex valign_top type_default stacking_default\"><div class=\"vc_col-sm-3 wpb_column vc_column_container\"><div class=\"vc_column-inner\"><div class=\"wpb_wrapper\"><div class=\"w-image has_ratio align_none\"><a href=\"\/de\/hochprazisionsfertigung\/zerspanen\/tiefbohren\/\" aria-label=\"Langgatboren_hoge_precisie_production-500x500px\" class=\"w-image-h\"><div style=\"padding-bottom:100%\"><\/div><img decoding=\"async\" width=\"500\" height=\"500\" src=\"https:\/\/www.tumag.be\/wp-content\/uploads\/2023\/02\/Langgatboren_hoge_precisie_production-500x500px.jpg\" class=\"attachment-full size-full\" alt=\"\" loading=\"lazy\" \/><\/a><\/div><div class=\"w-separator size_small\"><\/div><h2 class=\"w-text us_custom_ab4e77da\"><a href=\"\/de\/hochprazisionsfertigung\/zerspanen\/tiefbohren\/\" class=\"w-text-h\"><span class=\"w-text-value\">TIEFBOHREN<\/span><\/a><\/h2><\/div><\/div><\/div><div class=\"vc_col-sm-3 wpb_column vc_column_container\"><div class=\"vc_column-inner\"><div class=\"wpb_wrapper\"><div class=\"w-image has_ratio align_none\"><a href=\"\/de\/hochprazisionsfertigung\/zerspanen\/cnc-drehen\/\" aria-label=\"CNC_DRAAIEN_500x500px\" class=\"w-image-h\"><div style=\"padding-bottom:100%\"><\/div><img decoding=\"async\" width=\"500\" height=\"500\" src=\"https:\/\/www.tumag.be\/wp-content\/uploads\/2023\/02\/CNC_DRAAIEN_500x500px.jpg\" class=\"attachment-full size-full\" alt=\"\" loading=\"lazy\" \/><\/a><\/div><div class=\"w-separator size_small\"><\/div><h2 class=\"w-text us_custom_ab4e77da\"><a href=\"\/de\/hochprazisionsfertigung\/zerspanen\/cnc-drehen\/\" class=\"w-text-h\"><span class=\"w-text-value\">CNC-DREHEN<\/span><\/a><\/h2><\/div><\/div><\/div><div class=\"vc_col-sm-3 wpb_column vc_column_container\"><div class=\"vc_column-inner\"><div class=\"wpb_wrapper\"><div class=\"w-image has_ratio align_none\"><a href=\"\/de\/hochprazisionsfertigung\/zerspanen\/cnc-frasen\/\" aria-label=\"CNC_FREZEN_500x500px\" class=\"w-image-h\"><div style=\"padding-bottom:100%\"><\/div><img decoding=\"async\" width=\"500\" height=\"500\" src=\"https:\/\/www.tumag.be\/wp-content\/uploads\/2023\/02\/CNC_FREZEN_500x500px.jpg\" class=\"attachment-full size-full\" alt=\"\" loading=\"lazy\" \/><\/a><\/div><div class=\"w-separator size_small\"><\/div><h2 class=\"w-text us_custom_ab4e77da\"><a href=\"\/de\/hochprazisionsfertigung\/zerspanen\/cnc-frasen\/\" class=\"w-text-h\"><span class=\"w-text-value\">CNC-FR\u00c4SEN<\/span><\/a><\/h2><\/div><\/div><\/div><div class=\"vc_col-sm-3 wpb_column vc_column_container\"><div class=\"vc_column-inner\"><div class=\"wpb_wrapper\"><div class=\"w-image has_ratio align_none\"><a href=\"\/de\/hochprazisionsfertigung\/zerspanen\/hs-frasen\/\" aria-label=\"HSM_FREZEN_500x500px\" class=\"w-image-h\"><div style=\"padding-bottom:100%\"><\/div><img decoding=\"async\" width=\"500\" height=\"500\" src=\"https:\/\/www.tumag.be\/wp-content\/uploads\/2023\/02\/HSM_FREZEN_500x500px.jpg\" class=\"attachment-full size-full\" alt=\"\" loading=\"lazy\" \/><\/a><\/div><div class=\"w-separator size_small\"><\/div><h2 class=\"w-text us_custom_ab4e77da\"><a href=\"\/de\/hochprazisionsfertigung\/zerspanen\/hs-frasen\/\" class=\"w-text-h\"><span class=\"w-text-value\">HIGH-SPEED-FR\u00c4SEN<\/span><\/a><\/h2><\/div><\/div><\/div><\/div><div class=\"w-separator size_medium\"><\/div><div class=\"w-btn-wrapper align_left\"><a class=\"w-btn us-btn-style_6 us_custom_8d5aa4e2\" href=\"\/de\/hochprazisionsfertigung\/funkenerodieren\/\"><span class=\"w-btn-label\">Funkenerodieren<\/span><\/a><\/div><div class=\"g-cols wpb_row via_flex valign_top type_default stacking_default\"><div class=\"vc_col-sm-3 wpb_column vc_column_container\"><div class=\"vc_column-inner\"><div class=\"wpb_wrapper\"><div class=\"w-image has_ratio align_none\"><a href=\"\/de\/hochprazisionsfertigung\/funkenerodieren\/funkenerodierbohren\/\" aria-label=\"VONKBOREN_500x500px\" class=\"w-image-h\"><div style=\"padding-bottom:100%\"><\/div><img decoding=\"async\" width=\"500\" height=\"500\" src=\"https:\/\/www.tumag.be\/wp-content\/uploads\/2023\/02\/VONKBOREN_500x500px.jpg\" class=\"attachment-full size-full\" alt=\"\" loading=\"lazy\" \/><\/a><\/div><div class=\"w-separator size_small\"><\/div><h2 class=\"w-text us_custom_ab4e77da\"><a href=\"\/de\/hochprazisionsfertigung\/funkenerodieren\/funkenerodierbohren\/\" class=\"w-text-h\"><span class=\"w-text-value\">FUNKENERODIERBOHREN<\/span><\/a><\/h2><\/div><\/div><\/div><div class=\"vc_col-sm-3 wpb_column vc_column_container\"><div class=\"vc_column-inner\"><div class=\"wpb_wrapper\"><div class=\"w-image has_ratio align_none\"><a href=\"\/de\/hochprazisionsfertigung\/funkenerodieren\/drahterodieren\/\" aria-label=\"DRAADVONKEN_500x500px\" class=\"w-image-h\"><div style=\"padding-bottom:100%\"><\/div><img decoding=\"async\" width=\"500\" height=\"500\" src=\"https:\/\/www.tumag.be\/wp-content\/uploads\/2023\/02\/DRAADVONKEN_500x500px.jpg\" class=\"attachment-full size-full\" alt=\"\" loading=\"lazy\" \/><\/a><\/div><div class=\"w-separator size_small\"><\/div><h2 class=\"w-text us_custom_ab4e77da\"><a href=\"\/de\/hochprazisionsfertigung\/funkenerodieren\/drahterodieren\/\" class=\"w-text-h\"><span class=\"w-text-value\">DRAHTERODIEREN<\/span><\/a><\/h2><\/div><\/div><\/div><div class=\"vc_col-sm-3 wpb_column vc_column_container\"><div class=\"vc_column-inner\"><div class=\"wpb_wrapper\"><div class=\"w-image has_ratio align_none\"><a href=\"\/de\/hochprazisionsfertigung\/funkenerodieren\/senkerodieren\/\" aria-label=\"ZINKVONKEN_500x500px\" class=\"w-image-h\"><div style=\"padding-bottom:100%\"><\/div><img decoding=\"async\" width=\"500\" height=\"500\" src=\"https:\/\/www.tumag.be\/wp-content\/uploads\/2023\/02\/ZINKVONKEN_500x500px.jpg\" class=\"attachment-full size-full\" alt=\"\" loading=\"lazy\" \/><\/a><\/div><div class=\"w-separator size_small\"><\/div><h2 class=\"w-text us_custom_ab4e77da\"><a href=\"\/de\/hochprazisionsfertigung\/funkenerodieren\/senkerodieren\/\" class=\"w-text-h\"><span class=\"w-text-value\">SENKERODIEREN<\/span><\/a><\/h2><\/div><\/div><\/div><div class=\"vc_col-sm-3 wpb_column vc_column_container\"><div class=\"vc_column-inner\"><div class=\"wpb_wrapper\"><div class=\"w-image has_ratio align_none\"><a href=\"\/de\/hochprazisionsfertigung\/funkenerodieren\/senkerodier-elektroden\/\" aria-label=\"ELECTRODES_500X500px\" class=\"w-image-h\"><div style=\"padding-bottom:100%\"><\/div><img decoding=\"async\" width=\"500\" height=\"500\" src=\"https:\/\/www.tumag.be\/wp-content\/uploads\/2023\/02\/ELECTRODES_500X500px.jpg\" class=\"attachment-full size-full\" alt=\"\" loading=\"lazy\" \/><\/a><\/div><div class=\"w-separator size_small\"><\/div><h2 class=\"w-text us_custom_ab4e77da\"><a href=\"\/de\/hochprazisionsfertigung\/funkenerodieren\/senkerodier-elektroden\/\" class=\"w-text-h\"><span class=\"w-text-value\">ELEKTRODEN<\/span><\/a><\/h2><\/div><\/div><\/div><div class=\"vc_col-sm-12 wpb_column vc_column_container\"><div class=\"vc_column-inner\"><div class=\"wpb_wrapper\"><\/div><\/div><\/div><\/div><div class=\"w-separator size_medium\"><\/div><div class=\"w-btn-wrapper align_left\"><a class=\"w-btn us-btn-style_6 us_custom_8d5aa4e2\" href=\"\/de\/hochprazisionsfertigung\/schleifen\/\"><span class=\"w-btn-label\">Schleifen<\/span><\/a><\/div><div class=\"g-cols wpb_row via_flex valign_top type_default stacking_default\"><div class=\"vc_col-sm-3 wpb_column vc_column_container\"><div class=\"vc_column-inner\"><div class=\"wpb_wrapper\"><div class=\"w-image has_ratio align_none\"><a href=\"\/de\/hochprazisionsfertigung\/schleifen\/flachschleifen\/\" aria-label=\"PROFIELSLIJPEN_500x500px\" class=\"w-image-h\"><div style=\"padding-bottom:100%\"><\/div><img decoding=\"async\" width=\"500\" height=\"500\" src=\"https:\/\/www.tumag.be\/wp-content\/uploads\/2023\/02\/PROFIELSLIJPEN_500x500px.jpg\" class=\"attachment-full size-full\" alt=\"\" loading=\"lazy\" \/><\/a><\/div><div class=\"w-separator size_small\"><\/div><h2 class=\"w-text us_custom_ab4e77da\"><a href=\"\/de\/hochprazisionsfertigung\/schleifen\/flachschleifen\/\" class=\"w-text-h\"><span class=\"w-text-value\">FLACHSCHLEIFEN<\/span><\/a><\/h2><\/div><\/div><\/div><div class=\"vc_col-sm-3 wpb_column vc_column_container\"><div class=\"vc_column-inner\"><div class=\"wpb_wrapper\"><div class=\"w-image has_ratio align_none\"><a href=\"\/de\/hochprazisionsfertigung\/schleifen\/profilschleifen\/\" aria-label=\"PROFIELSLIJPEN_500x500px\" class=\"w-image-h\"><div style=\"padding-bottom:100%\"><\/div><img decoding=\"async\" width=\"500\" height=\"500\" src=\"https:\/\/www.tumag.be\/wp-content\/uploads\/2023\/02\/PROFIELSLIJPEN_500x500px.jpg\" class=\"attachment-full size-full\" alt=\"\" loading=\"lazy\" \/><\/a><\/div><div class=\"w-separator size_small\"><\/div><h2 class=\"w-text us_custom_ab4e77da\"><a href=\"\/de\/hochprazisionsfertigung\/schleifen\/profilschleifen\/\" class=\"w-text-h\"><span class=\"w-text-value\">PROFILSCHLEIFEN<\/span><\/a><\/h2><\/div><\/div><\/div><div class=\"vc_col-sm-3 wpb_column vc_column_container\"><div class=\"vc_column-inner\"><div class=\"wpb_wrapper\"><div class=\"w-image has_ratio align_none\"><a href=\"\/de\/hochprazisionsfertigung\/schleifen\/koordinatenschleifen\/\" aria-label=\"CO-SLIJPEN_500x500px\" class=\"w-image-h\"><div style=\"padding-bottom:100%\"><\/div><img decoding=\"async\" width=\"500\" height=\"500\" src=\"https:\/\/www.tumag.be\/wp-content\/uploads\/2023\/02\/CO-SLIJPEN_500x500px.jpg\" class=\"attachment-full size-full\" alt=\"\" loading=\"lazy\" \/><\/a><\/div><div class=\"w-separator size_small\"><\/div><h2 class=\"w-text us_custom_ab4e77da\"><a href=\"\/de\/hochprazisionsfertigung\/schleifen\/koordinatenschleifen\/\" class=\"w-text-h\"><span class=\"w-text-value\">KO-SCHLEIFEN<\/span><\/a><\/h2><\/div><\/div><\/div><div class=\"vc_col-sm-3 wpb_column vc_column_container\"><div class=\"vc_column-inner\"><div class=\"wpb_wrapper\"><div class=\"w-image has_ratio align_none\"><a href=\"\/de\/hochprazisionsfertigung\/schleifen\/rundschleifen\/\" aria-label=\"RONDSLIJPEN_500x500px\" class=\"w-image-h\"><div style=\"padding-bottom:100%\"><\/div><img decoding=\"async\" width=\"500\" height=\"500\" src=\"https:\/\/www.tumag.be\/wp-content\/uploads\/2023\/02\/RONDSLIJPEN_500x500px.jpg\" class=\"attachment-full size-full\" alt=\"\" loading=\"lazy\" \/><\/a><\/div><div class=\"w-separator size_small\"><\/div><h2 class=\"w-text us_custom_ab4e77da\"><a href=\"\/de\/hochprazisionsfertigung\/schleifen\/rundschleifen\/\" class=\"w-text-h\"><span class=\"w-text-value\">RUNDSCHLEIFEN<\/span><\/a><\/h2><\/div><\/div><\/div><\/div><div class=\"w-separator size_medium\"><\/div><div class=\"w-btn-wrapper align_left\"><a class=\"w-btn us-btn-style_6 us_custom_8d5aa4e2\" href=\"\/de\/hochprazisionsfertigung\/feinmechanisches-handarbeiten\/\"><span class=\"w-btn-label\">Feinmechanisches Handarbeiten<\/span><\/a><\/div><div class=\"g-cols wpb_row via_flex valign_top type_default stacking_default\"><div class=\"vc_col-sm-3 wpb_column vc_column_container\"><div class=\"vc_column-inner\"><div class=\"wpb_wrapper\"><div class=\"w-image has_ratio align_none\"><a href=\"\/de\/hochprazisionsfertigung\/feinmechanisches-handarbeiten\/montage\/\" aria-label=\"MONTAGE_500x500px\" class=\"w-image-h\"><div style=\"padding-bottom:100%\"><\/div><img decoding=\"async\" width=\"500\" height=\"500\" src=\"https:\/\/www.tumag.be\/wp-content\/uploads\/2023\/02\/MONTAGE_500x500px.jpg\" class=\"attachment-full size-full\" alt=\"\" loading=\"lazy\" \/><\/a><\/div><div class=\"w-separator size_small\"><\/div><h2 class=\"w-text us_custom_ab4e77da\"><a href=\"\/de\/hochprazisionsfertigung\/feinmechanisches-handarbeiten\/montage\/\" class=\"w-text-h\"><span class=\"w-text-value\">MONTAGE<\/span><\/a><\/h2><\/div><\/div><\/div><div class=\"vc_col-sm-3 wpb_column vc_column_container\"><div class=\"vc_column-inner\"><div class=\"wpb_wrapper\"><div class=\"w-image has_ratio align_none\"><a href=\"\/de\/hochprazisionsfertigung\/feinmechanisches-handarbeiten\/polieren\/\" aria-label=\"POLIJSTEN_500x500px\" class=\"w-image-h\"><div style=\"padding-bottom:100%\"><\/div><img decoding=\"async\" width=\"500\" height=\"500\" src=\"https:\/\/www.tumag.be\/wp-content\/uploads\/2023\/02\/POLIJSTEN_500x500px.jpg\" class=\"attachment-full size-full\" alt=\"\" loading=\"lazy\" \/><\/a><\/div><div class=\"w-separator size_small\"><\/div><h2 class=\"w-text us_custom_ab4e77da\"><a href=\"\/de\/hochprazisionsfertigung\/feinmechanisches-handarbeiten\/polieren\/\" class=\"w-text-h\"><span class=\"w-text-value\">POLIEREN<\/span><\/a><\/h2><\/div><\/div><\/div><div class=\"vc_col-sm-3 wpb_column vc_column_container\"><div class=\"vc_column-inner\"><div class=\"wpb_wrapper\"><div class=\"w-image has_ratio align_none\"><a href=\"\/de\/hochprazisionsfertigung\/feinmechanisches-handarbeiten\/laserloten\/\" aria-label=\"LASERLASSEN-_500x500px\" class=\"w-image-h\"><div style=\"padding-bottom:100%\"><\/div><img decoding=\"async\" width=\"500\" height=\"500\" src=\"https:\/\/www.tumag.be\/wp-content\/uploads\/2023\/02\/LASERLASSEN-_500x500px.jpg\" class=\"attachment-full size-full\" alt=\"\" loading=\"lazy\" \/><\/a><\/div><div class=\"w-separator size_small\"><\/div><h2 class=\"w-text us_custom_ab4e77da\"><a href=\"\/de\/hochprazisionsfertigung\/feinmechanisches-handarbeiten\/laserloten\/\" class=\"w-text-h\"><span class=\"w-text-value\">LASERL\u00d6TEN<\/span><\/a><\/h2><\/div><\/div><\/div><div class=\"vc_col-sm-3 wpb_column vc_column_container\"><div class=\"vc_column-inner\"><div class=\"wpb_wrapper\"><div class=\"w-image has_ratio align_none\"><a href=\"\/de\/hochprazisionsfertigung\/feinmechanisches-handarbeiten\/lasergravieren\/\" aria-label=\"LASERGRAVEREN_500x500px\" class=\"w-image-h\"><div style=\"padding-bottom:100%\"><\/div><img decoding=\"async\" width=\"500\" height=\"500\" src=\"https:\/\/www.tumag.be\/wp-content\/uploads\/2023\/02\/LASERGRAVEREN_500x500px.jpg\" class=\"attachment-full size-full\" alt=\"\" loading=\"lazy\" \/><\/a><\/div><div class=\"w-separator size_small\"><\/div><h2 class=\"w-text us_custom_ab4e77da\"><a href=\"\/de\/hochprazisionsfertigung\/feinmechanisches-handarbeiten\/lasergravieren\/\" class=\"w-text-h\"><span class=\"w-text-value\">LASERGRAVIEREN<\/span><\/a><\/h2><\/div><\/div><\/div><\/div><div class=\"w-separator size_medium\"><\/div><div class=\"w-btn-wrapper align_none\"><a class=\"w-btn us-btn-style_1\" href=\"\/de\/kontaktieren-sie-uns\/\"><span class=\"w-btn-label\">Fordern Sie hier Ihr Angebot an<\/span><\/a><\/div><div class=\"w-separator size_medium\"><\/div><section class=\"l-section wpb_row us_custom_09bf7cdd height_medium\"><div class=\"l-section-h i-cf\"><div class=\"g-cols vc_row via_flex valign_top type_default stacking_default\"><div class=\"vc_col-sm-12 wpb_column vc_column_container\"><div class=\"vc_column-inner\"><div class=\"wpb_wrapper\"><div class=\"wpb_text_column\"><div class=\"wpb_wrapper\"><h2>Dienstleistungen<\/h2>\n<\/div><\/div><div class=\"w-separator size_small\"><\/div><div class=\"g-cols wpb_row via_flex valign_top type_default stacking_default\"><div class=\"vc_col-sm-1\/5 wpb_column vc_column_container responsive-col-service\"><div class=\"vc_column-inner\"><div class=\"wpb_wrapper\"><div class=\"w-image us_custom_12711e67 align_none\"><a href=\"\/de\/konstruktionsabteilung\/\" aria-label=\"1_Ontwerp_icon\" class=\"w-image-h\"><img decoding=\"async\" width=\"150\" height=\"150\" src=\"https:\/\/www.tumag.be\/wp-content\/uploads\/2022\/05\/1_Ontwerp_icon.png\" class=\"attachment-full size-full\" alt=\"\" loading=\"lazy\" \/><\/a><\/div><div class=\"w-btn-wrapper align_none\"><a class=\"w-btn us-btn-style_2 us_custom_b4198c51\" title=\"Werkzeugentwicklung\" href=\"\/de\/konstruktionsabteilung\/\"><span class=\"w-btn-label\">Konstruktion<\/span><\/a><\/div><div class=\"w-separator size_small\"><\/div><div class=\"wpb_text_column\"><div class=\"wpb_wrapper\"><p>Mit einer eigenen Konstruktionsabteilung arbeiten wir eng mit der Designabteilung unserer Kunden zusammen, um die Herstellbarkeit des Produkts bereits in einem fr\u00fchen Stadium f\u00fcr den Spritzgussprozess zu optimieren\u2026<\/p>\n<\/div><\/div><div class=\"wpb_text_column\"><div class=\"wpb_wrapper\"><p><a href=\"\/de\/konstruktionsabteilung\/\">Mehr erfahren\u2026<\/a><\/p>\n<\/div><\/div><\/div><\/div><\/div><div class=\"vc_col-sm-1\/5 wpb_column vc_column_container responsive-col-service\"><div class=\"vc_column-inner\"><div class=\"wpb_wrapper\"><div class=\"w-image us_custom_12711e67 align_none\"><a href=\"\/de\/hochprazisionsfertigung\/\" aria-label=\"2_HogePrecisieProductie_icon\" class=\"w-image-h\"><img decoding=\"async\" width=\"150\" height=\"150\" src=\"https:\/\/www.tumag.be\/wp-content\/uploads\/2022\/05\/2_HogePrecisieProductie_icon.png\" class=\"attachment-full size-full\" alt=\"\" loading=\"lazy\" \/><\/a><\/div><div class=\"w-btn-wrapper align_none\"><a class=\"w-btn us-btn-style_2 us_custom_b4198c51\" title=\"Werkzeugentwicklung\" href=\"\/de\/hochprazisionsfertigung\/\"><span class=\"w-btn-label\">Hohe Pr\u00e4zision<\/span><\/a><\/div><div class=\"w-separator size_small\"><\/div><div class=\"wpb_text_column\"><div class=\"wpb_wrapper\"><p>In unserem klimatisierten Produktionsbereich haben wir alle feinmechanischen CNC-Bearbeitungen geb\u00fcndelt, um unsere High-Mix\/Low-Volume-Produktion effizient umzusetzen.<br \/>\nein Produktspektrum zu fertigen<\/p>\n<\/div><\/div><div class=\"wpb_text_column\"><div class=\"wpb_wrapper\"><p><a href=\"\/de\/hochprazisionsfertigung\/\">Mehr erfahren\u2026<\/a><\/p>\n<\/div><\/div><\/div><\/div><\/div><div class=\"vc_col-sm-1\/5 wpb_column vc_column_container responsive-col-service\"><div class=\"vc_column-inner\"><div class=\"wpb_wrapper\"><div class=\"w-image us_custom_12711e67 align_none\"><a href=\"\/de\/qualitatskontrolle\/\" aria-label=\"kc\" class=\"w-image-h\"><img decoding=\"async\" width=\"512\" height=\"512\" src=\"https:\/\/www.tumag.be\/wp-content\/uploads\/2024\/12\/kc.png\" class=\"attachment-full size-full\" alt=\"\" loading=\"lazy\" srcset=\"https:\/\/www.tumag.be\/wp-content\/uploads\/2024\/12\/kc.png 512w, https:\/\/www.tumag.be\/wp-content\/uploads\/2024\/12\/kc-300x300.png 300w, https:\/\/www.tumag.be\/wp-content\/uploads\/2024\/12\/kc-150x150.png 150w, https:\/\/www.tumag.be\/wp-content\/uploads\/2024\/12\/kc-12x12.png 12w, https:\/\/www.tumag.be\/wp-content\/uploads\/2024\/12\/kc-400x400.png 400w\" sizes=\"auto, (max-width: 512px) 100vw, 512px\" \/><\/a><\/div><div class=\"w-btn-wrapper align_none\"><a class=\"w-btn us-btn-style_2 us_custom_b4198c51\" title=\"Werkzeugentwicklung\" href=\"\/de\/qualitatskontrolle\/\"><span class=\"w-btn-label\">Qualit\u00e4tskontrolle<\/span><\/a><\/div><div class=\"w-separator size_small\"><\/div><div class=\"wpb_text_column\"><div class=\"wpb_wrapper\"><p>Alle unsere Produkte werden stetig besser und pr\u00e4ziser gefertigt, wodurch auch die Anforderungen an unsere Messinstrumente kontinuierlich steigen. W\u00e4hrend der Produktion von Pr\u00e4zisionsteilen ist es\u2026<\/p>\n<\/div><\/div><div class=\"wpb_text_column\"><div class=\"wpb_wrapper\"><p><a href=\"\/de\/qualitatskontrolle\/\">Mehr erfahren\u2026<\/a><\/p>\n<\/div><\/div><\/div><\/div><\/div><div class=\"vc_col-sm-1\/5 wpb_column vc_column_container responsive-col-service\"><div class=\"vc_column-inner\"><div class=\"wpb_wrapper\"><div class=\"w-image us_custom_12711e67 align_none\"><a href=\"\/de\/spritzguss\/\" aria-label=\"spuitgieten3\" class=\"w-image-h\"><img decoding=\"async\" width=\"150\" height=\"150\" src=\"https:\/\/www.tumag.be\/wp-content\/uploads\/2024\/05\/spuitgieten3.png\" class=\"attachment-full size-full\" alt=\"\" loading=\"lazy\" \/><\/a><\/div><div class=\"w-btn-wrapper align_none\"><a class=\"w-btn us-btn-style_2 us_custom_b4198c51\" title=\"Werkzeugentwicklung\" href=\"\/de\/spritzguss\/\"><span class=\"w-btn-label\">Spritzguss<\/span><\/a><\/div><div class=\"w-separator size_small\"><\/div><div class=\"wpb_text_column\"><div class=\"wpb_wrapper\"><p>Wir stellen unseren Kunden auch unser Spritzguss-Know-how zur Verf\u00fcgung. Mit unseren Spritzgussmaschinen, die urspr\u00fcnglich f\u00fcr die Optimierung, Validierung und das Testen von Formen vorgesehen sind\u2026<\/p>\n<\/div><\/div><div class=\"wpb_text_column\"><div class=\"wpb_wrapper\"><p><a href=\"\/de\/spritzguss\/\">Mehr erfahren\u2026<\/a><\/p>\n<\/div><\/div><\/div><\/div><\/div><div class=\"vc_col-sm-1\/5 wpb_column vc_column_container responsive-col-service\"><div class=\"vc_column-inner\"><div class=\"wpb_wrapper\"><div class=\"w-image us_custom_12711e67 align_none\"><a href=\"\/de\/formenwartung\/\" aria-label=\"4_Nazorg, Onderhoud &amp; Herstellingen_icon\" class=\"w-image-h\"><img decoding=\"async\" width=\"150\" height=\"150\" src=\"https:\/\/www.tumag.be\/wp-content\/uploads\/2022\/05\/4_Nazorg-Onderhoud-Herstellingen_icon.png\" class=\"attachment-full size-full\" alt=\"\" loading=\"lazy\" \/><\/a><\/div><div class=\"w-btn-wrapper align_none\"><a class=\"w-btn us-btn-style_2 us_custom_b4198c51\" title=\"Werkzeugentwicklung\" href=\"\/de\/formenwartung\/\"><span class=\"w-btn-label\">Formenwartung<\/span><\/a><\/div><div class=\"w-separator size_small\"><\/div><div class=\"wpb_text_column\"><div class=\"wpb_wrapper\"><p>Sowohl f\u00fcr die vorbeugende Wartung, komplette \u00dcberholungen als auch f\u00fcr die \u00c4nderung bestehender Formen oder Formeins\u00e4tze sind Sie bei Tumag an der richtigen Adresse. Besch\u00e4digte Bauteile k\u00f6nnen wir f\u00fcr Sie instand setzen.<\/p>\n<\/div><\/div><div class=\"wpb_text_column\"><div class=\"wpb_wrapper\"><p><a href=\"\/de\/formenwartung\/\">Mehr erfahren\u2026<\/a><\/p>\n<\/div><\/div><\/div><\/div><\/div><\/div><\/div><\/div><\/div><\/div><\/div><\/section>\n<\/div><\/div><\/div><\/div><\/div><\/section>","protected":false},"excerpt":{"rendered":"Diensten Hoge Precisie Productie VerspanenLANGGATBORENCNC DRAAIENCNC FREZENHSM FREZENVonkverspanenVONKBORENDRAADVONKENZINKVONKENELEKTRODESSlijpenVLAKSLIJPENPROFIELSLIJPENCO-SLIJPENRONDSLIJPENFijnmechanisch bankwerkenMONTAGEPOLIJSTENLASERLASSENLASERGRAVERENVraag hier uw offerteDiensten EngineeringMet een eigen engineeringafdeling wordt intensief samengewerkt met de designafdeling van onze klanten om de maakbaarheid van het product in een vroeg stadium te optimaliseren voor spuitgieten&#8230; Lees meer&#8230; Hoge PrecisieIn onze geklimatiseerde productieruimte, hebben we alle fijnmechanische CNC bewerkingen ondergebracht om onze...","protected":false},"author":3,"featured_media":0,"parent":0,"menu_order":0,"comment_status":"closed","ping_status":"closed","template":"","meta":{"_seopress_robots_primary_cat":"","_seopress_titles_title":"Hoge precisie productie - Tumag","_seopress_titles_desc":"Voor het produceren van hoge precisie onderdelen bent u bij Tumag aan het juiste adres.","_seopress_robots_index":"","footnotes":""},"class_list":["post-24","page","type-page","status-publish","hentry"],"_links":{"self":[{"href":"https:\/\/www.tumag.be\/de\/wp-json\/wp\/v2\/pages\/24","targetHints":{"allow":["GET"]}}],"collection":[{"href":"https:\/\/www.tumag.be\/de\/wp-json\/wp\/v2\/pages"}],"about":[{"href":"https:\/\/www.tumag.be\/de\/wp-json\/wp\/v2\/types\/page"}],"author":[{"embeddable":true,"href":"https:\/\/www.tumag.be\/de\/wp-json\/wp\/v2\/users\/3"}],"replies":[{"embeddable":true,"href":"https:\/\/www.tumag.be\/de\/wp-json\/wp\/v2\/comments?post=24"}],"version-history":[{"count":0,"href":"https:\/\/www.tumag.be\/de\/wp-json\/wp\/v2\/pages\/24\/revisions"}],"wp:attachment":[{"href":"https:\/\/www.tumag.be\/de\/wp-json\/wp\/v2\/media?parent=24"}],"curies":[{"name":"wp","href":"https:\/\/api.w.org\/{rel}","templated":true}]}}