{"id":35,"date":"2022-04-04T09:23:07","date_gmt":"2022-04-04T09:23:07","guid":{"rendered":"https:\/\/tumag.questo.nl\/?page_id=35"},"modified":"2026-02-19T08:34:45","modified_gmt":"2026-02-19T08:34:45","slug":"medizintechnik","status":"publish","type":"page","link":"https:\/\/www.tumag.be\/de\/healthcare\/","title":{"rendered":"Healthcare"},"content":{"rendered":"<section class=\"l-section wpb_row us_custom_f4bbdd96 has_text_color height_medium\"><div class=\"l-section-overlay\" style=\"background:rgba(3,46,85,0.40)\"><\/div><div class=\"l-section-h i-cf\"><div class=\"g-cols vc_row via_flex valign_middle type_default stacking_default\"><div class=\"vc_col-sm-12 wpb_column vc_column_container\"><div class=\"vc_column-inner\"><div class=\"wpb_wrapper\"><div class=\"w-separator size_custom\" style=\"height:150px\" id=\"uc9a\"><style>@media(max-width:1599px){ #uc9a{height:100px!important}}@media(max-width:767px){ #uc9a{height:50px!important}}<\/style><\/div><div class=\"wpb_text_column us_custom_0207f80c small-headline-margin-bottom\"><div class=\"wpb_wrapper\"><p>M\u00e4rkte<\/p>\n<\/div><\/div><div class=\"wpb_text_column\"><div class=\"wpb_wrapper\"><h1>Medizin- und Pharmaindustrie<\/h1>\n<\/div><\/div><div class=\"w-separator size_custom\" style=\"height:150px\" id=\"y30a\"><style>@media(max-width:1599px){ #y30a{height:100px!important}}@media(max-width:767px){ #y30a{height:50px!important}}<\/style><\/div><\/div><\/div><\/div><\/div><\/div><\/section><section class=\"l-section wpb_row height_auto\"><div class=\"l-section-h i-cf\"><div class=\"g-cols vc_row via_flex valign_top type_default stacking_default\"><div class=\"vc_col-sm-6 wpb_column vc_column_container\"><div class=\"vc_column-inner us_custom_9a1c5b2d\"><div class=\"wpb_wrapper\"><div class=\"w-separator size_large\"><\/div><div class=\"wpb_text_column\"><div class=\"wpb_wrapper\"><h2>Pr\u00e4zision nach medizinischen Standards<\/h2>\n<p>In der medizinischen und pharmazeutischen Industrie dreht sich alles um Zuverl\u00e4ssigkeit, R\u00fcckverfolgbarkeit und hochpr\u00e4zise Fertigung. Tumag baut seit vielen Jahren hochwertige Werkzeuge und feinmechanische Komponenten f\u00fcr Anwendungen, bei denen die Toleranzen minimal und die Anforderungen au\u00dfergew\u00f6hnlich hoch sind. Unsere Expertise im Werkzeugbau, in der Formenherstellung und in der Hochpr\u00e4zisionsbearbeitung macht uns zu einem zuverl\u00e4ssigen Partner \u2014 sowohl in fr\u00fchen F&amp;E-Phasen als auch in stabilen Serienproduktionen, die absolute Konsistenz verlangen.<\/p>\n<p>Dabei ber\u00fccksichtigen wir die strengen Anforderungen dieser Branche, wie Materialkompatibilit\u00e4t in medizinischen und pharmazeutischen Umgebungen, Reinigbarkeit, Verschlei\u00dffestigkeit sowie die Notwendigkeit vollst\u00e4ndiger Dokumentation und umfassender R\u00fcckverfolgbarkeit. Unsere Kunden k\u00f6nnen sich auf Prozesse verlassen, die auf die Einhaltung g\u00e4ngiger medizinischer Normen und Validierungsvorgaben ausgelegt sind.<\/p>\n<h2>Vom Produktdesign zum optimierten Produktionswerkzeug<\/h2>\n<p>Wir steigen gerne fr\u00fch in den Entwicklungsprozess ein. Gemeinsam mit Designern und Ingenieuren analysieren wir die Machbarkeit kritischer Funktionen und beraten hinsichtlich Materialwahl, Wandst\u00e4rken, Entformbarkeit, Toleranzen, mechanischer Belastung und Funktionsintegration. Darauf aufbauend entwickeln wir Werkzeugkonzepte, die eine effiziente Fertigung und hohe Reproduzierbarkeit gew\u00e4hrleisten.<\/p>\n<p>Wird die Geometrie komplex oder m\u00fcssen Produkte strenge Anforderungen an Dichtheit, Dosierung oder Bewegungsfunktionen erf\u00fcllen, \u00fcbersetzen wir die Konstruktionsvorgaben in zuverl\u00e4ssige Werkzeuge \u2014 von Einzelkavit\u00e4ten bis hin zu komplexen Multi-Cavity-Systemen. Dabei achten wir auf optimale K\u00fchlung, Verschlei\u00dfverhalten, Auswerfstrategien und Stabilit\u00e4t, um lange Produktionszyklen mit minimalen Stillstandszeiten sicherzustellen.<\/p>\n<h2>Werkzeuge f\u00fcr medizinische Kunststoffe und kritische Komponenten<\/h2>\n<p>Tumag entwickelt Werkzeuge f\u00fcr ein breites Spektrum medizinischer und pharmazeutischer Anwendungen: Dosiersysteme, Verschlussmechanismen, Schutzkappen, Test- und Analysewerkzeuge, Mikrobauteile sowie Produkte aus \u201emedical-grade\u201c Kunststoffen. Diese Materialien \u2014 etwa PC, PP, PEEK oder medizinisch zertifizierte TPE \u2014 erfordern eine durchdachte Herangehensweise. Jedes besitzt sein eigenes Schwindverhalten, Flie\u00dfverhalten und spezifische Verarbeitungstemperaturen, die wir in unseren Werkzeugkonstruktionen ber\u00fccksichtigen.<\/p>\n<p>Unsere Erfahrung im Drahterodieren, Senkerodieren, Rund- und Profilschleifen, HSM-Fr\u00e4sen und weiteren feinmechanischen Techniken erm\u00f6glicht Werkzeuge mit der Form- und Ma\u00dfgenauigkeit, die Bauteile erfordern, die oft in direktem Kontakt mit der Patientensicherheit stehen. Dazu geh\u00f6ren einheitliche Dosier\u00f6ffnungen, Verschl\u00fcsse mit stets identischer Kraft oder Mikrostrukturen, die f\u00fcr diagnostische Systeme entscheidend sind.<\/p>\n<h2>Validierung, Optimierung und konstante Qualit\u00e4t<\/h2>\n<p>In medizinischen Anwendungen endet der Prozess nicht mit der Werkzeuglieferung. Wir unterst\u00fctzen unsere Kunden bei Validierungs- und Testphasen, Probespritzungen, Prozessoptimierung und der Festlegung von Zykluszeiten. Durch datengest\u00fctzte Prozessanpassungen streben wir maximale Stabilit\u00e4t, minimale Ausschussrate und volle Prozesskontrolle an.<\/p>\n<p>R\u00fcckverfolgbarkeit und Qualit\u00e4tssicherung stehen im Mittelpunkt: Messberichte, digitale Werkzeugdokumentation, regelm\u00e4\u00dfige Kontrollen und Wartungsplanung gew\u00e4hrleisten eine zuverl\u00e4ssige Funktion \u00fcber viele Jahre \u2014 selbst in 24\/7-Produktionsumgebungen.<\/p>\n<h2>Ein Partner, der mitdenkt und sich mitentwickelt<\/h2>\n<p>Kurz gesagt: In der medizinischen und pharmazeutischen Industrie entscheiden Sie sich mit Tumag f\u00fcr einen Partner, der denselben Pr\u00e4zisionsanspruch verfolgt wie die Branche selbst. Wir schaffen sichere, zuverl\u00e4ssige und reproduzierbare Produkte \u2014 heute und f\u00fcr die Innovationen von morgen.<\/p>\n<\/div><\/div><div class=\"w-separator size_large\"><\/div><\/div><\/div><\/div><div class=\"vc_col-sm-6 wpb_column vc_column_container\"><div class=\"vc_column-inner\"><div class=\"wpb_wrapper\"><div class=\"w-image us_custom_0749fce5 align_none\"><div class=\"w-image-h\"><img decoding=\"async\" width=\"800\" height=\"1000\" src=\"https:\/\/www.tumag.be\/wp-content\/uploads\/2022\/05\/Medical-technology-800x1000px.jpg\" class=\"attachment-full size-full\" alt=\"\" loading=\"lazy\" srcset=\"https:\/\/www.tumag.be\/wp-content\/uploads\/2022\/05\/Medical-technology-800x1000px.jpg 800w, https:\/\/www.tumag.be\/wp-content\/uploads\/2022\/05\/Medical-technology-800x1000px-240x300.jpg 240w\" sizes=\"auto, (max-width: 800px) 100vw, 800px\" \/><\/div><\/div><div class=\"w-separator size_medium\"><\/div><section class=\"l-section wpb_row us_custom_a695c73b height_medium\"><div class=\"l-section-h i-cf\"><div class=\"g-cols vc_row via_flex valign_top type_default stacking_default\"><div class=\"vc_col-sm-12 wpb_column vc_column_container\"><div class=\"vc_column-inner\"><div class=\"wpb_wrapper\"><div class=\"wpb_text_column\"><div class=\"wpb_wrapper\"><h5>Pr\u00e4zision f\u00fcr jeden Markt<\/h5>\n<\/div><\/div><div class=\"w-btn-wrapper align_left\"><a class=\"w-btn us-btn-style_2\" href=\"https:\/\/www.tumag.be\/de\/medizintechnik\/\"><span class=\"w-btn-label\">Healthcare<\/span><\/a><\/div><div class=\"w-separator size_custom\" style=\"height:5px\"><\/div><div class=\"w-btn-wrapper align_left\"><a class=\"w-btn us-btn-style_2\" href=\"\/de\/luft-und-verteidigungsindustrie\/\"><span class=\"w-btn-label\">Luft- und Verteidigungsindustrie<\/span><\/a><\/div><div class=\"w-separator size_custom\" style=\"height:5px\"><\/div><div class=\"w-btn-wrapper align_left\"><a class=\"w-btn us-btn-style_2\" href=\"https:\/\/www.tumag.be\/de\/high-tech-industrie\/\"><span class=\"w-btn-label\">High-tech<\/span><\/a><\/div><div class=\"w-separator size_custom\" style=\"height:5px\"><\/div><div class=\"w-btn-wrapper align_left\"><a class=\"w-btn us-btn-style_2\" href=\"https:\/\/www.tumag.be\/de\/verpackungslosungen\/\"><span class=\"w-btn-label\">Verpackungsl\u00f6sungen<\/span><\/a><\/div><\/div><\/div><\/div><\/div><\/div><\/section><section class=\"l-section wpb_row height_medium\"><div class=\"l-section-h i-cf\"><div class=\"g-cols vc_row via_flex valign_top type_default stacking_default\"><div class=\"vc_col-sm-12 wpb_column vc_column_container\"><div class=\"vc_column-inner\"><div class=\"wpb_wrapper\"><\/div><\/div><\/div><\/div><\/div><\/section>\n<\/div><\/div><\/div><div class=\"vc_col-sm-12 wpb_column vc_column_container\"><div class=\"vc_column-inner\"><div class=\"wpb_wrapper\"><div class=\"w-separator size_huge\"><\/div><\/div><\/div><\/div><\/div><\/div><\/section>","protected":false},"excerpt":{"rendered":"Markten Medical &amp; Pharmaceutical Precisie die voldoet aan medische normen In de medische en farmaceutische industrie draait alles om betrouwbaarheid, traceerbaarheid en uiterst nauwkeurige productie. Tumag bouwt al jaren hoogwaardige matrijzen en fijnmechanische componenten voor toepassingen waar de marges klein zijn en de eisen uitzonderlijk hoog. Onze expertise in matrijzenbouw, gereedschapsmakerij en hoogprecisie verspanende bewerkingen...","protected":false},"author":3,"featured_media":0,"parent":0,"menu_order":0,"comment_status":"closed","ping_status":"closed","template":"","meta":{"_seopress_robots_primary_cat":"","_seopress_titles_title":"Precisie gereedschappen en matrijzen voor de medische sector","_seopress_titles_desc":"Tumag bouwt al jaren hoogwaardige matrijzen en fijnmechanische componenten voor medische toepassingen waar de marges klein zijn en de eisen uitzonderlijk hoog.","_seopress_robots_index":"","footnotes":""},"class_list":["post-35","page","type-page","status-publish","hentry"],"_links":{"self":[{"href":"https:\/\/www.tumag.be\/de\/wp-json\/wp\/v2\/pages\/35","targetHints":{"allow":["GET"]}}],"collection":[{"href":"https:\/\/www.tumag.be\/de\/wp-json\/wp\/v2\/pages"}],"about":[{"href":"https:\/\/www.tumag.be\/de\/wp-json\/wp\/v2\/types\/page"}],"author":[{"embeddable":true,"href":"https:\/\/www.tumag.be\/de\/wp-json\/wp\/v2\/users\/3"}],"replies":[{"embeddable":true,"href":"https:\/\/www.tumag.be\/de\/wp-json\/wp\/v2\/comments?post=35"}],"version-history":[{"count":0,"href":"https:\/\/www.tumag.be\/de\/wp-json\/wp\/v2\/pages\/35\/revisions"}],"wp:attachment":[{"href":"https:\/\/www.tumag.be\/de\/wp-json\/wp\/v2\/media?parent=35"}],"curies":[{"name":"wp","href":"https:\/\/api.w.org\/{rel}","templated":true}]}}