{"id":1104,"date":"2024-05-16T11:12:18","date_gmt":"2024-05-16T11:12:18","guid":{"rendered":"https:\/\/www.tumag.be\/?page_id=1104"},"modified":"2026-03-10T05:44:48","modified_gmt":"2026-03-10T05:44:48","slug":"usinage","status":"publish","type":"page","link":"https:\/\/www.tumag.be\/fr\/hoge-precisie-productie\/verspanen\/","title":{"rendered":"Usinage"},"content":{"rendered":"<section class=\"l-section wpb_row us_custom_c3f63fae has_text_color height_medium\"><div class=\"l-section-overlay\" style=\"background:rgba(3,46,85,0.40)\"><\/div><div class=\"l-section-h i-cf\"><div class=\"g-cols vc_row via_flex valign_middle type_default stacking_default\"><div class=\"vc_col-sm-12 wpb_column vc_column_container\"><div class=\"vc_column-inner\"><div class=\"wpb_wrapper\"><div class=\"w-separator size_custom\" style=\"height:150px\" id=\"zb46\"><style>@media(max-width:1599px){ #zb46{height:100px!important}}@media(max-width:767px){ #zb46{height:50px!important}}<\/style><\/div><div class=\"wpb_text_column us_custom_0207f80c small-headline-margin-bottom\"><div class=\"wpb_wrapper\"><p>Production de haute pr\u00e9cision<\/p>\n<\/div><\/div><div class=\"wpb_text_column\"><div class=\"wpb_wrapper\"><h1>Usinage<\/h1>\n<\/div><\/div><div class=\"w-separator size_custom\" style=\"height:150px\" id=\"a0ac\"><style>@media(max-width:1599px){ #a0ac{height:100px!important}}@media(max-width:767px){ #a0ac{height:50px!important}}<\/style><\/div><\/div><\/div><\/div><\/div><\/div><\/section><section class=\"l-section wpb_row height_medium\"><div class=\"l-section-h i-cf\"><div class=\"g-cols vc_row via_flex valign_top type_default stacking_default\"><div class=\"vc_col-sm-4\/5 wpb_column vc_column_container\"><div class=\"vc_column-inner\"><div class=\"wpb_wrapper\"><div class=\"wpb_text_column\"><div class=\"wpb_wrapper\"><h2><strong>Experts en usinage de tr\u00e8s haute pr\u00e9cision<\/strong><\/h2>\n<p>En mati\u00e8re d\u2019usinage, vous \u00eates chez Tumag \u00e0 la bonne adresse. Gr\u00e2ce \u00e0 de nombreuses ann\u00e9es d\u2019exp\u00e9rience, un parc machines moderne et une approche profond\u00e9ment ancr\u00e9e dans le savoir-faire, Tumag est devenu le sp\u00e9cialiste de r\u00e9f\u00e9rence dans l\u2019usinage de haute pr\u00e9cision de moules d\u2019injection, d\u2019outillages et de composants de micro-m\u00e9canique. Ce qui commence pour nous comme une mati\u00e8re brute devient une pi\u00e8ce parfaitement fa\u00e7onn\u00e9e, r\u00e9pondant exactement aux exigences techniques de nos clients.<\/p>\n<\/div><\/div><div class=\"g-cols wpb_row via_flex valign_middle type_default stacking_default\"><div class=\"vc_col-sm-3 wpb_column vc_column_container\"><div class=\"vc_column-inner\"><div class=\"wpb_wrapper\"><div class=\"w-image has_ratio align_none\"><a href=\"\/fr\/production-de-haute-precision\/usinage\/percage-de-trous-profonds\/\" aria-label=\"Langgatboren_hoge_precisie_production-500x500px\" class=\"w-image-h\"><div style=\"padding-bottom:100%\"><\/div><img decoding=\"async\" width=\"500\" height=\"500\" src=\"https:\/\/www.tumag.be\/wp-content\/uploads\/2023\/02\/Langgatboren_hoge_precisie_production-500x500px.jpg\" class=\"attachment-full size-full\" alt=\"\" loading=\"lazy\" \/><\/a><\/div><div class=\"w-separator size_small\"><\/div><h2 class=\"w-text us_custom_ab4e77da\"><a href=\"\/fr\/production-de-haute-precision\/usinage\/percage-de-trous-profonds\/\" class=\"w-text-h\"><span class=\"w-text-value\">PER\u00c7AGE PROFOND<\/span><\/a><\/h2><\/div><\/div><\/div><div class=\"vc_col-sm-3 wpb_column vc_column_container\"><div class=\"vc_column-inner\"><div class=\"wpb_wrapper\"><div class=\"w-image has_ratio align_none\"><a href=\"\/fr\/production-de-haute-precision\/usinage\/tournage-cnc\/\" aria-label=\"CNC_DRAAIEN_500x500px\" class=\"w-image-h\"><div style=\"padding-bottom:100%\"><\/div><img decoding=\"async\" width=\"500\" height=\"500\" src=\"https:\/\/www.tumag.be\/wp-content\/uploads\/2023\/02\/CNC_DRAAIEN_500x500px.jpg\" class=\"attachment-full size-full\" alt=\"\" loading=\"lazy\" \/><\/a><\/div><div class=\"w-separator size_small\"><\/div><h2 class=\"w-text us_custom_ab4e77da\"><a href=\"\/fr\/production-de-haute-precision\/usinage\/tournage-cnc\/\" class=\"w-text-h\"><span class=\"w-text-value\">TOURNAGE CNC<\/span><\/a><\/h2><\/div><\/div><\/div><div class=\"vc_col-sm-3 wpb_column vc_column_container\"><div class=\"vc_column-inner\"><div class=\"wpb_wrapper\"><div class=\"w-image has_ratio align_none\"><a href=\"\/fr\/production-de-haute-precision\/usinage\/fraisage-cnc\/\" aria-label=\"CNC_FREZEN_500x500px\" class=\"w-image-h\"><div style=\"padding-bottom:100%\"><\/div><img decoding=\"async\" width=\"500\" height=\"500\" src=\"https:\/\/www.tumag.be\/wp-content\/uploads\/2023\/02\/CNC_FREZEN_500x500px.jpg\" class=\"attachment-full size-full\" alt=\"\" loading=\"lazy\" \/><\/a><\/div><div class=\"w-separator size_small\"><\/div><h2 class=\"w-text us_custom_ab4e77da\"><a href=\"\/fr\/production-de-haute-precision\/usinage\/fraisage-cnc\/\" class=\"w-text-h\"><span class=\"w-text-value\">FRAISAGE CNC<\/span><\/a><\/h2><\/div><\/div><\/div><div class=\"vc_col-sm-3 wpb_column vc_column_container\"><div class=\"vc_column-inner\"><div class=\"wpb_wrapper\"><div class=\"w-image has_ratio align_none\"><a href=\"\/fr\/production-de-haute-precision\/usinage\/fraisage-hsm\/\" aria-label=\"HSM_FREZEN_500x500px\" class=\"w-image-h\"><div style=\"padding-bottom:100%\"><\/div><img decoding=\"async\" width=\"500\" height=\"500\" src=\"https:\/\/www.tumag.be\/wp-content\/uploads\/2023\/02\/HSM_FREZEN_500x500px.jpg\" class=\"attachment-full size-full\" alt=\"\" loading=\"lazy\" \/><\/a><\/div><div class=\"w-separator size_small\"><\/div><h2 class=\"w-text us_custom_ab4e77da\"><a href=\"\/fr\/production-de-haute-precision\/usinage\/fraisage-hsm\/\" class=\"w-text-h\"><span class=\"w-text-value\">FRAISAGE HSM<\/span><\/a><\/h2><\/div><\/div><\/div><\/div><div class=\"w-separator size_small\"><\/div><div class=\"w-btn-wrapper align_center\"><a class=\"w-btn us-btn-style_1\" href=\"\/fr\/contactez-nous\/\"><span class=\"w-btn-label\">Votre devis pr\u00e9cis et personnalis\u00e9<\/span><\/a><\/div><div class=\"w-separator size_medium\"><\/div><div class=\"wpb_text_column\"><div class=\"wpb_wrapper\"><h2><strong>L\u2019usinage comme fondement de toute application de pr\u00e9cision<\/strong><\/h2>\n<p>L\u2019usinage est l\u2019une des op\u00e9rations les plus d\u00e9terminantes de l\u2019industrie manufacturi\u00e8re. Il constitue la base de tout produit n\u00e9cessitant une grande stabilit\u00e9 dimensionnelle, des tol\u00e9rances strictes et une reproductibilit\u00e9 constante. L\u00e0 o\u00f9 d\u2019autres proc\u00e9d\u00e9s de fabrication d\u00e9pendent d\u2019un pr\u00e9- ou post-traitement pr\u00e9cis, l\u2019usinage chez Tumag forme le c\u0153ur de l\u2019ensemble du processus. C\u2019est notre sp\u00e9cialit\u00e9, notre pratique quotidienne et une discipline que nous ma\u00eetrisons jusque dans les moindres d\u00e9tails.<\/p>\n<h2><strong>Ma\u00eetrise compl\u00e8te du paysage de l\u2019usinage<\/strong><\/h2>\n<p>Notre domaine couvre toutes les m\u00e9thodes classiques et modernes : du per\u00e7age et al\u00e9sage au forage profond, au tournage CNC, au fraisage de pr\u00e9cision et au fraisage HSM. Bien que bri\u00e8vement mentionn\u00e9es ici, ce ne sont que des pi\u00e8ces d\u2019un puzzle beaucoup plus vaste. Pour nous, l\u2019usinage va bien au-del\u00e0 de l\u2019ex\u00e9cution d\u2019une op\u00e9ration \u2014 c\u2019est un processus int\u00e9gr\u00e9 o\u00f9 le comportement du mat\u00e9riau, le bridage, le choix des outils, la gestion thermique, les conditions de coupe et le contr\u00f4le dimensionnel s\u2019alignent parfaitement.<\/p>\n<p>Chez Tumag, nous ma\u00eetrisons cet ensemble avec pr\u00e9cision et exp\u00e9rience. Chaque pi\u00e8ce est analys\u00e9e au pr\u00e9alable : quelles tol\u00e9rances sont critiques ? Comment le mat\u00e9riau r\u00e9agit-il lors de l\u2019usinage ? Quelle est la strat\u00e9gie optimale pour \u00e9viter tensions, d\u00e9formations ou \u00e9carts ? Gr\u00e2ce \u00e0 notre exp\u00e9rience dans les secteurs m\u00e9dical, automobile, a\u00e9ronautique et des produits haut de gamme, nous savons exactement ce qu\u2019il faut pour obtenir un r\u00e9sultat techniquement parfait.<\/p>\n<h2><strong>Une pr\u00e9cision durable \u2014 aujourd\u2019hui et \u00e0 long terme<\/strong><\/h2>\n<p>La v\u00e9ritable diff\u00e9rence ne r\u00e9side pas seulement dans la pr\u00e9cision de fabrication, mais dans la garantie d\u2019une stabilit\u00e9 durable. Nos sp\u00e9cialistes allient connaissance technique et sens aigu du d\u00e9tail. Ils savent comment les mat\u00e9riaux r\u00e9agissent, comment les outils se comportent et comment obtenir une surface impeccable sans compromettre la pr\u00e9cision dimensionnelle.<\/p>\n<h2><strong>Qualit\u00e9 sous contr\u00f4le, de la premi\u00e8re passe \u00e0 la mesure finale<\/strong><\/h2>\n<p>Le contr\u00f4le qualit\u00e9 fait partie int\u00e9grante de notre processus. Gr\u00e2ce \u00e0 des \u00e9quipements de mesure pr\u00e9cis, \u00e0 des inspections interm\u00e9diaires et \u00e0 une documentation compl\u00e8te, nous garantissons une tra\u00e7abilit\u00e9 totale et une pr\u00e9dictibilit\u00e9 absolue. Pour nos clients, cela signifie : certitude \u00e0 chaque \u00e9tape, pi\u00e8ces pr\u00e9cises et d\u00e9lais fiables.<\/p>\n<h2><strong>Votre partenaire pour les usinages complexes, microm\u00e9caniques et critiques<\/strong><\/h2>\n<p>Chez Tumag, l\u2019usinage rime avec pr\u00e9cision, stabilit\u00e9 et reproductibilit\u00e9. Qu\u2019il s\u2019agisse de microns, de per\u00e7ages profonds, de g\u00e9om\u00e9tries complexes, de d\u00e9tails microm\u00e9caniques ou de grands composants de moules : nous ma\u00eetrisons chaque aspect de l\u2019usinage.<\/p>\n<p>Cela fait de nous plus qu\u2019un fournisseur \u2014 un v\u00e9ritable partenaire qui r\u00e9fl\u00e9chit avec vous, vous soutient et vise chaque jour la perfection. Si vous recherchez une pr\u00e9cision in\u00e9gal\u00e9e, une discipline de processus et un savoir-faire d\u2019exception, alors Tumag est l\u2019endroit qu\u2019il vous faut.<\/p>\n<\/div><\/div><div class=\"w-separator size_medium\"><\/div><div class=\"w-btn-wrapper align_center\"><a class=\"w-btn us-btn-style_1\" href=\"\/fr\/contactez-nous\/\"><span class=\"w-btn-label\">Votre devis pr\u00e9cis et personnalis\u00e9<\/span><\/a><\/div><\/div><\/div><\/div><div class=\"vc_col-sm-1\/5 wpb_column vc_column_container\"><div class=\"vc_column-inner\"><div class=\"wpb_wrapper\"><section class=\"l-section wpb_row height_auto width_full\"><div class=\"l-section-h i-cf\"><div class=\"g-cols vc_row via_flex valign_middle type_default stacking_default\"><div class=\"vc_col-sm-12 wpb_column vc_column_container\"><div class=\"vc_column-inner\"><div class=\"wpb_wrapper\"><div class=\"g-cols wpb_row us_custom_f74dd8af via_flex valign_top type_default stacking_default\"><div class=\"vc_col-sm-12 wpb_column vc_column_container\"><div class=\"vc_column-inner\"><div class=\"wpb_wrapper\"><div class=\"wpb_text_column us_custom_b24a7315\"><div class=\"wpb_wrapper\"><p style=\"text-align: center;\"><strong>Production de haute pr\u00e9cision<\/strong><\/p>\n<\/div><\/div><div class=\"w-btn-wrapper align_justify\"><a class=\"w-btn us-btn-style_2 us_custom_0490361b\" href=\"\/fr\/production-de-haute-precision\/usinage\/\"><span class=\"w-btn-label\">Usinage<\/span><\/a><\/div><div class=\"w-image us_custom_4edece6e hide_on_mobiles align_center\"><div class=\"w-image-h\"><img decoding=\"async\" width=\"150\" height=\"150\" src=\"https:\/\/www.tumag.be\/wp-content\/uploads\/2026\/02\/icon-verspanen.webp\" class=\"attachment-large size-large\" alt=\"\" loading=\"lazy\" srcset=\"https:\/\/www.tumag.be\/wp-content\/uploads\/2026\/02\/icon-verspanen.webp 150w, https:\/\/www.tumag.be\/wp-content\/uploads\/2026\/02\/icon-verspanen-12x12.webp 12w\" sizes=\"auto, (max-width: 150px) 100vw, 150px\" \/><\/div><\/div><div class=\"wpb_text_column\"><div class=\"wpb_wrapper\"><ul>\n<li><a href=\"\/fr\/production-de-haute-precision\/usinage\/tournage-cnc\/\">Tournage CNC<\/a><\/li>\n<li><a href=\"\/fr\/production-de-haute-precision\/usinage\/fraisage-cnc\/\">Fraisage CNC<\/a><\/li>\n<li><a href=\"\/fr\/production-de-haute-precision\/usinage\/fraisage-hsm\/\">Fraisage HSM<\/a><\/li>\n<li><a href=\"\/fr\/production-de-haute-precision\/usinage\/percage-de-trous-profonds\/\">Per\u00e7age de trous profonds<\/a><\/li>\n<\/ul>\n<\/div><\/div><div class=\"w-btn-wrapper align_justify\"><a class=\"w-btn us-btn-style_2\" href=\"\/fr\/production-de-haute-precision\/usinage-par-edm\/\"><span class=\"w-btn-label\">Usinage par \u00e9lectro\u00e9rosion<\/span><\/a><\/div><div class=\"w-image hide_on_mobiles align_center\"><div class=\"w-image-h\"><img decoding=\"async\" width=\"150\" height=\"150\" src=\"https:\/\/www.tumag.be\/wp-content\/uploads\/2026\/02\/icon-vonkerosie.webp\" class=\"attachment-large size-large\" alt=\"\" loading=\"lazy\" srcset=\"https:\/\/www.tumag.be\/wp-content\/uploads\/2026\/02\/icon-vonkerosie.webp 150w, https:\/\/www.tumag.be\/wp-content\/uploads\/2026\/02\/icon-vonkerosie-12x12.webp 12w\" sizes=\"auto, (max-width: 150px) 100vw, 150px\" \/><\/div><\/div><div class=\"wpb_text_column\"><div class=\"wpb_wrapper\"><ul>\n<li><a href=\"\/fr\/production-de-haute-precision\/usinage-par-edm\/electroerosion-a-fil\/\">\u00c9lectro\u00e9rosion \u00e0 fil<\/a><\/li>\n<li><a href=\"\/fr\/production-de-haute-precision\/usinage-par-edm\/electroerosion-par-enfoncage\/\">Per\u00e7age par \u00e9lectro\u00e9rosion<\/a><\/li>\n<li><a href=\"\/fr\/production-de-haute-precision\/usinage-par-edm\/percage-edm\/\">Per\u00e7age par \u00e9lectro\u00e9rosion<\/a><\/li>\n<li><a href=\"\/fr\/production-de-haute-precision\/usinage-par-edm\/electrodes-pour-edm\/\">Electrodes<\/a><\/li>\n<\/ul>\n<\/div><\/div><div class=\"w-btn-wrapper align_justify\"><a class=\"w-btn us-btn-style_2\" href=\"\/fr\/production-de-haute-precision\/rectification\/\"><span class=\"w-btn-label\">Rectification<\/span><\/a><\/div><div class=\"w-image hide_on_mobiles align_center\"><div class=\"w-image-h\"><img decoding=\"async\" width=\"150\" height=\"150\" src=\"https:\/\/www.tumag.be\/wp-content\/uploads\/2026\/02\/icon-slijpen.webp\" class=\"attachment-large size-large\" alt=\"\" loading=\"lazy\" srcset=\"https:\/\/www.tumag.be\/wp-content\/uploads\/2026\/02\/icon-slijpen.webp 150w, https:\/\/www.tumag.be\/wp-content\/uploads\/2026\/02\/icon-slijpen-12x12.webp 12w\" sizes=\"auto, (max-width: 150px) 100vw, 150px\" \/><\/div><\/div><div class=\"wpb_text_column\"><div class=\"wpb_wrapper\"><ul>\n<li><a href=\"\/fr\/production-de-haute-precision\/rectification\/rectification-plane\/\">Rectification plane<\/a><\/li>\n<li><a href=\"\/fr\/production-de-haute-precision\/rectification\/rectification-de-profils\/\">Rectification de profils<\/a><\/li>\n<li><a href=\"\/fr\/production-de-haute-precision\/rectification\/rectification-cylindrique\/\">Rectification cylindrique<\/a><\/li>\n<li><a href=\"\/fr\/production-de-haute-precision\/rectification\/rectification-de-coordonnees\/\">Rectification en coordination<\/a><\/li>\n<\/ul>\n<\/div><\/div><div class=\"w-btn-wrapper align_justify\"><a class=\"w-btn us-btn-style_2\" href=\"\/fr\/production-de-haute-precision\/ajustage-en-micromecanique\/\"><span class=\"w-btn-label\">Ajustage<\/span><\/a><\/div><div class=\"w-image hide_on_mobiles align_center\"><div class=\"w-image-h\"><img decoding=\"async\" width=\"150\" height=\"150\" src=\"https:\/\/www.tumag.be\/wp-content\/uploads\/2026\/02\/icon-onderhoud.webp\" class=\"attachment-large size-large\" alt=\"\" loading=\"lazy\" srcset=\"https:\/\/www.tumag.be\/wp-content\/uploads\/2026\/02\/icon-onderhoud.webp 150w, https:\/\/www.tumag.be\/wp-content\/uploads\/2026\/02\/icon-onderhoud-12x12.webp 12w\" sizes=\"auto, (max-width: 150px) 100vw, 150px\" \/><\/div><\/div><div class=\"wpb_text_column\"><div class=\"wpb_wrapper\"><ul>\n<li><a href=\"\/fr\/production-de-haute-precision\/ajustage-en-micromecanique\/montage\/\">Montage<\/a><\/li>\n<li><a href=\"\/fr\/production-de-haute-precision\/ajustage-en-micromecanique\/polissage\/\">Polissage<\/a><\/li>\n<li><a href=\"\/fr\/production-de-haute-precision\/ajustage-en-micromecanique\/soudage-laser\/\">Soudage laser<\/a><\/li>\n<li><a href=\"\/fr\/production-de-haute-precision\/ajustage-en-micromecanique\/gravure-laser\/\">Gravure laser<\/a><\/li>\n<\/ul>\n<\/div><\/div><div class=\"w-separator size_small\"><\/div><\/div><\/div><\/div><\/div><\/div><\/div><\/div><\/div><\/div><\/section>\n<\/div><\/div><\/div><\/div><\/div><\/section><section class=\"l-section wpb_row height_medium\"><div class=\"l-section-h i-cf\"><div class=\"g-cols vc_row via_flex valign_top type_default stacking_default\"><div class=\"vc_col-sm-12 wpb_column vc_column_container\"><div class=\"vc_column-inner\"><div class=\"wpb_wrapper\"><section class=\"l-section wpb_row us_custom_09bf7cdd height_medium\"><div class=\"l-section-h i-cf\"><div class=\"g-cols vc_row via_flex valign_top type_default stacking_default\"><div class=\"vc_col-sm-12 wpb_column vc_column_container\"><div class=\"vc_column-inner\"><div class=\"wpb_wrapper\"><div class=\"wpb_text_column\"><div class=\"wpb_wrapper\"><h2>Services<\/h2>\n<\/div><\/div><div class=\"w-separator size_small\"><\/div><div class=\"g-cols wpb_row via_flex valign_top type_default stacking_default\"><div class=\"vc_col-sm-1\/5 wpb_column vc_column_container responsive-col-service\"><div class=\"vc_column-inner\"><div class=\"wpb_wrapper\"><div class=\"w-image us_custom_12711e67 align_none\"><a href=\"\/fr\/ingenierie\/\" aria-label=\"1_Ontwerp_icon\" class=\"w-image-h\"><img decoding=\"async\" width=\"150\" height=\"150\" src=\"https:\/\/www.tumag.be\/wp-content\/uploads\/2022\/05\/1_Ontwerp_icon.png\" class=\"attachment-full size-full\" alt=\"\" loading=\"lazy\" \/><\/a><\/div><div class=\"w-btn-wrapper align_none\"><a class=\"w-btn us-btn-style_2 us_custom_b4198c51\" title=\"D\u00e9veloppement d\u2019outillages\" href=\"\/fr\/ingenierie\/\"><span class=\"w-btn-label\">Ing\u00e9nierie<\/span><\/a><\/div><div class=\"w-separator size_small\"><\/div><div class=\"wpb_text_column\"><div class=\"wpb_wrapper\"><p>Gr\u00e2ce \u00e0 notre propre d\u00e9partement d'ing\u00e9nierie, nous collaborons \u00e9troitement avec le service de conception de nos clients afin d\u2019optimiser la fabricabilit\u00e9 du produit d\u00e8s les premi\u00e8res \u00e9tapes pour le moulage par injection\u2026<\/p>\n<\/div><\/div><div class=\"wpb_text_column\"><div class=\"wpb_wrapper\"><p><a href=\"\/fr\/ingenierie\/\">En savoir plus\u2026<\/a><\/p>\n<\/div><\/div><\/div><\/div><\/div><div class=\"vc_col-sm-1\/5 wpb_column vc_column_container responsive-col-service\"><div class=\"vc_column-inner\"><div class=\"wpb_wrapper\"><div class=\"w-image us_custom_12711e67 align_none\"><a href=\"\/fr\/production-de-haute-precision\/\" aria-label=\"2_HogePrecisieProductie_icon\" class=\"w-image-h\"><img decoding=\"async\" width=\"150\" height=\"150\" src=\"https:\/\/www.tumag.be\/wp-content\/uploads\/2022\/05\/2_HogePrecisieProductie_icon.png\" class=\"attachment-full size-full\" alt=\"\" loading=\"lazy\" \/><\/a><\/div><div class=\"w-btn-wrapper align_none\"><a class=\"w-btn us-btn-style_2 us_custom_b4198c51\" title=\"D\u00e9veloppement d\u2019outillages\" href=\"\/fr\/production-de-haute-precision\/\"><span class=\"w-btn-label\">Haute pr\u00e9cision<\/span><\/a><\/div><div class=\"w-separator size_small\"><\/div><div class=\"wpb_text_column\"><div class=\"wpb_wrapper\"><p>Dans notre espace de production climatis\u00e9, nous regroupons toutes les op\u00e9rations d\u2019usinage CNC de pr\u00e9cision afin de r\u00e9pondre \u00e0 nos besoins de production en haute mixit\u00e9 \/ faible volume<br \/>\net produire notre gamme de produits.<\/p>\n<\/div><\/div><div class=\"wpb_text_column\"><div class=\"wpb_wrapper\"><p><a href=\"\/fr\/production-de-haute-precision\/\">En savoir plus\u2026<\/a><\/p>\n<\/div><\/div><\/div><\/div><\/div><div class=\"vc_col-sm-1\/5 wpb_column vc_column_container responsive-col-service\"><div class=\"vc_column-inner\"><div class=\"wpb_wrapper\"><div class=\"w-image us_custom_12711e67 align_none\"><a href=\"\/fr\/controle-de-qualite\/\" aria-label=\"kc\" class=\"w-image-h\"><img decoding=\"async\" width=\"512\" height=\"512\" src=\"https:\/\/www.tumag.be\/wp-content\/uploads\/2024\/12\/kc.png\" class=\"attachment-full size-full\" alt=\"\" loading=\"lazy\" srcset=\"https:\/\/www.tumag.be\/wp-content\/uploads\/2024\/12\/kc.png 512w, https:\/\/www.tumag.be\/wp-content\/uploads\/2024\/12\/kc-300x300.png 300w, https:\/\/www.tumag.be\/wp-content\/uploads\/2024\/12\/kc-150x150.png 150w, https:\/\/www.tumag.be\/wp-content\/uploads\/2024\/12\/kc-12x12.png 12w, https:\/\/www.tumag.be\/wp-content\/uploads\/2024\/12\/kc-400x400.png 400w\" sizes=\"auto, (max-width: 512px) 100vw, 512px\" \/><\/a><\/div><div class=\"w-btn-wrapper align_none\"><a class=\"w-btn us-btn-style_2 us_custom_b4198c51\" title=\"D\u00e9veloppement d\u2019outillages\" href=\"\/fr\/controle-de-qualite\/\"><span class=\"w-btn-label\">Contr\u00f4le de qualit\u00e9<\/span><\/a><\/div><div class=\"w-separator size_small\"><\/div><div class=\"wpb_text_column\"><div class=\"wpb_wrapper\"><p>Tous nos produits sont fabriqu\u00e9s avec une pr\u00e9cision et une qualit\u00e9 sans cesse accrues, ce qui repr\u00e9sente \u00e9galement un d\u00e9fi croissant pour nos instruments de mesure. Lors de la production de pi\u00e8ces de pr\u00e9cision, il est\u2026<\/p>\n<\/div><\/div><div class=\"wpb_text_column\"><div class=\"wpb_wrapper\"><p><a href=\"\/fr\/controle-de-qualite\/\">En savoir plus\u2026<\/a><\/p>\n<\/div><\/div><\/div><\/div><\/div><div class=\"vc_col-sm-1\/5 wpb_column vc_column_container responsive-col-service\"><div class=\"vc_column-inner\"><div class=\"wpb_wrapper\"><div class=\"w-image us_custom_12711e67 align_none\"><a href=\"\/fr\/moulage-par-injection\/\" aria-label=\"spuitgieten3\" class=\"w-image-h\"><img decoding=\"async\" width=\"150\" height=\"150\" src=\"https:\/\/www.tumag.be\/wp-content\/uploads\/2024\/05\/spuitgieten3.png\" class=\"attachment-full size-full\" alt=\"\" loading=\"lazy\" \/><\/a><\/div><div class=\"w-btn-wrapper align_none\"><a class=\"w-btn us-btn-style_2 us_custom_b4198c51\" title=\"D\u00e9veloppement d\u2019outillages\" href=\"\/fr\/moulage-par-injection\/\"><span class=\"w-btn-label\">Moulage par injection<\/span><\/a><\/div><div class=\"w-separator size_small\"><\/div><div class=\"wpb_text_column\"><div class=\"wpb_wrapper\"><p>Nous mettons \u00e9galement notre expertise en moulage par injection \u00e0 la disposition de nos clients. Gr\u00e2ce \u00e0 nos presses \u00e0 injecter, initialement destin\u00e9es \u00e0 l\u2019optimisation, la validation et les tests de moules\u2026<\/p>\n<\/div><\/div><div class=\"wpb_text_column\"><div class=\"wpb_wrapper\"><p><a href=\"\/fr\/moulage-par-injection\/\">En savoir plus\u2026<\/a><\/p>\n<\/div><\/div><\/div><\/div><\/div><div class=\"vc_col-sm-1\/5 wpb_column vc_column_container responsive-col-service\"><div class=\"vc_column-inner\"><div class=\"wpb_wrapper\"><div class=\"w-image us_custom_12711e67 align_none\"><a href=\"\/fr\/entretien-des-moules\/\" aria-label=\"4_Nazorg, Onderhoud &amp; Herstellingen_icon\" class=\"w-image-h\"><img decoding=\"async\" width=\"150\" height=\"150\" src=\"https:\/\/www.tumag.be\/wp-content\/uploads\/2022\/05\/4_Nazorg-Onderhoud-Herstellingen_icon.png\" class=\"attachment-full size-full\" alt=\"\" loading=\"lazy\" \/><\/a><\/div><div class=\"w-btn-wrapper align_none\"><a class=\"w-btn us-btn-style_2 us_custom_b4198c51\" title=\"D\u00e9veloppement d\u2019outillages\" href=\"\/fr\/entretien-des-moules\/\"><span class=\"w-btn-label\">Entretien des moules<\/span><\/a><\/div><div class=\"w-separator size_small\"><\/div><div class=\"wpb_text_column\"><div class=\"wpb_wrapper\"><p>Que ce soit pour l\u2019entretien pr\u00e9ventif, les r\u00e9visions compl\u00e8tes ou la modification de moules ou de composants existants, vous \u00eates \u00e0 la bonne adresse chez Tumag. Nous pouvons \u00e9galement r\u00e9parer les pi\u00e8ces endommag\u00e9es pour vous.<\/p>\n<\/div><\/div><div class=\"wpb_text_column\"><div class=\"wpb_wrapper\"><p><a href=\"\/fr\/entretien-des-moules\/\">En savoir plus\u2026<\/a><\/p>\n<\/div><\/div><\/div><\/div><\/div><\/div><\/div><\/div><\/div><\/div><\/div><\/section>\n<\/div><\/div><\/div><\/div><\/div><\/section>","protected":false},"excerpt":{"rendered":"Hoge Precisie Productie Verspanen Verspanen met onge\u00ebvenaarde precisie Als het op verspanen aankomt, bent u bij Tumag aan het juiste adres. Dankzij jarenlange ervaring, een modern machinepark en een diepgewortelde focus op vakmanschap is Tumag uitgegroeid tot d\u00e9 specialist in het hoognauwkeurig verspanen van spuitgietmatrijzen, stempels en fijnmechanische componenten. Wat voor ons begint als ruw...","protected":false},"author":4,"featured_media":0,"parent":24,"menu_order":0,"comment_status":"closed","ping_status":"closed","template":"","meta":{"_seopress_robots_primary_cat":"","_seopress_titles_title":"Verspanen - Tumag","_seopress_titles_desc":"Als het op verspanen aankomt dan bent u bij Tumag aan het juiste adres. Dankzij jarenlange ervaring, een modern machinepark en een sterke focus op vakmanschap, is Tumag uw specialist op het gebied van het hoognauwkeurig verspanen","_seopress_robots_index":"","footnotes":""},"class_list":["post-1104","page","type-page","status-publish","hentry"],"_links":{"self":[{"href":"https:\/\/www.tumag.be\/fr\/wp-json\/wp\/v2\/pages\/1104","targetHints":{"allow":["GET"]}}],"collection":[{"href":"https:\/\/www.tumag.be\/fr\/wp-json\/wp\/v2\/pages"}],"about":[{"href":"https:\/\/www.tumag.be\/fr\/wp-json\/wp\/v2\/types\/page"}],"author":[{"embeddable":true,"href":"https:\/\/www.tumag.be\/fr\/wp-json\/wp\/v2\/users\/4"}],"replies":[{"embeddable":true,"href":"https:\/\/www.tumag.be\/fr\/wp-json\/wp\/v2\/comments?post=1104"}],"version-history":[{"count":0,"href":"https:\/\/www.tumag.be\/fr\/wp-json\/wp\/v2\/pages\/1104\/revisions"}],"up":[{"embeddable":true,"href":"https:\/\/www.tumag.be\/fr\/wp-json\/wp\/v2\/pages\/24"}],"wp:attachment":[{"href":"https:\/\/www.tumag.be\/fr\/wp-json\/wp\/v2\/media?parent=1104"}],"curies":[{"name":"wp","href":"https:\/\/api.w.org\/{rel}","templated":true}]}}