{"id":1373,"date":"2024-06-13T06:00:19","date_gmt":"2024-06-13T06:00:19","guid":{"rendered":"https:\/\/www.tumag.be\/?page_id=1373"},"modified":"2026-03-10T05:41:34","modified_gmt":"2026-03-10T05:41:34","slug":"electroerosion-a-fil","status":"publish","type":"page","link":"https:\/\/www.tumag.be\/fr\/hoge-precisie-productie\/vonkverspanen\/draadvonken\/","title":{"rendered":"\u00c9lectro\u00e9rosion \u00e0 fil"},"content":{"rendered":"<section class=\"l-section wpb_row us_custom_69823e81 has_text_color height_medium\"><div class=\"l-section-overlay\" style=\"background:rgba(3,46,85,0.40)\"><\/div><div class=\"l-section-h i-cf\"><div class=\"g-cols vc_row via_flex valign_middle type_default stacking_default\"><div class=\"vc_col-sm-12 wpb_column vc_column_container\"><div class=\"vc_column-inner\"><div class=\"wpb_wrapper\"><div class=\"w-separator size_custom\" style=\"height:150px\" id=\"s007\"><style>@media(max-width:1599px){ #s007{height:100px!important}}@media(max-width:767px){ #s007{height:50px!important}}<\/style><\/div><div class=\"wpb_text_column us_custom_0207f80c small-headline-margin-bottom\"><div class=\"wpb_wrapper\"><p>Production de Haute Pr\u00e9cision \/ \u00c9lectro\u00e9rosion<\/p>\n<\/div><\/div><div class=\"wpb_text_column\"><div class=\"wpb_wrapper\"><h1>\u00c9lectro\u00e9rosion \u00e0 fil<\/h1>\n<\/div><\/div><div class=\"w-separator size_custom\" style=\"height:150px\" id=\"w739\"><style>@media(max-width:1599px){ #w739{height:100px!important}}@media(max-width:767px){ #w739{height:50px!important}}<\/style><\/div><\/div><\/div><\/div><\/div><\/div><\/section><section class=\"l-section wpb_row height_medium\"><div class=\"l-section-h i-cf\"><div class=\"g-cols vc_row via_flex valign_top type_default stacking_default\"><div class=\"vc_col-sm-4\/5 wpb_column vc_column_container\"><div class=\"vc_column-inner\"><div class=\"wpb_wrapper\"><div class=\"g-cols wpb_row via_flex valign_top type_default stacking_default\"><div class=\"vc_col-sm-6 wpb_column vc_column_container\"><div class=\"vc_column-inner\"><div class=\"wpb_wrapper\"><div class=\"w-image align_none\"><div class=\"w-image-h\"><img decoding=\"async\" width=\"573\" height=\"1024\" src=\"https:\/\/www.tumag.be\/wp-content\/uploads\/2024\/06\/draadvonken-img-573x1024.jpg\" class=\"attachment-large size-large\" alt=\"\" loading=\"lazy\" srcset=\"https:\/\/www.tumag.be\/wp-content\/uploads\/2024\/06\/draadvonken-img-573x1024.jpg 573w, https:\/\/www.tumag.be\/wp-content\/uploads\/2024\/06\/draadvonken-img-168x300.jpg 168w, https:\/\/www.tumag.be\/wp-content\/uploads\/2024\/06\/draadvonken-img.jpg 1000w\" sizes=\"auto, (max-width: 573px) 100vw, 573px\" \/><\/div><\/div><div class=\"w-separator size_small\"><\/div><div class=\"w-btn-wrapper align_center\"><a class=\"w-btn us-btn-style_1\" href=\"\/fr\/contactez-nous\/\"><span class=\"w-btn-label\">Votre devis pr\u00e9cis et personnalis\u00e9<\/span><\/a><\/div><\/div><\/div><\/div><div class=\"vc_col-sm-6 wpb_column vc_column_container\"><div class=\"vc_column-inner\"><div class=\"wpb_wrapper\"><div class=\"wpb_text_column\"><div class=\"wpb_wrapper\"><h2>\u00c9lectro\u00e9rosion \u00e0 fil : pr\u00e9cision ultime et qualit\u00e9 de surface<\/h2>\n<p>Dans les applications o\u00f9 une pr\u00e9cision extr\u00eame, des tol\u00e9rances serr\u00e9es et une qualit\u00e9 de surface \u00e9lev\u00e9e sont requises, l\u2019\u00e9lectro\u00e9rosion \u00e0 fil offre une solution in\u00e9gal\u00e9e. Cette technique EDM avanc\u00e9e est largement utilis\u00e9e dans des secteurs tels que la construction de moules, la construction m\u00e9canique et l\u2019industrie high-tech. Chez Tumag, l\u2019\u00e9lectro\u00e9rosion \u00e0 fil est une comp\u00e9tence cl\u00e9 que nous ma\u00eetrisons \u00e0 la perfection gr\u00e2ce \u00e0 de nombreuses ann\u00e9es d\u2019exp\u00e9rience et \u00e0 des investissements continus.<\/p>\n<h2>Qu\u2019est-ce que l\u2019\u00e9lectro\u00e9rosion \u00e0 fil ?<\/h2>\n<p>L\u2019\u00e9lectro\u00e9rosion \u00e0 fil, \u00e9galement appel\u00e9e wire EDM, est une technique d\u2019usinage qui utilise un fil fin, en mouvement continu et \u00e9lectriquement charg\u00e9, pour enlever de la mati\u00e8re de pi\u00e8ces \u00e9lectriquement conductrices. Gr\u00e2ce \u00e0 des d\u00e9charges \u00e9lectriques contr\u00f4l\u00e9es entre le fil et la pi\u00e8ce, le mat\u00e9riau est localement fondu et \u00e9vacu\u00e9, sans contact m\u00e9canique. Le processus se d\u00e9roule dans un liquide di\u00e9lectrique, ce qui garantit la stabilit\u00e9 et une \u00e9vacuation pr\u00e9cise du mat\u00e9riau.<\/p>\n<\/div><\/div><\/div><\/div><\/div><\/div><div class=\"wpb_text_column\"><div class=\"wpb_wrapper\"><h2>Contours complexes et d\u00e9tails fins<\/h2>\n<p>Un avantage majeur de l\u2019\u00e9lectro\u00e9rosion \u00e0 fil est la possibilit\u00e9 de r\u00e9aliser des contours tr\u00e8s complexes et des d\u00e9tails fins. Des d\u00e9coupes droites, des angles internes vifs, de petits rayons ainsi que des profils 2D et 3D complexes peuvent \u00eatre r\u00e9alis\u00e9s avec une grande pr\u00e9cision. Cela rend l\u2019\u00e9lectro\u00e9rosion \u00e0 fil particuli\u00e8rement adapt\u00e9e \u00e0 la fabrication de composants de moules, d\u2019inserts de pr\u00e9cision, de poin\u00e7ons et de composants fonctionnels soumis \u00e0 des exigences g\u00e9om\u00e9triques \u00e9lev\u00e9es.<\/p>\n<h2>Usinage de mat\u00e9riaux durs et hautes performances<\/h2>\n<p>L\u2019\u00e9lectro\u00e9rosion \u00e0 fil est particuli\u00e8rement efficace pour l\u2019usinage de mat\u00e9riaux durs tels que l\u2019acier \u00e0 outils, le carbure, les alliages tremp\u00e9s et d\u2019autres mat\u00e9riaux r\u00e9sistants \u00e0 l\u2019usure. \u00c9tant donn\u00e9 que la duret\u00e9 du mat\u00e9riau n\u2019a aucune influence sur le processus, l\u2019usinabilit\u00e9 reste constante. De plus, aucune contrainte m\u00e9canique n\u2019est g\u00e9n\u00e9r\u00e9e dans la pi\u00e8ce, ce qui est essentiel pour des composants qui doivent conserver leur pr\u00e9cision dimensionnelle et leur stabilit\u00e9 structurelle.<\/p>\n<h2>Excellente qualit\u00e9 de surface<\/h2>\n<p>L\u2019un des principaux atouts de l\u2019\u00e9lectro\u00e9rosion \u00e0 fil est la qualit\u00e9 de surface exceptionnelle qui peut \u00eatre obtenue. Gr\u00e2ce \u00e0 des strat\u00e9gies de coupe optimis\u00e9es et \u00e0 plusieurs passes de finition, des valeurs de rugosit\u00e9 tr\u00e8s faibles peuvent \u00eatre atteintes. Cela r\u00e9duit la n\u00e9cessit\u00e9 de traitements de finition suppl\u00e9mentaires tels que le meulage ou le polissage, voire les rend dans de nombreux cas totalement superflus. Il en r\u00e9sulte un processus de production plus efficace et des d\u00e9lais de r\u00e9alisation plus courts.<\/p>\n<h2>Pr\u00e9cision microm\u00e9trique chez Tumag<\/h2>\n<p>Tumag dispose de machines d\u2019\u00e9lectro\u00e9rosion \u00e0 fil de pointe permettant d\u2019atteindre des pr\u00e9cisions de l\u2019ordre du microm\u00e8tre. Gr\u00e2ce \u00e0 une combinaison de technologies modernes, d\u2019un contr\u00f4le de processus approfondi et de collaborateurs exp\u00e9riment\u00e9s, nous garantissons des r\u00e9sultats constants et reproductibles. Les pi\u00e8ces unitaires, prototypes ainsi que les petites et moyennes s\u00e9ries sont produites avec le m\u00eame soin et la m\u00eame pr\u00e9cision.<\/p>\n<h2>Votre partenaire en \u00e9lectro\u00e9rosion \u00e0 fil<\/h2>\n<p>En tant que partenaire fiable, Tumag r\u00e9fl\u00e9chit activement avec ses clients, de la conception au produit final. Nous conseillons sur la fabricabilit\u00e9, les tol\u00e9rances et les strat\u00e9gies d\u2019usinage optimales afin d\u2019obtenir le meilleur r\u00e9sultat possible. Gr\u00e2ce \u00e0 notre expertise en \u00e9lectro\u00e9rosion \u00e0 fil, nous livrons des composants de pr\u00e9cision r\u00e9pondant aux normes de qualit\u00e9 les plus \u00e9lev\u00e9es.<\/p>\n<p>Vous recherchez un partenaire fiable pour vos produits d\u2019\u00e9lectro\u00e9rosion \u00e0 fil ? Choisissez alors Tumag, votre expert en pr\u00e9cision et en qualit\u00e9.<\/p>\n<\/div><\/div><\/div><\/div><\/div><div class=\"vc_col-sm-1\/5 wpb_column vc_column_container\"><div class=\"vc_column-inner type_sticky\"><div class=\"wpb_wrapper\"><section class=\"l-section wpb_row height_auto width_full\"><div class=\"l-section-h i-cf\"><div class=\"g-cols vc_row via_flex valign_middle type_default stacking_default\"><div class=\"vc_col-sm-12 wpb_column vc_column_container\"><div class=\"vc_column-inner\"><div class=\"wpb_wrapper\"><div class=\"g-cols wpb_row us_custom_f74dd8af via_flex valign_top type_default stacking_default\"><div class=\"vc_col-sm-12 wpb_column vc_column_container\"><div class=\"vc_column-inner\"><div class=\"wpb_wrapper\"><div class=\"wpb_text_column us_custom_b24a7315\"><div class=\"wpb_wrapper\"><p style=\"text-align: center;\"><strong>Production de haute pr\u00e9cision<\/strong><\/p>\n<\/div><\/div><div class=\"w-btn-wrapper align_justify\"><a class=\"w-btn us-btn-style_2 us_custom_0490361b\" href=\"\/fr\/production-de-haute-precision\/usinage\/\"><span class=\"w-btn-label\">Usinage<\/span><\/a><\/div><div class=\"w-image us_custom_4edece6e hide_on_mobiles align_center\"><div class=\"w-image-h\"><img decoding=\"async\" width=\"150\" height=\"150\" src=\"https:\/\/www.tumag.be\/wp-content\/uploads\/2026\/02\/icon-verspanen.webp\" class=\"attachment-large size-large\" alt=\"\" loading=\"lazy\" srcset=\"https:\/\/www.tumag.be\/wp-content\/uploads\/2026\/02\/icon-verspanen.webp 150w, https:\/\/www.tumag.be\/wp-content\/uploads\/2026\/02\/icon-verspanen-12x12.webp 12w\" sizes=\"auto, (max-width: 150px) 100vw, 150px\" \/><\/div><\/div><div class=\"wpb_text_column\"><div class=\"wpb_wrapper\"><ul>\n<li><a href=\"\/fr\/production-de-haute-precision\/usinage\/tournage-cnc\/\">Tournage CNC<\/a><\/li>\n<li><a href=\"\/fr\/production-de-haute-precision\/usinage\/fraisage-cnc\/\">Fraisage CNC<\/a><\/li>\n<li><a href=\"\/fr\/production-de-haute-precision\/usinage\/fraisage-hsm\/\">Fraisage HSM<\/a><\/li>\n<li><a href=\"\/fr\/production-de-haute-precision\/usinage\/percage-de-trous-profonds\/\">Per\u00e7age de trous profonds<\/a><\/li>\n<\/ul>\n<\/div><\/div><div class=\"w-btn-wrapper align_justify\"><a class=\"w-btn us-btn-style_2\" href=\"\/fr\/production-de-haute-precision\/usinage-par-edm\/\"><span class=\"w-btn-label\">Usinage par \u00e9lectro\u00e9rosion<\/span><\/a><\/div><div class=\"w-image hide_on_mobiles align_center\"><div class=\"w-image-h\"><img decoding=\"async\" width=\"150\" height=\"150\" src=\"https:\/\/www.tumag.be\/wp-content\/uploads\/2026\/02\/icon-vonkerosie.webp\" class=\"attachment-large size-large\" alt=\"\" loading=\"lazy\" srcset=\"https:\/\/www.tumag.be\/wp-content\/uploads\/2026\/02\/icon-vonkerosie.webp 150w, https:\/\/www.tumag.be\/wp-content\/uploads\/2026\/02\/icon-vonkerosie-12x12.webp 12w\" sizes=\"auto, (max-width: 150px) 100vw, 150px\" \/><\/div><\/div><div class=\"wpb_text_column\"><div class=\"wpb_wrapper\"><ul>\n<li><a href=\"\/fr\/production-de-haute-precision\/usinage-par-edm\/electroerosion-a-fil\/\">\u00c9lectro\u00e9rosion \u00e0 fil<\/a><\/li>\n<li><a href=\"\/fr\/production-de-haute-precision\/usinage-par-edm\/electroerosion-par-enfoncage\/\">Per\u00e7age par \u00e9lectro\u00e9rosion<\/a><\/li>\n<li><a href=\"\/fr\/production-de-haute-precision\/usinage-par-edm\/percage-edm\/\">Per\u00e7age par \u00e9lectro\u00e9rosion<\/a><\/li>\n<li><a href=\"\/fr\/production-de-haute-precision\/usinage-par-edm\/electrodes-pour-edm\/\">Electrodes<\/a><\/li>\n<\/ul>\n<\/div><\/div><div class=\"w-btn-wrapper align_justify\"><a class=\"w-btn us-btn-style_2\" href=\"\/fr\/production-de-haute-precision\/rectification\/\"><span class=\"w-btn-label\">Rectification<\/span><\/a><\/div><div class=\"w-image hide_on_mobiles align_center\"><div class=\"w-image-h\"><img decoding=\"async\" width=\"150\" height=\"150\" src=\"https:\/\/www.tumag.be\/wp-content\/uploads\/2026\/02\/icon-slijpen.webp\" class=\"attachment-large size-large\" alt=\"\" loading=\"lazy\" srcset=\"https:\/\/www.tumag.be\/wp-content\/uploads\/2026\/02\/icon-slijpen.webp 150w, https:\/\/www.tumag.be\/wp-content\/uploads\/2026\/02\/icon-slijpen-12x12.webp 12w\" sizes=\"auto, (max-width: 150px) 100vw, 150px\" \/><\/div><\/div><div class=\"wpb_text_column\"><div class=\"wpb_wrapper\"><ul>\n<li><a href=\"\/fr\/production-de-haute-precision\/rectification\/rectification-plane\/\">Rectification plane<\/a><\/li>\n<li><a href=\"\/fr\/production-de-haute-precision\/rectification\/rectification-de-profils\/\">Rectification de profils<\/a><\/li>\n<li><a href=\"\/fr\/production-de-haute-precision\/rectification\/rectification-cylindrique\/\">Rectification cylindrique<\/a><\/li>\n<li><a href=\"\/fr\/production-de-haute-precision\/rectification\/rectification-de-coordonnees\/\">Rectification en coordination<\/a><\/li>\n<\/ul>\n<\/div><\/div><div class=\"w-btn-wrapper align_justify\"><a class=\"w-btn us-btn-style_2\" href=\"\/fr\/production-de-haute-precision\/ajustage-en-micromecanique\/\"><span class=\"w-btn-label\">Ajustage<\/span><\/a><\/div><div class=\"w-image hide_on_mobiles align_center\"><div class=\"w-image-h\"><img decoding=\"async\" width=\"150\" height=\"150\" src=\"https:\/\/www.tumag.be\/wp-content\/uploads\/2026\/02\/icon-onderhoud.webp\" class=\"attachment-large size-large\" alt=\"\" loading=\"lazy\" srcset=\"https:\/\/www.tumag.be\/wp-content\/uploads\/2026\/02\/icon-onderhoud.webp 150w, https:\/\/www.tumag.be\/wp-content\/uploads\/2026\/02\/icon-onderhoud-12x12.webp 12w\" sizes=\"auto, (max-width: 150px) 100vw, 150px\" \/><\/div><\/div><div class=\"wpb_text_column\"><div class=\"wpb_wrapper\"><ul>\n<li><a href=\"\/fr\/production-de-haute-precision\/ajustage-en-micromecanique\/montage\/\">Montage<\/a><\/li>\n<li><a href=\"\/fr\/production-de-haute-precision\/ajustage-en-micromecanique\/polissage\/\">Polissage<\/a><\/li>\n<li><a href=\"\/fr\/production-de-haute-precision\/ajustage-en-micromecanique\/soudage-laser\/\">Soudage laser<\/a><\/li>\n<li><a href=\"\/fr\/production-de-haute-precision\/ajustage-en-micromecanique\/gravure-laser\/\">Gravure laser<\/a><\/li>\n<\/ul>\n<\/div><\/div><div class=\"w-separator size_small\"><\/div><\/div><\/div><\/div><\/div><\/div><\/div><\/div><\/div><\/div><\/section>\n<\/div><\/div><\/div><\/div><\/div><\/section><section class=\"l-section wpb_row height_medium\"><div class=\"l-section-h i-cf\"><div class=\"g-cols vc_row via_flex valign_top type_default stacking_default\"><div class=\"vc_col-sm-12 wpb_column vc_column_container\"><div class=\"vc_column-inner\"><div class=\"wpb_wrapper\"><section class=\"l-section wpb_row us_custom_09bf7cdd height_medium\"><div class=\"l-section-h i-cf\"><div class=\"g-cols vc_row via_flex valign_top type_default stacking_default\"><div class=\"vc_col-sm-12 wpb_column vc_column_container\"><div class=\"vc_column-inner\"><div class=\"wpb_wrapper\"><div class=\"wpb_text_column\"><div class=\"wpb_wrapper\"><h2>Services<\/h2>\n<\/div><\/div><div class=\"w-separator size_small\"><\/div><div class=\"g-cols wpb_row via_flex valign_top type_default stacking_default\"><div class=\"vc_col-sm-1\/5 wpb_column vc_column_container responsive-col-service\"><div class=\"vc_column-inner\"><div class=\"wpb_wrapper\"><div class=\"w-image us_custom_12711e67 align_none\"><a href=\"\/fr\/ingenierie\/\" aria-label=\"1_Ontwerp_icon\" class=\"w-image-h\"><img decoding=\"async\" width=\"150\" height=\"150\" src=\"https:\/\/www.tumag.be\/wp-content\/uploads\/2022\/05\/1_Ontwerp_icon.png\" class=\"attachment-full size-full\" alt=\"\" loading=\"lazy\" \/><\/a><\/div><div class=\"w-btn-wrapper align_none\"><a class=\"w-btn us-btn-style_2 us_custom_b4198c51\" title=\"D\u00e9veloppement d\u2019outillages\" href=\"\/fr\/ingenierie\/\"><span class=\"w-btn-label\">Ing\u00e9nierie<\/span><\/a><\/div><div class=\"w-separator size_small\"><\/div><div class=\"wpb_text_column\"><div class=\"wpb_wrapper\"><p>Gr\u00e2ce \u00e0 notre propre d\u00e9partement d'ing\u00e9nierie, nous collaborons \u00e9troitement avec le service de conception de nos clients afin d\u2019optimiser la fabricabilit\u00e9 du produit d\u00e8s les premi\u00e8res \u00e9tapes pour le moulage par injection\u2026<\/p>\n<\/div><\/div><div class=\"wpb_text_column\"><div class=\"wpb_wrapper\"><p><a href=\"\/fr\/ingenierie\/\">En savoir plus\u2026<\/a><\/p>\n<\/div><\/div><\/div><\/div><\/div><div class=\"vc_col-sm-1\/5 wpb_column vc_column_container responsive-col-service\"><div class=\"vc_column-inner\"><div class=\"wpb_wrapper\"><div class=\"w-image us_custom_12711e67 align_none\"><a href=\"\/fr\/production-de-haute-precision\/\" aria-label=\"2_HogePrecisieProductie_icon\" class=\"w-image-h\"><img decoding=\"async\" width=\"150\" height=\"150\" src=\"https:\/\/www.tumag.be\/wp-content\/uploads\/2022\/05\/2_HogePrecisieProductie_icon.png\" class=\"attachment-full size-full\" alt=\"\" loading=\"lazy\" \/><\/a><\/div><div class=\"w-btn-wrapper align_none\"><a class=\"w-btn us-btn-style_2 us_custom_b4198c51\" title=\"D\u00e9veloppement d\u2019outillages\" href=\"\/fr\/production-de-haute-precision\/\"><span class=\"w-btn-label\">Haute pr\u00e9cision<\/span><\/a><\/div><div class=\"w-separator size_small\"><\/div><div class=\"wpb_text_column\"><div class=\"wpb_wrapper\"><p>Dans notre espace de production climatis\u00e9, nous regroupons toutes les op\u00e9rations d\u2019usinage CNC de pr\u00e9cision afin de r\u00e9pondre \u00e0 nos besoins de production en haute mixit\u00e9 \/ faible volume<br \/>\net produire notre gamme de produits.<\/p>\n<\/div><\/div><div class=\"wpb_text_column\"><div class=\"wpb_wrapper\"><p><a href=\"\/fr\/production-de-haute-precision\/\">En savoir plus\u2026<\/a><\/p>\n<\/div><\/div><\/div><\/div><\/div><div class=\"vc_col-sm-1\/5 wpb_column vc_column_container responsive-col-service\"><div class=\"vc_column-inner\"><div class=\"wpb_wrapper\"><div class=\"w-image us_custom_12711e67 align_none\"><a href=\"\/fr\/controle-de-qualite\/\" aria-label=\"kc\" class=\"w-image-h\"><img decoding=\"async\" width=\"512\" height=\"512\" src=\"https:\/\/www.tumag.be\/wp-content\/uploads\/2024\/12\/kc.png\" class=\"attachment-full size-full\" alt=\"\" loading=\"lazy\" srcset=\"https:\/\/www.tumag.be\/wp-content\/uploads\/2024\/12\/kc.png 512w, https:\/\/www.tumag.be\/wp-content\/uploads\/2024\/12\/kc-300x300.png 300w, https:\/\/www.tumag.be\/wp-content\/uploads\/2024\/12\/kc-150x150.png 150w, https:\/\/www.tumag.be\/wp-content\/uploads\/2024\/12\/kc-12x12.png 12w, https:\/\/www.tumag.be\/wp-content\/uploads\/2024\/12\/kc-400x400.png 400w\" sizes=\"auto, (max-width: 512px) 100vw, 512px\" \/><\/a><\/div><div class=\"w-btn-wrapper align_none\"><a class=\"w-btn us-btn-style_2 us_custom_b4198c51\" title=\"D\u00e9veloppement d\u2019outillages\" href=\"\/fr\/controle-de-qualite\/\"><span class=\"w-btn-label\">Contr\u00f4le de qualit\u00e9<\/span><\/a><\/div><div class=\"w-separator size_small\"><\/div><div class=\"wpb_text_column\"><div class=\"wpb_wrapper\"><p>Tous nos produits sont fabriqu\u00e9s avec une pr\u00e9cision et une qualit\u00e9 sans cesse accrues, ce qui repr\u00e9sente \u00e9galement un d\u00e9fi croissant pour nos instruments de mesure. Lors de la production de pi\u00e8ces de pr\u00e9cision, il est\u2026<\/p>\n<\/div><\/div><div class=\"wpb_text_column\"><div class=\"wpb_wrapper\"><p><a href=\"\/fr\/controle-de-qualite\/\">En savoir plus\u2026<\/a><\/p>\n<\/div><\/div><\/div><\/div><\/div><div class=\"vc_col-sm-1\/5 wpb_column vc_column_container responsive-col-service\"><div class=\"vc_column-inner\"><div class=\"wpb_wrapper\"><div class=\"w-image us_custom_12711e67 align_none\"><a href=\"\/fr\/moulage-par-injection\/\" aria-label=\"spuitgieten3\" class=\"w-image-h\"><img decoding=\"async\" width=\"150\" height=\"150\" src=\"https:\/\/www.tumag.be\/wp-content\/uploads\/2024\/05\/spuitgieten3.png\" class=\"attachment-full size-full\" alt=\"\" loading=\"lazy\" \/><\/a><\/div><div class=\"w-btn-wrapper align_none\"><a class=\"w-btn us-btn-style_2 us_custom_b4198c51\" title=\"D\u00e9veloppement d\u2019outillages\" href=\"\/fr\/moulage-par-injection\/\"><span class=\"w-btn-label\">Moulage par injection<\/span><\/a><\/div><div class=\"w-separator size_small\"><\/div><div class=\"wpb_text_column\"><div class=\"wpb_wrapper\"><p>Nous mettons \u00e9galement notre expertise en moulage par injection \u00e0 la disposition de nos clients. Gr\u00e2ce \u00e0 nos presses \u00e0 injecter, initialement destin\u00e9es \u00e0 l\u2019optimisation, la validation et les tests de moules\u2026<\/p>\n<\/div><\/div><div class=\"wpb_text_column\"><div class=\"wpb_wrapper\"><p><a href=\"\/fr\/moulage-par-injection\/\">En savoir plus\u2026<\/a><\/p>\n<\/div><\/div><\/div><\/div><\/div><div class=\"vc_col-sm-1\/5 wpb_column vc_column_container responsive-col-service\"><div class=\"vc_column-inner\"><div class=\"wpb_wrapper\"><div class=\"w-image us_custom_12711e67 align_none\"><a href=\"\/fr\/entretien-des-moules\/\" aria-label=\"4_Nazorg, Onderhoud &amp; Herstellingen_icon\" class=\"w-image-h\"><img decoding=\"async\" width=\"150\" height=\"150\" src=\"https:\/\/www.tumag.be\/wp-content\/uploads\/2022\/05\/4_Nazorg-Onderhoud-Herstellingen_icon.png\" class=\"attachment-full size-full\" alt=\"\" loading=\"lazy\" \/><\/a><\/div><div class=\"w-btn-wrapper align_none\"><a class=\"w-btn us-btn-style_2 us_custom_b4198c51\" title=\"D\u00e9veloppement d\u2019outillages\" href=\"\/fr\/entretien-des-moules\/\"><span class=\"w-btn-label\">Entretien des moules<\/span><\/a><\/div><div class=\"w-separator size_small\"><\/div><div class=\"wpb_text_column\"><div class=\"wpb_wrapper\"><p>Que ce soit pour l\u2019entretien pr\u00e9ventif, les r\u00e9visions compl\u00e8tes ou la modification de moules ou de composants existants, vous \u00eates \u00e0 la bonne adresse chez Tumag. Nous pouvons \u00e9galement r\u00e9parer les pi\u00e8ces endommag\u00e9es pour vous.<\/p>\n<\/div><\/div><div class=\"wpb_text_column\"><div class=\"wpb_wrapper\"><p><a href=\"\/fr\/entretien-des-moules\/\">En savoir plus\u2026<\/a><\/p>\n<\/div><\/div><\/div><\/div><\/div><\/div><\/div><\/div><\/div><\/div><\/div><\/section>\n<\/div><\/div><\/div><\/div><\/div><\/section>","protected":false},"excerpt":{"rendered":"Hoge Precisie Productie \/ Vonkverspanen Draadvonken Vraag hier uw offerte aanDraadvonken: ultieme nauwkeurigheid en oppervlakteruwheid In toepassingen waar extreme precisie, strakke toleranties en hoogwaardige oppervlaktekwaliteit vereist zijn, biedt draadvonken een onge\u00ebvenaarde oplossing. Deze geavanceerde EDM-techniek wordt veelvuldig ingezet in sectoren zoals matrijzenbouw, machinebouw en hightech industrie. Bij Tumag is draadvonken een kerncompetentie die wij door...","protected":false},"author":4,"featured_media":0,"parent":1345,"menu_order":0,"comment_status":"closed","ping_status":"closed","template":"","meta":{"_seopress_robots_primary_cat":"","_seopress_titles_title":"Draadvonken - Tumag","_seopress_titles_desc":"Tumag heeft jarenlange ervaring in draadvonken en maakt gebruik van geavanceerde draadvonkmachines waarmee zeer hoge nauwkeurigheden mogelijk zijn.","_seopress_robots_index":"","footnotes":""},"class_list":["post-1373","page","type-page","status-publish","hentry"],"_links":{"self":[{"href":"https:\/\/www.tumag.be\/fr\/wp-json\/wp\/v2\/pages\/1373","targetHints":{"allow":["GET"]}}],"collection":[{"href":"https:\/\/www.tumag.be\/fr\/wp-json\/wp\/v2\/pages"}],"about":[{"href":"https:\/\/www.tumag.be\/fr\/wp-json\/wp\/v2\/types\/page"}],"author":[{"embeddable":true,"href":"https:\/\/www.tumag.be\/fr\/wp-json\/wp\/v2\/users\/4"}],"replies":[{"embeddable":true,"href":"https:\/\/www.tumag.be\/fr\/wp-json\/wp\/v2\/comments?post=1373"}],"version-history":[{"count":0,"href":"https:\/\/www.tumag.be\/fr\/wp-json\/wp\/v2\/pages\/1373\/revisions"}],"up":[{"embeddable":true,"href":"https:\/\/www.tumag.be\/fr\/wp-json\/wp\/v2\/pages\/1345"}],"wp:attachment":[{"href":"https:\/\/www.tumag.be\/fr\/wp-json\/wp\/v2\/media?parent=1373"}],"curies":[{"name":"wp","href":"https:\/\/api.w.org\/{rel}","templated":true}]}}