{"id":1380,"date":"2024-06-13T06:30:04","date_gmt":"2024-06-13T06:30:04","guid":{"rendered":"https:\/\/www.tumag.be\/?page_id=1380"},"modified":"2026-03-10T05:42:40","modified_gmt":"2026-03-10T05:42:40","slug":"electroerosion-par-enfoncage","status":"publish","type":"page","link":"https:\/\/www.tumag.be\/fr\/hoge-precisie-productie\/vonkverspanen\/zinkvonken\/","title":{"rendered":"Per\u00e7age par \u00e9lectro\u00e9rosion"},"content":{"rendered":"<section class=\"l-section wpb_row us_custom_e2e4f9c1 has_text_color height_medium\"><div class=\"l-section-overlay\" style=\"background:rgba(3,46,85,0.40)\"><\/div><div class=\"l-section-h i-cf\"><div class=\"g-cols vc_row via_flex valign_middle type_default stacking_default\"><div class=\"vc_col-sm-12 wpb_column vc_column_container\"><div class=\"vc_column-inner\"><div class=\"wpb_wrapper\"><div class=\"w-separator size_custom\" style=\"height:150px\" id=\"e640\"><style>@media(max-width:1599px){ #e640{height:100px!important}}@media(max-width:767px){ #e640{height:50px!important}}<\/style><\/div><div class=\"wpb_text_column us_custom_0207f80c small-headline-margin-bottom\"><div class=\"wpb_wrapper\"><p>Production de Haute Pr\u00e9cision \/ \u00c9lectro\u00e9rosion<\/p>\n<\/div><\/div><div class=\"wpb_text_column\"><div class=\"wpb_wrapper\"><h1>Per\u00e7age par \u00e9lectro\u00e9rosion<\/h1>\n<\/div><\/div><div class=\"w-separator size_custom\" style=\"height:150px\" id=\"ce2f\"><style>@media(max-width:1599px){ #ce2f{height:100px!important}}@media(max-width:767px){ #ce2f{height:50px!important}}<\/style><\/div><\/div><\/div><\/div><\/div><\/div><\/section><section class=\"l-section wpb_row height_medium\"><div class=\"l-section-h i-cf\"><div class=\"g-cols vc_row via_flex valign_top type_default stacking_default\"><div class=\"vc_col-sm-4\/5 wpb_column vc_column_container\"><div class=\"vc_column-inner\"><div class=\"wpb_wrapper\"><div class=\"g-cols wpb_row via_flex valign_top type_default stacking_default\"><div class=\"vc_col-sm-6 wpb_column vc_column_container\"><div class=\"vc_column-inner\"><div class=\"wpb_wrapper\"><div class=\"w-html\"><iframe width=\"560\" height=\"315\" src=\"https:\/\/www.youtube.com\/embed\/Fbn8SZwM-i4?si=6sWZ2owSqzDe2sFH\" title=\"YouTube video player\" frameborder=\"0\" allow=\"accelerometer; autoplay; clipboard-write; encrypted-media; gyroscope; picture-in-picture; web-share\" referrerpolicy=\"strict-origin-when-cross-origin\" allowfullscreen><\/iframe><\/div><div class=\"w-separator size_small\"><\/div><div class=\"w-image align_none\"><div class=\"w-image-h\"><img decoding=\"async\" width=\"1000\" height=\"694\" src=\"https:\/\/www.tumag.be\/wp-content\/uploads\/2024\/06\/zinkvonken1.jpg\" class=\"attachment-large size-large\" alt=\"\" loading=\"lazy\" srcset=\"https:\/\/www.tumag.be\/wp-content\/uploads\/2024\/06\/zinkvonken1.jpg 1000w, https:\/\/www.tumag.be\/wp-content\/uploads\/2024\/06\/zinkvonken1-300x208.jpg 300w\" sizes=\"auto, (max-width: 1000px) 100vw, 1000px\" \/><\/div><\/div><div class=\"w-separator size_small\"><\/div><div class=\"w-btn-wrapper align_none\"><a class=\"w-btn us-btn-style_1\" href=\"\/fr\/contactez-nous\/\"><span class=\"w-btn-label\">Votre devis pr\u00e9cis et personnalis\u00e9<\/span><\/a><\/div><\/div><\/div><\/div><div class=\"vc_col-sm-6 wpb_column vc_column_container\"><div class=\"vc_column-inner\"><div class=\"wpb_wrapper\"><div class=\"wpb_text_column\"><div class=\"wpb_wrapper\"><h2>Formes complexes avec une pr\u00e9cision extr\u00eame<\/h2>\n<p>Dans l\u2019industrie de pr\u00e9cision actuelle, les composants deviennent de plus en plus complexes et les tol\u00e9rances de plus en plus strictes. En particulier pour la fabrication de moules, de pi\u00e8ces de forme et de composants fonctionnels de pr\u00e9cision, les techniques d\u2019usinage conventionnelles ne suffisent souvent plus. Dans de tels cas, l\u2019\u00e9lectro\u00e9rosion par enfon\u00e7age offre une solution extr\u00eamement pr\u00e9cise et fiable. Tout comme l\u2019\u00e9lectro\u00e9rosion \u00e0 fil, l\u2019\u00e9lectro\u00e9rosion par enfon\u00e7age est une sp\u00e9cialit\u00e9 que Tumag ma\u00eetrise dans les moindres d\u00e9tails.<\/p>\n<h2>Qu\u2019est-ce que l\u2019\u00e9lectro\u00e9rosion par enfon\u00e7age ?<\/h2>\n<p>L\u2019\u00e9lectro\u00e9rosion par enfon\u00e7age, \u00e9galement appel\u00e9e sinker EDM, est une technique d\u2019usinage dans laquelle la mati\u00e8re est enlev\u00e9e au moyen de d\u00e9charges \u00e9lectriques entre une \u00e9lectrode profil\u00e9e et la pi\u00e8ce. L\u2019\u00e9lectrode, qui poss\u00e8de exactement la forme n\u00e9gative souhait\u00e9e, est \u00ab enfonc\u00e9e \u00bb de mani\u00e8re contr\u00f4l\u00e9e dans la pi\u00e8ce. Sous l\u2019effet des \u00e9tincelles, le mat\u00e9riau est localement fondu puis \u00e9vacu\u00e9, ce qui permet de reproduire la forme avec une tr\u00e8s grande pr\u00e9cision.<\/p>\n<\/div><\/div><\/div><\/div><\/div><\/div><div class=\"g-cols wpb_row via_flex valign_top type_default stacking_default\"><div class=\"vc_col-sm-12 wpb_column vc_column_container\"><div class=\"vc_column-inner\"><div class=\"wpb_wrapper\"><div class=\"w-separator size_small\"><\/div><div class=\"wpb_text_column\"><div class=\"wpb_wrapper\"><h2>Id\u00e9al pour les g\u00e9om\u00e9tries complexes<\/h2>\n<p>L\u2019un des principaux avantages de l\u2019\u00e9lectro\u00e9rosion par enfon\u00e7age est la possibilit\u00e9 de r\u00e9aliser des formes et des d\u00e9tails tr\u00e8s complexes, difficiles voire impossibles \u00e0 obtenir avec des techniques conventionnelles de fraisage ou de tournage. Il s\u2019agit notamment d\u2019angles internes vifs, de cavit\u00e9s profondes, de structures fines et de contours 3D complexes. Ces caract\u00e9ristiques rendent l\u2019\u00e9lectro\u00e9rosion par enfon\u00e7age particuli\u00e8rement adapt\u00e9e \u00e0 la fabrication de moules, de poin\u00e7ons, d\u2019outillages et de pi\u00e8ces de pr\u00e9cision n\u00e9cessitant une grande exactitude de forme.<\/p>\n<h2>Usinage de mat\u00e9riaux durs et sensibles<\/h2>\n<p>L\u2019\u00e9lectro\u00e9rosion par enfon\u00e7age est fr\u00e9quemment utilis\u00e9e pour l\u2019usinage de mat\u00e9riaux tr\u00e8s durs tels que l\u2019acier tremp\u00e9, le carbure et d\u2019autres alliages r\u00e9sistants \u00e0 l\u2019usure. \u00c9tant donn\u00e9 que le proc\u00e9d\u00e9 n\u2019exerce aucune force m\u00e9canique sur la pi\u00e8ce, la duret\u00e9 du mat\u00e9riau ne constitue pas un facteur limitant. De plus, cette technique est particuli\u00e8rement adapt\u00e9e \u00e0 l\u2019usinage de composants d\u00e9licats ou \u00e0 parois minces, pour lesquels le risque de d\u00e9formation ou de concentration de contraintes est r\u00e9duit au minimum.<\/p>\n<h2>Tol\u00e9rances strictes et qualit\u00e9 reproductible<\/h2>\n<p>Gr\u00e2ce \u00e0 un niveau \u00e9lev\u00e9 de ma\u00eetrise du processus, l\u2019\u00e9lectro\u00e9rosion par enfon\u00e7age permet d\u2019atteindre des tol\u00e9rances extr\u00eamement strictes. La pr\u00e9cision dimensionnelle et la qualit\u00e9 de surface sont constantes et reproductibles, ce qui est essentiel pour la production en s\u00e9rie et les applications haut de gamme. L\u2019expertise de Tumag en \u00e9lectro\u00e9rosion par enfon\u00e7age nous permet de fabriquer des composants de pr\u00e9cision r\u00e9pondant aux exigences de qualit\u00e9 les plus \u00e9lev\u00e9es de nos clients.<\/p>\n<h2>Expertise technologique chez Tumag<\/h2>\n<p>Tumag investit en permanence dans des machines d\u2019\u00e9lectro\u00e9rosion par enfon\u00e7age modernes, une production d\u2019\u00e9lectrodes de haute qualit\u00e9 et des techniques avanc\u00e9es de mesure et de contr\u00f4le. Combin\u00e9 aux connaissances approfondies et \u00e0 l\u2019exp\u00e9rience de nos collaborateurs, cela se traduit par un processus de production stable et fiable. Nous collaborons activement avec nos clients, tant lors de la phase de conception que pendant la production, afin d\u2019aboutir \u00e0 un r\u00e9sultat final optimal.<\/p>\n<h2>Votre partenaire pour l\u2019\u00e9lectro\u00e9rosion par enfon\u00e7age<\/h2>\n<p>Qu\u2019il s\u2019agisse de pi\u00e8ces unitaires, de prototypes ou de petites et moyennes s\u00e9ries, Tumag propose une approche flexible et ax\u00e9e sur la qualit\u00e9 pour l\u2019\u00e9lectro\u00e9rosion par enfon\u00e7age. Gr\u00e2ce \u00e0 notre savoir-faire technique et \u00e0 notre souci de la pr\u00e9cision, nous sommes un partenaire fiable pour des applications exigeantes dans de nombreux secteurs.<\/p>\n<p>Souhaitez-vous en savoir plus sur notre expertise en \u00e9lectro\u00e9rosion par enfon\u00e7age ou discuter de ce que nous pouvons apporter \u00e0 votre projet ? N\u2019h\u00e9sitez pas \u00e0 nous contacter sans engagement.<\/p>\n<\/div><\/div><\/div><\/div><\/div><\/div><\/div><\/div><\/div><div class=\"vc_col-sm-1\/5 wpb_column vc_column_container\"><div class=\"vc_column-inner type_sticky\"><div class=\"wpb_wrapper\"><section class=\"l-section wpb_row height_auto width_full\"><div class=\"l-section-h i-cf\"><div class=\"g-cols vc_row via_flex valign_middle type_default stacking_default\"><div class=\"vc_col-sm-12 wpb_column vc_column_container\"><div class=\"vc_column-inner\"><div class=\"wpb_wrapper\"><div class=\"g-cols wpb_row us_custom_f74dd8af via_flex valign_top type_default stacking_default\"><div class=\"vc_col-sm-12 wpb_column vc_column_container\"><div class=\"vc_column-inner\"><div class=\"wpb_wrapper\"><div class=\"wpb_text_column us_custom_b24a7315\"><div class=\"wpb_wrapper\"><p style=\"text-align: center;\"><strong>Production de haute pr\u00e9cision<\/strong><\/p>\n<\/div><\/div><div class=\"w-btn-wrapper align_justify\"><a class=\"w-btn us-btn-style_2 us_custom_0490361b\" href=\"\/fr\/production-de-haute-precision\/usinage\/\"><span class=\"w-btn-label\">Usinage<\/span><\/a><\/div><div class=\"w-image us_custom_4edece6e hide_on_mobiles align_center\"><div class=\"w-image-h\"><img decoding=\"async\" width=\"150\" height=\"150\" src=\"https:\/\/www.tumag.be\/wp-content\/uploads\/2026\/02\/icon-verspanen.webp\" class=\"attachment-large size-large\" alt=\"\" loading=\"lazy\" srcset=\"https:\/\/www.tumag.be\/wp-content\/uploads\/2026\/02\/icon-verspanen.webp 150w, https:\/\/www.tumag.be\/wp-content\/uploads\/2026\/02\/icon-verspanen-12x12.webp 12w\" sizes=\"auto, (max-width: 150px) 100vw, 150px\" \/><\/div><\/div><div class=\"wpb_text_column\"><div class=\"wpb_wrapper\"><ul>\n<li><a href=\"\/fr\/production-de-haute-precision\/usinage\/tournage-cnc\/\">Tournage CNC<\/a><\/li>\n<li><a href=\"\/fr\/production-de-haute-precision\/usinage\/fraisage-cnc\/\">Fraisage CNC<\/a><\/li>\n<li><a href=\"\/fr\/production-de-haute-precision\/usinage\/fraisage-hsm\/\">Fraisage HSM<\/a><\/li>\n<li><a href=\"\/fr\/production-de-haute-precision\/usinage\/percage-de-trous-profonds\/\">Per\u00e7age de trous profonds<\/a><\/li>\n<\/ul>\n<\/div><\/div><div class=\"w-btn-wrapper align_justify\"><a class=\"w-btn us-btn-style_2\" href=\"\/fr\/production-de-haute-precision\/usinage-par-edm\/\"><span class=\"w-btn-label\">Usinage par \u00e9lectro\u00e9rosion<\/span><\/a><\/div><div class=\"w-image hide_on_mobiles align_center\"><div class=\"w-image-h\"><img decoding=\"async\" width=\"150\" height=\"150\" src=\"https:\/\/www.tumag.be\/wp-content\/uploads\/2026\/02\/icon-vonkerosie.webp\" class=\"attachment-large size-large\" alt=\"\" loading=\"lazy\" srcset=\"https:\/\/www.tumag.be\/wp-content\/uploads\/2026\/02\/icon-vonkerosie.webp 150w, https:\/\/www.tumag.be\/wp-content\/uploads\/2026\/02\/icon-vonkerosie-12x12.webp 12w\" sizes=\"auto, (max-width: 150px) 100vw, 150px\" \/><\/div><\/div><div class=\"wpb_text_column\"><div class=\"wpb_wrapper\"><ul>\n<li><a href=\"\/fr\/production-de-haute-precision\/usinage-par-edm\/electroerosion-a-fil\/\">\u00c9lectro\u00e9rosion \u00e0 fil<\/a><\/li>\n<li><a href=\"\/fr\/production-de-haute-precision\/usinage-par-edm\/electroerosion-par-enfoncage\/\">Per\u00e7age par \u00e9lectro\u00e9rosion<\/a><\/li>\n<li><a href=\"\/fr\/production-de-haute-precision\/usinage-par-edm\/percage-edm\/\">Per\u00e7age par \u00e9lectro\u00e9rosion<\/a><\/li>\n<li><a href=\"\/fr\/production-de-haute-precision\/usinage-par-edm\/electrodes-pour-edm\/\">Electrodes<\/a><\/li>\n<\/ul>\n<\/div><\/div><div class=\"w-btn-wrapper align_justify\"><a class=\"w-btn us-btn-style_2\" href=\"\/fr\/production-de-haute-precision\/rectification\/\"><span class=\"w-btn-label\">Rectification<\/span><\/a><\/div><div class=\"w-image hide_on_mobiles align_center\"><div class=\"w-image-h\"><img decoding=\"async\" width=\"150\" height=\"150\" src=\"https:\/\/www.tumag.be\/wp-content\/uploads\/2026\/02\/icon-slijpen.webp\" class=\"attachment-large size-large\" alt=\"\" loading=\"lazy\" srcset=\"https:\/\/www.tumag.be\/wp-content\/uploads\/2026\/02\/icon-slijpen.webp 150w, https:\/\/www.tumag.be\/wp-content\/uploads\/2026\/02\/icon-slijpen-12x12.webp 12w\" sizes=\"auto, (max-width: 150px) 100vw, 150px\" \/><\/div><\/div><div class=\"wpb_text_column\"><div class=\"wpb_wrapper\"><ul>\n<li><a href=\"\/fr\/production-de-haute-precision\/rectification\/rectification-plane\/\">Rectification plane<\/a><\/li>\n<li><a href=\"\/fr\/production-de-haute-precision\/rectification\/rectification-de-profils\/\">Rectification de profils<\/a><\/li>\n<li><a href=\"\/fr\/production-de-haute-precision\/rectification\/rectification-cylindrique\/\">Rectification cylindrique<\/a><\/li>\n<li><a href=\"\/fr\/production-de-haute-precision\/rectification\/rectification-de-coordonnees\/\">Rectification en coordination<\/a><\/li>\n<\/ul>\n<\/div><\/div><div class=\"w-btn-wrapper align_justify\"><a class=\"w-btn us-btn-style_2\" href=\"\/fr\/production-de-haute-precision\/ajustage-en-micromecanique\/\"><span class=\"w-btn-label\">Ajustage<\/span><\/a><\/div><div class=\"w-image hide_on_mobiles align_center\"><div class=\"w-image-h\"><img decoding=\"async\" width=\"150\" height=\"150\" src=\"https:\/\/www.tumag.be\/wp-content\/uploads\/2026\/02\/icon-onderhoud.webp\" class=\"attachment-large size-large\" alt=\"\" loading=\"lazy\" srcset=\"https:\/\/www.tumag.be\/wp-content\/uploads\/2026\/02\/icon-onderhoud.webp 150w, https:\/\/www.tumag.be\/wp-content\/uploads\/2026\/02\/icon-onderhoud-12x12.webp 12w\" sizes=\"auto, (max-width: 150px) 100vw, 150px\" \/><\/div><\/div><div class=\"wpb_text_column\"><div class=\"wpb_wrapper\"><ul>\n<li><a href=\"\/fr\/production-de-haute-precision\/ajustage-en-micromecanique\/montage\/\">Montage<\/a><\/li>\n<li><a href=\"\/fr\/production-de-haute-precision\/ajustage-en-micromecanique\/polissage\/\">Polissage<\/a><\/li>\n<li><a href=\"\/fr\/production-de-haute-precision\/ajustage-en-micromecanique\/soudage-laser\/\">Soudage laser<\/a><\/li>\n<li><a href=\"\/fr\/production-de-haute-precision\/ajustage-en-micromecanique\/gravure-laser\/\">Gravure laser<\/a><\/li>\n<\/ul>\n<\/div><\/div><div class=\"w-separator size_small\"><\/div><\/div><\/div><\/div><\/div><\/div><\/div><\/div><\/div><\/div><\/section>\n<\/div><\/div><\/div><\/div><\/div><\/section><section class=\"l-section wpb_row height_medium\"><div class=\"l-section-h i-cf\"><div class=\"g-cols vc_row via_flex valign_top type_default stacking_default\"><div class=\"vc_col-sm-12 wpb_column vc_column_container\"><div class=\"vc_column-inner\"><div class=\"wpb_wrapper\"><section class=\"l-section wpb_row us_custom_09bf7cdd height_medium\"><div class=\"l-section-h i-cf\"><div class=\"g-cols vc_row via_flex valign_top type_default stacking_default\"><div class=\"vc_col-sm-12 wpb_column vc_column_container\"><div class=\"vc_column-inner\"><div class=\"wpb_wrapper\"><div class=\"wpb_text_column\"><div class=\"wpb_wrapper\"><h2>Services<\/h2>\n<\/div><\/div><div class=\"w-separator size_small\"><\/div><div class=\"g-cols wpb_row via_flex valign_top type_default stacking_default\"><div class=\"vc_col-sm-1\/5 wpb_column vc_column_container responsive-col-service\"><div class=\"vc_column-inner\"><div class=\"wpb_wrapper\"><div class=\"w-image us_custom_12711e67 align_none\"><a href=\"\/fr\/ingenierie\/\" aria-label=\"1_Ontwerp_icon\" class=\"w-image-h\"><img decoding=\"async\" width=\"150\" height=\"150\" src=\"https:\/\/www.tumag.be\/wp-content\/uploads\/2022\/05\/1_Ontwerp_icon.png\" class=\"attachment-full size-full\" alt=\"\" loading=\"lazy\" \/><\/a><\/div><div class=\"w-btn-wrapper align_none\"><a class=\"w-btn us-btn-style_2 us_custom_b4198c51\" title=\"D\u00e9veloppement d\u2019outillages\" href=\"\/fr\/ingenierie\/\"><span class=\"w-btn-label\">Ing\u00e9nierie<\/span><\/a><\/div><div class=\"w-separator size_small\"><\/div><div class=\"wpb_text_column\"><div class=\"wpb_wrapper\"><p>Gr\u00e2ce \u00e0 notre propre d\u00e9partement d'ing\u00e9nierie, nous collaborons \u00e9troitement avec le service de conception de nos clients afin d\u2019optimiser la fabricabilit\u00e9 du produit d\u00e8s les premi\u00e8res \u00e9tapes pour le moulage par injection\u2026<\/p>\n<\/div><\/div><div class=\"wpb_text_column\"><div class=\"wpb_wrapper\"><p><a href=\"\/fr\/ingenierie\/\">En savoir plus\u2026<\/a><\/p>\n<\/div><\/div><\/div><\/div><\/div><div class=\"vc_col-sm-1\/5 wpb_column vc_column_container responsive-col-service\"><div class=\"vc_column-inner\"><div class=\"wpb_wrapper\"><div class=\"w-image us_custom_12711e67 align_none\"><a href=\"\/fr\/production-de-haute-precision\/\" aria-label=\"2_HogePrecisieProductie_icon\" class=\"w-image-h\"><img decoding=\"async\" width=\"150\" height=\"150\" src=\"https:\/\/www.tumag.be\/wp-content\/uploads\/2022\/05\/2_HogePrecisieProductie_icon.png\" class=\"attachment-full size-full\" alt=\"\" loading=\"lazy\" \/><\/a><\/div><div class=\"w-btn-wrapper align_none\"><a class=\"w-btn us-btn-style_2 us_custom_b4198c51\" title=\"D\u00e9veloppement d\u2019outillages\" href=\"\/fr\/production-de-haute-precision\/\"><span class=\"w-btn-label\">Haute pr\u00e9cision<\/span><\/a><\/div><div class=\"w-separator size_small\"><\/div><div class=\"wpb_text_column\"><div class=\"wpb_wrapper\"><p>Dans notre espace de production climatis\u00e9, nous regroupons toutes les op\u00e9rations d\u2019usinage CNC de pr\u00e9cision afin de r\u00e9pondre \u00e0 nos besoins de production en haute mixit\u00e9 \/ faible volume<br \/>\net produire notre gamme de produits.<\/p>\n<\/div><\/div><div class=\"wpb_text_column\"><div class=\"wpb_wrapper\"><p><a href=\"\/fr\/production-de-haute-precision\/\">En savoir plus\u2026<\/a><\/p>\n<\/div><\/div><\/div><\/div><\/div><div class=\"vc_col-sm-1\/5 wpb_column vc_column_container responsive-col-service\"><div class=\"vc_column-inner\"><div class=\"wpb_wrapper\"><div class=\"w-image us_custom_12711e67 align_none\"><a href=\"\/fr\/controle-de-qualite\/\" aria-label=\"kc\" class=\"w-image-h\"><img decoding=\"async\" width=\"512\" height=\"512\" src=\"https:\/\/www.tumag.be\/wp-content\/uploads\/2024\/12\/kc.png\" class=\"attachment-full size-full\" alt=\"\" loading=\"lazy\" srcset=\"https:\/\/www.tumag.be\/wp-content\/uploads\/2024\/12\/kc.png 512w, https:\/\/www.tumag.be\/wp-content\/uploads\/2024\/12\/kc-300x300.png 300w, https:\/\/www.tumag.be\/wp-content\/uploads\/2024\/12\/kc-150x150.png 150w, https:\/\/www.tumag.be\/wp-content\/uploads\/2024\/12\/kc-12x12.png 12w, https:\/\/www.tumag.be\/wp-content\/uploads\/2024\/12\/kc-400x400.png 400w\" sizes=\"auto, (max-width: 512px) 100vw, 512px\" \/><\/a><\/div><div class=\"w-btn-wrapper align_none\"><a class=\"w-btn us-btn-style_2 us_custom_b4198c51\" title=\"D\u00e9veloppement d\u2019outillages\" href=\"\/fr\/controle-de-qualite\/\"><span class=\"w-btn-label\">Contr\u00f4le de qualit\u00e9<\/span><\/a><\/div><div class=\"w-separator size_small\"><\/div><div class=\"wpb_text_column\"><div class=\"wpb_wrapper\"><p>Tous nos produits sont fabriqu\u00e9s avec une pr\u00e9cision et une qualit\u00e9 sans cesse accrues, ce qui repr\u00e9sente \u00e9galement un d\u00e9fi croissant pour nos instruments de mesure. Lors de la production de pi\u00e8ces de pr\u00e9cision, il est\u2026<\/p>\n<\/div><\/div><div class=\"wpb_text_column\"><div class=\"wpb_wrapper\"><p><a href=\"\/fr\/controle-de-qualite\/\">En savoir plus\u2026<\/a><\/p>\n<\/div><\/div><\/div><\/div><\/div><div class=\"vc_col-sm-1\/5 wpb_column vc_column_container responsive-col-service\"><div class=\"vc_column-inner\"><div class=\"wpb_wrapper\"><div class=\"w-image us_custom_12711e67 align_none\"><a href=\"\/fr\/moulage-par-injection\/\" aria-label=\"spuitgieten3\" class=\"w-image-h\"><img decoding=\"async\" width=\"150\" height=\"150\" src=\"https:\/\/www.tumag.be\/wp-content\/uploads\/2024\/05\/spuitgieten3.png\" class=\"attachment-full size-full\" alt=\"\" loading=\"lazy\" \/><\/a><\/div><div class=\"w-btn-wrapper align_none\"><a class=\"w-btn us-btn-style_2 us_custom_b4198c51\" title=\"D\u00e9veloppement d\u2019outillages\" href=\"\/fr\/moulage-par-injection\/\"><span class=\"w-btn-label\">Moulage par injection<\/span><\/a><\/div><div class=\"w-separator size_small\"><\/div><div class=\"wpb_text_column\"><div class=\"wpb_wrapper\"><p>Nous mettons \u00e9galement notre expertise en moulage par injection \u00e0 la disposition de nos clients. Gr\u00e2ce \u00e0 nos presses \u00e0 injecter, initialement destin\u00e9es \u00e0 l\u2019optimisation, la validation et les tests de moules\u2026<\/p>\n<\/div><\/div><div class=\"wpb_text_column\"><div class=\"wpb_wrapper\"><p><a href=\"\/fr\/moulage-par-injection\/\">En savoir plus\u2026<\/a><\/p>\n<\/div><\/div><\/div><\/div><\/div><div class=\"vc_col-sm-1\/5 wpb_column vc_column_container responsive-col-service\"><div class=\"vc_column-inner\"><div class=\"wpb_wrapper\"><div class=\"w-image us_custom_12711e67 align_none\"><a href=\"\/fr\/entretien-des-moules\/\" aria-label=\"4_Nazorg, Onderhoud &amp; Herstellingen_icon\" class=\"w-image-h\"><img decoding=\"async\" width=\"150\" height=\"150\" src=\"https:\/\/www.tumag.be\/wp-content\/uploads\/2022\/05\/4_Nazorg-Onderhoud-Herstellingen_icon.png\" class=\"attachment-full size-full\" alt=\"\" loading=\"lazy\" \/><\/a><\/div><div class=\"w-btn-wrapper align_none\"><a class=\"w-btn us-btn-style_2 us_custom_b4198c51\" title=\"D\u00e9veloppement d\u2019outillages\" href=\"\/fr\/entretien-des-moules\/\"><span class=\"w-btn-label\">Entretien des moules<\/span><\/a><\/div><div class=\"w-separator size_small\"><\/div><div class=\"wpb_text_column\"><div class=\"wpb_wrapper\"><p>Que ce soit pour l\u2019entretien pr\u00e9ventif, les r\u00e9visions compl\u00e8tes ou la modification de moules ou de composants existants, vous \u00eates \u00e0 la bonne adresse chez Tumag. Nous pouvons \u00e9galement r\u00e9parer les pi\u00e8ces endommag\u00e9es pour vous.<\/p>\n<\/div><\/div><div class=\"wpb_text_column\"><div class=\"wpb_wrapper\"><p><a href=\"\/fr\/entretien-des-moules\/\">En savoir plus\u2026<\/a><\/p>\n<\/div><\/div><\/div><\/div><\/div><\/div><\/div><\/div><\/div><\/div><\/div><\/section>\n<\/div><\/div><\/div><\/div><\/div><\/section>","protected":false},"excerpt":{"rendered":"Hoge Precisie Productie \/ Vonkverspanen Zinkvonken Vraag hier uw offerte aanComplexe vormen met zeer hoge precisie In de hedendaagse precisie-industrie worden componenten steeds complexer en de toleranties steeds strenger. Vooral bij het vervaardigen van matrijzen, vormdelen en functionele precisiecomponenten volstaat een conventionele bewerkingstechniek vaak niet meer. In dergelijke gevallen biedt zinkvonken een uiterst nauwkeurige en...","protected":false},"author":4,"featured_media":0,"parent":1345,"menu_order":0,"comment_status":"closed","ping_status":"closed","template":"","meta":{"_seopress_robots_primary_cat":"","_seopress_titles_title":"Zinkvonken - Tumag","_seopress_titles_desc":"Tumag\u2019s expertise in zinkvonken stelt ons in staat precisiecomponenten te vervaardigen met zeer strikte toleranties.","_seopress_robots_index":"","footnotes":""},"class_list":["post-1380","page","type-page","status-publish","hentry"],"_links":{"self":[{"href":"https:\/\/www.tumag.be\/fr\/wp-json\/wp\/v2\/pages\/1380","targetHints":{"allow":["GET"]}}],"collection":[{"href":"https:\/\/www.tumag.be\/fr\/wp-json\/wp\/v2\/pages"}],"about":[{"href":"https:\/\/www.tumag.be\/fr\/wp-json\/wp\/v2\/types\/page"}],"author":[{"embeddable":true,"href":"https:\/\/www.tumag.be\/fr\/wp-json\/wp\/v2\/users\/4"}],"replies":[{"embeddable":true,"href":"https:\/\/www.tumag.be\/fr\/wp-json\/wp\/v2\/comments?post=1380"}],"version-history":[{"count":0,"href":"https:\/\/www.tumag.be\/fr\/wp-json\/wp\/v2\/pages\/1380\/revisions"}],"up":[{"embeddable":true,"href":"https:\/\/www.tumag.be\/fr\/wp-json\/wp\/v2\/pages\/1345"}],"wp:attachment":[{"href":"https:\/\/www.tumag.be\/fr\/wp-json\/wp\/v2\/media?parent=1380"}],"curies":[{"name":"wp","href":"https:\/\/api.w.org\/{rel}","templated":true}]}}