{"id":1540,"date":"2024-08-22T06:54:14","date_gmt":"2024-08-22T06:54:14","guid":{"rendered":"https:\/\/www.tumag.be\/?page_id=1540"},"modified":"2026-03-10T05:38:52","modified_gmt":"2026-03-10T05:38:52","slug":"rectification-de-coordonnees","status":"publish","type":"page","link":"https:\/\/www.tumag.be\/fr\/hoge-precisie-productie\/slijpen\/coordinatenslijpen\/","title":{"rendered":"Co\u00f6rdinatenslijpen"},"content":{"rendered":"<section class=\"l-section wpb_row us_custom_9df4e586 has_text_color height_medium\"><div class=\"l-section-overlay\" style=\"background:rgba(3,46,85,0.40)\"><\/div><div class=\"l-section-h i-cf\"><div class=\"g-cols vc_row via_flex valign_middle type_default stacking_default\"><div class=\"vc_col-sm-12 wpb_column vc_column_container\"><div class=\"vc_column-inner\"><div class=\"wpb_wrapper\"><div class=\"w-separator size_custom\" style=\"height:150px\" id=\"e90e\"><style>@media(max-width:1599px){ #e90e{height:100px!important}}@media(max-width:767px){ #e90e{height:50px!important}}<\/style><\/div><div class=\"wpb_text_column us_custom_0207f80c small-headline-margin-bottom\"><div class=\"wpb_wrapper\"><p>Production de Haute Pr\u00e9cision \/ Rectification<\/p>\n<\/div><\/div><div class=\"wpb_text_column\"><div class=\"wpb_wrapper\"><h1 class=\"translation-block\">Rectification par coordonn\u00e9es<\/h1>\n<\/div><\/div><div class=\"w-separator size_custom\" style=\"height:150px\" id=\"b0ee\"><style>@media(max-width:1599px){ #b0ee{height:100px!important}}@media(max-width:767px){ #b0ee{height:50px!important}}<\/style><\/div><\/div><\/div><\/div><\/div><\/div><\/section><section class=\"l-section wpb_row height_medium\"><div class=\"l-section-h i-cf\"><div class=\"g-cols vc_row via_flex valign_top type_default stacking_default\"><div class=\"vc_col-sm-2\/5 wpb_column vc_column_container\"><div class=\"vc_column-inner\"><div class=\"wpb_wrapper\"><div class=\"w-image align_none\"><div class=\"w-image-h\"><img decoding=\"async\" width=\"1000\" height=\"1000\" src=\"https:\/\/www.tumag.be\/wp-content\/uploads\/2024\/08\/co-slijpen.jpg\" class=\"attachment-large size-large\" alt=\"\" loading=\"lazy\" srcset=\"https:\/\/www.tumag.be\/wp-content\/uploads\/2024\/08\/co-slijpen.jpg 1000w, https:\/\/www.tumag.be\/wp-content\/uploads\/2024\/08\/co-slijpen-300x300.jpg 300w, https:\/\/www.tumag.be\/wp-content\/uploads\/2024\/08\/co-slijpen-150x150.jpg 150w\" sizes=\"auto, (max-width: 1000px) 100vw, 1000px\" \/><\/div><\/div><div class=\"w-separator size_small\"><\/div><\/div><\/div><\/div><div class=\"vc_col-sm-2\/5 wpb_column vc_column_container\"><div class=\"vc_column-inner\"><div class=\"wpb_wrapper\"><div class=\"wpb_text_column\"><div class=\"wpb_wrapper\"><h5><strong>Rectification de coordonn\u00e9es : Pour les travaux les plus d\u00e9licats<\/strong><\/h5>\n<p>En plus de la rectification plane et de la rectification de profils, Tumag excelle \u00e9galement dans la rectification de coordonn\u00e9es. Ce proc\u00e9d\u00e9 de rectification repose sur une machine ultra-pr\u00e9cise permettant \u00e0 une meule de petite dimension de suivre un contour avec une pr\u00e9cision de quelques microns. Cela nous permet d\u2019atteindre une tr\u00e8s grande pr\u00e9cision ainsi qu\u2019une qualit\u00e9 de surface impeccable.<\/p>\n<p>La rectification de coordonn\u00e9es n\u2019est pas seulement int\u00e9ressante pour les pi\u00e8ces n\u00e9cessitant une extr\u00eame pr\u00e9cision, elle est \u00e9galement la technique id\u00e9ale pour la rectification de trous destin\u00e9s, par exemple, \u00e0 des ajustements ou \u00e0 des goupilles de positionnement. Ces \u00e9l\u00e9ments sont largement utilis\u00e9s dans la construction d\u2019outillages et de moules pour aligner parfaitement diff\u00e9rentes parties du moule \u00e0 partir d\u2019une surface de r\u00e9f\u00e9rence.<\/p>\n<p>Vous souhaitez en savoir plus sur notre expertise en rectification de coordonn\u00e9es ? N\u2019h\u00e9sitez pas \u00e0 nous contacter.<\/p>\n<\/div><\/div><div class=\"w-btn-wrapper align_none\"><a class=\"w-btn us-btn-style_1\" href=\"\/fr\/contactez-nous\/\"><span class=\"w-btn-label\">Votre devis pr\u00e9cis et personnalis\u00e9<\/span><\/a><\/div><\/div><\/div><\/div><div class=\"vc_col-sm-1\/5 wpb_column vc_column_container\"><div class=\"vc_column-inner type_sticky\"><div class=\"wpb_wrapper\"><section class=\"l-section wpb_row height_auto width_full\"><div class=\"l-section-h i-cf\"><div class=\"g-cols vc_row via_flex valign_middle type_default stacking_default\"><div class=\"vc_col-sm-12 wpb_column vc_column_container\"><div class=\"vc_column-inner\"><div class=\"wpb_wrapper\"><div class=\"g-cols wpb_row us_custom_f74dd8af via_flex valign_top type_default stacking_default\"><div class=\"vc_col-sm-12 wpb_column vc_column_container\"><div class=\"vc_column-inner\"><div class=\"wpb_wrapper\"><div class=\"wpb_text_column us_custom_b24a7315\"><div class=\"wpb_wrapper\"><p style=\"text-align: center;\"><strong>Production de haute pr\u00e9cision<\/strong><\/p>\n<\/div><\/div><div class=\"w-btn-wrapper align_justify\"><a class=\"w-btn us-btn-style_2 us_custom_0490361b\" href=\"\/fr\/production-de-haute-precision\/usinage\/\"><span class=\"w-btn-label\">Usinage<\/span><\/a><\/div><div class=\"w-image us_custom_4edece6e hide_on_mobiles align_center\"><div class=\"w-image-h\"><img decoding=\"async\" width=\"150\" height=\"150\" src=\"https:\/\/www.tumag.be\/wp-content\/uploads\/2026\/02\/icon-verspanen.webp\" class=\"attachment-large size-large\" alt=\"\" loading=\"lazy\" srcset=\"https:\/\/www.tumag.be\/wp-content\/uploads\/2026\/02\/icon-verspanen.webp 150w, https:\/\/www.tumag.be\/wp-content\/uploads\/2026\/02\/icon-verspanen-12x12.webp 12w\" sizes=\"auto, (max-width: 150px) 100vw, 150px\" \/><\/div><\/div><div class=\"wpb_text_column\"><div class=\"wpb_wrapper\"><ul>\n<li><a href=\"\/fr\/production-de-haute-precision\/usinage\/tournage-cnc\/\">Tournage CNC<\/a><\/li>\n<li><a href=\"\/fr\/production-de-haute-precision\/usinage\/fraisage-cnc\/\">Fraisage CNC<\/a><\/li>\n<li><a href=\"\/fr\/production-de-haute-precision\/usinage\/fraisage-hsm\/\">Fraisage HSM<\/a><\/li>\n<li><a href=\"\/fr\/production-de-haute-precision\/usinage\/percage-de-trous-profonds\/\">Per\u00e7age de trous profonds<\/a><\/li>\n<\/ul>\n<\/div><\/div><div class=\"w-btn-wrapper align_justify\"><a class=\"w-btn us-btn-style_2\" href=\"\/fr\/production-de-haute-precision\/usinage-par-edm\/\"><span class=\"w-btn-label\">Usinage par \u00e9lectro\u00e9rosion<\/span><\/a><\/div><div class=\"w-image hide_on_mobiles align_center\"><div class=\"w-image-h\"><img decoding=\"async\" width=\"150\" height=\"150\" src=\"https:\/\/www.tumag.be\/wp-content\/uploads\/2026\/02\/icon-vonkerosie.webp\" class=\"attachment-large size-large\" alt=\"\" loading=\"lazy\" srcset=\"https:\/\/www.tumag.be\/wp-content\/uploads\/2026\/02\/icon-vonkerosie.webp 150w, https:\/\/www.tumag.be\/wp-content\/uploads\/2026\/02\/icon-vonkerosie-12x12.webp 12w\" sizes=\"auto, (max-width: 150px) 100vw, 150px\" \/><\/div><\/div><div class=\"wpb_text_column\"><div class=\"wpb_wrapper\"><ul>\n<li><a href=\"\/fr\/production-de-haute-precision\/usinage-par-edm\/electroerosion-a-fil\/\">\u00c9lectro\u00e9rosion \u00e0 fil<\/a><\/li>\n<li><a href=\"\/fr\/production-de-haute-precision\/usinage-par-edm\/electroerosion-par-enfoncage\/\">Per\u00e7age par \u00e9lectro\u00e9rosion<\/a><\/li>\n<li><a href=\"\/fr\/production-de-haute-precision\/usinage-par-edm\/percage-edm\/\">Per\u00e7age par \u00e9lectro\u00e9rosion<\/a><\/li>\n<li><a href=\"\/fr\/production-de-haute-precision\/usinage-par-edm\/electrodes-pour-edm\/\">Electrodes<\/a><\/li>\n<\/ul>\n<\/div><\/div><div class=\"w-btn-wrapper align_justify\"><a class=\"w-btn us-btn-style_2\" href=\"\/fr\/production-de-haute-precision\/rectification\/\"><span class=\"w-btn-label\">Rectification<\/span><\/a><\/div><div class=\"w-image hide_on_mobiles align_center\"><div class=\"w-image-h\"><img decoding=\"async\" width=\"150\" height=\"150\" src=\"https:\/\/www.tumag.be\/wp-content\/uploads\/2026\/02\/icon-slijpen.webp\" class=\"attachment-large size-large\" alt=\"\" loading=\"lazy\" srcset=\"https:\/\/www.tumag.be\/wp-content\/uploads\/2026\/02\/icon-slijpen.webp 150w, https:\/\/www.tumag.be\/wp-content\/uploads\/2026\/02\/icon-slijpen-12x12.webp 12w\" sizes=\"auto, (max-width: 150px) 100vw, 150px\" \/><\/div><\/div><div class=\"wpb_text_column\"><div class=\"wpb_wrapper\"><ul>\n<li><a href=\"\/fr\/production-de-haute-precision\/rectification\/rectification-plane\/\">Rectification plane<\/a><\/li>\n<li><a href=\"\/fr\/production-de-haute-precision\/rectification\/rectification-de-profils\/\">Rectification de profils<\/a><\/li>\n<li><a href=\"\/fr\/production-de-haute-precision\/rectification\/rectification-cylindrique\/\">Rectification cylindrique<\/a><\/li>\n<li><a href=\"\/fr\/production-de-haute-precision\/rectification\/rectification-de-coordonnees\/\">Rectification en coordination<\/a><\/li>\n<\/ul>\n<\/div><\/div><div class=\"w-btn-wrapper align_justify\"><a class=\"w-btn us-btn-style_2\" href=\"\/fr\/production-de-haute-precision\/ajustage-en-micromecanique\/\"><span class=\"w-btn-label\">Ajustage<\/span><\/a><\/div><div class=\"w-image hide_on_mobiles align_center\"><div class=\"w-image-h\"><img decoding=\"async\" width=\"150\" height=\"150\" src=\"https:\/\/www.tumag.be\/wp-content\/uploads\/2026\/02\/icon-onderhoud.webp\" class=\"attachment-large size-large\" alt=\"\" loading=\"lazy\" srcset=\"https:\/\/www.tumag.be\/wp-content\/uploads\/2026\/02\/icon-onderhoud.webp 150w, https:\/\/www.tumag.be\/wp-content\/uploads\/2026\/02\/icon-onderhoud-12x12.webp 12w\" sizes=\"auto, (max-width: 150px) 100vw, 150px\" \/><\/div><\/div><div class=\"wpb_text_column\"><div class=\"wpb_wrapper\"><ul>\n<li><a href=\"\/fr\/production-de-haute-precision\/ajustage-en-micromecanique\/montage\/\">Montage<\/a><\/li>\n<li><a href=\"\/fr\/production-de-haute-precision\/ajustage-en-micromecanique\/polissage\/\">Polissage<\/a><\/li>\n<li><a href=\"\/fr\/production-de-haute-precision\/ajustage-en-micromecanique\/soudage-laser\/\">Soudage laser<\/a><\/li>\n<li><a href=\"\/fr\/production-de-haute-precision\/ajustage-en-micromecanique\/gravure-laser\/\">Gravure laser<\/a><\/li>\n<\/ul>\n<\/div><\/div><div class=\"w-separator size_small\"><\/div><\/div><\/div><\/div><\/div><\/div><\/div><\/div><\/div><\/div><\/section>\n<\/div><\/div><\/div><\/div><\/div><\/section><section class=\"l-section wpb_row height_medium\"><div class=\"l-section-h i-cf\"><div class=\"g-cols vc_row via_flex valign_top type_default stacking_default\"><div class=\"vc_col-sm-12 wpb_column vc_column_container\"><div class=\"vc_column-inner\"><div class=\"wpb_wrapper\"><section class=\"l-section wpb_row us_custom_09bf7cdd height_medium\"><div class=\"l-section-h i-cf\"><div class=\"g-cols vc_row via_flex valign_top type_default stacking_default\"><div class=\"vc_col-sm-12 wpb_column vc_column_container\"><div class=\"vc_column-inner\"><div class=\"wpb_wrapper\"><div class=\"wpb_text_column\"><div class=\"wpb_wrapper\"><h2>Services<\/h2>\n<\/div><\/div><div class=\"w-separator size_small\"><\/div><div class=\"g-cols wpb_row via_flex valign_top type_default stacking_default\"><div class=\"vc_col-sm-1\/5 wpb_column vc_column_container responsive-col-service\"><div class=\"vc_column-inner\"><div class=\"wpb_wrapper\"><div class=\"w-image us_custom_12711e67 align_none\"><a href=\"\/fr\/ingenierie\/\" aria-label=\"1_Ontwerp_icon\" class=\"w-image-h\"><img decoding=\"async\" width=\"150\" height=\"150\" src=\"https:\/\/www.tumag.be\/wp-content\/uploads\/2022\/05\/1_Ontwerp_icon.png\" class=\"attachment-full size-full\" alt=\"\" loading=\"lazy\" \/><\/a><\/div><div class=\"w-btn-wrapper align_none\"><a class=\"w-btn us-btn-style_2 us_custom_b4198c51\" title=\"D\u00e9veloppement d\u2019outillages\" href=\"\/fr\/ingenierie\/\"><span class=\"w-btn-label\">Ing\u00e9nierie<\/span><\/a><\/div><div class=\"w-separator size_small\"><\/div><div class=\"wpb_text_column\"><div class=\"wpb_wrapper\"><p>Gr\u00e2ce \u00e0 notre propre d\u00e9partement d'ing\u00e9nierie, nous collaborons \u00e9troitement avec le service de conception de nos clients afin d\u2019optimiser la fabricabilit\u00e9 du produit d\u00e8s les premi\u00e8res \u00e9tapes pour le moulage par injection\u2026<\/p>\n<\/div><\/div><div class=\"wpb_text_column\"><div class=\"wpb_wrapper\"><p><a href=\"\/fr\/ingenierie\/\">En savoir plus\u2026<\/a><\/p>\n<\/div><\/div><\/div><\/div><\/div><div class=\"vc_col-sm-1\/5 wpb_column vc_column_container responsive-col-service\"><div class=\"vc_column-inner\"><div class=\"wpb_wrapper\"><div class=\"w-image us_custom_12711e67 align_none\"><a href=\"\/fr\/production-de-haute-precision\/\" aria-label=\"2_HogePrecisieProductie_icon\" class=\"w-image-h\"><img decoding=\"async\" width=\"150\" height=\"150\" src=\"https:\/\/www.tumag.be\/wp-content\/uploads\/2022\/05\/2_HogePrecisieProductie_icon.png\" class=\"attachment-full size-full\" alt=\"\" loading=\"lazy\" \/><\/a><\/div><div class=\"w-btn-wrapper align_none\"><a class=\"w-btn us-btn-style_2 us_custom_b4198c51\" title=\"D\u00e9veloppement d\u2019outillages\" href=\"\/fr\/production-de-haute-precision\/\"><span class=\"w-btn-label\">Haute pr\u00e9cision<\/span><\/a><\/div><div class=\"w-separator size_small\"><\/div><div class=\"wpb_text_column\"><div class=\"wpb_wrapper\"><p>Dans notre espace de production climatis\u00e9, nous regroupons toutes les op\u00e9rations d\u2019usinage CNC de pr\u00e9cision afin de r\u00e9pondre \u00e0 nos besoins de production en haute mixit\u00e9 \/ faible volume<br \/>\net produire notre gamme de produits.<\/p>\n<\/div><\/div><div class=\"wpb_text_column\"><div class=\"wpb_wrapper\"><p><a href=\"\/fr\/production-de-haute-precision\/\">En savoir plus\u2026<\/a><\/p>\n<\/div><\/div><\/div><\/div><\/div><div class=\"vc_col-sm-1\/5 wpb_column vc_column_container responsive-col-service\"><div class=\"vc_column-inner\"><div class=\"wpb_wrapper\"><div class=\"w-image us_custom_12711e67 align_none\"><a href=\"\/fr\/controle-de-qualite\/\" aria-label=\"kc\" class=\"w-image-h\"><img decoding=\"async\" width=\"512\" height=\"512\" src=\"https:\/\/www.tumag.be\/wp-content\/uploads\/2024\/12\/kc.png\" class=\"attachment-full size-full\" alt=\"\" loading=\"lazy\" srcset=\"https:\/\/www.tumag.be\/wp-content\/uploads\/2024\/12\/kc.png 512w, https:\/\/www.tumag.be\/wp-content\/uploads\/2024\/12\/kc-300x300.png 300w, https:\/\/www.tumag.be\/wp-content\/uploads\/2024\/12\/kc-150x150.png 150w, https:\/\/www.tumag.be\/wp-content\/uploads\/2024\/12\/kc-12x12.png 12w, https:\/\/www.tumag.be\/wp-content\/uploads\/2024\/12\/kc-400x400.png 400w\" sizes=\"auto, (max-width: 512px) 100vw, 512px\" \/><\/a><\/div><div class=\"w-btn-wrapper align_none\"><a class=\"w-btn us-btn-style_2 us_custom_b4198c51\" title=\"D\u00e9veloppement d\u2019outillages\" href=\"\/fr\/controle-de-qualite\/\"><span class=\"w-btn-label\">Contr\u00f4le de qualit\u00e9<\/span><\/a><\/div><div class=\"w-separator size_small\"><\/div><div class=\"wpb_text_column\"><div class=\"wpb_wrapper\"><p>Tous nos produits sont fabriqu\u00e9s avec une pr\u00e9cision et une qualit\u00e9 sans cesse accrues, ce qui repr\u00e9sente \u00e9galement un d\u00e9fi croissant pour nos instruments de mesure. Lors de la production de pi\u00e8ces de pr\u00e9cision, il est\u2026<\/p>\n<\/div><\/div><div class=\"wpb_text_column\"><div class=\"wpb_wrapper\"><p><a href=\"\/fr\/controle-de-qualite\/\">En savoir plus\u2026<\/a><\/p>\n<\/div><\/div><\/div><\/div><\/div><div class=\"vc_col-sm-1\/5 wpb_column vc_column_container responsive-col-service\"><div class=\"vc_column-inner\"><div class=\"wpb_wrapper\"><div class=\"w-image us_custom_12711e67 align_none\"><a href=\"\/fr\/moulage-par-injection\/\" aria-label=\"spuitgieten3\" class=\"w-image-h\"><img decoding=\"async\" width=\"150\" height=\"150\" src=\"https:\/\/www.tumag.be\/wp-content\/uploads\/2024\/05\/spuitgieten3.png\" class=\"attachment-full size-full\" alt=\"\" loading=\"lazy\" \/><\/a><\/div><div class=\"w-btn-wrapper align_none\"><a class=\"w-btn us-btn-style_2 us_custom_b4198c51\" title=\"D\u00e9veloppement d\u2019outillages\" href=\"\/fr\/moulage-par-injection\/\"><span class=\"w-btn-label\">Moulage par injection<\/span><\/a><\/div><div class=\"w-separator size_small\"><\/div><div class=\"wpb_text_column\"><div class=\"wpb_wrapper\"><p>Nous mettons \u00e9galement notre expertise en moulage par injection \u00e0 la disposition de nos clients. Gr\u00e2ce \u00e0 nos presses \u00e0 injecter, initialement destin\u00e9es \u00e0 l\u2019optimisation, la validation et les tests de moules\u2026<\/p>\n<\/div><\/div><div class=\"wpb_text_column\"><div class=\"wpb_wrapper\"><p><a href=\"\/fr\/moulage-par-injection\/\">En savoir plus\u2026<\/a><\/p>\n<\/div><\/div><\/div><\/div><\/div><div class=\"vc_col-sm-1\/5 wpb_column vc_column_container responsive-col-service\"><div class=\"vc_column-inner\"><div class=\"wpb_wrapper\"><div class=\"w-image us_custom_12711e67 align_none\"><a href=\"\/fr\/entretien-des-moules\/\" aria-label=\"4_Nazorg, Onderhoud &amp; Herstellingen_icon\" class=\"w-image-h\"><img decoding=\"async\" width=\"150\" height=\"150\" src=\"https:\/\/www.tumag.be\/wp-content\/uploads\/2022\/05\/4_Nazorg-Onderhoud-Herstellingen_icon.png\" class=\"attachment-full size-full\" alt=\"\" loading=\"lazy\" \/><\/a><\/div><div class=\"w-btn-wrapper align_none\"><a class=\"w-btn us-btn-style_2 us_custom_b4198c51\" title=\"D\u00e9veloppement d\u2019outillages\" href=\"\/fr\/entretien-des-moules\/\"><span class=\"w-btn-label\">Entretien des moules<\/span><\/a><\/div><div class=\"w-separator size_small\"><\/div><div class=\"wpb_text_column\"><div class=\"wpb_wrapper\"><p>Que ce soit pour l\u2019entretien pr\u00e9ventif, les r\u00e9visions compl\u00e8tes ou la modification de moules ou de composants existants, vous \u00eates \u00e0 la bonne adresse chez Tumag. Nous pouvons \u00e9galement r\u00e9parer les pi\u00e8ces endommag\u00e9es pour vous.<\/p>\n<\/div><\/div><div class=\"wpb_text_column\"><div class=\"wpb_wrapper\"><p><a href=\"\/fr\/entretien-des-moules\/\">En savoir plus\u2026<\/a><\/p>\n<\/div><\/div><\/div><\/div><\/div><\/div><\/div><\/div><\/div><\/div><\/div><\/section>\n<\/div><\/div><\/div><\/div><\/div><\/section>","protected":false},"excerpt":{"rendered":"Hoge Precisie Productie \/ Slijpen Co\u00f6rdinatenslijpen Co-slijpen: Voor het echt delicate werk Naast vlakslijpen en profielslijpen excelleert Tumag ook in co\u00f6rdinatenslijpen. Dit slijpproces maakt gebruik van een uiterst nauwkeurige machine die een slijpstift tot op enkele micrometers nauwkeurig een contour laat volgen, hierdoor halen wij een zeer hoge nauwkeurigheden en een perfecte oppervlaktekwaliteit. Co\u00f6rdinatenslijpen is...","protected":false},"author":4,"featured_media":0,"parent":1515,"menu_order":0,"comment_status":"closed","ping_status":"closed","template":"","meta":{"_seopress_robots_primary_cat":"","_seopress_titles_title":"Co\u00f6rdinatenslijpen - Tumag","_seopress_titles_desc":"Naast vlakslijpen en profielslijpen excelleert Tumag ook in co\u00f6rdinatenslijpen.","_seopress_robots_index":"","footnotes":""},"class_list":["post-1540","page","type-page","status-publish","hentry"],"_links":{"self":[{"href":"https:\/\/www.tumag.be\/fr\/wp-json\/wp\/v2\/pages\/1540","targetHints":{"allow":["GET"]}}],"collection":[{"href":"https:\/\/www.tumag.be\/fr\/wp-json\/wp\/v2\/pages"}],"about":[{"href":"https:\/\/www.tumag.be\/fr\/wp-json\/wp\/v2\/types\/page"}],"author":[{"embeddable":true,"href":"https:\/\/www.tumag.be\/fr\/wp-json\/wp\/v2\/users\/4"}],"replies":[{"embeddable":true,"href":"https:\/\/www.tumag.be\/fr\/wp-json\/wp\/v2\/comments?post=1540"}],"version-history":[{"count":0,"href":"https:\/\/www.tumag.be\/fr\/wp-json\/wp\/v2\/pages\/1540\/revisions"}],"up":[{"embeddable":true,"href":"https:\/\/www.tumag.be\/fr\/wp-json\/wp\/v2\/pages\/1515"}],"wp:attachment":[{"href":"https:\/\/www.tumag.be\/fr\/wp-json\/wp\/v2\/media?parent=1540"}],"curies":[{"name":"wp","href":"https:\/\/api.w.org\/{rel}","templated":true}]}}