{"id":1580,"date":"2024-08-22T09:49:18","date_gmt":"2024-08-22T09:49:18","guid":{"rendered":"https:\/\/www.tumag.be\/?page_id=1580"},"modified":"2026-01-12T12:33:38","modified_gmt":"2026-01-12T12:33:38","slug":"ajustage-en-micromecanique","status":"publish","type":"page","link":"https:\/\/www.tumag.be\/fr\/hoge-precisie-productie\/fijnmechanisch-bankwerken\/","title":{"rendered":"Ajustage en microm\u00e9canique"},"content":{"rendered":"<section class=\"l-section wpb_row us_custom_fa7da864 has_text_color height_medium\"><div class=\"l-section-overlay\" style=\"background:rgba(3,46,85,0.40)\"><\/div><div class=\"l-section-h i-cf\"><div class=\"g-cols vc_row via_flex valign_middle type_default stacking_default\"><div class=\"vc_col-sm-12 wpb_column vc_column_container\"><div class=\"vc_column-inner\"><div class=\"wpb_wrapper\"><div class=\"w-separator size_custom\" style=\"height:150px\" id=\"e5c5\"><style>@media(max-width:1599px){ #e5c5{height:100px!important}}@media(max-width:767px){ #e5c5{height:50px!important}}<\/style><\/div><div class=\"wpb_text_column us_custom_0207f80c small-headline-margin-bottom\"><div class=\"wpb_wrapper\"><p>Production de haute pr\u00e9cision<\/p>\n<\/div><\/div><div class=\"wpb_text_column\"><div class=\"wpb_wrapper\"><h1>Ajustage en microm\u00e9canique<\/h1>\n<\/div><\/div><div class=\"w-separator size_custom\" style=\"height:150px\" id=\"fb91\"><style>@media(max-width:1599px){ #fb91{height:100px!important}}@media(max-width:767px){ #fb91{height:50px!important}}<\/style><\/div><\/div><\/div><\/div><\/div><\/div><\/section><section class=\"l-section wpb_row height_medium\"><div class=\"l-section-h i-cf\"><div class=\"g-cols vc_row via_flex valign_top type_default stacking_default\"><div class=\"vc_col-sm-12 wpb_column vc_column_container\"><div class=\"vc_column-inner\"><div class=\"wpb_wrapper\"><div class=\"wpb_text_column\"><div class=\"wpb_wrapper\"><h5>Ajustage en m\u00e9canique de pr\u00e9cision chez Tumag<\/h5>\n<p>En plus des op\u00e9rations d\u2019usinage telles que le fraisage, la rectification et l\u2019\u00e9lectro\u00e9rosion \u00e0 fil, vous \u00eates \u00e9galement \u00e0 la bonne adresse chez Tumag pour divers autres services sp\u00e9cialis\u00e9s, tels que l\u2019ajustage en m\u00e9canique de pr\u00e9cision.<\/p>\n<p>Que vous recherchiez un fournisseur pour un montage sp\u00e9cialis\u00e9, des travaux de polissage, un soudage laser de pr\u00e9cision ou une gravure laser flexible, nous disposons de l\u2019expertise n\u00e9cessaire pour r\u00e9pondre \u00e0 tous vos besoins. Chez Tumag, nous nous engageons \u00e0 fournir une qualit\u00e9 sup\u00e9rieure dans chaque op\u00e9ration que nous r\u00e9alisons. En tant qu\u2019acteur innovant et polyvalent dans le domaine de l\u2019usinage m\u00e9tallique, nous sommes en mesure de faire passer vos produits au niveau sup\u00e9rieur.<\/p>\n<p>D\u00e9couvrez vite nos diff\u00e9rents services et voyez pourquoi Tumag est le partenaire qu\u2019il vous faut.<\/p>\n<\/div><\/div><div class=\"g-cols wpb_row via_flex valign_top type_default stacking_default\"><div class=\"vc_col-sm-3 wpb_column vc_column_container\"><div class=\"vc_column-inner\"><div class=\"wpb_wrapper\"><div class=\"w-image has_ratio align_none\"><a href=\"\/fr\/production-de-haute-precision\/ajustage-en-micromecanique\/montage\/\" aria-label=\"MONTAGE_500x500px\" class=\"w-image-h\"><div style=\"padding-bottom:100%\"><\/div><img decoding=\"async\" width=\"500\" height=\"500\" src=\"https:\/\/www.tumag.be\/wp-content\/uploads\/2023\/02\/MONTAGE_500x500px.jpg\" class=\"attachment-full size-full\" alt=\"\" loading=\"lazy\" \/><\/a><\/div><div class=\"w-separator size_small\"><\/div><h2 class=\"w-text us_custom_ab4e77da\"><a href=\"\/fr\/production-de-haute-precision\/ajustage-en-micromecanique\/montage\/\" class=\"w-text-h\"><span class=\"w-text-value\">MONTAGE<\/span><\/a><\/h2><\/div><\/div><\/div><div class=\"vc_col-sm-3 wpb_column vc_column_container\"><div class=\"vc_column-inner\"><div class=\"wpb_wrapper\"><div class=\"w-image has_ratio align_none\"><a href=\"\/fr\/production-de-haute-precision\/ajustage-en-micromecanique\/polissage\/\" aria-label=\"POLIJSTEN_500x500px\" class=\"w-image-h\"><div style=\"padding-bottom:100%\"><\/div><img decoding=\"async\" width=\"500\" height=\"500\" src=\"https:\/\/www.tumag.be\/wp-content\/uploads\/2023\/02\/POLIJSTEN_500x500px.jpg\" class=\"attachment-full size-full\" alt=\"\" loading=\"lazy\" \/><\/a><\/div><div class=\"w-separator size_small\"><\/div><h2 class=\"w-text us_custom_ab4e77da\"><a href=\"\/fr\/production-de-haute-precision\/ajustage-en-micromecanique\/polissage\/\" class=\"w-text-h\"><span class=\"w-text-value\">POLISSAGE<\/span><\/a><\/h2><\/div><\/div><\/div><div class=\"vc_col-sm-3 wpb_column vc_column_container\"><div class=\"vc_column-inner\"><div class=\"wpb_wrapper\"><div class=\"w-image has_ratio align_none\"><a href=\"\/fr\/production-de-haute-precision\/ajustage-en-micromecanique\/soudage-laser\/\" aria-label=\"LASERLASSEN-_500x500px\" class=\"w-image-h\"><div style=\"padding-bottom:100%\"><\/div><img decoding=\"async\" width=\"500\" height=\"500\" src=\"https:\/\/www.tumag.be\/wp-content\/uploads\/2023\/02\/LASERLASSEN-_500x500px.jpg\" class=\"attachment-full size-full\" alt=\"\" loading=\"lazy\" \/><\/a><\/div><div class=\"w-separator size_small\"><\/div><h2 class=\"w-text us_custom_ab4e77da\"><a href=\"\/fr\/production-de-haute-precision\/ajustage-en-micromecanique\/soudage-laser\/\" class=\"w-text-h\"><span class=\"w-text-value\">SOUDAGE LASER<\/span><\/a><\/h2><\/div><\/div><\/div><div class=\"vc_col-sm-3 wpb_column vc_column_container\"><div class=\"vc_column-inner\"><div class=\"wpb_wrapper\"><div class=\"w-image has_ratio align_none\"><a href=\"\/fr\/production-de-haute-precision\/ajustage-en-micromecanique\/gravure-laser\/\" aria-label=\"LASERGRAVEREN_500x500px\" class=\"w-image-h\"><div style=\"padding-bottom:100%\"><\/div><img decoding=\"async\" width=\"500\" height=\"500\" src=\"https:\/\/www.tumag.be\/wp-content\/uploads\/2023\/02\/LASERGRAVEREN_500x500px.jpg\" class=\"attachment-full size-full\" alt=\"\" loading=\"lazy\" \/><\/a><\/div><div class=\"w-separator size_small\"><\/div><h2 class=\"w-text us_custom_ab4e77da\"><a href=\"\/fr\/production-de-haute-precision\/ajustage-en-micromecanique\/gravure-laser\/\" class=\"w-text-h\"><span class=\"w-text-value\">GRAVURE LASER<\/span><\/a><\/h2><\/div><\/div><\/div><\/div><div class=\"w-separator size_medium\"><\/div><div class=\"w-btn-wrapper align_none\"><a class=\"w-btn us-btn-style_1\" href=\"\/fr\/contactez-nous\/\"><span class=\"w-btn-label\">Votre devis pr\u00e9cis et personnalis\u00e9<\/span><\/a><\/div><div class=\"w-separator size_medium\"><\/div><\/div><\/div><\/div><\/div><\/div><\/section><section class=\"l-section wpb_row height_medium\"><div class=\"l-section-h i-cf\"><div class=\"g-cols vc_row via_flex valign_top type_default stacking_default\"><div class=\"vc_col-sm-12 wpb_column vc_column_container\"><div class=\"vc_column-inner\"><div class=\"wpb_wrapper\"><section class=\"l-section wpb_row us_custom_09bf7cdd height_medium\"><div class=\"l-section-h i-cf\"><div class=\"g-cols vc_row via_flex valign_top type_default stacking_default\"><div class=\"vc_col-sm-12 wpb_column vc_column_container\"><div class=\"vc_column-inner\"><div class=\"wpb_wrapper\"><div class=\"wpb_text_column\"><div class=\"wpb_wrapper\"><h2>Services<\/h2>\n<\/div><\/div><div class=\"w-separator size_small\"><\/div><div class=\"g-cols wpb_row via_flex valign_top type_default stacking_default\"><div class=\"vc_col-sm-1\/5 wpb_column vc_column_container responsive-col-service\"><div class=\"vc_column-inner\"><div class=\"wpb_wrapper\"><div class=\"w-image us_custom_12711e67 align_none\"><a href=\"\/fr\/ingenierie\/\" aria-label=\"1_Ontwerp_icon\" class=\"w-image-h\"><img decoding=\"async\" width=\"150\" height=\"150\" src=\"https:\/\/www.tumag.be\/wp-content\/uploads\/2022\/05\/1_Ontwerp_icon.png\" class=\"attachment-full size-full\" alt=\"\" loading=\"lazy\" \/><\/a><\/div><div class=\"w-btn-wrapper align_none\"><a class=\"w-btn us-btn-style_2 us_custom_b4198c51\" title=\"D\u00e9veloppement d\u2019outillages\" href=\"\/fr\/ingenierie\/\"><span class=\"w-btn-label\">Ing\u00e9nierie<\/span><\/a><\/div><div class=\"w-separator size_small\"><\/div><div class=\"wpb_text_column\"><div class=\"wpb_wrapper\"><p>Gr\u00e2ce \u00e0 notre propre d\u00e9partement d'ing\u00e9nierie, nous collaborons \u00e9troitement avec le service de conception de nos clients afin d\u2019optimiser la fabricabilit\u00e9 du produit d\u00e8s les premi\u00e8res \u00e9tapes pour le moulage par injection\u2026<\/p>\n<\/div><\/div><div class=\"wpb_text_column\"><div class=\"wpb_wrapper\"><p><a href=\"\/fr\/ingenierie\/\">En savoir plus\u2026<\/a><\/p>\n<\/div><\/div><\/div><\/div><\/div><div class=\"vc_col-sm-1\/5 wpb_column vc_column_container responsive-col-service\"><div class=\"vc_column-inner\"><div class=\"wpb_wrapper\"><div class=\"w-image us_custom_12711e67 align_none\"><a href=\"\/fr\/production-de-haute-precision\/\" aria-label=\"2_HogePrecisieProductie_icon\" class=\"w-image-h\"><img decoding=\"async\" width=\"150\" height=\"150\" src=\"https:\/\/www.tumag.be\/wp-content\/uploads\/2022\/05\/2_HogePrecisieProductie_icon.png\" class=\"attachment-full size-full\" alt=\"\" loading=\"lazy\" \/><\/a><\/div><div class=\"w-btn-wrapper align_none\"><a class=\"w-btn us-btn-style_2 us_custom_b4198c51\" title=\"D\u00e9veloppement d\u2019outillages\" href=\"\/fr\/production-de-haute-precision\/\"><span class=\"w-btn-label\">Haute pr\u00e9cision<\/span><\/a><\/div><div class=\"w-separator size_small\"><\/div><div class=\"wpb_text_column\"><div class=\"wpb_wrapper\"><p>Dans notre espace de production climatis\u00e9, nous regroupons toutes les op\u00e9rations d\u2019usinage CNC de pr\u00e9cision afin de r\u00e9pondre \u00e0 nos besoins de production en haute mixit\u00e9 \/ faible volume<br \/>\net produire notre gamme de produits.<\/p>\n<\/div><\/div><div class=\"wpb_text_column\"><div class=\"wpb_wrapper\"><p><a href=\"\/fr\/production-de-haute-precision\/\">En savoir plus\u2026<\/a><\/p>\n<\/div><\/div><\/div><\/div><\/div><div class=\"vc_col-sm-1\/5 wpb_column vc_column_container responsive-col-service\"><div class=\"vc_column-inner\"><div class=\"wpb_wrapper\"><div class=\"w-image us_custom_12711e67 align_none\"><a href=\"\/fr\/controle-de-qualite\/\" aria-label=\"kc\" class=\"w-image-h\"><img decoding=\"async\" width=\"512\" height=\"512\" src=\"https:\/\/www.tumag.be\/wp-content\/uploads\/2024\/12\/kc.png\" class=\"attachment-full size-full\" alt=\"\" loading=\"lazy\" srcset=\"https:\/\/www.tumag.be\/wp-content\/uploads\/2024\/12\/kc.png 512w, https:\/\/www.tumag.be\/wp-content\/uploads\/2024\/12\/kc-300x300.png 300w, https:\/\/www.tumag.be\/wp-content\/uploads\/2024\/12\/kc-150x150.png 150w, https:\/\/www.tumag.be\/wp-content\/uploads\/2024\/12\/kc-12x12.png 12w, https:\/\/www.tumag.be\/wp-content\/uploads\/2024\/12\/kc-400x400.png 400w\" sizes=\"auto, (max-width: 512px) 100vw, 512px\" \/><\/a><\/div><div class=\"w-btn-wrapper align_none\"><a class=\"w-btn us-btn-style_2 us_custom_b4198c51\" title=\"D\u00e9veloppement d\u2019outillages\" href=\"\/fr\/controle-de-qualite\/\"><span class=\"w-btn-label\">Contr\u00f4le de qualit\u00e9<\/span><\/a><\/div><div class=\"w-separator size_small\"><\/div><div class=\"wpb_text_column\"><div class=\"wpb_wrapper\"><p>Tous nos produits sont fabriqu\u00e9s avec une pr\u00e9cision et une qualit\u00e9 sans cesse accrues, ce qui repr\u00e9sente \u00e9galement un d\u00e9fi croissant pour nos instruments de mesure. Lors de la production de pi\u00e8ces de pr\u00e9cision, il est\u2026<\/p>\n<\/div><\/div><div class=\"wpb_text_column\"><div class=\"wpb_wrapper\"><p><a href=\"\/fr\/controle-de-qualite\/\">En savoir plus\u2026<\/a><\/p>\n<\/div><\/div><\/div><\/div><\/div><div class=\"vc_col-sm-1\/5 wpb_column vc_column_container responsive-col-service\"><div class=\"vc_column-inner\"><div class=\"wpb_wrapper\"><div class=\"w-image us_custom_12711e67 align_none\"><a href=\"\/fr\/moulage-par-injection\/\" aria-label=\"spuitgieten3\" class=\"w-image-h\"><img decoding=\"async\" width=\"150\" height=\"150\" src=\"https:\/\/www.tumag.be\/wp-content\/uploads\/2024\/05\/spuitgieten3.png\" class=\"attachment-full size-full\" alt=\"\" loading=\"lazy\" \/><\/a><\/div><div class=\"w-btn-wrapper align_none\"><a class=\"w-btn us-btn-style_2 us_custom_b4198c51\" title=\"D\u00e9veloppement d\u2019outillages\" href=\"\/fr\/moulage-par-injection\/\"><span class=\"w-btn-label\">Moulage par injection<\/span><\/a><\/div><div class=\"w-separator size_small\"><\/div><div class=\"wpb_text_column\"><div class=\"wpb_wrapper\"><p>Nous mettons \u00e9galement notre expertise en moulage par injection \u00e0 la disposition de nos clients. Gr\u00e2ce \u00e0 nos presses \u00e0 injecter, initialement destin\u00e9es \u00e0 l\u2019optimisation, la validation et les tests de moules\u2026<\/p>\n<\/div><\/div><div class=\"wpb_text_column\"><div class=\"wpb_wrapper\"><p><a href=\"\/fr\/moulage-par-injection\/\">En savoir plus\u2026<\/a><\/p>\n<\/div><\/div><\/div><\/div><\/div><div class=\"vc_col-sm-1\/5 wpb_column vc_column_container responsive-col-service\"><div class=\"vc_column-inner\"><div class=\"wpb_wrapper\"><div class=\"w-image us_custom_12711e67 align_none\"><a href=\"\/fr\/entretien-des-moules\/\" aria-label=\"4_Nazorg, Onderhoud &amp; Herstellingen_icon\" class=\"w-image-h\"><img decoding=\"async\" width=\"150\" height=\"150\" src=\"https:\/\/www.tumag.be\/wp-content\/uploads\/2022\/05\/4_Nazorg-Onderhoud-Herstellingen_icon.png\" class=\"attachment-full size-full\" alt=\"\" loading=\"lazy\" \/><\/a><\/div><div class=\"w-btn-wrapper align_none\"><a class=\"w-btn us-btn-style_2 us_custom_b4198c51\" title=\"D\u00e9veloppement d\u2019outillages\" href=\"\/fr\/entretien-des-moules\/\"><span class=\"w-btn-label\">Entretien des moules<\/span><\/a><\/div><div class=\"w-separator size_small\"><\/div><div class=\"wpb_text_column\"><div class=\"wpb_wrapper\"><p>Que ce soit pour l\u2019entretien pr\u00e9ventif, les r\u00e9visions compl\u00e8tes ou la modification de moules ou de composants existants, vous \u00eates \u00e0 la bonne adresse chez Tumag. Nous pouvons \u00e9galement r\u00e9parer les pi\u00e8ces endommag\u00e9es pour vous.<\/p>\n<\/div><\/div><div class=\"wpb_text_column\"><div class=\"wpb_wrapper\"><p><a href=\"\/fr\/entretien-des-moules\/\">En savoir plus\u2026<\/a><\/p>\n<\/div><\/div><\/div><\/div><\/div><\/div><\/div><\/div><\/div><\/div><\/div><\/section>\n<\/div><\/div><\/div><\/div><\/div><\/section>","protected":false},"excerpt":{"rendered":"Hoge Precisie Productie Fijnmechanisch bankwerken Fijnmechanisch bankwerken bij Tumag Naast verspanende werkzaamheden zoals frezen, slijpen en draadvonken, bent u bij Tumag ook aan het juiste adres voor diverse andere specialistische diensten, zoals fijnmechanisch bankwerken. Of u nu op zoek bent naar een leverancier voor gespecialiseerde montage, polijstwerkzaamheden, nauwkeurig laserlassen of flexibele lasergravering, wij hebben de...","protected":false},"author":4,"featured_media":0,"parent":24,"menu_order":0,"comment_status":"closed","ping_status":"closed","template":"","meta":{"_seopress_robots_primary_cat":"","_seopress_titles_title":"Fijnmechanisch bankwerken - Tumag","_seopress_titles_desc":"Naast verspanende werkzaamheden bent u bij Tumag ook aan het juiste adres voor andere specialistische diensten, zoals fijnmechanisch bankwerken","_seopress_robots_index":"","footnotes":""},"class_list":["post-1580","page","type-page","status-publish","hentry"],"_links":{"self":[{"href":"https:\/\/www.tumag.be\/fr\/wp-json\/wp\/v2\/pages\/1580","targetHints":{"allow":["GET"]}}],"collection":[{"href":"https:\/\/www.tumag.be\/fr\/wp-json\/wp\/v2\/pages"}],"about":[{"href":"https:\/\/www.tumag.be\/fr\/wp-json\/wp\/v2\/types\/page"}],"author":[{"embeddable":true,"href":"https:\/\/www.tumag.be\/fr\/wp-json\/wp\/v2\/users\/4"}],"replies":[{"embeddable":true,"href":"https:\/\/www.tumag.be\/fr\/wp-json\/wp\/v2\/comments?post=1580"}],"version-history":[{"count":0,"href":"https:\/\/www.tumag.be\/fr\/wp-json\/wp\/v2\/pages\/1580\/revisions"}],"up":[{"embeddable":true,"href":"https:\/\/www.tumag.be\/fr\/wp-json\/wp\/v2\/pages\/24"}],"wp:attachment":[{"href":"https:\/\/www.tumag.be\/fr\/wp-json\/wp\/v2\/media?parent=1580"}],"curies":[{"name":"wp","href":"https:\/\/api.w.org\/{rel}","templated":true}]}}