{"id":1595,"date":"2024-08-22T11:24:00","date_gmt":"2024-08-22T11:24:00","guid":{"rendered":"https:\/\/www.tumag.be\/?page_id=1595"},"modified":"2026-03-10T05:38:33","modified_gmt":"2026-03-10T05:38:33","slug":"polissage","status":"publish","type":"page","link":"https:\/\/www.tumag.be\/fr\/hoge-precisie-productie\/fijnmechanisch-bankwerken\/polijsten\/","title":{"rendered":"Polissage"},"content":{"rendered":"<section class=\"l-section wpb_row us_custom_6de3dc1c has_text_color height_medium\"><div class=\"l-section-overlay\" style=\"background:rgba(3,46,85,0.40)\"><\/div><div class=\"l-section-h i-cf\"><div class=\"g-cols vc_row via_flex valign_middle type_default stacking_default\"><div class=\"vc_col-sm-12 wpb_column vc_column_container\"><div class=\"vc_column-inner\"><div class=\"wpb_wrapper\"><div class=\"w-separator size_custom\" style=\"height:150px\" id=\"x02b\"><style>@media(max-width:1599px){ #x02b{height:100px!important}}@media(max-width:767px){ #x02b{height:50px!important}}<\/style><\/div><div class=\"wpb_text_column us_custom_0207f80c small-headline-margin-bottom\"><div class=\"wpb_wrapper\"><p>Production de Haute Pr\u00e9cision \/ Ajustage en m\u00e9canique de pr\u00e9cision<\/p>\n<\/div><\/div><div class=\"wpb_text_column\"><div class=\"wpb_wrapper\"><h1>Polissage<\/h1>\n<\/div><\/div><div class=\"w-separator size_custom\" style=\"height:150px\" id=\"t775\"><style>@media(max-width:1599px){ #t775{height:100px!important}}@media(max-width:767px){ #t775{height:50px!important}}<\/style><\/div><\/div><\/div><\/div><\/div><\/div><\/section><section class=\"l-section wpb_row height_medium\"><div class=\"l-section-h i-cf\"><div class=\"g-cols vc_row via_flex valign_top type_default stacking_default\"><div class=\"vc_col-sm-2\/5 wpb_column vc_column_container\"><div class=\"vc_column-inner\"><div class=\"wpb_wrapper\"><div class=\"w-image align_none\"><div class=\"w-image-h\"><img decoding=\"async\" width=\"1000\" height=\"1000\" src=\"https:\/\/www.tumag.be\/wp-content\/uploads\/2024\/08\/polijsten-closeup.jpg\" class=\"attachment-large size-large\" alt=\"\" loading=\"lazy\" srcset=\"https:\/\/www.tumag.be\/wp-content\/uploads\/2024\/08\/polijsten-closeup.jpg 1000w, https:\/\/www.tumag.be\/wp-content\/uploads\/2024\/08\/polijsten-closeup-300x300.jpg 300w, https:\/\/www.tumag.be\/wp-content\/uploads\/2024\/08\/polijsten-closeup-150x150.jpg 150w\" sizes=\"auto, (max-width: 1000px) 100vw, 1000px\" \/><\/div><\/div><div class=\"w-separator size_small\"><\/div><\/div><\/div><\/div><div class=\"vc_col-sm-2\/5 wpb_column vc_column_container\"><div class=\"vc_column-inner\"><div class=\"wpb_wrapper\"><div class=\"wpb_text_column\"><div class=\"wpb_wrapper\"><h5><strong>Briller comme un miroir<\/strong><\/h5>\n<p>Chez Tumag, nous donnons \u00e0 vos pi\u00e8ces des finitions sublimes gr\u00e2ce \u00e0 nos travaux de polissage sp\u00e9cialis\u00e9s.<\/p>\n<p>Lors de cette technique d\u2019usinage, la surface de la pi\u00e8ce est trait\u00e9e \u00e9tape par \u00e9tape avec un abrasif de plus en plus fin. Gr\u00e2ce au polissage r\u00e9p\u00e9t\u00e9, les asp\u00e9rit\u00e9s de la surface sont progressivement \u00e9limin\u00e9es. Le r\u00e9sultat n\u2019est pas seulement une r\u00e9duction de la rugosit\u00e9, mais aussi une am\u00e9lioration significative des propri\u00e9t\u00e9s visuelles. Des surfaces miroir font ainsi partie des possibilit\u00e9s.<\/p>\n<p>Nous utilisons des produits de polissage de haute qualit\u00e9 afin de garantir que vos pi\u00e8ces r\u00e9pondent aux exigences de qualit\u00e9 les plus strictes.<\/p>\n<p>Vous souhaitez en savoir plus sur nos techniques de polissage et comment elles peuvent contribuer \u00e0 la qualit\u00e9 de vos produits ? Remplissez rapidement le formulaire de contact ou appelez-nous.<\/p>\n<\/div><\/div><div class=\"w-btn-wrapper align_none\"><a class=\"w-btn us-btn-style_1\" href=\"\/fr\/contactez-nous\/\"><span class=\"w-btn-label\">Votre devis pr\u00e9cis et personnalis\u00e9<\/span><\/a><\/div><\/div><\/div><\/div><div class=\"vc_col-sm-1\/5 wpb_column vc_column_container\"><div class=\"vc_column-inner type_sticky\"><div class=\"wpb_wrapper\"><section class=\"l-section wpb_row height_auto width_full\"><div class=\"l-section-h i-cf\"><div class=\"g-cols vc_row via_flex valign_middle type_default stacking_default\"><div class=\"vc_col-sm-12 wpb_column vc_column_container\"><div class=\"vc_column-inner\"><div class=\"wpb_wrapper\"><div class=\"g-cols wpb_row us_custom_f74dd8af via_flex valign_top type_default stacking_default\"><div class=\"vc_col-sm-12 wpb_column vc_column_container\"><div class=\"vc_column-inner\"><div class=\"wpb_wrapper\"><div class=\"wpb_text_column us_custom_b24a7315\"><div class=\"wpb_wrapper\"><p style=\"text-align: center;\"><strong>Production de haute pr\u00e9cision<\/strong><\/p>\n<\/div><\/div><div class=\"w-btn-wrapper align_justify\"><a class=\"w-btn us-btn-style_2 us_custom_0490361b\" href=\"\/fr\/production-de-haute-precision\/usinage\/\"><span class=\"w-btn-label\">Usinage<\/span><\/a><\/div><div class=\"w-image us_custom_4edece6e hide_on_mobiles align_center\"><div class=\"w-image-h\"><img decoding=\"async\" width=\"150\" height=\"150\" src=\"https:\/\/www.tumag.be\/wp-content\/uploads\/2026\/02\/icon-verspanen.webp\" class=\"attachment-large size-large\" alt=\"\" loading=\"lazy\" srcset=\"https:\/\/www.tumag.be\/wp-content\/uploads\/2026\/02\/icon-verspanen.webp 150w, https:\/\/www.tumag.be\/wp-content\/uploads\/2026\/02\/icon-verspanen-12x12.webp 12w\" sizes=\"auto, (max-width: 150px) 100vw, 150px\" \/><\/div><\/div><div class=\"wpb_text_column\"><div class=\"wpb_wrapper\"><ul>\n<li><a href=\"\/fr\/production-de-haute-precision\/usinage\/tournage-cnc\/\">Tournage CNC<\/a><\/li>\n<li><a href=\"\/fr\/production-de-haute-precision\/usinage\/fraisage-cnc\/\">Fraisage CNC<\/a><\/li>\n<li><a href=\"\/fr\/production-de-haute-precision\/usinage\/fraisage-hsm\/\">Fraisage HSM<\/a><\/li>\n<li><a href=\"\/fr\/production-de-haute-precision\/usinage\/percage-de-trous-profonds\/\">Per\u00e7age de trous profonds<\/a><\/li>\n<\/ul>\n<\/div><\/div><div class=\"w-btn-wrapper align_justify\"><a class=\"w-btn us-btn-style_2\" href=\"\/fr\/production-de-haute-precision\/usinage-par-edm\/\"><span class=\"w-btn-label\">Usinage par \u00e9lectro\u00e9rosion<\/span><\/a><\/div><div class=\"w-image hide_on_mobiles align_center\"><div class=\"w-image-h\"><img decoding=\"async\" width=\"150\" height=\"150\" src=\"https:\/\/www.tumag.be\/wp-content\/uploads\/2026\/02\/icon-vonkerosie.webp\" class=\"attachment-large size-large\" alt=\"\" loading=\"lazy\" srcset=\"https:\/\/www.tumag.be\/wp-content\/uploads\/2026\/02\/icon-vonkerosie.webp 150w, https:\/\/www.tumag.be\/wp-content\/uploads\/2026\/02\/icon-vonkerosie-12x12.webp 12w\" sizes=\"auto, (max-width: 150px) 100vw, 150px\" \/><\/div><\/div><div class=\"wpb_text_column\"><div class=\"wpb_wrapper\"><ul>\n<li><a href=\"\/fr\/production-de-haute-precision\/usinage-par-edm\/electroerosion-a-fil\/\">\u00c9lectro\u00e9rosion \u00e0 fil<\/a><\/li>\n<li><a href=\"\/fr\/production-de-haute-precision\/usinage-par-edm\/electroerosion-par-enfoncage\/\">Per\u00e7age par \u00e9lectro\u00e9rosion<\/a><\/li>\n<li><a href=\"\/fr\/production-de-haute-precision\/usinage-par-edm\/percage-edm\/\">Per\u00e7age par \u00e9lectro\u00e9rosion<\/a><\/li>\n<li><a href=\"\/fr\/production-de-haute-precision\/usinage-par-edm\/electrodes-pour-edm\/\">Electrodes<\/a><\/li>\n<\/ul>\n<\/div><\/div><div class=\"w-btn-wrapper align_justify\"><a class=\"w-btn us-btn-style_2\" href=\"\/fr\/production-de-haute-precision\/rectification\/\"><span class=\"w-btn-label\">Rectification<\/span><\/a><\/div><div class=\"w-image hide_on_mobiles align_center\"><div class=\"w-image-h\"><img decoding=\"async\" width=\"150\" height=\"150\" src=\"https:\/\/www.tumag.be\/wp-content\/uploads\/2026\/02\/icon-slijpen.webp\" class=\"attachment-large size-large\" alt=\"\" loading=\"lazy\" srcset=\"https:\/\/www.tumag.be\/wp-content\/uploads\/2026\/02\/icon-slijpen.webp 150w, https:\/\/www.tumag.be\/wp-content\/uploads\/2026\/02\/icon-slijpen-12x12.webp 12w\" sizes=\"auto, (max-width: 150px) 100vw, 150px\" \/><\/div><\/div><div class=\"wpb_text_column\"><div class=\"wpb_wrapper\"><ul>\n<li><a href=\"\/fr\/production-de-haute-precision\/rectification\/rectification-plane\/\">Rectification plane<\/a><\/li>\n<li><a href=\"\/fr\/production-de-haute-precision\/rectification\/rectification-de-profils\/\">Rectification de profils<\/a><\/li>\n<li><a href=\"\/fr\/production-de-haute-precision\/rectification\/rectification-cylindrique\/\">Rectification cylindrique<\/a><\/li>\n<li><a href=\"\/fr\/production-de-haute-precision\/rectification\/rectification-de-coordonnees\/\">Rectification en coordination<\/a><\/li>\n<\/ul>\n<\/div><\/div><div class=\"w-btn-wrapper align_justify\"><a class=\"w-btn us-btn-style_2\" href=\"\/fr\/production-de-haute-precision\/ajustage-en-micromecanique\/\"><span class=\"w-btn-label\">Ajustage<\/span><\/a><\/div><div class=\"w-image hide_on_mobiles align_center\"><div class=\"w-image-h\"><img decoding=\"async\" width=\"150\" height=\"150\" src=\"https:\/\/www.tumag.be\/wp-content\/uploads\/2026\/02\/icon-onderhoud.webp\" class=\"attachment-large size-large\" alt=\"\" loading=\"lazy\" srcset=\"https:\/\/www.tumag.be\/wp-content\/uploads\/2026\/02\/icon-onderhoud.webp 150w, https:\/\/www.tumag.be\/wp-content\/uploads\/2026\/02\/icon-onderhoud-12x12.webp 12w\" sizes=\"auto, (max-width: 150px) 100vw, 150px\" \/><\/div><\/div><div class=\"wpb_text_column\"><div class=\"wpb_wrapper\"><ul>\n<li><a href=\"\/fr\/production-de-haute-precision\/ajustage-en-micromecanique\/montage\/\">Montage<\/a><\/li>\n<li><a href=\"\/fr\/production-de-haute-precision\/ajustage-en-micromecanique\/polissage\/\">Polissage<\/a><\/li>\n<li><a href=\"\/fr\/production-de-haute-precision\/ajustage-en-micromecanique\/soudage-laser\/\">Soudage laser<\/a><\/li>\n<li><a href=\"\/fr\/production-de-haute-precision\/ajustage-en-micromecanique\/gravure-laser\/\">Gravure laser<\/a><\/li>\n<\/ul>\n<\/div><\/div><div class=\"w-separator size_small\"><\/div><\/div><\/div><\/div><\/div><\/div><\/div><\/div><\/div><\/div><\/section>\n<\/div><\/div><\/div><\/div><\/div><\/section><section class=\"l-section wpb_row height_medium\"><div class=\"l-section-h i-cf\"><div class=\"g-cols vc_row via_flex valign_top type_default stacking_default\"><div class=\"vc_col-sm-12 wpb_column vc_column_container\"><div class=\"vc_column-inner\"><div class=\"wpb_wrapper\"><section class=\"l-section wpb_row us_custom_09bf7cdd height_medium\"><div class=\"l-section-h i-cf\"><div class=\"g-cols vc_row via_flex valign_top type_default stacking_default\"><div class=\"vc_col-sm-12 wpb_column vc_column_container\"><div class=\"vc_column-inner\"><div class=\"wpb_wrapper\"><div class=\"wpb_text_column\"><div class=\"wpb_wrapper\"><h2>Services<\/h2>\n<\/div><\/div><div class=\"w-separator size_small\"><\/div><div class=\"g-cols wpb_row via_flex valign_top type_default stacking_default\"><div class=\"vc_col-sm-1\/5 wpb_column vc_column_container responsive-col-service\"><div class=\"vc_column-inner\"><div class=\"wpb_wrapper\"><div class=\"w-image us_custom_12711e67 align_none\"><a href=\"\/fr\/ingenierie\/\" aria-label=\"1_Ontwerp_icon\" class=\"w-image-h\"><img decoding=\"async\" width=\"150\" height=\"150\" src=\"https:\/\/www.tumag.be\/wp-content\/uploads\/2022\/05\/1_Ontwerp_icon.png\" class=\"attachment-full size-full\" alt=\"\" loading=\"lazy\" \/><\/a><\/div><div class=\"w-btn-wrapper align_none\"><a class=\"w-btn us-btn-style_2 us_custom_b4198c51\" title=\"D\u00e9veloppement d\u2019outillages\" href=\"\/fr\/ingenierie\/\"><span class=\"w-btn-label\">Ing\u00e9nierie<\/span><\/a><\/div><div class=\"w-separator size_small\"><\/div><div class=\"wpb_text_column\"><div class=\"wpb_wrapper\"><p>Gr\u00e2ce \u00e0 notre propre d\u00e9partement d'ing\u00e9nierie, nous collaborons \u00e9troitement avec le service de conception de nos clients afin d\u2019optimiser la fabricabilit\u00e9 du produit d\u00e8s les premi\u00e8res \u00e9tapes pour le moulage par injection\u2026<\/p>\n<\/div><\/div><div class=\"wpb_text_column\"><div class=\"wpb_wrapper\"><p><a href=\"\/fr\/ingenierie\/\">En savoir plus\u2026<\/a><\/p>\n<\/div><\/div><\/div><\/div><\/div><div class=\"vc_col-sm-1\/5 wpb_column vc_column_container responsive-col-service\"><div class=\"vc_column-inner\"><div class=\"wpb_wrapper\"><div class=\"w-image us_custom_12711e67 align_none\"><a href=\"\/fr\/production-de-haute-precision\/\" aria-label=\"2_HogePrecisieProductie_icon\" class=\"w-image-h\"><img decoding=\"async\" width=\"150\" height=\"150\" src=\"https:\/\/www.tumag.be\/wp-content\/uploads\/2022\/05\/2_HogePrecisieProductie_icon.png\" class=\"attachment-full size-full\" alt=\"\" loading=\"lazy\" \/><\/a><\/div><div class=\"w-btn-wrapper align_none\"><a class=\"w-btn us-btn-style_2 us_custom_b4198c51\" title=\"D\u00e9veloppement d\u2019outillages\" href=\"\/fr\/production-de-haute-precision\/\"><span class=\"w-btn-label\">Haute pr\u00e9cision<\/span><\/a><\/div><div class=\"w-separator size_small\"><\/div><div class=\"wpb_text_column\"><div class=\"wpb_wrapper\"><p>Dans notre espace de production climatis\u00e9, nous regroupons toutes les op\u00e9rations d\u2019usinage CNC de pr\u00e9cision afin de r\u00e9pondre \u00e0 nos besoins de production en haute mixit\u00e9 \/ faible volume<br \/>\net produire notre gamme de produits.<\/p>\n<\/div><\/div><div class=\"wpb_text_column\"><div class=\"wpb_wrapper\"><p><a href=\"\/fr\/production-de-haute-precision\/\">En savoir plus\u2026<\/a><\/p>\n<\/div><\/div><\/div><\/div><\/div><div class=\"vc_col-sm-1\/5 wpb_column vc_column_container responsive-col-service\"><div class=\"vc_column-inner\"><div class=\"wpb_wrapper\"><div class=\"w-image us_custom_12711e67 align_none\"><a href=\"\/fr\/controle-de-qualite\/\" aria-label=\"kc\" class=\"w-image-h\"><img decoding=\"async\" width=\"512\" height=\"512\" src=\"https:\/\/www.tumag.be\/wp-content\/uploads\/2024\/12\/kc.png\" class=\"attachment-full size-full\" alt=\"\" loading=\"lazy\" srcset=\"https:\/\/www.tumag.be\/wp-content\/uploads\/2024\/12\/kc.png 512w, https:\/\/www.tumag.be\/wp-content\/uploads\/2024\/12\/kc-300x300.png 300w, https:\/\/www.tumag.be\/wp-content\/uploads\/2024\/12\/kc-150x150.png 150w, https:\/\/www.tumag.be\/wp-content\/uploads\/2024\/12\/kc-12x12.png 12w, https:\/\/www.tumag.be\/wp-content\/uploads\/2024\/12\/kc-400x400.png 400w\" sizes=\"auto, (max-width: 512px) 100vw, 512px\" \/><\/a><\/div><div class=\"w-btn-wrapper align_none\"><a class=\"w-btn us-btn-style_2 us_custom_b4198c51\" title=\"D\u00e9veloppement d\u2019outillages\" href=\"\/fr\/controle-de-qualite\/\"><span class=\"w-btn-label\">Contr\u00f4le de qualit\u00e9<\/span><\/a><\/div><div class=\"w-separator size_small\"><\/div><div class=\"wpb_text_column\"><div class=\"wpb_wrapper\"><p>Tous nos produits sont fabriqu\u00e9s avec une pr\u00e9cision et une qualit\u00e9 sans cesse accrues, ce qui repr\u00e9sente \u00e9galement un d\u00e9fi croissant pour nos instruments de mesure. Lors de la production de pi\u00e8ces de pr\u00e9cision, il est\u2026<\/p>\n<\/div><\/div><div class=\"wpb_text_column\"><div class=\"wpb_wrapper\"><p><a href=\"\/fr\/controle-de-qualite\/\">En savoir plus\u2026<\/a><\/p>\n<\/div><\/div><\/div><\/div><\/div><div class=\"vc_col-sm-1\/5 wpb_column vc_column_container responsive-col-service\"><div class=\"vc_column-inner\"><div class=\"wpb_wrapper\"><div class=\"w-image us_custom_12711e67 align_none\"><a href=\"\/fr\/moulage-par-injection\/\" aria-label=\"spuitgieten3\" class=\"w-image-h\"><img decoding=\"async\" width=\"150\" height=\"150\" src=\"https:\/\/www.tumag.be\/wp-content\/uploads\/2024\/05\/spuitgieten3.png\" class=\"attachment-full size-full\" alt=\"\" loading=\"lazy\" \/><\/a><\/div><div class=\"w-btn-wrapper align_none\"><a class=\"w-btn us-btn-style_2 us_custom_b4198c51\" title=\"D\u00e9veloppement d\u2019outillages\" href=\"\/fr\/moulage-par-injection\/\"><span class=\"w-btn-label\">Moulage par injection<\/span><\/a><\/div><div class=\"w-separator size_small\"><\/div><div class=\"wpb_text_column\"><div class=\"wpb_wrapper\"><p>Nous mettons \u00e9galement notre expertise en moulage par injection \u00e0 la disposition de nos clients. Gr\u00e2ce \u00e0 nos presses \u00e0 injecter, initialement destin\u00e9es \u00e0 l\u2019optimisation, la validation et les tests de moules\u2026<\/p>\n<\/div><\/div><div class=\"wpb_text_column\"><div class=\"wpb_wrapper\"><p><a href=\"\/fr\/moulage-par-injection\/\">En savoir plus\u2026<\/a><\/p>\n<\/div><\/div><\/div><\/div><\/div><div class=\"vc_col-sm-1\/5 wpb_column vc_column_container responsive-col-service\"><div class=\"vc_column-inner\"><div class=\"wpb_wrapper\"><div class=\"w-image us_custom_12711e67 align_none\"><a href=\"\/fr\/entretien-des-moules\/\" aria-label=\"4_Nazorg, Onderhoud &amp; Herstellingen_icon\" class=\"w-image-h\"><img decoding=\"async\" width=\"150\" height=\"150\" src=\"https:\/\/www.tumag.be\/wp-content\/uploads\/2022\/05\/4_Nazorg-Onderhoud-Herstellingen_icon.png\" class=\"attachment-full size-full\" alt=\"\" loading=\"lazy\" \/><\/a><\/div><div class=\"w-btn-wrapper align_none\"><a class=\"w-btn us-btn-style_2 us_custom_b4198c51\" title=\"D\u00e9veloppement d\u2019outillages\" href=\"\/fr\/entretien-des-moules\/\"><span class=\"w-btn-label\">Entretien des moules<\/span><\/a><\/div><div class=\"w-separator size_small\"><\/div><div class=\"wpb_text_column\"><div class=\"wpb_wrapper\"><p>Que ce soit pour l\u2019entretien pr\u00e9ventif, les r\u00e9visions compl\u00e8tes ou la modification de moules ou de composants existants, vous \u00eates \u00e0 la bonne adresse chez Tumag. Nous pouvons \u00e9galement r\u00e9parer les pi\u00e8ces endommag\u00e9es pour vous.<\/p>\n<\/div><\/div><div class=\"wpb_text_column\"><div class=\"wpb_wrapper\"><p><a href=\"\/fr\/entretien-des-moules\/\">En savoir plus\u2026<\/a><\/p>\n<\/div><\/div><\/div><\/div><\/div><\/div><\/div><\/div><\/div><\/div><\/div><\/section>\n<\/div><\/div><\/div><\/div><\/div><\/section>","protected":false},"excerpt":{"rendered":"Hoge Precisie Productie \/ Fijnmechanisch bankwerken Polijsten Blinken als een spiegel Bij Tumag voorzien wij uw onderdelen van sublieme oppervlakken via onze gespecialiseerde polijstwerkzaamheden. Bij deze bewerkingstechniek wordt het oppervlak van het werkstuk stap voor stap met steeds fijner schuurmateriaal bewerkt. Door het herhaald polijsten worden de pieken op het oppervlak van het werkstuk afgevlakt....","protected":false},"author":4,"featured_media":0,"parent":1580,"menu_order":0,"comment_status":"closed","ping_status":"closed","template":"","meta":{"_seopress_robots_primary_cat":"","_seopress_titles_title":"Polijsten - Tumag","_seopress_titles_desc":"Bij Tumag voorzien wij uw onderdelen van sublieme oppervlakken via onze gespecialiseerde polijstwerkzaamheden.","_seopress_robots_index":"","footnotes":""},"class_list":["post-1595","page","type-page","status-publish","hentry"],"_links":{"self":[{"href":"https:\/\/www.tumag.be\/fr\/wp-json\/wp\/v2\/pages\/1595","targetHints":{"allow":["GET"]}}],"collection":[{"href":"https:\/\/www.tumag.be\/fr\/wp-json\/wp\/v2\/pages"}],"about":[{"href":"https:\/\/www.tumag.be\/fr\/wp-json\/wp\/v2\/types\/page"}],"author":[{"embeddable":true,"href":"https:\/\/www.tumag.be\/fr\/wp-json\/wp\/v2\/users\/4"}],"replies":[{"embeddable":true,"href":"https:\/\/www.tumag.be\/fr\/wp-json\/wp\/v2\/comments?post=1595"}],"version-history":[{"count":0,"href":"https:\/\/www.tumag.be\/fr\/wp-json\/wp\/v2\/pages\/1595\/revisions"}],"up":[{"embeddable":true,"href":"https:\/\/www.tumag.be\/fr\/wp-json\/wp\/v2\/pages\/1580"}],"wp:attachment":[{"href":"https:\/\/www.tumag.be\/fr\/wp-json\/wp\/v2\/media?parent=1595"}],"curies":[{"name":"wp","href":"https:\/\/api.w.org\/{rel}","templated":true}]}}