{"id":2145,"date":"2026-02-17T10:45:46","date_gmt":"2026-02-17T10:45:46","guid":{"rendered":"https:\/\/www.tumag.be\/?page_id=2145"},"modified":"2026-03-03T08:08:21","modified_gmt":"2026-03-03T08:08:21","slug":"durabilite","status":"publish","type":"page","link":"https:\/\/www.tumag.be\/fr\/duurzaamheid\/","title":{"rendered":"Durabilit\u00e9"},"content":{"rendered":"<section class=\"l-section wpb_row us_custom_e81febdd has_text_color height_medium\"><div class=\"l-section-overlay\" style=\"background:rgba(3,46,85,0.40)\"><\/div><div class=\"l-section-h i-cf\"><div class=\"g-cols vc_row via_flex valign_middle type_default stacking_default\"><div class=\"vc_col-sm-12 wpb_column vc_column_container\"><div class=\"vc_column-inner\"><div class=\"wpb_wrapper\"><div class=\"w-separator size_custom\" style=\"height:150px\" id=\"f5ad\"><style>@media(max-width:1599px){ #f5ad{height:100px!important}}@media(max-width:767px){ #f5ad{height:50px!important}}<\/style><\/div><div class=\"wpb_text_column\"><div class=\"wpb_wrapper\"><h1>Fabrication de moules durable et production de pr\u00e9cision \u00e9co\u00e9nerg\u00e9tique<\/h1>\n<\/div><\/div><div class=\"w-separator size_custom\" style=\"height:150px\" id=\"h9f9\"><style>@media(max-width:1599px){ #h9f9{height:100px!important}}@media(max-width:767px){ #h9f9{height:50px!important}}<\/style><\/div><\/div><\/div><\/div><\/div><\/div><\/section><section class=\"l-section wpb_row height_medium\"><div class=\"l-section-h i-cf\"><div class=\"g-cols vc_row via_flex valign_top type_default stacking_default\"><div class=\"vc_col-sm-12 wpb_column vc_column_container\"><div class=\"vc_column-inner\"><div class=\"wpb_wrapper\"><div class=\"wpb_text_column us_custom_432d3f53\"><div class=\"wpb_wrapper\"><h2>Pourquoi choisir une cha\u00eene d\u2019approvisionnement verte ?<\/h2>\n<p class=\"translation-block\">Chez Tumag, la durabilit\u00e9 n\u2019est pas un terme marketing, mais un choix strat\u00e9gique. Nous investissons consciemment dans une <a href=\"\/fr\/moules\/\" target=\"_self\">fabrication de moules durable<\/a>, une production \u00e9co\u00e9nerg\u00e9tique et des outillages \u00e0 longue dur\u00e9e de vie. Nous soutenons ainsi les entreprises industrielles belges et n\u00e9erlandaises qui souhaitent rendre leur cha\u00eene d\u2019approvisionnement plus durable sans compromettre la pr\u00e9cision ni la qualit\u00e9.<\/p>\n<p class=\"translation-block\">Notre approche combine une <a href=\"\/fr\/production-de-haute-precision\/\" target=\"_self\">production de haute pr\u00e9cision<\/a> avec des infrastructures tourn\u00e9es vers l\u2019avenir et des solutions \u00e9nerg\u00e9tiques intelligentes.<\/p>\n<p>Production durable et qualit\u00e9 sup\u00e9rieure vont de pair.<\/p>\n<\/div><\/div><div class=\"g-cols wpb_row via_flex valign_top type_default stacking_default\"><div class=\"vc_col-sm-6 wpb_column vc_column_container\"><div class=\"vc_column-inner\"><div class=\"wpb_wrapper\"><div class=\"w-image align_none\"><div class=\"w-image-h\"><img decoding=\"async\" width=\"500\" height=\"834\" src=\"https:\/\/www.tumag.be\/wp-content\/uploads\/2026\/02\/duurzaamheid-geothermie.webp\" class=\"attachment-large size-large\" alt=\"Aanleg van een beoveld. Op de afbeelding is te zien hoe de boringen in de grond verlopen.\" loading=\"lazy\" srcset=\"https:\/\/www.tumag.be\/wp-content\/uploads\/2026\/02\/duurzaamheid-geothermie.webp 500w, https:\/\/www.tumag.be\/wp-content\/uploads\/2026\/02\/duurzaamheid-geothermie-180x300.webp 180w, https:\/\/www.tumag.be\/wp-content\/uploads\/2026\/02\/duurzaamheid-geothermie-7x12.webp 7w\" sizes=\"auto, (max-width: 500px) 100vw, 500px\" \/><\/div><\/div><\/div><\/div><\/div><div class=\"vc_col-sm-6 wpb_column vc_column_container\"><div class=\"vc_column-inner\"><div class=\"wpb_wrapper\"><div class=\"wpb_text_column us_custom_432d3f53\"><div class=\"wpb_wrapper\"><h2>Infrastructures \u00e9conomes en \u00e9nergie et \u00e9nergie verte<\/h2>\n<p>Notre b\u00e2timent d\u2019entreprise a \u00e9t\u00e9 con\u00e7u avec une attention particuli\u00e8re port\u00e9e \u00e0 l\u2019efficacit\u00e9 \u00e9nerg\u00e9tique et \u00e0 une vision \u00e0 long terme.<\/p>\n<ul>\n<li>Enveloppe du b\u00e2timent \u00e0 haute efficacit\u00e9 \u00e9nerg\u00e9tique<\/li>\n<li>Syst\u00e8me de pompe \u00e0 chaleur<\/li>\n<li>Champ BEO (stockage d\u2019\u00e9nergie g\u00e9othermique)<\/li>\n<li>Pas de raccordement au gaz<\/li>\n<li>Isolation maximale et r\u00e9gulation climatique intelligente<\/li>\n<\/ul>\n<p>Ces investissements r\u00e9duisent non seulement notre empreinte \u00e9cologique, mais garantissent \u00e9galement un environnement de production stable et p\u00e9renne.<\/p>\n<p>Notre production fonctionne autant que possible \u00e0 l\u2019\u00e9nergie renouvelable. Nous combinons :<\/p>\n<ul>\n<li>Production d\u2019\u00e9nergie propre<\/li>\n<li>Gestion intelligente de l\u2019\u00e9nergie<\/li>\n<li>Machines CNC \u00e0 haute efficacit\u00e9 \u00e9nerg\u00e9tique<\/li>\n<li>Suivi continu de la consommation<\/li>\n<\/ul>\n<\/div><\/div><\/div><\/div><\/div><\/div><div class=\"w-separator size_small\"><\/div><div class=\"wpb_text_column us_custom_432d3f53\"><div class=\"wpb_wrapper\"><h3>Panneaux solaires pour l\u2019\u00e9nergie renouvelable<\/h3>\n<p>Sur le toit de notre site se trouve une installation photovolta\u00efque comprenant pas moins de 592 panneaux solaires, couvrant une part importante de nos besoins en \u00e9lectricit\u00e9. Cela se traduit par une empreinte CO\u2082 plus faible par moule ou composant de pr\u00e9cision produit.<\/p>\n<h3>Travailler de mani\u00e8re \u00e9co\u00e9nerg\u00e9tique<\/h3>\n<p>Nous utilisons \u00e9galement des pompes \u00e0 chaleur pour un chauffage et un refroidissement efficaces sur le plan \u00e9nerg\u00e9tique. Combin\u00e9es \u00e0 notre champ de stockage d\u2019\u00e9nergie par forage (BEO), elles constituent une solution \u00e9nerg\u00e9tique durable \u00e0 long terme. Un champ BEO est un r\u00e9seau de forages verticaux dans le sol o\u00f9 la chaleur et le froid sont stock\u00e9s. En \u00e9t\u00e9, la chaleur exc\u00e9dentaire est stock\u00e9e dans le sol et r\u00e9utilis\u00e9e en hiver pour le chauffage, et inversement.\n\nCe syst\u00e8me garantit un climat int\u00e9rieur stable dans notre hall de production et nos bureaux avec un impact \u00e9nerg\u00e9tique minimal.<\/p>\n<h3>Gestion de l\u2019eau et solutions circulaires<\/h3>\n<p>Nous assumons \u00e9galement notre responsabilit\u00e9 en mati\u00e8re d\u2019utilisation de l\u2019eau. Gr\u00e2ce \u00e0 la r\u00e9cup\u00e9ration des eaux de pluie, nous collectons l\u2019eau de pluie et la r\u00e9utilisons dans nos processus et pour les usages sanitaires. Cela limite l\u2019utilisation d\u2019eau potable et r\u00e9duit l\u2019impact environnemental.<\/p>\n<\/div><\/div><div class=\"w-separator size_medium\"><\/div><div class=\"g-cols wpb_row via_flex valign_top type_default stacking_default\"><div class=\"vc_col-sm-6 wpb_column vc_column_container\"><div class=\"vc_column-inner\"><div class=\"wpb_wrapper\"><div class=\"wpb_text_column us_custom_432d3f53\"><div class=\"wpb_wrapper\"><h2>Un outillage \u00e0 longue dur\u00e9e de vie = une v\u00e9ritable durabilit\u00e9<\/h2>\n<p>Gr\u00e2ce \u00e0 une planification intelligente, des usinages CNC pr\u00e9cis et un contr\u00f4le qualit\u00e9 rigoureux, nous limitons les pertes de mati\u00e8re et augmentons la dur\u00e9e de vie de nos moules et composants. Produire de mani\u00e8re durable signifie en effet aussi : moins de gaspillage et une fiabilit\u00e9 accrue pour nos clients.<\/p>\n<p>Nous construisons :<\/p>\n<ul>\n<li><a href=\"\/fr\/moules\/\">Moules d\u2019injection plastique haut de gamme<\/a><\/li>\n<li>Moules 2K<\/li>\n<li>Outillages multi-empreintes<\/li>\n<li><a href=\"\/fr\/outillages-de-decoupe\/\">Poin\u00e7ons (de d\u00e9coupe)<\/a><\/li>\n<li><a href=\"\/fr\/mecanique-de-precision\/\">Composants de m\u00e9canique de pr\u00e9cision<\/a><\/li>\n<\/ul>\n<p>Notre outillage est con\u00e7u pour :<\/p>\n<ul>\n<li>Longue dur\u00e9e de vie op\u00e9rationnelle<\/li>\n<li>Usure minimale<\/li>\n<li>Stabilit\u00e9 maximale du processus<\/li>\n<li>Maintenance efficace<\/li>\n<\/ul>\n<p>Un moule qui dure plus longtemps signifie moins de consommation de mat\u00e9riaux, moins d\u2019arr\u00eats de production et des co\u00fbts de production globaux plus faibles.<\/p>\n<\/div><\/div><\/div><\/div><\/div><div class=\"vc_col-sm-6 wpb_column vc_column_container\"><div class=\"vc_column-inner\"><div class=\"wpb_wrapper\"><div class=\"w-image align_center\"><div class=\"w-image-h\"><img decoding=\"async\" width=\"600\" height=\"589\" src=\"https:\/\/www.tumag.be\/wp-content\/uploads\/2026\/02\/duurzaamheid-beoveld-tumag.webp\" class=\"attachment-large size-large\" alt=\"Chauffage durable des bureaux et des espaces de production. Une repr\u00e9sentation sch\u00e9matique d\u2019un champ BEO.\" loading=\"lazy\" srcset=\"https:\/\/www.tumag.be\/wp-content\/uploads\/2026\/02\/duurzaamheid-beoveld-tumag.webp 600w, https:\/\/www.tumag.be\/wp-content\/uploads\/2026\/02\/duurzaamheid-beoveld-tumag-300x295.webp 300w, https:\/\/www.tumag.be\/wp-content\/uploads\/2026\/02\/duurzaamheid-beoveld-tumag-12x12.webp 12w\" sizes=\"auto, (max-width: 600px) 100vw, 600px\" \/><\/div><\/div><div class=\"w-separator size_medium\"><\/div><div class=\"wpb_text_column us_custom_32e2d776\"><div class=\"wpb_wrapper\"><p style=\"text-align: center;\"><strong>Dans notre secteur, la durabilit\u00e9 signifie avant tout : qualit\u00e9 et long\u00e9vit\u00e9.<\/strong><\/p>\n<\/div><\/div><\/div><\/div><\/div><\/div><\/div><\/div><\/div><\/div><\/div><\/section><section class=\"l-section wpb_row height_medium\"><div class=\"l-section-h i-cf\"><div class=\"g-cols vc_row via_flex valign_top type_default stacking_default\"><div class=\"vc_col-sm-12 wpb_column vc_column_container\"><div class=\"vc_column-inner\"><div class=\"wpb_wrapper\"><div class=\"wpb_text_column\"><div class=\"wpb_wrapper\"><h2>Durabilit\u00e9 dans les processus de production<\/h2>\n<\/div><\/div><div class=\"g-cols wpb_row via_flex valign_top type_default stacking_default\"><div class=\"vc_col-sm-6 wpb_column vc_column_container\"><div class=\"vc_column-inner\"><div class=\"wpb_wrapper\"><div class=\"wpb_text_column\"><div class=\"wpb_wrapper\"><h3>Nous int\u00e9grons la durabilit\u00e9 \u00e0 chaque phase de notre mod\u00e8le one-stop-shop :<\/h3>\n<ul>\n<li class=\"translation-block\"><a href=\"\/fr\/ingenierie\/\" target=\"_self\">Ing\u00e9nierie<\/a> ax\u00e9e sur l\u2019optimisation<\/li>\n<li class=\"translation-block\"><a href=\"\/fr\/production-de-haute-precision\/\" target=\"_self\">Production de pr\u00e9cision<\/a> avec des tol\u00e9rances minimales<\/li>\n<li class=\"translation-block\"><a href=\"\/fr\/controle-de-qualite\/\" target=\"_self\">Contr\u00f4le qualit\u00e9<\/a> pour limiter les co\u00fbts de non-qualit\u00e9<\/li>\n<li class=\"translation-block\"><a href=\"\/fr\/entretien-des-moules\/\" target=\"_self\">Maintenance<\/a> pour prolonger la dur\u00e9e de vie<\/li>\n<\/ul>\n<\/div><\/div><\/div><\/div><\/div><div class=\"vc_col-sm-6 wpb_column vc_column_container\"><div class=\"vc_column-inner\"><div class=\"wpb_wrapper\"><div class=\"wpb_text_column\"><div class=\"wpb_wrapper\"><h3>Gr\u00e2ce \u00e0 l\u2019optimisation des processus, nous r\u00e9duisons :<\/h3>\n<ul>\n<li>D\u00e9chets<\/li>\n<li>Consommation d\u2019\u00e9nergie<\/li>\n<li>Travaux de correction<\/li>\n<li>Mouvements de transport inutiles<\/li>\n<\/ul>\n<\/div><\/div><\/div><\/div><\/div><\/div><div class=\"w-separator size_small\"><\/div><div class=\"w-image align_center\"><div class=\"w-image-h\"><img decoding=\"async\" width=\"800\" height=\"571\" src=\"https:\/\/www.tumag.be\/wp-content\/uploads\/2026\/02\/duurzaamheid-schema-FR.webp\" class=\"attachment-large size-large\" alt=\"Durabilit\u00e9 dans les processus de production. Chez Tumag \u00e0 Turnhout, la durabilit\u00e9 est une partie essentielle de notre processus de production.\" loading=\"lazy\" srcset=\"https:\/\/www.tumag.be\/wp-content\/uploads\/2026\/02\/duurzaamheid-schema-FR.webp 800w, https:\/\/www.tumag.be\/wp-content\/uploads\/2026\/02\/duurzaamheid-schema-FR-300x214.webp 300w, https:\/\/www.tumag.be\/wp-content\/uploads\/2026\/02\/duurzaamheid-schema-FR-18x12.webp 18w\" sizes=\"auto, (max-width: 800px) 100vw, 800px\" \/><\/div><\/div><div class=\"w-separator size_small\"><\/div><div class=\"g-cols wpb_row via_flex valign_top type_default stacking_default\"><div class=\"vc_col-sm-6 wpb_column vc_column_container\"><div class=\"vc_column-inner\"><div class=\"wpb_wrapper\"><div class=\"wpb_text_column us_custom_432d3f53\"><div class=\"wpb_wrapper\"><h2>Une production responsable tourn\u00e9e vers l\u2019avenir<\/h2>\n<p>Nos clients attendent une qualit\u00e9 et une fiabilit\u00e9 irr\u00e9prochables. Nous y ajoutons d\u00e9lib\u00e9r\u00e9ment une production durable et \u00e9co\u00e9nerg\u00e9tique. En investissant dans les \u00e9nergies renouvelables, des techniques innovantes et une gestion r\u00e9fl\u00e9chie des mati\u00e8res premi\u00e8res et de l\u2019eau, nous construisons un processus de production pr\u00eat pour l\u2019avenir.<\/p>\n<p>Pour les entreprises belges et n\u00e9erlandaises, collaborer avec Tumag signifie :<\/p>\n<p>\u2714 Une cha\u00eene d\u2019approvisionnement plus durable<\/p>\n<p>\u2714 Une production locale au sein du Benelux<\/p>\n<p>\u2714 Moins d\u2019impact li\u00e9 au transport<\/p>\n<p>\u2714 Un outillage \u00e0 longue dur\u00e9e de vie<\/p>\n<p>\u2714 Partenaire fiable pour les objectifs ESG<\/p>\n<\/div><\/div><div class=\"wpb_text_column us_custom_5950004c\"><div class=\"wpb_wrapper\"><p><strong>Nous soutenons les entreprises dans :<\/strong><\/p>\n<ul>\n<li><a href=\"\/fr\/secteur-medical\/\">Healthcare<\/a><\/li>\n<li><a href=\"\/fr\/aeronautique-et-defense\/\">A\u00e9ronautique et d\u00e9fense<\/a><\/li>\n<li><a href=\"\/fr\/high-tech-industrie\/\">Industrie de haute technologie<\/a><\/li>\n<li><a href=\"\/fr\/emballage\/\">Emballage<\/a><\/li>\n<\/ul>\n<\/div><\/div><\/div><\/div><\/div><div class=\"vc_col-sm-6 wpb_column vc_column_container\"><div class=\"vc_column-inner\"><div class=\"wpb_wrapper\"><div class=\"wpb_text_column\"><div class=\"wpb_wrapper\"><h2>Un lieu de travail durable pour les collaborateurs<\/h2>\n<p>La durabilit\u00e9 ne s\u2019arr\u00eate pas aux machines et aux b\u00e2timents. Nous investissons \u00e9galement dans un environnement de travail \u00e9co\u00e9nerg\u00e9tique et agr\u00e9able. Dans nos espaces de production, nous utilisons un \u00e9clairage LED, ce qui r\u00e9duit consid\u00e9rablement la consommation d\u2019\u00e9nergie tout en garantissant une visibilit\u00e9 optimale pour le travail de pr\u00e9cision.<\/p>\n<p>Nous mettons \u00e0 disposition des bornes de recharge pour v\u00e9los \u00e9lectriques afin d\u2019encourager les d\u00e9placements durables. De cette mani\u00e8re, nous contribuons \u00e0 r\u00e9duire la pression sur le trafic et les \u00e9missions de CO\u2082, tout en cr\u00e9ant un lieu de travail moderne et tourn\u00e9 vers l\u2019avenir.<\/p>\n<\/div><\/div><div class=\"w-separator size_small\"><\/div><div class=\"wpb_text_column\"><div class=\"wpb_wrapper\"><h2>\u00c0 la recherche d\u2019un partenaire durable \u00e0 long terme en fabrication de moules ?<\/h2>\n<p>Nous ne croyons pas aux solutions \u00e0 court terme, mais aux relations durables.<\/p>\n<p>En investissant dans la technologie, l\u2019infrastructure et les talents, nous ne construisons pas seulement des moules \u2014 mais aussi des collaborations durables.<\/p>\n<\/div><\/div><div class=\"w-separator size_small\"><\/div><div class=\"w-btn-wrapper align_center\"><a class=\"w-btn us-btn-style_1\" href=\"\/fr\/contact\/\"><span class=\"w-btn-label\">Discutez de votre projet avec nous<\/span><\/a><\/div><\/div><\/div><\/div><\/div><div class=\"w-separator size_small\"><\/div><div class=\"w-image align_center\"><div class=\"w-image-h\"><img decoding=\"async\" width=\"1024\" height=\"509\" src=\"https:\/\/www.tumag.be\/wp-content\/uploads\/2026\/02\/duurzaamheid-zonnepanelen-1024x509.webp\" class=\"attachment-large size-large\" alt=\"\u00c9nergie durable : le toit du hall de production de Tumag est couvert de panneaux solaires.\" loading=\"lazy\" srcset=\"https:\/\/www.tumag.be\/wp-content\/uploads\/2026\/02\/duurzaamheid-zonnepanelen-1024x509.webp 1024w, https:\/\/www.tumag.be\/wp-content\/uploads\/2026\/02\/duurzaamheid-zonnepanelen-300x149.webp 300w, https:\/\/www.tumag.be\/wp-content\/uploads\/2026\/02\/duurzaamheid-zonnepanelen-18x9.webp 18w, https:\/\/www.tumag.be\/wp-content\/uploads\/2026\/02\/duurzaamheid-zonnepanelen.webp 1200w\" sizes=\"auto, (max-width: 1024px) 100vw, 1024px\" \/><\/div><\/div><div class=\"w-separator size_small\"><\/div><div class=\"wpb_text_column\"><div class=\"wpb_wrapper\"><h2>Questions fr\u00e9quemment pos\u00e9es (FAQ)<\/h2>\n<\/div><\/div><div  class=\"vc_do_toggle vc_toggle vc_toggle_default vc_toggle_color_default  vc_toggle_size_md\"><div class=\"vc_toggle_title\"><h3 style=\"text-align: left\" class=\"vc_custom_heading vc_do_custom_heading us_custom_cda6f729\" >Qu\u2019est-ce qui rend un moule d\u2019injection de Tumag durable ?<\/h3><i class=\"vc_toggle_icon\"><\/i><\/div><div class=\"vc_toggle_content\"><p>La durabilit\u00e9 dans la fabrication de moules r\u00e9side avant tout dans la qualit\u00e9 et la dur\u00e9e de vie de l\u2019outillage. Gr\u00e2ce \u00e0 des usinages CNC pr\u00e9cis, \u00e0 des aciers de haute qualit\u00e9 et \u00e0 un entretien optimal des moules, nous garantissons une dur\u00e9e de vie extr\u00eamement longue. Cela r\u00e9duit non seulement la n\u00e9cessit\u00e9 de remplacement, mais assure \u00e9galement des processus plus stables avec beaucoup moins de pertes de mati\u00e8re et de d\u00e9chets dans votre propre production.<\/p>\n<\/div><\/div><div  class=\"vc_do_toggle vc_toggle vc_toggle_default vc_toggle_color_default  vc_toggle_size_md\"><div class=\"vc_toggle_title\"><h3 style=\"text-align: left\" class=\"vc_custom_heading vc_do_custom_heading us_custom_cda6f729\" >Comment Tumag r\u00e9duit-il les \u00e9missions de CO\u2082 pendant la production de pr\u00e9cision ?<\/h3><i class=\"vc_toggle_icon\"><\/i><\/div><div class=\"vc_toggle_content\"><p>Nous produisons dans une installation extr\u00eamement \u00e9co\u00e9nerg\u00e9tique \u00e0 Turnhout, enti\u00e8rement sans raccordement au gaz. L\u2019\u00e9nergie pour notre parc machines haut de gamme est en grande partie produite localement gr\u00e2ce \u00e0 une installation photovolta\u00efque comprenant pr\u00e8s de 600 panneaux solaires. En outre, notre espace de production climatis\u00e9 est chauff\u00e9 et refroidi de mani\u00e8re durable au moyen de pompes \u00e0 chaleur et de notre propre champ BEO (stockage d\u2019\u00e9nergie par forage).<\/p>\n<\/div><\/div><div  class=\"vc_do_toggle vc_toggle vc_toggle_default vc_toggle_color_default  vc_toggle_size_md\"><div class=\"vc_toggle_title\"><h3 style=\"text-align: left\" class=\"vc_custom_heading vc_do_custom_heading us_custom_cda6f729\" >Pourquoi la fabrication locale de moules dans le Benelux est-elle un choix durable ?<\/h3><i class=\"vc_toggle_icon\"><\/i><\/div><div class=\"vc_toggle_content\"><p>En choisissant un partenaire outillage proche de chez vous, vous r\u00e9duisez directement l\u2019empreinte \u00e9cologique de votre cha\u00eene d\u2019approvisionnement (\u00e9missions Scope 3). Une production locale en Belgique \u00e9limine les transports intercontinentaux inutiles et polluants. De plus, cela garantit des d\u00e9lais plus courts, une communication plus rapide et l\u2019assurance que la production respecte des r\u00e9glementations europ\u00e9ennes strictes en mati\u00e8re d\u2019environnement et de droit du travail.<\/p>\n<\/div><\/div><div  class=\"vc_do_toggle vc_toggle vc_toggle_default vc_toggle_color_default  vc_toggle_size_md\"><div class=\"vc_toggle_title\"><h3 style=\"text-align: left\" class=\"vc_custom_heading vc_do_custom_heading us_custom_cda6f729\" >La durabilit\u00e9 est-elle \u00e9galement prise en compte lors de la phase d\u2019ing\u00e9nierie ?<\/h3><i class=\"vc_toggle_icon\"><\/i><\/div><div class=\"vc_toggle_content\"><p>Absolument. La base d\u2019un processus de production durable est pos\u00e9e d\u00e8s la phase d\u2019ing\u00e9nierie. Gr\u00e2ce \u00e0 la co-ing\u00e9nierie et au Design for Manufacturing (DFM), nous concevons des moules et des composants de m\u00e9canique de pr\u00e9cision de mani\u00e8re \u00e0 optimiser l\u2019utilisation des mati\u00e8res premi\u00e8res. Nous conseillons \u00e9galement de mani\u00e8re proactive sur le choix des mat\u00e9riaux et sur la mise en \u0153uvre de concepts efficaces tels que les flex moulds.<\/p>\n<\/div><\/div><\/div><\/div><\/div><\/div><\/div><\/section>","protected":false},"excerpt":{"rendered":"Duurzame matrijzenbouw en energie-effici\u00ebnte precisieproductie Waarom kiezen voor een groene supply chain? Bij Tumag is duurzaamheid geen marketingterm, maar een strategische keuze. Wij investeren bewust in duurzame matrijzenbouw, energie-effici\u00ebnte productie en tooling met een lange levensduur. Zo ondersteunen wij Belgische en Nederlandse industri\u00eble bedrijven die hun supply chain willen verduurzamen zonder in te boeten op...","protected":false},"author":4,"featured_media":0,"parent":0,"menu_order":1,"comment_status":"closed","ping_status":"closed","template":"","meta":{"_seopress_robots_primary_cat":"","_seopress_titles_title":"Duurzame matrijzenbouw in Belgi\u00eb & Nederland | Tumag","_seopress_titles_desc":"Energie-effici\u00ebnte productie van high-end tooling en fijnmechanische onderdelen. Duurzame partner voor industrie in BE en NL.","_seopress_robots_index":"","footnotes":""},"class_list":["post-2145","page","type-page","status-publish","hentry"],"_links":{"self":[{"href":"https:\/\/www.tumag.be\/fr\/wp-json\/wp\/v2\/pages\/2145","targetHints":{"allow":["GET"]}}],"collection":[{"href":"https:\/\/www.tumag.be\/fr\/wp-json\/wp\/v2\/pages"}],"about":[{"href":"https:\/\/www.tumag.be\/fr\/wp-json\/wp\/v2\/types\/page"}],"author":[{"embeddable":true,"href":"https:\/\/www.tumag.be\/fr\/wp-json\/wp\/v2\/users\/4"}],"replies":[{"embeddable":true,"href":"https:\/\/www.tumag.be\/fr\/wp-json\/wp\/v2\/comments?post=2145"}],"version-history":[{"count":0,"href":"https:\/\/www.tumag.be\/fr\/wp-json\/wp\/v2\/pages\/2145\/revisions"}],"wp:attachment":[{"href":"https:\/\/www.tumag.be\/fr\/wp-json\/wp\/v2\/media?parent=2145"}],"curies":[{"name":"wp","href":"https:\/\/api.w.org\/{rel}","templated":true}]}}