{"id":3505,"date":"2026-03-20T10:41:14","date_gmt":"2026-03-20T10:41:14","guid":{"rendered":"https:\/\/www.tumag.be\/?page_id=3505"},"modified":"2026-03-23T09:02:33","modified_gmt":"2026-03-23T09:02:33","slug":"tumag-flexmoulds","status":"publish","type":"page","link":"https:\/\/www.tumag.be\/fr\/matrijzen\/tumag-flexmoulds\/","title":{"rendered":"Tumag-Flexmoulds"},"content":{"rendered":"<section class=\"l-section wpb_row us_custom_5b01cba3 has_text_color height_medium\"><div class=\"l-section-overlay\" style=\"background:rgba(3,46,85,0.40)\"><\/div><div class=\"l-section-h i-cf\"><div class=\"g-cols vc_row via_flex valign_middle type_default stacking_default\"><div class=\"vc_col-sm-12 wpb_column vc_column_container\"><div class=\"vc_column-inner\"><div class=\"wpb_wrapper\"><div class=\"w-separator hide_on_tablets hide_on_mobiles size_custom\" style=\"height:150px\" id=\"wdca\"><style>@media(max-width:1599px){ #wdca{height:100px!important}}@media(max-width:767px){ #wdca{height:50px!important}}<\/style><\/div><nav class=\"g-breadcrumbs separator_icon align_none hide_current\" itemscope itemtype=\"http:\/\/schema.org\/BreadcrumbList\"><div class=\"g-breadcrumbs-item\">Pages<\/div><\/nav><div class=\"wpb_text_column\"><div class=\"wpb_wrapper\"><h1>Tumag FlexMould : moules d\u2019injection abordables pour startups et innovateurs<\/h1>\n<\/div><\/div><div class=\"w-separator size_small\"><\/div><div class=\"w-btn-wrapper align_left\"><a class=\"w-btn us-btn-style_1\" href=\"\/fr\/contactez-nous\/\"><span class=\"w-btn-label\">Discutez de votre id\u00e9e FlexMould avec nos experts<\/span><\/a><\/div><\/div><\/div><\/div><\/div><\/div><\/section><section class=\"l-section wpb_row us_custom_2edb2fd0 height_auto\"><div class=\"l-section-h i-cf\"><div class=\"g-cols vc_row via_flex valign_top type_default stacking_default\"><div class=\"vc_col-sm-4\/5 wpb_column vc_column_container\"><div class=\"vc_column-inner\"><div class=\"wpb_wrapper\"><div class=\"g-cols wpb_row via_flex valign_top type_default stacking_default\"><div class=\"vc_col-sm-12 wpb_column vc_column_container\"><div class=\"vc_column-inner\"><div class=\"wpb_wrapper\"><div class=\"wpb_text_column\"><div class=\"wpb_wrapper\"><h2>R\u00e9duisez vos co\u00fbts de d\u00e9marrage gr\u00e2ce \u00e0 une solution de moule modulaire intelligente<\/h2>\n<\/div><\/div><div class=\"w-separator size_small\"><\/div><div class=\"wpb_text_column us_custom_432d3f53\"><div class=\"wpb_wrapper\"><p data-start=\"361\" data-end=\"656\">Avez-vous un concept brillant, un prototype fonctionnel imprim\u00e9 en 3D ou peut-\u00eatre m\u00eame une campagne de financement participatif r\u00e9ussie ? Souvent, le passage \u00e0 une v\u00e9ritable production plastique \u00e9choue face \u00e0 un obstacle majeur : l\u2019investissement extr\u00eamement \u00e9lev\u00e9 dans un moule d\u2019injection en acier traditionnel.<\/p>\n<p data-start=\"658\" data-end=\"978\">Pour rendre la production de haute qualit\u00e9 accessible aux startups, aux PME et aux cr\u00e9ateurs innovants, Tumag introduit le syst\u00e8me FlexMould. Il s\u2019agit d\u2019une solution de moule modulaire intelligente qui vous permet de r\u00e9duire drastiquement les co\u00fbts de d\u00e9marrage, sans compromettre la qualit\u00e9 industrielle attendue d\u2019un fabricant europ\u00e9en.<\/p>\n<\/div><\/div><div class=\"w-separator size_small\"><\/div><\/div><\/div><\/div><\/div><div class=\"wpb_text_column\"><div class=\"wpb_wrapper\"><h2>Qu\u2019est-ce que le syst\u00e8me Tumag FlexMould exactement ?<\/h2>\n<\/div><\/div><div class=\"g-cols wpb_row via_flex valign_top type_default stacking_default\"><div class=\"vc_col-sm-6 wpb_column vc_column_container\"><div class=\"vc_column-inner\"><div class=\"wpb_wrapper\"><div class=\"wpb_text_column us_custom_432d3f53\"><div class=\"wpb_wrapper\"><p class=\"translation-block\">Normalement, dans la <a href=\"\/fr\/moules\/\" target=\"_self\">construction de moules<\/a>, vous payez pour un bloc de moule en acier complet, y compris les canaux de refroidissement complexes, les syst\u00e8mes d\u2019\u00e9jection et les guidages. Avec le concept FlexMould, nous inversons cette approche.<\/p>\n<p class=\"translation-block\">Tumag poss\u00e8de et entretient le bloc de base universel (le moule m\u00e8re). Vous investissez uniquement dans les inserts interchangeables formant le produit (la <em>cavit\u00e9<\/em> et le noyau). C\u2019est la seule partie sp\u00e9cifique \u00e0 votre produit. D\u00e8s que votre insert est pr\u00eat, nous l\u2019int\u00e9grons dans notre syst\u00e8me de base et la production peut d\u00e9marrer imm\u00e9diatement.<\/p>\n<\/div><\/div><\/div><\/div><\/div><div class=\"vc_col-sm-6 wpb_column vc_column_container\"><div class=\"vc_column-inner\"><div class=\"wpb_wrapper\"><div class=\"w-image align_none\"><div class=\"w-image-h\"><img decoding=\"async\" width=\"900\" height=\"600\" src=\"https:\/\/www.tumag.be\/wp-content\/uploads\/2026\/03\/matrijzen-een-set-matrijshuizen.webp\" class=\"attachment-large size-large\" alt=\"Un ensemble de 3 logements de moules\" loading=\"lazy\" srcset=\"https:\/\/www.tumag.be\/wp-content\/uploads\/2026\/03\/matrijzen-een-set-matrijshuizen.webp 900w, https:\/\/www.tumag.be\/wp-content\/uploads\/2026\/03\/matrijzen-een-set-matrijshuizen-300x200.webp 300w, https:\/\/www.tumag.be\/wp-content\/uploads\/2026\/03\/matrijzen-een-set-matrijshuizen-18x12.webp 18w\" sizes=\"auto, (max-width: 900px) 100vw, 900px\" \/><\/div><\/div><\/div><\/div><\/div><\/div><div class=\"w-separator size_small\"><\/div><div class=\"wpb_text_column us_custom_432d3f53\"><div class=\"wpb_wrapper\"><h3>Les 4 grands avantages pour votre entreprise :<\/h3>\n<\/div><\/div><div class=\"wpb_text_column us_custom_432d3f53\"><div class=\"wpb_wrapper\"><ul>\n<li class=\"translation-block\"><strong>R\u00e9duction significative des co\u00fbts :<\/strong> Comme vous n\u2019avez pas \u00e0 faire concevoir et usiner le moule m\u00e8re co\u00fbteux, vos co\u00fbts de d\u00e9marrage initiaux diminuent fortement. Vous ne payez que pour le sur-mesure.<\/li>\n<li class=\"translation-block\"><strong>D\u00e9lai de mise sur le march\u00e9 beaucoup plus rapide :<\/strong> L\u2019usinage d\u2019un simple insert est bien plus rapide que la fabrication d\u2019un moule complet. Votre produit est pr\u00eat pour le march\u00e9 plusieurs mois plus t\u00f4t.<\/li>\n<li class=\"translation-block\"><strong>It\u00e9ration flexible et \u00e9conomique :<\/strong> Si, apr\u00e8s la premi\u00e8re s\u00e9rie de production, il s\u2019av\u00e8re que votre design n\u00e9cessite encore une l\u00e9g\u00e8re adaptation (it\u00e9ration de design), un insert peut \u00eatre modifi\u00e9 (ou remplac\u00e9) beaucoup plus rapidement et \u00e0 moindre co\u00fbt qu\u2019un bloc de moule massif.<\/li>\n<li class=\"translation-block\"><strong>Qualit\u00e9 industrielle haut de gamme :<\/strong> Vous b\u00e9n\u00e9ficiez de la pr\u00e9cision absolue au micron d\u2019un moule Tumag complet, contrairement aux r\u00e9sultats souvent fragiles de l\u2019impression 3D ou des moules en silicone bon march\u00e9.<\/li>\n<\/ul>\n<\/div><\/div><\/div><\/div><\/div><div class=\"vc_col-sm-1\/5 wpb_column vc_column_container\"><div class=\"vc_column-inner us_custom_8a6caa97\"><div class=\"wpb_wrapper\"><section class=\"l-section wpb_row height_auto width_full\"><div class=\"l-section-h i-cf\"><div class=\"g-cols vc_row via_flex valign_middle type_default stacking_default\"><div class=\"vc_col-sm-12 wpb_column vc_column_container\"><div class=\"vc_column-inner\"><div class=\"wpb_wrapper\"><div class=\"g-cols wpb_row us_custom_f74dd8af via_flex valign_top type_default stacking_default\"><div class=\"vc_col-sm-12 wpb_column vc_column_container\"><div class=\"vc_column-inner\"><div class=\"wpb_wrapper\"><div class=\"wpb_text_column us_custom_b24a7315\"><div class=\"wpb_wrapper\"><p style=\"text-align: center;\"><strong>Services<\/strong><\/p>\n<\/div><\/div><div class=\"w-btn-wrapper align_justify\"><a class=\"w-btn us-btn-style_2 us_custom_0490361b\" href=\"\/fr\/ingenierie\/\"><span class=\"w-btn-label\">Ing\u00e9nierie<\/span><\/a><\/div><div class=\"w-image us_custom_4edece6e hide_on_mobiles align_center\"><a href=\"\/fr\/ingenierie\/\" aria-label=\"icon-engineering\" class=\"w-image-h\"><img decoding=\"async\" width=\"150\" height=\"150\" src=\"https:\/\/www.tumag.be\/wp-content\/uploads\/2026\/02\/icon-engineering.webp\" class=\"attachment-large size-large\" alt=\"\" loading=\"lazy\" srcset=\"https:\/\/www.tumag.be\/wp-content\/uploads\/2026\/02\/icon-engineering.webp 150w, https:\/\/www.tumag.be\/wp-content\/uploads\/2026\/02\/icon-engineering-12x12.webp 12w\" sizes=\"auto, (max-width: 150px) 100vw, 150px\" \/><\/a><\/div><div class=\"w-btn-wrapper align_justify\"><a class=\"w-btn us-btn-style_2\" href=\"\/fr\/production-de-haute-precision\/\"><span class=\"w-btn-label\">Production de haute pr\u00e9cision<\/span><\/a><\/div><div class=\"w-image hide_on_mobiles align_center\"><a href=\"\/fr\/production-de-haute-precision\/\" aria-label=\"icon-hoge-precisie-productie\" class=\"w-image-h\"><img decoding=\"async\" width=\"150\" height=\"102\" src=\"https:\/\/www.tumag.be\/wp-content\/uploads\/2026\/02\/icon-hoge-precisie-productie-e1772087400121.webp\" class=\"attachment-large size-large\" alt=\"\" loading=\"lazy\" srcset=\"https:\/\/www.tumag.be\/wp-content\/uploads\/2026\/02\/icon-hoge-precisie-productie-e1772087400121.webp 150w, https:\/\/www.tumag.be\/wp-content\/uploads\/2026\/02\/icon-hoge-precisie-productie-e1772087400121-18x12.webp 18w\" sizes=\"auto, (max-width: 150px) 100vw, 150px\" \/><\/a><\/div><div class=\"wpb_text_column\"><div class=\"wpb_wrapper\"><ul>\n<li><a href=\"\/fr\/production-de-haute-precision\/usinage\/\">Usinage<\/a><\/li>\n<li><a href=\"\/fr\/production-de-haute-precision\/usinage-par-edm\/\">Usinage par \u00e9lectro\u00e9rosion<\/a><\/li>\n<li><a href=\"\/fr\/production-de-haute-precision\/rectification\/\">Rectification<\/a><\/li>\n<li><a href=\"\/fr\/production-de-haute-precision\/bankwerken\/\">Ajustage<\/a><\/li>\n<\/ul>\n<\/div><\/div><div class=\"w-btn-wrapper align_justify\"><a class=\"w-btn us-btn-style_2\" href=\"\/fr\/controle-de-qualite\/\"><span class=\"w-btn-label\">Contr\u00f4le de qualit\u00e9<\/span><\/a><\/div><div class=\"w-image hide_on_mobiles align_center\"><a href=\"\/fr\/controle-de-qualite\/\" aria-label=\"icon-kwaliteitscontrole\" class=\"w-image-h\"><img decoding=\"async\" width=\"150\" height=\"150\" src=\"https:\/\/www.tumag.be\/wp-content\/uploads\/2026\/02\/icon-kwaliteitscontrole.webp\" class=\"attachment-large size-large\" alt=\"\" loading=\"lazy\" srcset=\"https:\/\/www.tumag.be\/wp-content\/uploads\/2026\/02\/icon-kwaliteitscontrole.webp 150w, https:\/\/www.tumag.be\/wp-content\/uploads\/2026\/02\/icon-kwaliteitscontrole-12x12.webp 12w\" sizes=\"auto, (max-width: 150px) 100vw, 150px\" \/><\/a><\/div><div class=\"w-btn-wrapper align_justify\"><a class=\"w-btn us-btn-style_2\" href=\"\/fr\/moulage-par-injection\/\"><span class=\"w-btn-label\">Moulage par injection<\/span><\/a><\/div><div class=\"w-image hide_on_mobiles align_center\"><a href=\"\/fr\/moulage-par-injection\/\" aria-label=\"icon-spuitgieten\" class=\"w-image-h\"><img decoding=\"async\" width=\"150\" height=\"150\" src=\"https:\/\/www.tumag.be\/wp-content\/uploads\/2026\/02\/icon-spuitgieten.webp\" class=\"attachment-large size-large\" alt=\"\" loading=\"lazy\" srcset=\"https:\/\/www.tumag.be\/wp-content\/uploads\/2026\/02\/icon-spuitgieten.webp 150w, https:\/\/www.tumag.be\/wp-content\/uploads\/2026\/02\/icon-spuitgieten-12x12.webp 12w\" sizes=\"auto, (max-width: 150px) 100vw, 150px\" \/><\/a><\/div><div class=\"w-btn-wrapper align_justify\"><a class=\"w-btn us-btn-style_2\" href=\"\/fr\/entretien-des-moules\/\"><span class=\"w-btn-label\">Entretien des moules<\/span><\/a><\/div><div class=\"w-image hide_on_mobiles align_center\"><a href=\"\/fr\/entretien-des-moules\/\" aria-label=\"icon-onderhoud\" class=\"w-image-h\"><img decoding=\"async\" width=\"150\" height=\"150\" src=\"https:\/\/www.tumag.be\/wp-content\/uploads\/2026\/02\/icon-onderhoud.webp\" class=\"attachment-large size-large\" alt=\"\" loading=\"lazy\" srcset=\"https:\/\/www.tumag.be\/wp-content\/uploads\/2026\/02\/icon-onderhoud.webp 150w, https:\/\/www.tumag.be\/wp-content\/uploads\/2026\/02\/icon-onderhoud-12x12.webp 12w\" sizes=\"auto, (max-width: 150px) 100vw, 150px\" \/><\/a><\/div><div class=\"w-separator size_small\"><\/div><\/div><\/div><\/div><\/div><\/div><\/div><\/div><\/div><\/div><\/section>\n<\/div><\/div><\/div><\/div><\/div><\/section><section class=\"l-section wpb_row height_medium\"><div class=\"l-section-h i-cf\"><div class=\"g-cols vc_row via_flex valign_top type_default stacking_default\"><div class=\"vc_col-sm-12 wpb_column vc_column_container\"><div class=\"vc_column-inner\"><div class=\"wpb_wrapper\"><div class=\"g-cols wpb_row via_flex valign_top type_default stacking_default\"><div class=\"vc_col-sm-6 wpb_column vc_column_container\"><div class=\"vc_column-inner\"><div class=\"wpb_wrapper\"><div class=\"w-image align_none\"><div class=\"w-image-h\"><img decoding=\"async\" width=\"900\" height=\"600\" src=\"https:\/\/www.tumag.be\/wp-content\/uploads\/2026\/03\/flexmould-twee-matrijsdelen-en-zwart-plastic-gear.webp\" class=\"attachment-large size-large\" alt=\"Les deux noyaux d\u2019un moule FlexMould et le petit engrenage en plastique noir fabriqu\u00e9 avec celui-ci par moulage par injection.\" loading=\"lazy\" srcset=\"https:\/\/www.tumag.be\/wp-content\/uploads\/2026\/03\/flexmould-twee-matrijsdelen-en-zwart-plastic-gear.webp 900w, https:\/\/www.tumag.be\/wp-content\/uploads\/2026\/03\/flexmould-twee-matrijsdelen-en-zwart-plastic-gear-300x200.webp 300w, https:\/\/www.tumag.be\/wp-content\/uploads\/2026\/03\/flexmould-twee-matrijsdelen-en-zwart-plastic-gear-18x12.webp 18w\" sizes=\"auto, (max-width: 900px) 100vw, 900px\" \/><\/div><\/div><div class=\"w-separator size_small\"><\/div><div class=\"wpb_text_column\"><div class=\"wpb_wrapper\"><h2>L\u2019alternative belge s\u00fbre \u00e0 la production de masse en Asie<\/h2>\n<\/div><\/div><div class=\"wpb_text_column us_custom_432d3f53\"><div class=\"wpb_wrapper\"><p>Pour r\u00e9duire les co\u00fbts des moules, de nombreuses jeunes entreprises se tournent vers des pays \u00e0 bas salaires. Malheureusement, cela comporte des risques importants : communication lente, co\u00fbts d\u2019importation impr\u00e9vus et surtout un risque \u00e9lev\u00e9 de copie de votre propri\u00e9t\u00e9 intellectuelle (PI).<\/p>\n<p>Avec Tumag FlexMould, nous maintenons le d\u00e9veloppement et la production en toute s\u00e9curit\u00e9 et localement \u00e0 Turnhout. Vous b\u00e9n\u00e9ficiez de lignes de communication courtes, d\u2019une protection IP \u00e0 100 % et vous n\u2019\u00eates pas d\u00e9pendant de cha\u00eenes d\u2019approvisionnement mondiales instables. Vous pouvez litt\u00e9ralement venir chez nous pour voir les premiers produits de test sortir de la machine !<\/p>\n<\/div><\/div><\/div><\/div><\/div><div class=\"vc_col-sm-6 wpb_column vc_column_container\"><div class=\"vc_column-inner\"><div class=\"wpb_wrapper\"><div class=\"w-image align_none\"><div class=\"w-image-h\"><img decoding=\"async\" width=\"900\" height=\"600\" src=\"https:\/\/www.tumag.be\/wp-content\/uploads\/2026\/03\/Flexmoulds-matrijsdelen-van-flexmoud-en-product.webp\" class=\"attachment-large size-large\" alt=\"Les deux noyaux d\u2019un moule FlexMould avec le produit fabriqu\u00e9 \u00e0 partir de celui-ci par moulage par injection.\" loading=\"lazy\" srcset=\"https:\/\/www.tumag.be\/wp-content\/uploads\/2026\/03\/Flexmoulds-matrijsdelen-van-flexmoud-en-product.webp 900w, https:\/\/www.tumag.be\/wp-content\/uploads\/2026\/03\/Flexmoulds-matrijsdelen-van-flexmoud-en-product-300x200.webp 300w, https:\/\/www.tumag.be\/wp-content\/uploads\/2026\/03\/Flexmoulds-matrijsdelen-van-flexmoud-en-product-18x12.webp 18w\" sizes=\"auto, (max-width: 900px) 100vw, 900px\" \/><\/div><\/div><div class=\"w-separator size_small\"><\/div><div class=\"wpb_text_column\"><div class=\"wpb_wrapper\"><h2>\u00c9galement id\u00e9al pour la R&amp;D et la validation produit dans les grandes entreprises<\/h2>\n<\/div><\/div><div class=\"wpb_text_column us_custom_432d3f53\"><div class=\"wpb_wrapper\"><p>Bien que le syst\u00e8me soit id\u00e9al pour les startups, les d\u00e9partements R&amp;D des entreprises \u00e9tablies utilisent \u00e9galement fr\u00e9quemment nos FlexMoulds. C\u2019est en effet la solution id\u00e9ale pour produire rapidement des s\u00e9ries z\u00e9ro, effectuer des tests de forme et d\u2019ajustement, ou valider le march\u00e9 avant d\u2019investir dans des moules de production multiples co\u00fbteux.<\/p>\n<\/div><\/div><\/div><\/div><\/div><\/div><div class=\"w-separator size_small\"><\/div><div class=\"g-cols wpb_row via_flex valign_top type_default stacking_default\"><div class=\"vc_col-sm-12 wpb_column vc_column_container\"><div class=\"vc_column-inner\"><div class=\"wpb_wrapper\"><div class=\"wpb_text_column\"><div class=\"wpb_wrapper\"><h2>De l\u2019insert au produit fini moul\u00e9 sous un m\u00eame toit<\/h2>\n<\/div><\/div><div class=\"wpb_text_column us_custom_432d3f53\"><div class=\"wpb_wrapper\"><p>Tumag n\u2019est pas seulement votre outilleur, nous sommes votre partenaire de production complet. D\u00e8s que vos inserts FlexMould sont produits sur nos machines CNC, nous les pla\u00e7ons directement dans nos propres presses \u00e0 injection. Nous assurons le moulage d\u2019essai et pouvons, apr\u00e8s validation, lancer imm\u00e9diatement la production de vos petites s\u00e9ries (\u00e0 partir de 50 pi\u00e8ces). Vous n\u2019avez besoin de vous adresser \u00e0 aucun autre prestataire.<\/p>\n<\/div><\/div><div class=\"wpb_text_column\"><div class=\"wpb_wrapper\"><p>\ud83d\udc49 <a href=\"\/fr\/moulage-par-injection\/\">D\u00e9couvrez tout sur nos services de moulage par injection en petite s\u00e9rie<\/a><\/p>\n<\/div><\/div><div class=\"w-separator size_small\"><\/div><div class=\"w-btn-wrapper align_center\"><a class=\"w-btn us-btn-style_1\" href=\"\/fr\/contactez-nous\/\"><span class=\"w-btn-label\">Discutez de votre id\u00e9e FlexMould avec nos experts<\/span><\/a><\/div><\/div><\/div><\/div><\/div><\/div><\/div><\/div><\/div><\/div><\/section><section class=\"l-section wpb_row height_medium\"><div class=\"l-section-h i-cf\"><div class=\"g-cols vc_row via_flex valign_top type_default stacking_default\"><div class=\"vc_col-sm-12 wpb_column vc_column_container\"><div class=\"vc_column-inner\"><div class=\"wpb_wrapper\"><div class=\"g-cols wpb_row via_flex valign_top type_default stacking_default\"><div class=\"vc_col-sm-12 wpb_column vc_column_container\"><div class=\"vc_column-inner\"><div class=\"wpb_wrapper\"><div class=\"wpb_text_column\"><div class=\"wpb_wrapper\"><h2>Questions fr\u00e9quemment pos\u00e9es sur les FlexMoulds (FAQ)<\/h2>\n<\/div><\/div><div  class=\"vc_do_toggle vc_toggle vc_toggle_square vc_toggle_color_default vc_toggle_color_inverted vc_toggle_size_md\"><div class=\"vc_toggle_title\"><h3 style=\"text-align: left\" class=\"vc_custom_heading vc_do_custom_heading us_custom_cda6f729\" >Qui est propri\u00e9taire du moule dans le syst\u00e8me FlexMould ?<\/h3><i class=\"vc_toggle_icon\"><\/i><\/div><div class=\"vc_toggle_content\"><p>Tumag reste propri\u00e9taire du bloc de base universel (le moule m\u00e8re). Vous \u00eates le propri\u00e9taire exclusif des inserts sp\u00e9cifiques formant le produit que vous avez fait fabriquer.<\/p>\n<\/div><\/div><div  class=\"vc_do_toggle vc_toggle vc_toggle_square vc_toggle_color_default vc_toggle_color_inverted vc_toggle_size_md\"><div class=\"vc_toggle_title\"><h3 style=\"text-align: left\" class=\"vc_custom_heading vc_do_custom_heading us_custom_cda6f729\" >Quels plastiques peuvent \u00eatre transform\u00e9s avec un FlexMould ?<\/h3><i class=\"vc_toggle_icon\"><\/i><\/div><div class=\"vc_toggle_content\"><p>Pratiquement tous les mat\u00e9riaux ! Gr\u00e2ce \u00e0 un syst\u00e8me de base \u00e9quip\u00e9 d\u2019un refroidissement performant et de syst\u00e8mes d\u2019\u00e9jection de haute qualit\u00e9, nous pouvons, avec les FlexMoulds, mouler par injection aussi bien des plastiques standards (PP, PE, ABS) que des polym\u00e8res techniques haut de gamme et des composites renforc\u00e9s de fibres.<\/p>\n<\/div><\/div><div  class=\"vc_do_toggle vc_toggle vc_toggle_square vc_toggle_color_default vc_toggle_color_inverted vc_toggle_size_md\"><div class=\"vc_toggle_title\"><h3 style=\"text-align: left\" class=\"vc_custom_heading vc_do_custom_heading us_custom_cda6f729\" >La qualit\u00e9 du produit est-elle inf\u00e9rieure \u00e0 celle d\u2019un moule \u00ab classique \u00bb ?<\/h3><i class=\"vc_toggle_icon\"><\/i><\/div><div class=\"vc_toggle_content\"><p>Absolument pas. Les inserts sont fabriqu\u00e9s avec la m\u00eame pr\u00e9cision high-tech (comme le fraisage 5 axes et l\u2019\u00e9lectro\u00e9rosion par enfon\u00e7age) que nos moules traditionnels. La stabilit\u00e9 dimensionnelle et la qualit\u00e9 de votre produit final sont 100 % identiques \u00e0 celles obtenues avec un moule classique.<\/p>\n<\/div><\/div><div  class=\"vc_do_toggle vc_toggle vc_toggle_square vc_toggle_color_default vc_toggle_color_inverted vc_toggle_size_md\"><div class=\"vc_toggle_title\"><h3 style=\"text-align: left\" class=\"vc_custom_heading vc_do_custom_heading us_custom_cda6f729\" >Combien de pi\u00e8ces puis-je produire avec un insert FlexMould ?<\/h3><i class=\"vc_toggle_icon\"><\/i><\/div><div class=\"vc_toggle_content\"><p>Cela d\u00e9pend de l\u2019acier ou de l\u2019aluminium choisi pour l\u2019insert ainsi que du plastique utilis\u00e9, mais le syst\u00e8me FlexMould est extr\u00eamement robuste. Il peut \u00eatre utilis\u00e9 sans difficult\u00e9 pour des s\u00e9ries de production petites \u00e0 moyennes, allant de 50 \u00e0 plusieurs dizaines de milliers de pi\u00e8ces.<\/p>\n<\/div><\/div><\/div><\/div><\/div><\/div><\/div><\/div><\/div><\/div><\/div><\/section>","protected":false},"excerpt":{"rendered":"PagesTumag FlexMould: Betaalbare spuitgietmatrijzen voor startups en innovators Bespreek uw flex-mould idee met onze expertsVerlaag uw opstartkosten met een slimme, modulaire matrijsoplossing Heeft u een geniaal ontwerp, een werkend 3D-geprint prototype of misschien wel een succesvolle crowdfunding campagne afgerond? Vaak sneuvelt de droom om de stap naar \u00e9chte kunststofproductie te zetten op \u00e9\u00e9n groot obstakel:...","protected":false},"author":4,"featured_media":0,"parent":403,"menu_order":1,"comment_status":"closed","ping_status":"closed","template":"","meta":{"_seopress_robots_primary_cat":"","_seopress_titles_title":"Tumag FlexMould | Betaalbaar Spuitgieten voor Startups & Innovators","_seopress_titles_desc":"Heeft u een innovatief productidee, maar is een traditionele matrijs te duur? Ontdek Tumag FlexMould: de modulaire en betaalbare oplossing voor kleine series.","_seopress_robots_index":"","footnotes":""},"class_list":["post-3505","page","type-page","status-publish","hentry"],"_links":{"self":[{"href":"https:\/\/www.tumag.be\/fr\/wp-json\/wp\/v2\/pages\/3505","targetHints":{"allow":["GET"]}}],"collection":[{"href":"https:\/\/www.tumag.be\/fr\/wp-json\/wp\/v2\/pages"}],"about":[{"href":"https:\/\/www.tumag.be\/fr\/wp-json\/wp\/v2\/types\/page"}],"author":[{"embeddable":true,"href":"https:\/\/www.tumag.be\/fr\/wp-json\/wp\/v2\/users\/4"}],"replies":[{"embeddable":true,"href":"https:\/\/www.tumag.be\/fr\/wp-json\/wp\/v2\/comments?post=3505"}],"version-history":[{"count":0,"href":"https:\/\/www.tumag.be\/fr\/wp-json\/wp\/v2\/pages\/3505\/revisions"}],"up":[{"embeddable":true,"href":"https:\/\/www.tumag.be\/fr\/wp-json\/wp\/v2\/pages\/403"}],"wp:attachment":[{"href":"https:\/\/www.tumag.be\/fr\/wp-json\/wp\/v2\/media?parent=3505"}],"curies":[{"name":"wp","href":"https:\/\/api.w.org\/{rel}","templated":true}]}}