{"id":37,"date":"2022-04-04T09:23:23","date_gmt":"2022-04-04T09:23:23","guid":{"rendered":"https:\/\/tumag.questo.nl\/?page_id=37"},"modified":"2025-12-05T08:07:05","modified_gmt":"2025-12-05T08:07:05","slug":"emballage","status":"publish","type":"page","link":"https:\/\/www.tumag.be\/fr\/packaging\/","title":{"rendered":"Emballage"},"content":{"rendered":"<section class=\"l-section wpb_row us_custom_5ab99fb8 has_text_color height_medium\"><div class=\"l-section-overlay\" style=\"background:rgba(3,46,85,0.40)\"><\/div><div class=\"l-section-h i-cf\"><div class=\"g-cols vc_row via_flex valign_middle type_default stacking_default\"><div class=\"vc_col-sm-12 wpb_column vc_column_container\"><div class=\"vc_column-inner\"><div class=\"wpb_wrapper\"><div class=\"w-separator size_custom\" style=\"height:150px\" id=\"v614\"><style>@media(max-width:1599px){ #v614{height:100px!important}}@media(max-width:767px){ #v614{height:50px!important}}<\/style><\/div><div class=\"wpb_text_column us_custom_0207f80c small-headline-margin-bottom\"><div class=\"wpb_wrapper\"><p>March\u00e9s<\/p>\n<\/div><\/div><div class=\"wpb_text_column\"><div class=\"wpb_wrapper\"><h1>Emballage<\/h1>\n<\/div><\/div><div class=\"w-separator size_custom\" style=\"height:100px\"><\/div><\/div><\/div><\/div><\/div><\/div><\/section><section class=\"l-section wpb_row height_auto\"><div class=\"l-section-h i-cf\"><div class=\"g-cols vc_row via_flex valign_top type_default stacking_default\"><div class=\"vc_col-sm-6 wpb_column vc_column_container\"><div class=\"vc_column-inner us_custom_9a1c5b2d\"><div class=\"wpb_wrapper\"><div class=\"w-separator size_large\"><\/div><div class=\"wpb_text_column\"><div class=\"wpb_wrapper\"><h2>Temps de cycle et fiabilit\u00e9 au c\u0153ur de nos moules<\/h2>\n<p>Dans l\u2019industrie de l\u2019emballage, le temps de cycle, la pr\u00e9cision et la fiabilit\u00e9 sont essentiels. Le march\u00e9 exige des emballages l\u00e9gers, solides et esth\u00e9tiquement irr\u00e9prochables, produits en tr\u00e8s grands volumes avec une marge d\u2019erreur minimale. Tumag con\u00e7oit et fabrique des moules de haute qualit\u00e9 r\u00e9pondant aux exigences strictes des produits \u00e0 paroi mince, capsules, flacons, bouchons, m\u00e9canismes de fermeture et autres composants d\u2019emballage complexes. Gr\u00e2ce \u00e0 notre expertise en construction de moules, outillage, fraisage HSM, tournage, rectification cylindrique et de profils, ainsi qu\u2019en \u00e9lectro-\u00e9rosion \u00e0 fil et par enfon\u00e7age, nous fabriquons des moules capables de produire efficacement et de mani\u00e8re reproductible aussi bien de petites s\u00e9ries que de grands volumes.<\/p>\n<p>Notre approche vise \u00e0 ma\u00eetriser de mani\u00e8re optimale l\u2019\u00e9coulement de la mati\u00e8re, le refroidissement et les contraintes m\u00e9caniques afin de r\u00e9duire le temps de cycle sans compromettre la qualit\u00e9. En int\u00e9grant d\u00e8s la phase de conception des simulations et analyses techniques, nous pouvons adapter parfaitement les zones critiques \u2014 telles que les nervures minces, les surfaces de fermeture ou les int\u00e9grations de filetage \u2014 au processus d\u2019injection.<\/p>\n<h2>Solutions complexes pour produits multi-composants et 2K<\/h2>\n<p>Des moules simples aux syst\u00e8mes multi-cavit\u00e9s et aux moules \u00e0 broches haut de gamme, nos solutions prennent en charge m\u00eame les conceptions d\u2019emballage les plus exigeantes. Les produits d\u2019emballage \u00e9voluent rapidement vers la multi-fonctionnalit\u00e9, et gr\u00e2ce \u00e0 nos technologies 2K et multi-composants, nous pouvons combiner diff\u00e9rents mat\u00e9riaux, couleurs et duret\u00e9s dans un seul moule. Cela permet de r\u00e9aliser en un seul cycle des fonctions telles que :<\/p>\n<ul>\n<li>des joints 2K int\u00e9gr\u00e9s,<\/li>\n<li>des syst\u00e8mes de fermeture par clic ou rotation,<\/li>\n<li>des zones de prise soft-touch,<\/li>\n<li>des charni\u00e8res r\u00e9sistantes \u00e0 l\u2019usure et aux rayures,<\/li>\n<li>des languettes ou \u00e9l\u00e9ments de dosage flexibles,<\/li>\n<li>ainsi que des effets esth\u00e9tiques comme des fen\u00eatres transparentes ou des visuels multi-couches.<\/li>\n<\/ul>\n<p>\u00c9tant donn\u00e9 que ces fonctions sont directement form\u00e9es dans le processus d\u2019injection, de nombreuses op\u00e9rations de finition disparaissent ou sont consid\u00e9rablement r\u00e9duites. R\u00e9sultat : d\u00e9lais plus courts, taux d\u2019erreur r\u00e9duit et cha\u00eene de production fortement optimis\u00e9e.<\/p>\n<h2>Technique de refroidissement, gestion de l\u2019usure et longue dur\u00e9e de vie<\/h2>\n<p>Une production \u00e0 haut rendement exige un moule non seulement pr\u00e9cis, mais aussi durable et r\u00e9sistant \u00e0 l\u2019usure. C\u2019est pourquoi nous accordons une attention particuli\u00e8re \u00e0 la technologie de refroidissement, aux canaux d\u2019\u00e9coulement, aux rev\u00eatements et au choix des mat\u00e9riaux \u2014 aciers tremp\u00e9s, alliages r\u00e9sistants \u00e0 la corrosion ou rev\u00eatements sp\u00e9cifiques adapt\u00e9s aux plastiques abrasifs ou recycl\u00e9s. En positionnant strat\u00e9giquement les circuits de refroidissement et en appliquant des techniques de refroidissement variotherme ou conformal cooling lorsque n\u00e9cessaire, nous obtenons des temps de cycle plus courts et un comportement de produit extr\u00eamement stable.<\/p>\n<p>Nous accordons \u00e9galement une attention particuli\u00e8re aux zones sensibles \u00e0 l\u2019usure, comme les surfaces de fermeture, les filetages ou les nervures tr\u00e8s fines. Gr\u00e2ce \u00e0 une finition pr\u00e9cise et \u00e0 des instructions d\u2019entretien r\u00e9guli\u00e8res et document\u00e9es, nos moules b\u00e9n\u00e9ficient d\u2019une dur\u00e9e de vie consid\u00e9rablement prolong\u00e9e.<\/p>\n<h2>Haut rendement et pr\u00e9cision constante<\/h2>\n<p>Nos moules sont con\u00e7us pour des cadences \u00e9lev\u00e9es, une pr\u00e9cision constante et des performances stables \u2014 essentielles pour des composants d\u2019emballage manipul\u00e9s quotidiennement par des consommateurs. Gr\u00e2ce \u00e0 notre grande exp\u00e9rience des moules multi-cavit\u00e9s, de la technologie 2K, du moulage par injection, des petites s\u00e9ries et des usinages de pr\u00e9cision, nous garantissons une qualit\u00e9 optimale, une r\u00e9duction des co\u00fbts et une reproductibilit\u00e9 structurelle.<\/p>\n<h2>Avantages pour nos clients<\/h2>\n<p>Tumag offre aux entreprises d\u2019emballage des moules innovants qui contribuent \u00e0 une efficacit\u00e9 maximale, une esth\u00e9tique constante et une perfection technique. Gr\u00e2ce au co-engineering d\u00e8s la phase de conception, nous aidons nos clients \u00e0 atteindre plus rapidement des solutions pr\u00eates pour la production. R\u00e9sultat : un time-to-market plus court, des co\u00fbts de production plus faibles et des produits conformes aux normes les plus \u00e9lev\u00e9es de l\u2019industrie. Qu\u2019il s\u2019agisse de produits IML \u00e0 paroi mince, de moules \u00e0 broches complexes ou de conceptions multi-composants avanc\u00e9es, Tumag est votre partenaire pour des solutions d\u2019emballage qui excellent en fonctionnalit\u00e9, performance et esth\u00e9tique.<\/p>\n<\/div><\/div><\/div><\/div><\/div><div class=\"vc_col-sm-6 wpb_column vc_column_container\"><div class=\"vc_column-inner\"><div class=\"wpb_wrapper\"><div class=\"w-image us_custom_0749fce5 align_none\"><div class=\"w-image-h\"><img decoding=\"async\" width=\"800\" height=\"1000\" src=\"https:\/\/www.tumag.be\/wp-content\/uploads\/2024\/02\/Packaging-markten-800x1000px-v2.jpg\" class=\"attachment-full size-full\" alt=\"\" loading=\"lazy\" srcset=\"https:\/\/www.tumag.be\/wp-content\/uploads\/2024\/02\/Packaging-markten-800x1000px-v2.jpg 800w, https:\/\/www.tumag.be\/wp-content\/uploads\/2024\/02\/Packaging-markten-800x1000px-v2-240x300.jpg 240w\" sizes=\"auto, (max-width: 800px) 100vw, 800px\" \/><\/div><\/div><div class=\"w-separator size_medium\"><\/div><section class=\"l-section wpb_row us_custom_a695c73b height_medium\"><div class=\"l-section-h i-cf\"><div class=\"g-cols vc_row via_flex valign_top type_default stacking_default\"><div class=\"vc_col-sm-12 wpb_column vc_column_container\"><div class=\"vc_column-inner\"><div class=\"wpb_wrapper\"><div class=\"wpb_text_column\"><div class=\"wpb_wrapper\"><h5>La pr\u00e9cision pour chaque march\u00e9<\/h5>\n<\/div><\/div><div class=\"w-btn-wrapper align_left\"><a class=\"w-btn us-btn-style_2\" href=\"https:\/\/www.tumag.be\/fr\/secteur-medical\/\"><span class=\"w-btn-label\">Healthcare<\/span><\/a><\/div><div class=\"w-separator size_custom\" style=\"height:5px\"><\/div><div class=\"w-btn-wrapper align_left\"><a class=\"w-btn us-btn-style_2\" href=\"\/fr\/aeronautique-et-defense\/\"><span class=\"w-btn-label\">A\u00e9ronautique &amp; D\u00e9fense<\/span><\/a><\/div><div class=\"w-separator size_custom\" style=\"height:5px\"><\/div><div class=\"w-btn-wrapper align_left\"><a class=\"w-btn us-btn-style_2\" href=\"https:\/\/www.tumag.be\/fr\/high-tech-industrie\/\"><span class=\"w-btn-label\">High-tech<\/span><\/a><\/div><div class=\"w-separator size_custom\" style=\"height:5px\"><\/div><div class=\"w-btn-wrapper align_left\"><a class=\"w-btn us-btn-style_2\" href=\"https:\/\/www.tumag.be\/fr\/emballage\/\"><span class=\"w-btn-label\">Emballage<\/span><\/a><\/div><\/div><\/div><\/div><\/div><\/div><\/section><section class=\"l-section wpb_row height_medium\"><div class=\"l-section-h i-cf\"><div class=\"g-cols vc_row via_flex valign_top type_default stacking_default\"><div class=\"vc_col-sm-12 wpb_column vc_column_container\"><div class=\"vc_column-inner\"><div class=\"wpb_wrapper\"><\/div><\/div><\/div><\/div><\/div><\/section>\n<\/div><\/div><\/div><div class=\"vc_col-sm-12 wpb_column vc_column_container\"><div class=\"vc_column-inner\"><div class=\"wpb_wrapper\"><div class=\"w-separator size_huge\"><\/div><\/div><\/div><\/div><\/div><\/div><\/section>","protected":false},"excerpt":{"rendered":"Markten Packaging Cyclustijd en betrouwbaarheid als kern van onze matrijzen In de verpakkingsindustrie zijn cyclustijd, precisie en betrouwbaarheid cruciaal. De markt vraagt om lichte, sterke en esthetisch hoogwaardige verpakkingen die in enorme volumes en met minimale foutmarges geproduceerd worden. Tumag ontwerpt en produceert hoogwaardige matrijzen die voldoen aan de strenge eisen van dunwandige producten, capsules,...","protected":false},"author":3,"featured_media":0,"parent":0,"menu_order":0,"comment_status":"closed","ping_status":"closed","template":"","meta":{"_seopress_robots_primary_cat":"","_seopress_titles_title":"Nauwekeurige componenten voor de verpakkingsindustrie","_seopress_titles_desc":"Tumag ontwerpt en produceert matrijzen die voldoen aan de strenge eisen van dunwandige producten,  sluitmechanismen en andere complexe verpakkingscomponenten.","_seopress_robots_index":"","footnotes":""},"class_list":["post-37","page","type-page","status-publish","hentry"],"_links":{"self":[{"href":"https:\/\/www.tumag.be\/fr\/wp-json\/wp\/v2\/pages\/37","targetHints":{"allow":["GET"]}}],"collection":[{"href":"https:\/\/www.tumag.be\/fr\/wp-json\/wp\/v2\/pages"}],"about":[{"href":"https:\/\/www.tumag.be\/fr\/wp-json\/wp\/v2\/types\/page"}],"author":[{"embeddable":true,"href":"https:\/\/www.tumag.be\/fr\/wp-json\/wp\/v2\/users\/3"}],"replies":[{"embeddable":true,"href":"https:\/\/www.tumag.be\/fr\/wp-json\/wp\/v2\/comments?post=37"}],"version-history":[{"count":0,"href":"https:\/\/www.tumag.be\/fr\/wp-json\/wp\/v2\/pages\/37\/revisions"}],"wp:attachment":[{"href":"https:\/\/www.tumag.be\/fr\/wp-json\/wp\/v2\/media?parent=37"}],"curies":[{"name":"wp","href":"https:\/\/api.w.org\/{rel}","templated":true}]}}