{"id":49,"date":"2022-04-04T09:26:58","date_gmt":"2022-04-04T09:26:58","guid":{"rendered":"https:\/\/tumag.questo.nl\/?page_id=49"},"modified":"2026-01-07T10:24:53","modified_gmt":"2026-01-07T10:24:53","slug":"liens-et-telechargements","status":"publish","type":"page","link":"https:\/\/www.tumag.be\/fr\/links-downloads\/","title":{"rendered":"Iso certificaten, downloads en externe links"},"content":{"rendered":"<section class=\"l-section wpb_row us_custom_f0cd9e97 has_text_color height_medium\"><div class=\"l-section-overlay\" style=\"background:rgba(3,46,85,0.40)\"><\/div><div class=\"l-section-h i-cf\"><div class=\"g-cols vc_row via_flex valign_top type_default stacking_default\"><div class=\"vc_col-sm-12 wpb_column vc_column_container\"><div class=\"vc_column-inner\"><div class=\"wpb_wrapper\"><div class=\"w-separator size_custom\" style=\"height:150px\"><\/div><div class=\"wpb_text_column\"><div class=\"wpb_wrapper\"><h1>Liens &amp; t\u00e9l\u00e9chargements<\/h1>\n<\/div><\/div><div class=\"w-separator size_custom\" style=\"height:150px\"><\/div><\/div><\/div><\/div><\/div><\/div><\/section><section class=\"l-section wpb_row height_medium\"><div class=\"l-section-h i-cf\"><div class=\"g-cols vc_row via_flex valign_top type_default stacking_default\"><div class=\"vc_col-sm-12 wpb_column vc_column_container\"><div class=\"vc_column-inner\"><div class=\"wpb_wrapper\"><div class=\"wpb_text_column\"><div class=\"wpb_wrapper\"><h2>Certificat ISO 9001:2015<\/h2>\n<p>Nous avons une nouvelle fois prolong\u00e9 avec succ\u00e8s notre certification ISO 9001 jusqu\u2019\u00e0 fin 2028. Ci-dessous, vous pouvez t\u00e9l\u00e9charger ce certificat.<\/p>\n<\/div><\/div><div class=\"g-cols wpb_row via_flex valign_top type_default stacking_default\"><div class=\"vc_col-sm-4 wpb_column vc_column_container\"><div class=\"vc_column-inner\"><div class=\"wpb_wrapper\"><div class=\"w-iconbox us_custom_2d525c6c iconpos_top style_default color_primary align_center no_text\"><a target=\"_blank\" rel=\"nofollow\" href=\"https:\/\/www.tumag.be\/wp-content\/uploads\/2025\/12\/Tumag-ISO-9001-2015-EN.pdf\" class=\"w-iconbox-link\" aria-label=\"Certificat ISO 9001:2015 (Anglais)\"><div class=\"w-iconbox-icon\" style=\"font-size:2.5rem;\"><i class=\"fas fa-file-pdf\"><\/i><\/div><\/a><div class=\"w-iconbox-meta\"><p class=\"w-iconbox-title\"><a target=\"_blank\" rel=\"nofollow\" href=\"https:\/\/www.tumag.be\/wp-content\/uploads\/2025\/12\/Tumag-ISO-9001-2015-EN.pdf\" class=\"w-iconbox-link\" aria-label=\"Certificat ISO 9001:2015 (Anglais)\">Certificat ISO 9001:2015 (Anglais)<\/a><\/p><\/div><\/div><\/div><\/div><\/div><div class=\"vc_col-sm-4 wpb_column vc_column_container\"><div class=\"vc_column-inner\"><div class=\"wpb_wrapper\"><div class=\"w-iconbox us_custom_2d525c6c iconpos_top style_default color_primary align_center no_text\"><a target=\"_blank\" rel=\"nofollow\" href=\"https:\/\/www.tumag.be\/wp-content\/uploads\/2025\/12\/Tumag-ISO-9001-2015-FR.pdf\" class=\"w-iconbox-link\" aria-label=\"Certificat ISO 9001:2015 (Fran\u00e7ais)\"><div class=\"w-iconbox-icon\" style=\"font-size:2.5rem;\"><i class=\"fas fa-file-pdf\"><\/i><\/div><\/a><div class=\"w-iconbox-meta\"><p class=\"w-iconbox-title\"><a target=\"_blank\" rel=\"nofollow\" href=\"https:\/\/www.tumag.be\/wp-content\/uploads\/2025\/12\/Tumag-ISO-9001-2015-FR.pdf\" class=\"w-iconbox-link\" aria-label=\"Certificat ISO 9001:2015 (Fran\u00e7ais)\">Certificat ISO 9001:2015 (Fran\u00e7ais)<\/a><\/p><\/div><\/div><\/div><\/div><\/div><div class=\"vc_col-sm-4 wpb_column vc_column_container\"><div class=\"vc_column-inner\"><div class=\"wpb_wrapper\"><div class=\"w-iconbox us_custom_2d525c6c iconpos_top style_default color_primary align_center no_text\"><a target=\"_blank\" rel=\"nofollow\" href=\"https:\/\/www.tumag.be\/wp-content\/uploads\/2025\/12\/Tumag-ISO-9001-2015-DE.pdf\" class=\"w-iconbox-link\" aria-label=\"Certificat ISO 9001:2015 (Allemand)\"><div class=\"w-iconbox-icon\" style=\"font-size:2.5rem;\"><i class=\"fas fa-file-pdf\"><\/i><\/div><\/a><div class=\"w-iconbox-meta\"><p class=\"w-iconbox-title\"><a target=\"_blank\" rel=\"nofollow\" href=\"https:\/\/www.tumag.be\/wp-content\/uploads\/2025\/12\/Tumag-ISO-9001-2015-DE.pdf\" class=\"w-iconbox-link\" aria-label=\"Certificat ISO 9001:2015 (Allemand)\">Certificat ISO 9001:2015 (Allemand)<\/a><\/p><\/div><\/div><\/div><\/div><\/div><\/div><div class=\"w-separator size_medium\"><\/div><div class=\"wpb_text_column\"><div class=\"wpb_wrapper\"><h2>Conditions g\u00e9n\u00e9rales<\/h2>\n<p>T\u00e9l\u00e9chargez ici nos conditions g\u00e9n\u00e9rales de vente.<\/p>\n<\/div><\/div><div class=\"g-cols wpb_row via_flex valign_top type_default stacking_default\"><div class=\"vc_col-sm-3 wpb_column vc_column_container\"><div class=\"vc_column-inner\"><div class=\"wpb_wrapper\"><div class=\"w-iconbox us_custom_2d525c6c iconpos_top style_default color_primary align_center no_text\"><a target=\"_blank\" rel=\"nofollow\" href=\"\/wp-content\/uploads\/2022\/09\/TUMAG-BV-Algemene-leverings-en-betalingsvoorwaardenNL.pdf\" class=\"w-iconbox-link\" aria-label=\"Conditions g\u00e9n\u00e9rales\"><div class=\"w-iconbox-icon\" style=\"font-size:2.5rem;\"><i class=\"fas fa-file-pdf\"><\/i><\/div><\/a><div class=\"w-iconbox-meta\"><p class=\"w-iconbox-title\"><a target=\"_blank\" rel=\"nofollow\" href=\"\/wp-content\/uploads\/2022\/09\/TUMAG-BV-Algemene-leverings-en-betalingsvoorwaardenNL.pdf\" class=\"w-iconbox-link\" aria-label=\"Conditions g\u00e9n\u00e9rales\">Conditions g\u00e9n\u00e9rales<\/a><\/p><\/div><\/div><\/div><\/div><\/div><div class=\"vc_col-sm-3 wpb_column vc_column_container\"><div class=\"vc_column-inner\"><div class=\"wpb_wrapper\"><\/div><\/div><\/div><div class=\"vc_col-sm-3 wpb_column vc_column_container\"><div class=\"vc_column-inner\"><div class=\"wpb_wrapper\"><\/div><\/div><\/div><div class=\"vc_col-sm-3 wpb_column vc_column_container\"><div class=\"vc_column-inner\"><div class=\"wpb_wrapper\"><\/div><\/div><\/div><\/div><div class=\"w-separator size_medium\"><\/div><div class=\"wpb_text_column\"><div class=\"wpb_wrapper\"><h2>Liens externes<\/h2>\n<\/div><\/div><div class=\"w-hwrapper valign_top align_none\"><div class=\"w-iconbox us_custom_2d525c6c iconpos_top style_default color_primary align_center no_text\"><a target=\"_blank\" rel=\"nofollow\" href=\"\/fr\/Tumag sur YouTube\/\" class=\"w-iconbox-link\" aria-label=\"Notre cha\u00eene YouTube\"><div class=\"w-iconbox-icon\" style=\"font-size:2.5rem;\"><i class=\"fas fa-external-link\"><\/i><\/div><\/a><div class=\"w-iconbox-meta\"><p class=\"w-iconbox-title\"><a target=\"_blank\" rel=\"nofollow\" href=\"\/fr\/Tumag sur YouTube\/\" class=\"w-iconbox-link\" aria-label=\"Notre cha\u00eene YouTube\">Notre cha\u00eene YouTube<\/a><\/p><\/div><\/div><\/div><\/div><\/div><\/div><\/div><\/div><\/section>","protected":false},"excerpt":{"rendered":"Links &amp; Downloads ISO 9001-2015 ISO Certificaat We hebben opnieuw onze ISO 9001-certificering met succes\u00a0 verlengd tot eind 2028. Hieronder kan u dit certificaat downloaden. Certificaat ISO 9001:2015 (Engels)Certificaat ISO 9001:2015 (Frans)Certificaat ISO 9001:2015 (Duits)Algemene voorwaarden Download hier onze algemene verkoopsvoorwaarden. Algemene voorwaardenExterne links Ons YouTube kanaal","protected":false},"author":3,"featured_media":0,"parent":0,"menu_order":0,"comment_status":"closed","ping_status":"closed","template":"","meta":{"_seopress_robots_primary_cat":"","_seopress_titles_title":"ISO certificaat,voorwaarden, downloads en externe links","_seopress_titles_desc":"Download hier ons meest recente ISO 9001-2015 certificaat, onze algemene voorwaarden en andere nuttige bestanden.","_seopress_robots_index":"","footnotes":""},"class_list":["post-49","page","type-page","status-publish","hentry"],"_links":{"self":[{"href":"https:\/\/www.tumag.be\/fr\/wp-json\/wp\/v2\/pages\/49","targetHints":{"allow":["GET"]}}],"collection":[{"href":"https:\/\/www.tumag.be\/fr\/wp-json\/wp\/v2\/pages"}],"about":[{"href":"https:\/\/www.tumag.be\/fr\/wp-json\/wp\/v2\/types\/page"}],"author":[{"embeddable":true,"href":"https:\/\/www.tumag.be\/fr\/wp-json\/wp\/v2\/users\/3"}],"replies":[{"embeddable":true,"href":"https:\/\/www.tumag.be\/fr\/wp-json\/wp\/v2\/comments?post=49"}],"version-history":[{"count":0,"href":"https:\/\/www.tumag.be\/fr\/wp-json\/wp\/v2\/pages\/49\/revisions"}],"wp:attachment":[{"href":"https:\/\/www.tumag.be\/fr\/wp-json\/wp\/v2\/media?parent=49"}],"curies":[{"name":"wp","href":"https:\/\/api.w.org\/{rel}","templated":true}]}}